{"id":1336,"date":"2025-01-14T12:27:44","date_gmt":"2025-01-14T12:27:44","guid":{"rendered":"https:\/\/www.bookhardanger.com\/aktivitaeten\/"},"modified":"2025-03-12T09:51:00","modified_gmt":"2025-03-12T09:51:00","slug":"aktivitaeten","status":"publish","type":"page","link":"https:\/\/www.bookhardanger.com\/de\/aktivitaeten\/","title":{"rendered":"Aktivit\u00e4ten"},"content":{"rendered":"\n\n<h1>\n\t\tAktivit\u00e4ten in Hardanger\n\t<\/h1>\n\tPlanst du eine Reise nach Norwegen und suchst nach Aktivit\u00e4ten in der Hardanger-Region? Egal, ob du mit Freunden ein Abenteuer suchst, als Familie etwas f\u00fcr alle Altersgruppen erleben m\u00f6chtest oder einfach die Landschaft entspannt genie\u00dfen willst &#8211; hier findest du das passende Erlebnis.\nSt\u00f6bere durch unsere vollst\u00e4ndige Auswahl unten und w\u00e4hle die beste Option f\u00fcr dich!\n\t\t<a href=\"https:\/\/www.bookhardanger.com\/de\/things-to-do\/activurlaub\/\" target=\"_self\">\n\t\t\t\t\t\t\t\t\t<img decoding=\"async\" src=\"https:\/\/www.bookhardanger.com\/wp-content\/uploads\/2025\/02\/Blue-Ice-Hike_Folgefonni-Breforarlag_-Eksponert-Media_02-768x1152.jpg\" alt=\"Activurlaub\"\/>\n\t\t\t\t\t\t\t\t\t\t\t<h3>\n\t\t\t\t\t\t\tActivurlaub\t\t\t\t\t\t<\/h3>\n\t\t<\/a>\n\t\t<a href=\"https:\/\/www.bookhardanger.com\/de\/things-to-do\/bootsausfluge\/\" target=\"_self\">\n\t\t\t\t\t\t\t\t\t<img decoding=\"async\" src=\"https:\/\/www.bookhardanger.com\/wp-content\/uploads\/2025\/02\/Osafjord_Hardangerfjord-Adventure_01-768x1151.jpg\" alt=\"Bootsausfl\u00fcge\"\/>\n\t\t\t\t\t\t\t\t\t\t\t<h3>\n\t\t\t\t\t\t\tBootsausfl\u00fcge\t\t\t\t\t\t<\/h3>\n\t\t<\/a>\n\t\t<a href=\"https:\/\/www.bookhardanger.com\/de\/things-to-do\/essen-kultur\/\" target=\"_self\">\n\t\t\t\t\t\t\t\t\t<img decoding=\"async\" src=\"https:\/\/www.bookhardanger.com\/wp-content\/uploads\/2025\/02\/Agatunet-I-Foto-Matt-Coch-4367226-Foto_Matt_Coch_1080-768x512.jpg\" alt=\"Essen &amp; Kultur\"\/>\n\t\t\t\t\t\t\t\t\t\t\t<h3>\n\t\t\t\t\t\t\tEssen &amp; Kultur\t\t\t\t\t\t<\/h3>\n\t\t<\/a>\n\t\t<a href=\"https:\/\/www.bookhardanger.com\/de\/things-to-do\/familienspas\/\" target=\"_self\">\n\t\t\t\t\t\t\t\t\t<img decoding=\"async\" src=\"https:\/\/www.bookhardanger.com\/wp-content\/uploads\/2025\/02\/Mikkelparken_01-768x512.jpg\" alt=\"Familienspa\u00df\"\/>\n\t\t\t\t\t\t\t\t\t\t\t<h3>\n\t\t\t\t\t\t\tFamilienspa\u00df\t\t\t\t\t\t<\/h3>\n\t\t<\/a>\n\t\t<a href=\"https:\/\/www.bookhardanger.com\/de\/things-to-do\/private-touren\/\" target=\"_self\">\n\t\t\t\t\t\t\t\t\t<img decoding=\"async\" src=\"https:\/\/www.bookhardanger.com\/wp-content\/uploads\/2025\/02\/Hiking_Nordheimsund_Visit-Hardangerfjord_2-2-768x432.jpg\" alt=\"Private Touren\"\/>\n\t\t\t\t\t\t\t\t\t\t\t<h3>\n\t\t\t\t\t\t\tPrivate Touren\t\t\t\t\t\t<\/h3>\n\t\t<\/a>\n\t\t<a href=\"https:\/\/www.bookhardanger.com\/de\/things-to-do\/reisen-wie-ein-einheimischer\/\" target=\"_self\">\n\t\t\t\t\t\t\t\t\t<img decoding=\"async\" src=\"https:\/\/www.bookhardanger.com\/wp-content\/uploads\/2025\/02\/Norled_03_Visit-Hardangerfjord-768x432.jpg\" alt=\"Reisen wie ein Einheimischer\"\/>\n\t\t\t\t\t\t\t\t\t\t\t<h3>\n\t\t\t\t\t\t\tReisen wie ein Einheimischer\t\t\t\t\t\t<\/h3>\n\t\t<\/a>\n\t\t<a href=\"https:\/\/www.bookhardanger.com\/de\/things-to-do\/sightseeing-touren\/\" target=\"_self\">\n\t\t\t\t\t\t\t\t\t<img decoding=\"async\" src=\"https:\/\/www.bookhardanger.com\/wp-content\/uploads\/2025\/02\/Voringsfossen-waterfall-by-Heidi-Kvamsdal-768x511.jpg\" alt=\"Sightseeing-Touren\"\/>\n\t\t\t\t\t\t\t\t\t\t\t<h3>\n\t\t\t\t\t\t\tSightseeing-Touren\t\t\t\t\t\t<\/h3>\n\t\t<\/a>\n<h2>\n\t\tEntdecken Sie Aktivit\u00e4ten nach Standort\n\t<\/h2>\n\t\tAlle\n\t<ul>\n\t\t<li data-filter=\"*\" tabindex=\"0\" aria-label=\"Alle\">Alle<\/li><li data-filter=\".location-eidfjord-de\" data-term=\"eidfjord-de\" data-item-count=\"12\" tabindex=\"0\" aria-label=\"Eidfjord\">Eidfjord<\/li><li data-filter=\".location-granvin-voss-de\" data-term=\"granvin-voss-de\" data-item-count=\"3\" tabindex=\"0\" aria-label=\"Granvin &amp; Voss\">Granvin &amp; Voss<\/li><li data-filter=\".location-jondal-de\" data-term=\"jondal-de\" data-item-count=\"6\" tabindex=\"0\" aria-label=\"Jondal\">Jondal<\/li><li data-filter=\".location-lofthus-kinsarvik\" data-term=\"lofthus-kinsarvik\" data-item-count=\"2\" tabindex=\"0\" aria-label=\"Lofthus &amp; Kinsarvik\">Lofthus &amp; Kinsarvik<\/li><li data-filter=\".location-odda-and-tyssedal\" data-term=\"odda-and-tyssedal\" data-item-count=\"1\" tabindex=\"0\" aria-label=\"Odda &amp; Tyssedal\">Odda &amp; Tyssedal<\/li><li data-filter=\".location-oystese-and-norheimsund-de\" data-term=\"oystese-and-norheimsund-de\" data-item-count=\"7\" tabindex=\"0\" aria-label=\"\u00d8ystese and Norheimsund\">\u00d8ystese and Norheimsund<\/li><li data-filter=\".location-rosendal-de\" data-term=\"rosendal-de\" data-item-count=\"2\" tabindex=\"0\" aria-label=\"Rosendal\">Rosendal<\/li><li data-filter=\".location-ulvik-de\" data-term=\"ulvik-de\" data-item-count=\"10\" tabindex=\"0\" aria-label=\"Ulvik\">Ulvik<\/li>\t<\/ul>\n\t<meta itemscope itemprop=\"mainEntityOfPage\" itemtype=\"https:\/\/schema.org\/WebPage\" itemid=\"http:\/\/1409\" content=\"30-min\u00fctige RIB-Tour ab Eidfjord\" \/><meta itemprop=\"datePublished\" content=\"2025-03-03\" \/><meta itemprop=\"dateModified\" content=\"2025-03-09\" \/><meta itemprop=\"name\" content=\"Book Hardanger\"\/><meta itemprop=\"url\" content=\"https:\/\/www.bookhardanger.com\/de\/author\/anne\/\" \/><meta itemprop=\"name\" content=\"anne\" \/><meta itemprop=\"url\" content=\"https:\/\/www.bookhardanger.com\/wp-content\/uploads\/2025\/03\/Hardanger-Fjordsafari_Ewa-Serwicka_01.jpg\" \/><meta itemprop=\"width\" content=\"2048\" \/><meta itemprop=\"height\" content=\"1152\" \/><meta itemprop=\"interactionType\" content=\"https:\/\/schema.org\/CommentAction\" \/><meta itemprop=\"userInteractionCount\" content=\"0\" \/>\n\t\t\t\t\t<a href=\"https:\/\/www.bookhardanger.com\/de\/products\/30-minuetige-rib-tour-ab-eidfjord\/\" title=\"30-min\u00fctige RIB-Tour ab Eidfjord\"><\/a>\n\t\t\t\t<img loading=\"lazy\" decoding=\"async\" src=\"https:\/\/www.bookhardanger.com\/wp-content\/uploads\/bb-plugin\/cache\/Hardanger-Fjordsafari_Ewa-Serwicka_01-1024x576-panorama-74087c30cfa30c469b921c34087b449a-.jpg\" alt=\"\u00a9 Ewa Serwicka\" itemprop=\"image\" data-no-lazy=\"1\" height=\"576\" width=\"1024\" title=\"Hardanger Fjordsafari_Ewa Serwicka_01\" onerror=\"this.style.display='none'\"  \/>\n\t\t\t\t\t\t\t\t\t<h3 itemprop=\"headline\">\n\t\t\t\t\t\t\t\t\t\t\t\t\t\t30-min\u00fctige RIB-Tour ab Eidfjord\t\t\t\t\t\t\t\t\t\t\t<\/h3>\n    <p>Erleben Sie den Nervenkitzel in der atemberaubenden Landschaft um Eidfjord<\/p>\n            \n\t<meta itemscope itemprop=\"mainEntityOfPage\" itemtype=\"https:\/\/schema.org\/WebPage\" itemid=\"http:\/\/1481\" content=\"Hardangerfjord RIB tour ab Voss\u00a0\" \/><meta itemprop=\"datePublished\" content=\"2025-03-01\" \/><meta itemprop=\"dateModified\" content=\"2025-03-09\" \/><meta itemprop=\"name\" content=\"Book Hardanger\"\/><meta itemprop=\"url\" content=\"https:\/\/www.bookhardanger.com\/de\/author\/anne\/\" \/><meta itemprop=\"name\" content=\"anne\" \/><meta itemprop=\"url\" content=\"https:\/\/www.bookhardanger.com\/wp-content\/uploads\/2025\/03\/Ulvik_RIB_Hardangerfjord-Adventure_07.jpg\" \/><meta itemprop=\"width\" content=\"2048\" \/><meta itemprop=\"height\" content=\"1366\" \/><meta itemprop=\"interactionType\" content=\"https:\/\/schema.org\/CommentAction\" \/><meta itemprop=\"userInteractionCount\" content=\"0\" \/>\n\t\t\t\t\t<a href=\"https:\/\/www.bookhardanger.com\/de\/products\/hardangerfjord-rib-tour-ab-voss\/\" title=\"Hardangerfjord RIB tour ab Voss\u00a0\"><\/a>\n\t\t\t\t<img loading=\"lazy\" decoding=\"async\" src=\"https:\/\/www.bookhardanger.com\/wp-content\/uploads\/bb-plugin\/cache\/Ulvik_RIB_Hardangerfjord-Adventure_07-1024x683-panorama-064e38081693d7c44ae2bb115e8f6a6a-.jpg\" alt=\"\u00a9 Hardangerfjord Adventure\" itemprop=\"image\" data-no-lazy=\"1\" height=\"683\" width=\"1024\" title=\"Ulvik_RIB_Hardangerfjord Adventure_07\" onerror=\"this.style.display='none'\"  \/>\n\t\t\t\t\t\t\t\t\t<h3 itemprop=\"headline\">\n\t\t\t\t\t\t\t\t\t\t\t\t\t\tHardangerfjord RIB tour ab Voss\u00a0\t\t\t\t\t\t\t\t\t\t\t<\/h3>\n    <p>Erlebe ein aufregendes RIB-Boot-Abenteuer auf dem Hardangerfjord bei diesem Tagesausflug von Voss nach Ulvik.<\/p>\n            \n\t<meta itemscope itemprop=\"mainEntityOfPage\" itemtype=\"https:\/\/schema.org\/WebPage\" itemid=\"http:\/\/1457\" content=\"Gef\u00fchrte Kajaktour ab Ulvik\" \/><meta itemprop=\"datePublished\" content=\"2025-02-28\" \/><meta itemprop=\"dateModified\" content=\"2025-03-09\" \/><meta itemprop=\"name\" content=\"Book Hardanger\"\/><meta itemprop=\"url\" content=\"https:\/\/www.bookhardanger.com\/de\/author\/anne\/\" \/><meta itemprop=\"name\" content=\"anne\" \/><meta itemprop=\"url\" content=\"https:\/\/www.bookhardanger.com\/wp-content\/uploads\/2025\/02\/Ulvik_Kayaking_Angr_Photo_Jon_Hunnalvatn-Ton-08709.jpg\" \/><meta itemprop=\"width\" content=\"1900\" \/><meta itemprop=\"height\" content=\"1267\" \/><meta itemprop=\"interactionType\" content=\"https:\/\/schema.org\/CommentAction\" \/><meta itemprop=\"userInteractionCount\" content=\"0\" \/>\n\t\t\t\t\t<a href=\"https:\/\/www.bookhardanger.com\/de\/products\/gefuehrte-kajaktour-ab-ulvik\/\" title=\"Gef\u00fchrte Kajaktour ab Ulvik\"><\/a>\n\t\t\t\t<img loading=\"lazy\" decoding=\"async\" src=\"https:\/\/www.bookhardanger.com\/wp-content\/uploads\/bb-plugin\/cache\/Ulvik_Kayaking_Angr_Photo_Jon_Hunnalvatn-Ton-08709-1024x683-panorama-0ab571e360727c7bc4060770362f74a5-.jpg\" alt=\"\u00a9 Jon Hunn\u00e5lvatn T\u00f8n \/ Angr\" itemprop=\"image\" data-no-lazy=\"1\" height=\"683\" width=\"1024\" title=\"Ulvik_Kayaking_Angr_Photo_Jon_Hunn\u00e5lvatn T\u00f8n-08709\" onerror=\"this.style.display='none'\"  \/>\n\t\t\t\t\t\t\t\t\t<h3 itemprop=\"headline\">\n\t\t\t\t\t\t\t\t\t\t\t\t\t\tGef\u00fchrte Kajaktour ab Ulvik\t\t\t\t\t\t\t\t\t\t\t<\/h3>\n    <p>Werde aktiv und erlebe das wundersch\u00f6ne Ulvik vom Kajak aus.<\/p>\n            \n\t<meta itemscope itemprop=\"mainEntityOfPage\" itemtype=\"https:\/\/schema.org\/WebPage\" itemid=\"http:\/\/1441\" content=\"Kulturelle Wandertour in Ulvik\" \/><meta itemprop=\"datePublished\" content=\"2025-02-28\" \/><meta itemprop=\"dateModified\" content=\"2025-03-09\" \/><meta itemprop=\"name\" content=\"Book Hardanger\"\/><meta itemprop=\"url\" content=\"https:\/\/www.bookhardanger.com\/de\/author\/anne\/\" \/><meta itemprop=\"name\" content=\"anne\" \/><meta itemprop=\"url\" content=\"https:\/\/www.bookhardanger.com\/wp-content\/uploads\/2025\/02\/Ulvik_Angr_01.jpg\" \/><meta itemprop=\"width\" content=\"727\" \/><meta itemprop=\"height\" content=\"484\" \/><meta itemprop=\"interactionType\" content=\"https:\/\/schema.org\/CommentAction\" \/><meta itemprop=\"userInteractionCount\" content=\"0\" \/>\n\t\t\t\t\t<a href=\"https:\/\/www.bookhardanger.com\/de\/products\/kulturelle-wandertour-in-ulvik\/\" title=\"Kulturelle Wandertour in Ulvik\"><\/a>\n\t\t\t\t<img loading=\"lazy\" decoding=\"async\" src=\"https:\/\/www.bookhardanger.com\/wp-content\/uploads\/bb-plugin\/cache\/Ulvik_Angr_01-panorama-d28f167cdebcd4e12a3b5df16860d809-.jpg\" alt=\"\u00a9 Angr\" itemprop=\"image\" data-no-lazy=\"1\" height=\"484\" width=\"727\" title=\"Ulvik_Angr_01\" onerror=\"this.style.display='none'\"  \/>\n\t\t\t\t\t\t\t\t\t<h3 itemprop=\"headline\">\n\t\t\t\t\t\t\t\t\t\t\t\t\t\tKulturelle Wandertour in Ulvik\t\t\t\t\t\t\t\t\t\t\t<\/h3>\n    <p>Lerne die \u201ePerle des Hardanger&#8220; auf einem spannenden Spaziergang mit einem lokalen Guide kennen.<\/p>\n            \n\t<meta itemscope itemprop=\"mainEntityOfPage\" itemtype=\"https:\/\/schema.org\/WebPage\" itemid=\"http:\/\/1502\" content=\"\u00dcbernachtung Hundeschlitten-Tour am Folgefonna\" \/><meta itemprop=\"datePublished\" content=\"2025-02-28\" \/><meta itemprop=\"dateModified\" content=\"2025-03-09\" \/><meta itemprop=\"name\" content=\"Book Hardanger\"\/><meta itemprop=\"url\" content=\"https:\/\/www.bookhardanger.com\/de\/author\/anne\/\" \/><meta itemprop=\"name\" content=\"anne\" \/><meta itemprop=\"url\" content=\"https:\/\/www.bookhardanger.com\/wp-content\/uploads\/2025\/02\/37_VHF0624_Husky-Camp_Kred-Visit-Hardangerfjord-1.jpg\" \/><meta itemprop=\"width\" content=\"2048\" \/><meta itemprop=\"height\" content=\"1366\" \/><meta itemprop=\"interactionType\" content=\"https:\/\/schema.org\/CommentAction\" \/><meta itemprop=\"userInteractionCount\" content=\"0\" \/>\n\t\t\t\t\t<a href=\"https:\/\/www.bookhardanger.com\/de\/products\/uebernachtung-hundeschlitten-tour-am-folgefonna\/\" title=\"\u00dcbernachtung Hundeschlitten-Tour am Folgefonna\"><\/a>\n\t\t\t\t<img loading=\"lazy\" decoding=\"async\" src=\"https:\/\/www.bookhardanger.com\/wp-content\/uploads\/bb-plugin\/cache\/37_VHF0624_Husky-Camp_Kred-Visit-Hardangerfjord-1-1024x683-panorama-98d83ce34baac3e6d727fd94c21655ff-.jpg\" alt=\"37_VHF0624_Husky Camp_Kred Visit Hardangerfjord (1)\" itemprop=\"image\" data-no-lazy=\"1\" height=\"683\" width=\"1024\" title=\"37_VHF0624_Husky Camp_Kred Visit Hardangerfjord (1)\" onerror=\"this.style.display='none'\"  \/>\n\t\t\t\t\t\t\t\t\t<h3 itemprop=\"headline\">\n\t\t\t\t\t\t\t\t\t\t\t\t\t\t\u00dcbernachtung Hundeschlitten-Tour am Folgefonna\t\t\t\t\t\t\t\t\t\t\t<\/h3>\n    <p>Erlebe das Abenteuer deines Lebens mit Hundeschlittenfahren und Camping auf dem Folgefonna-Gletscher.<\/p>\n            \n\t<meta itemscope itemprop=\"mainEntityOfPage\" itemtype=\"https:\/\/schema.org\/WebPage\" itemid=\"http:\/\/1465\" content=\"Halbt\u00e4gige Hundeschlittentour auf dem Folgefonna\" \/><meta itemprop=\"datePublished\" content=\"2025-02-28\" \/><meta itemprop=\"dateModified\" content=\"2025-03-09\" \/><meta itemprop=\"name\" content=\"Book Hardanger\"\/><meta itemprop=\"url\" content=\"https:\/\/www.bookhardanger.com\/de\/author\/anne\/\" \/><meta itemprop=\"name\" content=\"anne\" \/><meta itemprop=\"url\" content=\"https:\/\/www.bookhardanger.com\/wp-content\/uploads\/2025\/02\/41_VHF0624_Husky-Camp_Kred-Visit-Hardangerfjord-1.jpg\" \/><meta itemprop=\"width\" content=\"2048\" \/><meta itemprop=\"height\" content=\"1152\" \/><meta itemprop=\"interactionType\" content=\"https:\/\/schema.org\/CommentAction\" \/><meta itemprop=\"userInteractionCount\" content=\"0\" \/>\n\t\t\t\t\t<a href=\"https:\/\/www.bookhardanger.com\/de\/products\/halbtaegige-hundeschlittentour-auf-dem-folgefonna\/\" title=\"Halbt\u00e4gige Hundeschlittentour auf dem Folgefonna\"><\/a>\n\t\t\t\t<img loading=\"lazy\" decoding=\"async\" src=\"https:\/\/www.bookhardanger.com\/wp-content\/uploads\/bb-plugin\/cache\/41_VHF0624_Husky-Camp_Kred-Visit-Hardangerfjord-1-1024x576-panorama-8d46e7ee39a75fb6ab5ce12a968f3b8d-.jpg\" alt=\"41_VHF0624_Husky Camp_Kred Visit Hardangerfjord (1)\" itemprop=\"image\" data-no-lazy=\"1\" height=\"576\" width=\"1024\" title=\"41_VHF0624_Husky Camp_Kred Visit Hardangerfjord (1)\" onerror=\"this.style.display='none'\"  \/>\n\t\t\t\t\t\t\t\t\t<h3 itemprop=\"headline\">\n\t\t\t\t\t\t\t\t\t\t\t\t\t\tHalbt\u00e4gige Hundeschlittentour auf dem Folgefonna\t\t\t\t\t\t\t\t\t\t\t<\/h3>\n    <p>Buche ein unvergessliches Abenteuer mit Moa und ihren freundlichen Huskys auf dem Folgefonna-Gletscher.<\/p>\n            \n\t<meta itemscope itemprop=\"mainEntityOfPage\" itemtype=\"https:\/\/schema.org\/WebPage\" itemid=\"http:\/\/1448\" content=\"Fjord- und Lachs-RIB-Safari ab \u00d8ystese\" \/><meta itemprop=\"datePublished\" content=\"2025-02-28\" \/><meta itemprop=\"dateModified\" content=\"2025-03-09\" \/><meta itemprop=\"name\" content=\"Book Hardanger\"\/><meta itemprop=\"url\" content=\"https:\/\/www.bookhardanger.com\/de\/author\/anne\/\" \/><meta itemprop=\"name\" content=\"anne\" \/><meta itemprop=\"url\" content=\"https:\/\/www.bookhardanger.com\/wp-content\/uploads\/2025\/02\/Hardangerfjord-Adventure_RIB-Akvasenter-Fyksesundet_02.jpg\" \/><meta itemprop=\"width\" content=\"1600\" \/><meta itemprop=\"height\" content=\"1067\" \/><meta itemprop=\"interactionType\" content=\"https:\/\/schema.org\/CommentAction\" \/><meta itemprop=\"userInteractionCount\" content=\"0\" \/>\n\t\t\t\t\t<a href=\"https:\/\/www.bookhardanger.com\/de\/products\/fjord-und-lachs-rib-safari-ab-oystese\/\" title=\"Fjord- und Lachs-RIB-Safari ab \u00d8ystese\"><\/a>\n\t\t\t\t<img loading=\"lazy\" decoding=\"async\" src=\"https:\/\/www.bookhardanger.com\/wp-content\/uploads\/bb-plugin\/cache\/Hardangerfjord-Adventure_RIB-Akvasenter-Fyksesundet_02-1024x683-panorama-aaeefd114dad75431b278ed0b1b9420b-.jpg\" alt=\"\u00a9 Hardangerfjord Adventure\" itemprop=\"image\" data-no-lazy=\"1\" height=\"683\" width=\"1024\" title=\"Hardanger Akvasenter - Hardangerfjord Adventure Partnerskap\" onerror=\"this.style.display='none'\"  \/>\n\t\t\t\t\t\t\t\t\t<h3 itemprop=\"headline\">\n\t\t\t\t\t\t\t\t\t\t\t\t\t\tFjord- und Lachs-RIB-Safari ab \u00d8ystese\t\t\t\t\t\t\t\t\t\t\t<\/h3>\n    <p>Kombiniere eine aufregende RIB-Tour mit einem Besuch im Hardanger Aquakulturzentrum. <\/p>\n            \n\t<meta itemscope itemprop=\"mainEntityOfPage\" itemtype=\"https:\/\/schema.org\/WebPage\" itemid=\"http:\/\/1491\" content=\"Maurangsfjord RIB-Safari ab Rosendal\" \/><meta itemprop=\"datePublished\" content=\"2025-02-28\" \/><meta itemprop=\"dateModified\" content=\"2025-03-09\" \/><meta itemprop=\"name\" content=\"Book Hardanger\"\/><meta itemprop=\"url\" content=\"https:\/\/www.bookhardanger.com\/de\/author\/anne\/\" \/><meta itemprop=\"name\" content=\"anne\" \/><meta itemprop=\"url\" content=\"https:\/\/www.bookhardanger.com\/wp-content\/uploads\/2025\/02\/Rosendal3_Hanne-Trettsveen.jpg\" \/><meta itemprop=\"width\" content=\"1920\" \/><meta itemprop=\"height\" content=\"1080\" \/><meta itemprop=\"interactionType\" content=\"https:\/\/schema.org\/CommentAction\" \/><meta itemprop=\"userInteractionCount\" content=\"0\" \/>\n\t\t\t\t\t<a href=\"https:\/\/www.bookhardanger.com\/de\/products\/maurangsfjord-rib-safari-ab-rosendal\/\" title=\"Maurangsfjord RIB-Safari ab Rosendal\"><\/a>\n\t\t\t\t<img loading=\"lazy\" decoding=\"async\" src=\"https:\/\/www.bookhardanger.com\/wp-content\/uploads\/bb-plugin\/cache\/Rosendal3_Hanne-Trettsveen-1024x576-panorama-4486e4e237f62198ef860387a8997622-.jpg\" alt=\"\u00a9 Hardangerfjord Adventure\" itemprop=\"image\" data-no-lazy=\"1\" height=\"576\" width=\"1024\" title=\"Rosendal3_Hanne Trettsveen\" onerror=\"this.style.display='none'\"  \/>\n\t\t\t\t\t\t\t\t\t<h3 itemprop=\"headline\">\n\t\t\t\t\t\t\t\t\t\t\t\t\t\tMaurangsfjord RIB-Safari ab Rosendal\t\t\t\t\t\t\t\t\t\t\t<\/h3>\n    <p>Begib dich auf eine adrenalingeladene RIB-Tour zum wundersch\u00f6nen Maurangsfjord ab Rosendal! <\/p>\n            \n\t<meta itemscope itemprop=\"mainEntityOfPage\" itemtype=\"https:\/\/schema.org\/WebPage\" itemid=\"http:\/\/1534\" content=\"RIB-Safari ab Lofthus\" \/><meta itemprop=\"datePublished\" content=\"2025-02-28\" \/><meta itemprop=\"dateModified\" content=\"2025-03-09\" \/><meta itemprop=\"name\" content=\"Book Hardanger\"\/><meta itemprop=\"url\" content=\"https:\/\/www.bookhardanger.com\/de\/author\/anne\/\" \/><meta itemprop=\"name\" content=\"anne\" \/><meta itemprop=\"url\" content=\"https:\/\/www.bookhardanger.com\/wp-content\/uploads\/2025\/02\/RIB-Tour_Lofthus_Hanne-Trettsveen.jpg\" \/><meta itemprop=\"width\" content=\"1920\" \/><meta itemprop=\"height\" content=\"1080\" \/><meta itemprop=\"interactionType\" content=\"https:\/\/schema.org\/CommentAction\" \/><meta itemprop=\"userInteractionCount\" content=\"0\" \/>\n\t\t\t\t\t<a href=\"https:\/\/www.bookhardanger.com\/de\/products\/rib-safari-ab-lofthus\/\" title=\"RIB-Safari ab Lofthus\"><\/a>\n\t\t\t\t<img loading=\"lazy\" decoding=\"async\" src=\"https:\/\/www.bookhardanger.com\/wp-content\/uploads\/bb-plugin\/cache\/RIB-Tour_Lofthus_Hanne-Trettsveen-1024x576-panorama-d1db2fa3f949325474d95e1c7a713f04-.jpg\" alt=\"\u00a9 Hardangerfjord Adventure\" itemprop=\"image\" data-no-lazy=\"1\" height=\"576\" width=\"1024\" title=\"RIB Tour_Lofthus_Hanne Trettsveen\" onerror=\"this.style.display='none'\"  \/>\n\t\t\t\t\t\t\t\t\t<h3 itemprop=\"headline\">\n\t\t\t\t\t\t\t\t\t\t\t\t\t\tRIB-Safari ab Lofthus\t\t\t\t\t\t\t\t\t\t\t<\/h3>\n    <p>1-st\u00fcndige private RIB-Tour ab Lofthus <\/p>\n            \n\t<meta itemscope itemprop=\"mainEntityOfPage\" itemtype=\"https:\/\/schema.org\/WebPage\" itemid=\"http:\/\/1517\" content=\"RIB Safari ab Jondal\u00a0\" \/><meta itemprop=\"datePublished\" content=\"2025-02-28\" \/><meta itemprop=\"dateModified\" content=\"2025-03-09\" \/><meta itemprop=\"name\" content=\"Book Hardanger\"\/><meta itemprop=\"url\" content=\"https:\/\/www.bookhardanger.com\/de\/author\/anne\/\" \/><meta itemprop=\"name\" content=\"anne\" \/><meta itemprop=\"url\" content=\"https:\/\/www.bookhardanger.com\/wp-content\/uploads\/2025\/02\/RIB-from-Jondal_Hardangerfjord-Adventure-11.jpeg\" \/><meta itemprop=\"width\" content=\"2560\" \/><meta itemprop=\"height\" content=\"1438\" \/><meta itemprop=\"interactionType\" content=\"https:\/\/schema.org\/CommentAction\" \/><meta itemprop=\"userInteractionCount\" content=\"0\" \/>\n\t\t\t\t\t<a href=\"https:\/\/www.bookhardanger.com\/de\/products\/rib-safari-ab-jondal\/\" title=\"RIB Safari ab Jondal\u00a0\"><\/a>\n\t\t\t\t<img loading=\"lazy\" decoding=\"async\" src=\"https:\/\/www.bookhardanger.com\/wp-content\/uploads\/bb-plugin\/cache\/RIB-from-Jondal_Hardangerfjord-Adventure-11-1024x575-panorama-0ad81150ff6561c271a2b4820dcddd61-.jpeg\" alt=\"\u00a9 Hardangerfjord Adventure\" itemprop=\"image\" data-no-lazy=\"1\" height=\"575\" width=\"1024\" title=\"RIB from Jondal_Hardangerfjord Adventure-11\" onerror=\"this.style.display='none'\"  \/>\n\t\t\t\t\t\t\t\t\t<h3 itemprop=\"headline\">\n\t\t\t\t\t\t\t\t\t\t\t\t\t\tRIB Safari ab Jondal\u00a0\t\t\t\t\t\t\t\t\t\t\t<\/h3>\n    <p>Erlebe Fyksesundet auf einer RIB-Tour ab Jondal. <\/p>\n            \n\t\t\t\t<ul class='page-numbers'>\n\t<li>1<\/li>\n\t<li><a href=\"https:\/\/www.bookhardanger.com\/de\/page\/2\/?page_id=1336&#038;fl_builder\">2<\/a><\/li>\n\t<li><a href=\"https:\/\/www.bookhardanger.com\/de\/page\/3\/?page_id=1336&#038;fl_builder\">3<\/a><\/li>\n\t<li><a href=\"https:\/\/www.bookhardanger.com\/de\/page\/4\/?page_id=1336&#038;fl_builder\">4<\/a><\/li>\n\t<li><a href=\"https:\/\/www.bookhardanger.com\/de\/page\/5\/?page_id=1336&#038;fl_builder\">5<\/a><\/li>\n<\/ul>\n\t\t\t\t\t<a href=\"#\">\n\t\t\t\t\tLoad More\n\t\t\t\t\t<img decoding=\"async\" src=\"https:\/\/www.bookhardanger.com\/wp-content\/plugins\/bbpowerpack\/assets\/images\/spinner.gif\" alt=\"loader\" \/><\/a>\n\t\t<!-- .pp-content-posts -->\n\n","protected":false},"excerpt":{"rendered":"<p>Aktivit\u00e4ten in Hardanger Planst du eine Reise nach Norwegen und suchst nach Aktivit\u00e4ten in der Hardanger-Region? Egal, ob du mit Freunden ein Abenteuer suchst, als Familie etwas f\u00fcr alle Altersgruppen erleben m\u00f6chtest oder einfach die Landschaft entspannt genie\u00dfen willst &#8211; hier findest du das passende Erlebnis. St\u00f6bere durch unsere vollst\u00e4ndige Auswahl unten und w\u00e4hle die&hellip;<\/p>\n","protected":false},"author":1,"featured_media":1689,"parent":0,"menu_order":0,"comment_status":"closed","ping_status":"closed","template":"","meta":{"_acf_changed":false,"footnotes":""},"class_list":["post-1336","page","type-page","status-publish","has-post-thumbnail","hentry"],"acf":[],"_links":{"self":[{"href":"https:\/\/www.bookhardanger.com\/de\/wp-json\/wp\/v2\/pages\/1336","targetHints":{"allow":["GET"]}}],"collection":[{"href":"https:\/\/www.bookhardanger.com\/de\/wp-json\/wp\/v2\/pages"}],"about":[{"href":"https:\/\/www.bookhardanger.com\/de\/wp-json\/wp\/v2\/types\/page"}],"author":[{"embeddable":true,"href":"https:\/\/www.bookhardanger.com\/de\/wp-json\/wp\/v2\/users\/1"}],"replies":[{"embeddable":true,"href":"https:\/\/www.bookhardanger.com\/de\/wp-json\/wp\/v2\/comments?post=1336"}],"version-history":[{"count":7,"href":"https:\/\/www.bookhardanger.com\/de\/wp-json\/wp\/v2\/pages\/1336\/revisions"}],"predecessor-version":[{"id":1690,"href":"https:\/\/www.bookhardanger.com\/de\/wp-json\/wp\/v2\/pages\/1336\/revisions\/1690"}],"wp:featuredmedia":[{"embeddable":true,"href":"https:\/\/www.bookhardanger.com\/de\/wp-json\/wp\/v2\/media\/1689"}],"wp:attachment":[{"href":"https:\/\/www.bookhardanger.com\/de\/wp-json\/wp\/v2\/media?parent=1336"}],"curies":[{"name":"wp","href":"https:\/\/api.w.org\/{rel}","templated":true}]}}