{"id":1338,"date":"2025-01-16T13:38:47","date_gmt":"2025-01-16T13:38:47","guid":{"rendered":"https:\/\/www.bookhardanger.com\/reiseziele\/"},"modified":"2025-03-10T18:28:58","modified_gmt":"2025-03-10T18:28:58","slug":"reiseziele","status":"publish","type":"page","link":"https:\/\/www.bookhardanger.com\/de\/reiseziele\/","title":{"rendered":"Reiseziele"},"content":{"rendered":"\n\n<h1>\n\t\tSehenswerte Orte in Hardanger\n\t<\/h1>\n\tDie Hardanger-Region ist voller bezaubernder Orte. Und auch wenn wir finden, dass jeder einzelne einen Besuch wert ist, wissen wir, dass die Zeit manchmal nicht f\u00fcr alles reicht.\n\nLies weiter unten mehr \u00fcber die verschiedenen Reiseziele in Hardanger und finde deinen pers\u00f6nlichen Favoriten!\n\t\t<a href=\"https:\/\/www.bookhardanger.com\/de\/places-to-go\/eidfjord-de\/\" target=\"_self\">\n\t\t\t\t\t\t\t\t\t<img decoding=\"async\" src=\"https:\/\/www.bookhardanger.com\/wp-content\/uploads\/2025\/02\/Eidfjord_Anne-Hirth_03-768x432.jpg\" alt=\"Eidfjord\"\/>\n\t\t\t\t\t\t\t\t\t\t\t<h3>\n\t\t\t\t\t\t\tEidfjord\t\t\t\t\t\t<\/h3>\n\t\t<\/a>\n\t\t<a href=\"https:\/\/www.bookhardanger.com\/de\/places-to-go\/granvin-voss-de\/\" target=\"_self\">\n\t\t\t\t\t\t\t\t\t<img decoding=\"async\" src=\"https:\/\/www.bookhardanger.com\/wp-content\/uploads\/2025\/02\/Hardangerfjord-Adventure_Granvinsfjorden_07-768x512.jpg\" alt=\"Granvin &amp; Voss\"\/>\n\t\t\t\t\t\t\t\t\t\t\t<h3>\n\t\t\t\t\t\t\tGranvin &amp; Voss\t\t\t\t\t\t<\/h3>\n\t\t<\/a>\n\t\t<a href=\"https:\/\/www.bookhardanger.com\/de\/places-to-go\/jondal-de\/\" target=\"_self\">\n\t\t\t\t\t\t\t\t\t<img decoding=\"async\" src=\"https:\/\/www.bookhardanger.com\/wp-content\/uploads\/2025\/02\/Folgefonni-Breforarlag_Eksponert-Media-_10-768x432.jpg\" alt=\"Jondal\"\/>\n\t\t\t\t\t\t\t\t\t\t\t<h3>\n\t\t\t\t\t\t\tJondal\t\t\t\t\t\t<\/h3>\n\t\t<\/a>\n\t\t<a href=\"https:\/\/www.bookhardanger.com\/de\/places-to-go\/lofthus-kinsarvik\/\" target=\"_self\">\n\t\t\t\t\t\t\t\t\t<img decoding=\"async\" src=\"https:\/\/www.bookhardanger.com\/wp-content\/uploads\/2025\/02\/Haust_pa_Lofthus_Foto_Morten_Knudsen-2-768x503.jpg\" alt=\"Lofthus &amp; Kinsarvik\"\/>\n\t\t\t\t\t\t\t\t\t\t\t<h3>\n\t\t\t\t\t\t\tLofthus &amp; Kinsarvik\t\t\t\t\t\t<\/h3>\n\t\t<\/a>\n\t\t<a href=\"https:\/\/www.bookhardanger.com\/de\/places-to-go\/odda-tyssedal-de\/\" target=\"_self\">\n\t\t\t\t\t\t\t\t\t<img decoding=\"async\" src=\"https:\/\/www.bookhardanger.com\/wp-content\/uploads\/2025\/02\/Trolltunga_Trolltunga-Active_02-768x512.jpg\" alt=\"Odda &amp; Tyssedal\"\/>\n\t\t\t\t\t\t\t\t\t\t\t<h3>\n\t\t\t\t\t\t\tOdda &amp; Tyssedal\t\t\t\t\t\t<\/h3>\n\t\t<\/a>\n\t\t<a href=\"https:\/\/www.bookhardanger.com\/de\/places-to-go\/oystese-and-norheimsund-de\/\" target=\"_self\">\n\t\t\t\t\t\t\t\t\t<img decoding=\"async\" src=\"https:\/\/www.bookhardanger.com\/wp-content\/uploads\/2025\/02\/Fjordsafari_Hardangerfjord-Adventure_Ruben-Soltvedt-1-768x512.jpg\" alt=\"\u00d8ystese and Norheimsund\"\/>\n\t\t\t\t\t\t\t\t\t\t\t<h3>\n\t\t\t\t\t\t\t\u00d8ystese and Norheimsund\t\t\t\t\t\t<\/h3>\n\t\t<\/a>\n\t\t<a href=\"https:\/\/www.bookhardanger.com\/de\/places-to-go\/rosendal-de\/\" target=\"_self\">\n\t\t\t\t\t\t\t\t\t<img decoding=\"async\" src=\"https:\/\/www.bookhardanger.com\/wp-content\/uploads\/2025\/02\/Baroniet-i-Rosendal_Visit-Hardangerfjord_Yrjan-Olsnes_01-768x512.jpg\" alt=\"Rosendal\"\/>\n\t\t\t\t\t\t\t\t\t\t\t<h3>\n\t\t\t\t\t\t\tRosendal\t\t\t\t\t\t<\/h3>\n\t\t<\/a>\n\t\t<a href=\"https:\/\/www.bookhardanger.com\/de\/places-to-go\/ulvik-de\/\" target=\"_self\">\n\t\t\t\t\t\t\t\t\t<img decoding=\"async\" src=\"https:\/\/www.bookhardanger.com\/wp-content\/uploads\/2025\/01\/Syse-gard-i-Ulvik-Foto-Reinhold-Kager-4540316-Foto_Reinhold_Kager-768x512.jpg\" alt=\"Ulvik\"\/>\n\t\t\t\t\t\t\t\t\t\t\t<h3>\n\t\t\t\t\t\t\tUlvik\t\t\t\t\t\t<\/h3>\n\t\t<\/a>\n\t\t\t\t<img loading=\"lazy\" decoding=\"async\" src=\"https:\/\/www.bookhardanger.com\/wp-content\/uploads\/2025\/02\/Hordaland-16-9-1536x864.jpg\" alt=\"Hordaland-16-9\" itemprop=\"image\" height=\"864\" width=\"1536\" title=\"Hordaland-16-9\" onerror=\"this.style.display='none'\"  \/>\n<h2>\n\t\tEntdecke Aktivit\u00e4ten nach Standort\n\t<\/h2>\n\t\tAlle Standorte\n\t<ul>\n\t\t<li data-filter=\"*\" tabindex=\"0\" aria-label=\"Alle Standorte\">Alle Standorte<\/li><li data-filter=\".location-eidfjord-de\" data-term=\"eidfjord-de\" data-item-count=\"17\" tabindex=\"0\" aria-label=\"Eidfjord\">Eidfjord<\/li><li data-filter=\".location-granvin-voss-de\" data-term=\"granvin-voss-de\" data-item-count=\"3\" tabindex=\"0\" aria-label=\"Granvin &amp; Voss\">Granvin &amp; Voss<\/li><li data-filter=\".location-jondal-de\" data-term=\"jondal-de\" data-item-count=\"6\" tabindex=\"0\" aria-label=\"Jondal\">Jondal<\/li><li data-filter=\".location-lofthus-kinsarvik\" data-term=\"lofthus-kinsarvik\" data-item-count=\"3\" tabindex=\"0\" aria-label=\"Lofthus &amp; Kinsarvik\">Lofthus &amp; Kinsarvik<\/li><li data-filter=\".location-odda-tyssedal-de\" data-term=\"odda-tyssedal-de\" data-item-count=\"1\" tabindex=\"0\" aria-label=\"Odda &amp; Tyssedal\">Odda &amp; Tyssedal<\/li><li data-filter=\".location-oystese-and-norheimsund-de\" data-term=\"oystese-and-norheimsund-de\" data-item-count=\"10\" tabindex=\"0\" aria-label=\"\u00d8ystese and Norheimsund\">\u00d8ystese and Norheimsund<\/li><li data-filter=\".location-rosendal-de\" data-term=\"rosendal-de\" data-item-count=\"2\" tabindex=\"0\" aria-label=\"Rosendal\">Rosendal<\/li><li data-filter=\".location-ulvik-de\" data-term=\"ulvik-de\" data-item-count=\"11\" tabindex=\"0\" aria-label=\"Ulvik\">Ulvik<\/li>\t<\/ul>\n\t<meta itemscope itemprop=\"mainEntityOfPage\" itemtype=\"https:\/\/schema.org\/WebPage\" itemid=\"http:\/\/1409\" content=\"30-min\u00fctige RIB-Tour ab Eidfjord\" \/><meta itemprop=\"datePublished\" content=\"2025-03-03\" \/><meta itemprop=\"dateModified\" content=\"2025-03-09\" \/><meta itemprop=\"name\" content=\"Book Hardanger\"\/><meta itemprop=\"url\" content=\"https:\/\/www.bookhardanger.com\/de\/author\/anne\/\" \/><meta itemprop=\"name\" content=\"anne\" \/><meta itemprop=\"url\" content=\"https:\/\/www.bookhardanger.com\/wp-content\/uploads\/2025\/03\/Hardanger-Fjordsafari_Ewa-Serwicka_01.jpg\" \/><meta itemprop=\"width\" content=\"2048\" \/><meta itemprop=\"height\" content=\"1152\" \/><meta itemprop=\"interactionType\" content=\"https:\/\/schema.org\/CommentAction\" \/><meta itemprop=\"userInteractionCount\" content=\"0\" \/>\n\t\t\t\t\t<a href=\"https:\/\/www.bookhardanger.com\/de\/products\/30-minuetige-rib-tour-ab-eidfjord\/\" title=\"30-min\u00fctige RIB-Tour ab Eidfjord\"><\/a>\n\t\t\t\t<img loading=\"lazy\" decoding=\"async\" src=\"https:\/\/www.bookhardanger.com\/wp-content\/uploads\/bb-plugin\/cache\/Hardanger-Fjordsafari_Ewa-Serwicka_01-1024x576-panorama-74087c30cfa30c469b921c34087b449a-.jpg\" alt=\"\u00a9 Ewa Serwicka\" itemprop=\"image\" data-no-lazy=\"1\" height=\"576\" width=\"1024\" title=\"Hardanger Fjordsafari_Ewa Serwicka_01\" onerror=\"this.style.display='none'\"  \/>\n\t\t\t\t\t\t\t\t\t<h3 itemprop=\"headline\">\n\t\t\t\t\t\t\t\t\t\t\t\t\t\t30-min\u00fctige RIB-Tour ab Eidfjord\t\t\t\t\t\t\t\t\t\t\t<\/h3>\n    <p>Erleben Sie den Nervenkitzel in der atemberaubenden Landschaft um Eidfjord<\/p>\n            \n\t<meta itemscope itemprop=\"mainEntityOfPage\" itemtype=\"https:\/\/schema.org\/WebPage\" itemid=\"http:\/\/1481\" content=\"Hardangerfjord RIB tour ab Voss\u00a0\" \/><meta itemprop=\"datePublished\" content=\"2025-03-01\" \/><meta itemprop=\"dateModified\" content=\"2025-03-09\" \/><meta itemprop=\"name\" content=\"Book Hardanger\"\/><meta itemprop=\"url\" content=\"https:\/\/www.bookhardanger.com\/de\/author\/anne\/\" \/><meta itemprop=\"name\" content=\"anne\" \/><meta itemprop=\"url\" content=\"https:\/\/www.bookhardanger.com\/wp-content\/uploads\/2025\/03\/Ulvik_RIB_Hardangerfjord-Adventure_07.jpg\" \/><meta itemprop=\"width\" content=\"2048\" \/><meta itemprop=\"height\" content=\"1366\" \/><meta itemprop=\"interactionType\" content=\"https:\/\/schema.org\/CommentAction\" \/><meta itemprop=\"userInteractionCount\" content=\"0\" \/>\n\t\t\t\t\t<a href=\"https:\/\/www.bookhardanger.com\/de\/products\/hardangerfjord-rib-tour-ab-voss\/\" title=\"Hardangerfjord RIB tour ab Voss\u00a0\"><\/a>\n\t\t\t\t<img loading=\"lazy\" decoding=\"async\" src=\"https:\/\/www.bookhardanger.com\/wp-content\/uploads\/bb-plugin\/cache\/Ulvik_RIB_Hardangerfjord-Adventure_07-1024x683-panorama-064e38081693d7c44ae2bb115e8f6a6a-.jpg\" alt=\"\u00a9 Hardangerfjord Adventure\" itemprop=\"image\" data-no-lazy=\"1\" height=\"683\" width=\"1024\" title=\"Ulvik_RIB_Hardangerfjord Adventure_07\" onerror=\"this.style.display='none'\"  \/>\n\t\t\t\t\t\t\t\t\t<h3 itemprop=\"headline\">\n\t\t\t\t\t\t\t\t\t\t\t\t\t\tHardangerfjord RIB tour ab Voss\u00a0\t\t\t\t\t\t\t\t\t\t\t<\/h3>\n    <p>Erlebe ein aufregendes RIB-Boot-Abenteuer auf dem Hardangerfjord bei diesem Tagesausflug von Voss nach Ulvik.<\/p>\n            \n\t<meta itemscope itemprop=\"mainEntityOfPage\" itemtype=\"https:\/\/schema.org\/WebPage\" itemid=\"http:\/\/1457\" content=\"Gef\u00fchrte Kajaktour ab Ulvik\" \/><meta itemprop=\"datePublished\" content=\"2025-02-28\" \/><meta itemprop=\"dateModified\" content=\"2025-03-09\" \/><meta itemprop=\"name\" content=\"Book Hardanger\"\/><meta itemprop=\"url\" content=\"https:\/\/www.bookhardanger.com\/de\/author\/anne\/\" \/><meta itemprop=\"name\" content=\"anne\" \/><meta itemprop=\"url\" content=\"https:\/\/www.bookhardanger.com\/wp-content\/uploads\/2025\/02\/Ulvik_Kayaking_Angr_Photo_Jon_Hunnalvatn-Ton-08709.jpg\" \/><meta itemprop=\"width\" content=\"1900\" \/><meta itemprop=\"height\" content=\"1267\" \/><meta itemprop=\"interactionType\" content=\"https:\/\/schema.org\/CommentAction\" \/><meta itemprop=\"userInteractionCount\" content=\"0\" \/>\n\t\t\t\t\t<a href=\"https:\/\/www.bookhardanger.com\/de\/products\/gefuehrte-kajaktour-ab-ulvik\/\" title=\"Gef\u00fchrte Kajaktour ab Ulvik\"><\/a>\n\t\t\t\t<img loading=\"lazy\" decoding=\"async\" src=\"https:\/\/www.bookhardanger.com\/wp-content\/uploads\/bb-plugin\/cache\/Ulvik_Kayaking_Angr_Photo_Jon_Hunnalvatn-Ton-08709-1024x683-panorama-0ab571e360727c7bc4060770362f74a5-.jpg\" alt=\"\u00a9 Jon Hunn\u00e5lvatn T\u00f8n \/ Angr\" itemprop=\"image\" data-no-lazy=\"1\" height=\"683\" width=\"1024\" title=\"Ulvik_Kayaking_Angr_Photo_Jon_Hunn\u00e5lvatn T\u00f8n-08709\" onerror=\"this.style.display='none'\"  \/>\n\t\t\t\t\t\t\t\t\t<h3 itemprop=\"headline\">\n\t\t\t\t\t\t\t\t\t\t\t\t\t\tGef\u00fchrte Kajaktour ab Ulvik\t\t\t\t\t\t\t\t\t\t\t<\/h3>\n    <p>Werde aktiv und erlebe das wundersch\u00f6ne Ulvik vom Kajak aus.<\/p>\n            \n\t<meta itemscope itemprop=\"mainEntityOfPage\" itemtype=\"https:\/\/schema.org\/WebPage\" itemid=\"http:\/\/1441\" content=\"Kulturelle Wandertour in Ulvik\" \/><meta itemprop=\"datePublished\" content=\"2025-02-28\" \/><meta itemprop=\"dateModified\" content=\"2025-03-09\" \/><meta itemprop=\"name\" content=\"Book Hardanger\"\/><meta itemprop=\"url\" content=\"https:\/\/www.bookhardanger.com\/de\/author\/anne\/\" \/><meta itemprop=\"name\" content=\"anne\" \/><meta itemprop=\"url\" content=\"https:\/\/www.bookhardanger.com\/wp-content\/uploads\/2025\/02\/Ulvik_Angr_01.jpg\" \/><meta itemprop=\"width\" content=\"727\" \/><meta itemprop=\"height\" content=\"484\" \/><meta itemprop=\"interactionType\" content=\"https:\/\/schema.org\/CommentAction\" \/><meta itemprop=\"userInteractionCount\" content=\"0\" \/>\n\t\t\t\t\t<a href=\"https:\/\/www.bookhardanger.com\/de\/products\/kulturelle-wandertour-in-ulvik\/\" title=\"Kulturelle Wandertour in Ulvik\"><\/a>\n\t\t\t\t<img loading=\"lazy\" decoding=\"async\" src=\"https:\/\/www.bookhardanger.com\/wp-content\/uploads\/bb-plugin\/cache\/Ulvik_Angr_01-panorama-d28f167cdebcd4e12a3b5df16860d809-.jpg\" alt=\"\u00a9 Angr\" itemprop=\"image\" data-no-lazy=\"1\" height=\"484\" width=\"727\" title=\"Ulvik_Angr_01\" onerror=\"this.style.display='none'\"  \/>\n\t\t\t\t\t\t\t\t\t<h3 itemprop=\"headline\">\n\t\t\t\t\t\t\t\t\t\t\t\t\t\tKulturelle Wandertour in Ulvik\t\t\t\t\t\t\t\t\t\t\t<\/h3>\n    <p>Lerne die \u201ePerle des Hardanger&#8220; auf einem spannenden Spaziergang mit einem lokalen Guide kennen.<\/p>\n            \n\t<meta itemscope itemprop=\"mainEntityOfPage\" itemtype=\"https:\/\/schema.org\/WebPage\" itemid=\"http:\/\/1502\" content=\"\u00dcbernachtung Hundeschlitten-Tour am Folgefonna\" \/><meta itemprop=\"datePublished\" content=\"2025-02-28\" \/><meta itemprop=\"dateModified\" content=\"2025-03-09\" \/><meta itemprop=\"name\" content=\"Book Hardanger\"\/><meta itemprop=\"url\" content=\"https:\/\/www.bookhardanger.com\/de\/author\/anne\/\" \/><meta itemprop=\"name\" content=\"anne\" \/><meta itemprop=\"url\" content=\"https:\/\/www.bookhardanger.com\/wp-content\/uploads\/2025\/02\/37_VHF0624_Husky-Camp_Kred-Visit-Hardangerfjord-1.jpg\" \/><meta itemprop=\"width\" content=\"2048\" \/><meta itemprop=\"height\" content=\"1366\" \/><meta itemprop=\"interactionType\" content=\"https:\/\/schema.org\/CommentAction\" \/><meta itemprop=\"userInteractionCount\" content=\"0\" \/>\n\t\t\t\t\t<a href=\"https:\/\/www.bookhardanger.com\/de\/products\/uebernachtung-hundeschlitten-tour-am-folgefonna\/\" title=\"\u00dcbernachtung Hundeschlitten-Tour am Folgefonna\"><\/a>\n\t\t\t\t<img loading=\"lazy\" decoding=\"async\" src=\"https:\/\/www.bookhardanger.com\/wp-content\/uploads\/bb-plugin\/cache\/37_VHF0624_Husky-Camp_Kred-Visit-Hardangerfjord-1-1024x683-panorama-98d83ce34baac3e6d727fd94c21655ff-.jpg\" alt=\"37_VHF0624_Husky Camp_Kred Visit Hardangerfjord (1)\" itemprop=\"image\" data-no-lazy=\"1\" height=\"683\" width=\"1024\" title=\"37_VHF0624_Husky Camp_Kred Visit Hardangerfjord (1)\" onerror=\"this.style.display='none'\"  \/>\n\t\t\t\t\t\t\t\t\t<h3 itemprop=\"headline\">\n\t\t\t\t\t\t\t\t\t\t\t\t\t\t\u00dcbernachtung Hundeschlitten-Tour am Folgefonna\t\t\t\t\t\t\t\t\t\t\t<\/h3>\n    <p>Erlebe das Abenteuer deines Lebens mit Hundeschlittenfahren und Camping auf dem Folgefonna-Gletscher.<\/p>\n            \n\t<meta itemscope itemprop=\"mainEntityOfPage\" itemtype=\"https:\/\/schema.org\/WebPage\" itemid=\"http:\/\/1465\" content=\"Halbt\u00e4gige Hundeschlittentour auf dem Folgefonna\" \/><meta itemprop=\"datePublished\" content=\"2025-02-28\" \/><meta itemprop=\"dateModified\" content=\"2025-03-09\" \/><meta itemprop=\"name\" content=\"Book Hardanger\"\/><meta itemprop=\"url\" content=\"https:\/\/www.bookhardanger.com\/de\/author\/anne\/\" \/><meta itemprop=\"name\" content=\"anne\" \/><meta itemprop=\"url\" content=\"https:\/\/www.bookhardanger.com\/wp-content\/uploads\/2025\/02\/41_VHF0624_Husky-Camp_Kred-Visit-Hardangerfjord-1.jpg\" \/><meta itemprop=\"width\" content=\"2048\" \/><meta itemprop=\"height\" content=\"1152\" \/><meta itemprop=\"interactionType\" content=\"https:\/\/schema.org\/CommentAction\" \/><meta itemprop=\"userInteractionCount\" content=\"0\" \/>\n\t\t\t\t\t<a href=\"https:\/\/www.bookhardanger.com\/de\/products\/halbtaegige-hundeschlittentour-auf-dem-folgefonna\/\" title=\"Halbt\u00e4gige Hundeschlittentour auf dem Folgefonna\"><\/a>\n\t\t\t\t<img loading=\"lazy\" decoding=\"async\" src=\"https:\/\/www.bookhardanger.com\/wp-content\/uploads\/bb-plugin\/cache\/41_VHF0624_Husky-Camp_Kred-Visit-Hardangerfjord-1-1024x576-panorama-8d46e7ee39a75fb6ab5ce12a968f3b8d-.jpg\" alt=\"41_VHF0624_Husky Camp_Kred Visit Hardangerfjord (1)\" itemprop=\"image\" data-no-lazy=\"1\" height=\"576\" width=\"1024\" title=\"41_VHF0624_Husky Camp_Kred Visit Hardangerfjord (1)\" onerror=\"this.style.display='none'\"  \/>\n\t\t\t\t\t\t\t\t\t<h3 itemprop=\"headline\">\n\t\t\t\t\t\t\t\t\t\t\t\t\t\tHalbt\u00e4gige Hundeschlittentour auf dem Folgefonna\t\t\t\t\t\t\t\t\t\t\t<\/h3>\n    <p>Buche ein unvergessliches Abenteuer mit Moa und ihren freundlichen Huskys auf dem Folgefonna-Gletscher.<\/p>\n            \n\t<meta itemscope itemprop=\"mainEntityOfPage\" itemtype=\"https:\/\/schema.org\/WebPage\" itemid=\"http:\/\/1448\" content=\"Fjord- und Lachs-RIB-Safari ab \u00d8ystese\" \/><meta itemprop=\"datePublished\" content=\"2025-02-28\" \/><meta itemprop=\"dateModified\" content=\"2025-03-09\" \/><meta itemprop=\"name\" content=\"Book Hardanger\"\/><meta itemprop=\"url\" content=\"https:\/\/www.bookhardanger.com\/de\/author\/anne\/\" \/><meta itemprop=\"name\" content=\"anne\" \/><meta itemprop=\"url\" content=\"https:\/\/www.bookhardanger.com\/wp-content\/uploads\/2025\/02\/Hardangerfjord-Adventure_RIB-Akvasenter-Fyksesundet_02.jpg\" \/><meta itemprop=\"width\" content=\"1600\" \/><meta itemprop=\"height\" content=\"1067\" \/><meta itemprop=\"interactionType\" content=\"https:\/\/schema.org\/CommentAction\" \/><meta itemprop=\"userInteractionCount\" content=\"0\" \/>\n\t\t\t\t\t<a href=\"https:\/\/www.bookhardanger.com\/de\/products\/fjord-und-lachs-rib-safari-ab-oystese\/\" title=\"Fjord- und Lachs-RIB-Safari ab \u00d8ystese\"><\/a>\n\t\t\t\t<img loading=\"lazy\" decoding=\"async\" src=\"https:\/\/www.bookhardanger.com\/wp-content\/uploads\/bb-plugin\/cache\/Hardangerfjord-Adventure_RIB-Akvasenter-Fyksesundet_02-1024x683-panorama-aaeefd114dad75431b278ed0b1b9420b-.jpg\" alt=\"\u00a9 Hardangerfjord Adventure\" itemprop=\"image\" data-no-lazy=\"1\" height=\"683\" width=\"1024\" title=\"Hardanger Akvasenter - Hardangerfjord Adventure Partnerskap\" onerror=\"this.style.display='none'\"  \/>\n\t\t\t\t\t\t\t\t\t<h3 itemprop=\"headline\">\n\t\t\t\t\t\t\t\t\t\t\t\t\t\tFjord- und Lachs-RIB-Safari ab \u00d8ystese\t\t\t\t\t\t\t\t\t\t\t<\/h3>\n    <p>Kombiniere eine aufregende RIB-Tour mit einem Besuch im Hardanger Aquakulturzentrum. <\/p>\n            \n\t<meta itemscope itemprop=\"mainEntityOfPage\" itemtype=\"https:\/\/schema.org\/WebPage\" itemid=\"http:\/\/1491\" content=\"Maurangsfjord RIB-Safari ab Rosendal\" \/><meta itemprop=\"datePublished\" content=\"2025-02-28\" \/><meta itemprop=\"dateModified\" content=\"2025-03-09\" \/><meta itemprop=\"name\" content=\"Book Hardanger\"\/><meta itemprop=\"url\" content=\"https:\/\/www.bookhardanger.com\/de\/author\/anne\/\" \/><meta itemprop=\"name\" content=\"anne\" \/><meta itemprop=\"url\" content=\"https:\/\/www.bookhardanger.com\/wp-content\/uploads\/2025\/02\/Rosendal3_Hanne-Trettsveen.jpg\" \/><meta itemprop=\"width\" content=\"1920\" \/><meta itemprop=\"height\" content=\"1080\" \/><meta itemprop=\"interactionType\" content=\"https:\/\/schema.org\/CommentAction\" \/><meta itemprop=\"userInteractionCount\" content=\"0\" \/>\n\t\t\t\t\t<a href=\"https:\/\/www.bookhardanger.com\/de\/products\/maurangsfjord-rib-safari-ab-rosendal\/\" title=\"Maurangsfjord RIB-Safari ab Rosendal\"><\/a>\n\t\t\t\t<img loading=\"lazy\" decoding=\"async\" src=\"https:\/\/www.bookhardanger.com\/wp-content\/uploads\/bb-plugin\/cache\/Rosendal3_Hanne-Trettsveen-1024x576-panorama-4486e4e237f62198ef860387a8997622-.jpg\" alt=\"\u00a9 Hardangerfjord Adventure\" itemprop=\"image\" data-no-lazy=\"1\" height=\"576\" width=\"1024\" title=\"Rosendal3_Hanne Trettsveen\" onerror=\"this.style.display='none'\"  \/>\n\t\t\t\t\t\t\t\t\t<h3 itemprop=\"headline\">\n\t\t\t\t\t\t\t\t\t\t\t\t\t\tMaurangsfjord RIB-Safari ab Rosendal\t\t\t\t\t\t\t\t\t\t\t<\/h3>\n    <p>Begib dich auf eine adrenalingeladene RIB-Tour zum wundersch\u00f6nen Maurangsfjord ab Rosendal! <\/p>\n            \n\t<meta itemscope itemprop=\"mainEntityOfPage\" itemtype=\"https:\/\/schema.org\/WebPage\" itemid=\"http:\/\/1534\" content=\"RIB-Safari ab Lofthus\" \/><meta itemprop=\"datePublished\" content=\"2025-02-28\" \/><meta itemprop=\"dateModified\" content=\"2025-03-09\" \/><meta itemprop=\"name\" content=\"Book Hardanger\"\/><meta itemprop=\"url\" content=\"https:\/\/www.bookhardanger.com\/de\/author\/anne\/\" \/><meta itemprop=\"name\" content=\"anne\" \/><meta itemprop=\"url\" content=\"https:\/\/www.bookhardanger.com\/wp-content\/uploads\/2025\/02\/RIB-Tour_Lofthus_Hanne-Trettsveen.jpg\" \/><meta itemprop=\"width\" content=\"1920\" \/><meta itemprop=\"height\" content=\"1080\" \/><meta itemprop=\"interactionType\" content=\"https:\/\/schema.org\/CommentAction\" \/><meta itemprop=\"userInteractionCount\" content=\"0\" \/>\n\t\t\t\t\t<a href=\"https:\/\/www.bookhardanger.com\/de\/products\/rib-safari-ab-lofthus\/\" title=\"RIB-Safari ab Lofthus\"><\/a>\n\t\t\t\t<img loading=\"lazy\" decoding=\"async\" src=\"https:\/\/www.bookhardanger.com\/wp-content\/uploads\/bb-plugin\/cache\/RIB-Tour_Lofthus_Hanne-Trettsveen-1024x576-panorama-d1db2fa3f949325474d95e1c7a713f04-.jpg\" alt=\"\u00a9 Hardangerfjord Adventure\" itemprop=\"image\" data-no-lazy=\"1\" height=\"576\" width=\"1024\" title=\"RIB Tour_Lofthus_Hanne Trettsveen\" onerror=\"this.style.display='none'\"  \/>\n\t\t\t\t\t\t\t\t\t<h3 itemprop=\"headline\">\n\t\t\t\t\t\t\t\t\t\t\t\t\t\tRIB-Safari ab Lofthus\t\t\t\t\t\t\t\t\t\t\t<\/h3>\n    <p>1-st\u00fcndige private RIB-Tour ab Lofthus <\/p>\n            \n\t<meta itemscope itemprop=\"mainEntityOfPage\" itemtype=\"https:\/\/schema.org\/WebPage\" itemid=\"http:\/\/1517\" content=\"RIB Safari ab Jondal\u00a0\" \/><meta itemprop=\"datePublished\" content=\"2025-02-28\" \/><meta itemprop=\"dateModified\" content=\"2025-03-09\" \/><meta itemprop=\"name\" content=\"Book Hardanger\"\/><meta itemprop=\"url\" content=\"https:\/\/www.bookhardanger.com\/de\/author\/anne\/\" \/><meta itemprop=\"name\" content=\"anne\" \/><meta itemprop=\"url\" content=\"https:\/\/www.bookhardanger.com\/wp-content\/uploads\/2025\/02\/RIB-from-Jondal_Hardangerfjord-Adventure-11.jpeg\" \/><meta itemprop=\"width\" content=\"2560\" \/><meta itemprop=\"height\" content=\"1438\" \/><meta itemprop=\"interactionType\" content=\"https:\/\/schema.org\/CommentAction\" \/><meta itemprop=\"userInteractionCount\" content=\"0\" \/>\n\t\t\t\t\t<a href=\"https:\/\/www.bookhardanger.com\/de\/products\/rib-safari-ab-jondal\/\" title=\"RIB Safari ab Jondal\u00a0\"><\/a>\n\t\t\t\t<img loading=\"lazy\" decoding=\"async\" src=\"https:\/\/www.bookhardanger.com\/wp-content\/uploads\/bb-plugin\/cache\/RIB-from-Jondal_Hardangerfjord-Adventure-11-1024x575-panorama-0ad81150ff6561c271a2b4820dcddd61-.jpeg\" alt=\"\u00a9 Hardangerfjord Adventure\" itemprop=\"image\" data-no-lazy=\"1\" height=\"575\" width=\"1024\" title=\"RIB from Jondal_Hardangerfjord Adventure-11\" onerror=\"this.style.display='none'\"  \/>\n\t\t\t\t\t\t\t\t\t<h3 itemprop=\"headline\">\n\t\t\t\t\t\t\t\t\t\t\t\t\t\tRIB Safari ab Jondal\u00a0\t\t\t\t\t\t\t\t\t\t\t<\/h3>\n    <p>Erlebe Fyksesundet auf einer RIB-Tour ab Jondal. <\/p>\n            \n\t\t\t\t<ul class='page-numbers'>\n\t<li>1<\/li>\n\t<li><a href=\"https:\/\/www.bookhardanger.com\/de\/page\/2\/?page_id=1338&#038;fl_builder\">2<\/a><\/li>\n\t<li><a href=\"https:\/\/www.bookhardanger.com\/de\/page\/3\/?page_id=1338&#038;fl_builder\">3<\/a><\/li>\n\t<li><a href=\"https:\/\/www.bookhardanger.com\/de\/page\/4\/?page_id=1338&#038;fl_builder\">4<\/a><\/li>\n\t<li><a href=\"https:\/\/www.bookhardanger.com\/de\/page\/5\/?page_id=1338&#038;fl_builder\">5<\/a><\/li>\n<\/ul>\n\t\t\t\t\t<a href=\"#\">\n\t\t\t\t\tLoad More\n\t\t\t\t\t<img decoding=\"async\" src=\"https:\/\/www.bookhardanger.com\/wp-content\/plugins\/bbpowerpack\/assets\/images\/spinner.gif\" alt=\"loader\" \/><\/a>\n\t\t<!-- .pp-content-posts -->\n\n","protected":false},"excerpt":{"rendered":"<p>Sehenswerte Orte in Hardanger Die Hardanger-Region ist voller bezaubernder Orte. Und auch wenn wir finden, dass jeder einzelne einen Besuch wert ist, wissen wir, dass die Zeit manchmal nicht f\u00fcr alles reicht. Lies weiter unten mehr \u00fcber die verschiedenen Reiseziele in Hardanger und finde deinen pers\u00f6nlichen Favoriten! Eidfjord Granvin &amp; Voss Jondal Lofthus &amp; Kinsarvik&hellip;<\/p>\n","protected":false},"author":1,"featured_media":0,"parent":0,"menu_order":0,"comment_status":"closed","ping_status":"closed","template":"","meta":{"_acf_changed":false,"footnotes":""},"class_list":["post-1338","page","type-page","status-publish","hentry"],"acf":[],"_links":{"self":[{"href":"https:\/\/www.bookhardanger.com\/de\/wp-json\/wp\/v2\/pages\/1338","targetHints":{"allow":["GET"]}}],"collection":[{"href":"https:\/\/www.bookhardanger.com\/de\/wp-json\/wp\/v2\/pages"}],"about":[{"href":"https:\/\/www.bookhardanger.com\/de\/wp-json\/wp\/v2\/types\/page"}],"author":[{"embeddable":true,"href":"https:\/\/www.bookhardanger.com\/de\/wp-json\/wp\/v2\/users\/1"}],"replies":[{"embeddable":true,"href":"https:\/\/www.bookhardanger.com\/de\/wp-json\/wp\/v2\/comments?post=1338"}],"version-history":[{"count":3,"href":"https:\/\/www.bookhardanger.com\/de\/wp-json\/wp\/v2\/pages\/1338\/revisions"}],"predecessor-version":[{"id":1625,"href":"https:\/\/www.bookhardanger.com\/de\/wp-json\/wp\/v2\/pages\/1338\/revisions\/1625"}],"wp:attachment":[{"href":"https:\/\/www.bookhardanger.com\/de\/wp-json\/wp\/v2\/media?parent=1338"}],"curies":[{"name":"wp","href":"https:\/\/api.w.org\/{rel}","templated":true}]}}