{"id":1460,"date":"2025-02-19T08:53:25","date_gmt":"2025-02-19T08:53:25","guid":{"rendered":"https:\/\/www.bookhardanger.com\/about-us\/"},"modified":"2026-03-09T11:29:00","modified_gmt":"2026-03-09T11:29:00","slug":"uber-book-hardanger","status":"publish","type":"page","link":"https:\/\/www.bookhardanger.com\/de\/uber-book-hardanger\/","title":{"rendered":"\u00dcber Book Hardanger"},"content":{"rendered":"\n<p><strong>Book Hardanger wurde 2022 mit dem Ziel gegr\u00fcndet, die lokale Tourismusbranche in der Hardangerregion zu st\u00e4rken.<\/strong><\/p>\n\n<p>Das Unternehmen arbeitet daran, touristische Produkte in der Region zu entwickeln, zu b\u00fcndeln und zu vertreiben. Durch kreative Initiativen sowie neue Produkte und Pakete m\u00f6chten wir dazu beitragen, Hardanger als nachhaltiges Reiseziel weiterzuentwickeln.<\/p>\n\n<p>Unser Ziel ist es, lokale Aktivit\u00e4ten, Unterk\u00fcnfte, Transportm\u00f6glichkeiten und Erlebnisangebote f\u00fcr G\u00e4ste leichter zug\u00e4nglich zu machen \u2013 sowohl f\u00fcr Individualreisende als auch f\u00fcr Reiseveranstalter. Mit Book Hardanger wird es einfacher, spektakul\u00e4re Erlebnisse in Hardanger zu finden, zu entdecken und zu buchen.<\/p>\n\n<h2 class=\"wp-block-heading\">Book Hardanger Team<\/h2>\n\n<p><strong>Linda L\u00f8vfall<\/strong><br\/>CEO<br\/><a href=\"mailto:linda.lovfall@bookhardanger.com\" target=\"_blank\" rel=\"noreferrer noopener\">linda.lovfall@bookhardanger.com<\/a><\/p>\n\n<p><strong>Ewa Serwicka<\/strong><br\/>Product &amp; Quality Manager<br\/><a href=\"mailto:ewa.serwicka@bookhardanger.com\" target=\"_blank\" rel=\"noreferrer noopener\">ewa.serwicka@bookhardanger.com<\/a><\/p>\n\n<p><strong>Eilin Meling<\/strong><br\/>Operation Manager<br\/><a href=\"mailto:eilin.meling@bookhardanger.com\" target=\"_blank\" rel=\"noreferrer noopener\">eilin.meling@bookhardanger.com<\/a><\/p>\n","protected":false},"excerpt":{"rendered":"<p>Book Hardanger wurde 2022 mit dem Ziel gegr\u00fcndet, die lokale Tourismusbranche in der Hardangerregion zu st\u00e4rken. Das Unternehmen arbeitet daran, touristische Produkte in der Region zu entwickeln, zu b\u00fcndeln und zu vertreiben. Durch kreative Initiativen sowie neue Produkte und Pakete m\u00f6chten wir dazu beitragen, Hardanger als nachhaltiges Reiseziel weiterzuentwickeln. Unser Ziel ist es, lokale Aktivit\u00e4ten,&hellip;<\/p>\n","protected":false},"author":1,"featured_media":1461,"parent":0,"menu_order":0,"comment_status":"closed","ping_status":"closed","template":"","meta":{"_acf_changed":false,"footnotes":""},"class_list":["post-1460","page","type-page","status-publish","has-post-thumbnail","hentry"],"acf":[],"_links":{"self":[{"href":"https:\/\/www.bookhardanger.com\/de\/wp-json\/wp\/v2\/pages\/1460","targetHints":{"allow":["GET"]}}],"collection":[{"href":"https:\/\/www.bookhardanger.com\/de\/wp-json\/wp\/v2\/pages"}],"about":[{"href":"https:\/\/www.bookhardanger.com\/de\/wp-json\/wp\/v2\/types\/page"}],"author":[{"embeddable":true,"href":"https:\/\/www.bookhardanger.com\/de\/wp-json\/wp\/v2\/users\/1"}],"replies":[{"embeddable":true,"href":"https:\/\/www.bookhardanger.com\/de\/wp-json\/wp\/v2\/comments?post=1460"}],"version-history":[{"count":4,"href":"https:\/\/www.bookhardanger.com\/de\/wp-json\/wp\/v2\/pages\/1460\/revisions"}],"predecessor-version":[{"id":2972,"href":"https:\/\/www.bookhardanger.com\/de\/wp-json\/wp\/v2\/pages\/1460\/revisions\/2972"}],"wp:featuredmedia":[{"embeddable":true,"href":"https:\/\/www.bookhardanger.com\/de\/wp-json\/wp\/v2\/media\/1461"}],"wp:attachment":[{"href":"https:\/\/www.bookhardanger.com\/de\/wp-json\/wp\/v2\/media?parent=1460"}],"curies":[{"name":"wp","href":"https:\/\/api.w.org\/{rel}","templated":true}]}}