{"id":1489,"date":"2025-01-10T11:42:42","date_gmt":"2025-01-10T11:42:42","guid":{"rendered":"https:\/\/www.bookhardanger.com\/datenschutzerklaerung\/"},"modified":"2025-03-11T12:22:51","modified_gmt":"2025-03-11T12:22:51","slug":"datenschutzrichtlinie","status":"publish","type":"page","link":"https:\/\/www.bookhardanger.com\/de\/datenschutzrichtlinie\/","title":{"rendered":"Datenschutzerkl\u00e4rung"},"content":{"rendered":"\n<p>Bei Book Hardanger ist der Schutz Ihrer pers\u00f6nlichen Daten unsere Verpflichtung. Wir behandeln Ihre Daten sicher, gem\u00e4\u00df den gesetzlichen Vorgaben und stets mit gr\u00f6\u00dftem Respekt f\u00fcr Ihre Privatsph\u00e4re.<\/p>\n\n\n\n<p>Damit Ihre Buchung(en) reibungslos abgewickelt werden kann\/k\u00f6nnen, ist es erforderlich, dass Sie korrekte und vollst\u00e4ndige Informationen bereitstellen. Diese Daten werden ausschlie\u00dflich zur Bearbeitung Ihrer Buchung(en) verwendet.<\/p>\n\n\n\n<p>Mit der Best\u00e4tigung Ihrer Buchung versichern Sie, dass Sie alle pers\u00f6nlichen Daten Dritter mit deren Zustimmung \u00fcbermittelt haben. Diese Personen sollten \u00fcber die Allgemeinen Gesch\u00e4ftsbedingungen von Book Hardanger, einschlie\u00dflich der Datenschutzrichtlinie und ihrer Rechte in Bezug auf die \u00fcbermittelten Daten, informiert sein.<\/p>\n\n\n\n<p>Unsere Dienstleister behalten sich das Recht vor, Bilder oder Videos von Ihnen f\u00fcr rechtm\u00e4\u00dfige Zwecke wie Werbung, \u00d6ffentlichkeitsarbeit und Webinhalte zu verwenden. Vor der Ver\u00f6ffentlichung wird Ihre Zustimmung gem\u00e4\u00df den gesetzlichen Anforderungen eingeholt.<\/p>\n\n\n\n<p>Wir sind f\u00fcr die sichere und gesetzeskonforme Verarbeitung personenbezogener Daten von bestehenden, ehemaligen und potenziellen Kunden sowie von Nutzern unserer Website und anderer Interaktionskan\u00e4le verantwortlich.<\/p>\n\n\n\n<p>Dies umfasst:<\/p>\n\n\n\n<ul class=\"wp-block-list\">\n<li>Erhebung pers\u00f6nlicher Informationen <\/li>\n\n\n\n<li> Speicherung pers\u00f6nlicher Informationen<\/li>\n\n\n\n<li>Sichere Aufbewahrung pers\u00f6nlicher Informationen <\/li>\n\n\n\n<li>Offenlegung pers\u00f6nlicher Informationen <\/li>\n\n\n\n<li>L\u00f6schung pers\u00f6nlicher Informationen<\/li>\n<\/ul>\n\n\n\n<p>Von Ihnen bereitgestellte Daten k\u00f6nnen Folgendes umfassen:<\/p>\n\n\n\n<ul class=\"wp-block-list\">\n<li>Kontaktdaten: Name, Adresse, Telefonnummer, E-Mail-Adresse.<\/li>\n\n\n\n<li>Buchungsdaten: Gebuchte Aktivit\u00e4ten\/Unterk\u00fcnfte, Zahlungs- und Rechnungsinformationen\r\n<\/li>\n\n\n\n<li>Kundenhistorie und Kommunikationsverlauf<\/li>\n\n\n\n<li>Reiseinformationen: Reisedaten, gesundheitliche Informationen im Zusammenhang mit Behinderungen oder Allergien.\r\n<\/li>\n\n\n\n<li>Firmendaten: Berufsbezeichnung, Unternehmenszugeh\u00f6rigkeit<\/li>\n<\/ul>\n\n\n\n<p>Daten, die \u00fcber die Kundenbeziehung hinaus aufbewahrt werden, werden anonymisiert. Alle unsere Mitarbeiter sind zur Vertraulichkeit in Bezug auf Kundenbeziehungen und personenbezogene Daten verpflichtet.\r\nF\u00fcr Fragen zu unserer Datenschutzrichtlinie oder zur Verarbeitung Ihrer Daten k\u00f6nnen Sie uns jederzeit unter post@bookhardanger.com kontaktieren.<\/p>\n\n\n\n<p>*Bei Buchungen von Gesch\u00e4ftskunden k\u00f6nnen die oben genannten Daten erfasst werden, einschlie\u00dflich Angaben zum Arbeitgeber.<\/p>\n\n\n\n<p>Erfasste Daten \u00fcber Sie k\u00f6nnen Folgendes umfassen:<\/p>\n\n\n\n<ul class=\"wp-block-list\">\n<li>Technische Daten: Browser, Betriebssystem, Ger\u00e4tetyp, Spracheinstellungen, IP-Adresse<\/li>\n\n\n\n<li>Nutzungsdaten: Besuchsdauer, Klicks, Navigationsverhalten auf unserer Website<\/li>\n\n\n\n<li>Standortdaten: Informationen zu Ihrem Standort w\u00e4hrend des Website-Besuchs<\/li>\n<\/ul>\n\n\n\n<h2 class=\"wp-block-heading\">Warum speichern wir pers\u00f6nliche Daten?<\/h2>\n\n\n\n<p>Wir speichern personenbezogene Daten, um die Kommunikation zu erleichtern und Ihnen den bestm\u00f6glichen Service zu bieten. F\u00fcr die Bereitstellung unserer Dienstleistungen und Produkte sind bestimmte Informationen erforderlich. Dabei speichern wir nur relevante und notwendige Daten, basierend auf Ihrer Anfrage und unserer Kundenbeziehung. Zudem kann es sinnvoll sein, Sie \u00fcber gew\u00fcnschte Produkte, Dienstleistungen und passende Angebote zu informieren.<\/p>\n\n\n\n<p>Verwaltung und Abwicklung Ihrer Bestellungen: Dabei werden in der Regel Ihre Kontaktdaten und Bestellinformationen verwendet, um unsere Vereinbarung mit Ihnen zu erf\u00fcllen.<\/p>\n\n\n\n<p>Bereitstellung von Kundendienst und Bearbeitung m\u00f6glicher Reklamationen: Daf\u00fcr werden in der Regel Ihre Kontaktdaten, Bestellinformationen und Kommunikationsverl\u00e4ufe verwendet, um unsere Vereinbarung mit Ihnen zu erf\u00fcllen.<\/p>\n\n\n\n<p>Buchhaltungszwecke: Bestellinformationen werden haupts\u00e4chlich zur Erf\u00fcllung gesetzlicher Anforderungen, wie Buchf\u00fchrungs- und Steuervorschriften, verwendet.<\/p>\n\n\n\n<p>Marketingzwecke (Versand von Newslettern und digitale Werbung auf unseren Websites): Daf\u00fcr k\u00f6nnen mit Ihrer Zustimmung Kontakt-, Nutzungs- und Standortdaten verwendet werden. Ihre Einwilligung k\u00f6nnen Sie jederzeit widerrufen.<\/p>\n\n\n\n<p>Website-Zugriff, Verbesserung der Benutzererfahrung und Serviceoptimierung: Daf\u00fcr werden in der Regel technische Daten, Nutzungsdaten und Standortdaten verwendet. Unsere rechtliche Grundlage ist Ihr Interesse an einem reibungslosen Website-Zugriff, relevanten Inhalten und einer optimalen Nutzererfahrung. In einigen F\u00e4llen holen wir Ihre Zustimmung ein.<\/p>\n\n\n\n<p>Ihre personenbezogenen Daten k\u00f6nnen zu anonymisierten Daten zusammengefasst und f\u00fcr statistische Analysen und Berichterstattung verwendet werden.<\/p>\n\n\n\n<h2 class=\"wp-block-heading\">Wie lange bewahren wir Ihre Daten auf?<\/h2>\n\n\n\n<p>Wir speichern Ihre personenbezogenen Daten nur so lange, wie es zur Erf\u00fcllung der in dieser Datenschutzrichtlinie genannten Zwecke erforderlich ist. Kriterien f\u00fcr die L\u00f6schung der Daten umfassen:<\/p>\n\n\n\n<ul class=\"wp-block-list\">\n<li>Einhaltung gesetzlicher Anforderungen (z. B. Steuer- und Buchhaltungsvorschriften \u2013 in der Regel f\u00fcnf Jahre).<\/li>\n\n\n\n<li>Aufbewahrung von Daten, die f\u00fcr m\u00f6gliche Anspr\u00fcche relevant sind (f\u00fcnf Jahre nach dem Kaufdatum). Daten k\u00f6nnen l\u00e4nger gespeichert werden, wenn offene Zahlungen bestehen oder laufende rechtliche Streitigkeiten vorliegen.<\/li>\n\n\n\n<li>Wenn die Verarbeitung auf Ihrer Einwilligung basiert, werden die Daten so lange gespeichert, wie Ihre Einwilligung f\u00fcr die jeweiligen Zwecke besteht.<\/li>\n<\/ul>\n\n\n\n<h2 class=\"wp-block-heading\">Wo speichern wir Ihre Daten?<\/h2>\n\n\n\n<p>Wir speichern Ihre personenbezogenen Daten innerhalb des Europ\u00e4ischen Wirtschaftsraums (EWR). Sie k\u00f6nnen jedoch auch auf Servern au\u00dferhalb des EWR gespeichert werden. Beim Transfer personenbezogener Daten au\u00dferhalb des EWR ergreifen wir geeignete Schutzma\u00dfnahmen (z. B. Standardvertragsklauseln und Privacy-Shield-Zertifizierung), um Ihre Privatsph\u00e4re zu wahren.<\/p>\n\n\n\n<h2 class=\"wp-block-heading\">Weitergabe Ihrer Daten<\/h2>\n\n\n\n<p>Wir beauftragen Unterauftragnehmer (Sub-Prozessoren) mit der Verarbeitung Ihrer Daten. Dazu k\u00f6nnen Drittanbieter wie Buchungs- und Zahlungsdienste, Buchhaltungsservices, Marketing-, Vertriebs-, Analyse- und IT-Dienstleister geh\u00f6ren. Mit allen Unterauftragnehmern, auch au\u00dferhalb des EWR, bestehen Datenverarbeitungsvereinbarungen, um den Schutz Ihrer Daten zu gew\u00e4hrleisten.<\/p>\n\n\n\n<h2 class=\"wp-block-heading\">Cookies<\/h2>\n\n\n\n<p>Cookies sind kleine Dateneinheiten, die von einer Website in Ihrem Browser gespeichert werden, um Informationen \u00fcber Sie als Nutzer zu merken, z. B. Login-Daten oder Einstellungen. Sie helfen dabei, Ihnen bei zuk\u00fcnftigen Besuchen eine personalisierte und effizientere Erfahrung zu bieten.<\/p>\n\n\n\n<h3 class=\"wp-block-heading\">Book Hardanger verwendet Cookies f\u00fcr:<\/h3>\n\n\n\n<ul class=\"wp-block-list\">\n<li><strong>Notwendige Zwecke:<\/strong> Essenziell f\u00fcr grundlegende Website-Funktionen wie Sicherheit, Sitzungsverwaltung, Login, Spracheinstellungen und die Abwicklung von Bestellungen.<\/li>\n\n\n\n<li><strong>Analytische Zwecke:<\/strong> Wir verwenden Drittanbieter-Cookies, um die Nutzung unserer Website zu verfolgen. Dazu geh\u00f6ren Informationen wie die Herkunft Ihres Besuchs, welche Seiten Sie aufrufen und wie lange Sie auf unserer Website verweilen. Diese Daten helfen uns, die Benutzerfreundlichkeit unserer Website weiterzuentwickeln und unsere Marketingstrategie zu optimieren.<\/li>\n\n\n\n<li><strong>Marketingzwecke:<\/strong> \u00c4hnlich wie bei der Analyse verwenden wir Cookies, um Ihre Interessen besser zu verstehen und gezieltere Marketingkampagnen zu erstellen.<\/li>\n<\/ul>\n\n\n\n<p>Unsere Nutzung von Cookies basiert auf Ihrer Zustimmung. Indem Sie Cookies in Ihren Browsereinstellungen akzeptieren, willigen Sie in deren Verwendung ein. Sie k\u00f6nnen Ihre Zustimmung jederzeit \u00fcber die Browsereinstellungen oder das Cookie-Kontrollzentrum verwalten und widerrufen.<\/p>\n\n\n\n<p>In der Regel erm\u00f6glichen unsere Cookies keine direkte Identifikation Ihrer Person. Allerdings k\u00f6nnen bestimmte Cookies personenbezogene Daten verwenden, insbesondere wenn sie mit Informationen \u00fcber Ihre Kundenbeziehung kombiniert werden, um Ihr Website-Erlebnis zu personalisieren. Wir vermeiden es, solche Daten f\u00fcr gezielte Werbung zu verkn\u00fcpfen, es sei denn, Sie haben ausdr\u00fccklich zugestimmt.<\/p>\n\n\n\n<h2 class=\"wp-block-heading\">Ihre Datenschutzrechte<\/h2>\n\n\n\n<p>Wenn wir Ihre Daten erfassen und verarbeiten, stehen Ihnen folgende Datenschutzrechte zu:<\/p>\n\n\n\n<ul class=\"wp-block-list\">\n<li>Recht auf Auskunft: Erhalten Sie detaillierte Informationen \u00fcber die Verwendung Ihrer Daten.<\/li>\n\n\n\n<li>Recht auf Zugang: Sie k\u00f6nnen eine Kopie Ihrer gespeicherten Daten anfordern.<\/li>\n\n\n\n<li>Recht auf Berichtigung: Sie k\u00f6nnen die Korrektur Ihrer Daten verlangen.<\/li>\n\n\n\n<li>Recht auf Vergessenwerden: Sie k\u00f6nnen die L\u00f6schung Ihrer Daten verlangen, sofern sie nicht mehr ben\u00f6tigt werden.<\/li>\n\n\n\n<li>Recht auf Einschr\u00e4nkung der Verarbeitung: Sie k\u00f6nnen die vor\u00fcbergehende Aussetzung der Nutzung Ihrer Daten verlangen.<\/li>\n\n\n\n<li>Recht auf Daten\u00fcbertragbarkeit: Sie k\u00f6nnen Ihre Daten in einem \u00fcbertragbaren Format anfordern.<\/li>\n\n\n\n<li>Recht auf Widerspruch: Sie k\u00f6nnen der Nutzung Ihrer Daten widersprechen (z. B. den Erhalt von Marketingmitteilungen abbestellen).<\/li>\n\n\n\n<li>Recht auf Verhinderung automatisierter Entscheidungen: Sie k\u00f6nnen der automatisierten Entscheidungsfindung widersprechen (z. B. automatisierte Bonit\u00e4tspr\u00fcfungen).<\/li>\n<\/ul>\n\n\n\n<p>Wenn Sie der Meinung sind, dass wir Ihre Daten nicht gem\u00e4\u00df den Vorschriften verarbeitet haben, k\u00f6nnen Sie eine Beschwerde bei Ihrer \u00f6rtlichen Datenschutzaufsichtsbeh\u00f6rde einreichen. In Norwegen k\u00f6nnen Sie sich an Datatilsynet wenden. Bitte kontaktieren Sie uns zun\u00e4chst, um Ihr Anliegen direkt mit uns zu kl\u00e4ren.<\/p>\n\n\n\n<h2 class=\"wp-block-heading\">\u00c4nderungen der Datenschutzrichtlinie<\/h2>\n\n\n\n<p>Diese Datenschutzerkl\u00e4rung wurde zuletzt am 26.08.2024 aktualisiert und kann sich \u00e4ndern. Die aktuelle Version ist immer auf unserer Website verf\u00fcgbar.<\/p>\n\n\n\n<h2 class=\"wp-block-heading\">Wie Sie uns kontaktieren k\u00f6nnen<\/h2>\n\n\n\n<p>F\u00fcr Fragen zu Ihren Daten oder zur Aus\u00fcbung Ihrer Datenschutzrechte:<\/p>\n\n\n\n<p><strong data-start=\"5637\" data-end=\"5663\"><a href=\"mailto:post@bookhardanger.com\">post@bookhardanger.com<\/a><\/strong><\/p>\n\n\n\n<p>Alternativ:<\/p>\n\n\n\n<p><strong data-start=\"5670\" data-end=\"5691\">Book Hardanger AS<\/strong><br data-start=\"5691\" data-end=\"5694\">NO929601483<br data-start=\"5705\" data-end=\"5708\">L\u00e6greidsvegen 2a | 5783 Eidfjord | Norwegen<br data-start=\"5751\" data-end=\"5754\">Tel: +47 909 62 700<\/p>\n","protected":false},"excerpt":{"rendered":"<p>Bei Book Hardanger ist der Schutz Ihrer pers\u00f6nlichen Daten unsere Verpflichtung. Wir behandeln Ihre Daten sicher, gem\u00e4\u00df den gesetzlichen Vorgaben und stets mit gr\u00f6\u00dftem Respekt f\u00fcr Ihre Privatsph\u00e4re. Damit Ihre Buchung(en) reibungslos abgewickelt werden kann\/k\u00f6nnen, ist es erforderlich, dass Sie korrekte und vollst\u00e4ndige Informationen bereitstellen. Diese Daten werden ausschlie\u00dflich zur Bearbeitung Ihrer Buchung(en) verwendet. Mit&hellip;<\/p>\n","protected":false},"author":1,"featured_media":1471,"parent":0,"menu_order":0,"comment_status":"closed","ping_status":"open","template":"","meta":{"_acf_changed":false,"footnotes":""},"class_list":["post-1489","page","type-page","status-publish","has-post-thumbnail","hentry"],"acf":[],"_links":{"self":[{"href":"https:\/\/www.bookhardanger.com\/de\/wp-json\/wp\/v2\/pages\/1489","targetHints":{"allow":["GET"]}}],"collection":[{"href":"https:\/\/www.bookhardanger.com\/de\/wp-json\/wp\/v2\/pages"}],"about":[{"href":"https:\/\/www.bookhardanger.com\/de\/wp-json\/wp\/v2\/types\/page"}],"author":[{"embeddable":true,"href":"https:\/\/www.bookhardanger.com\/de\/wp-json\/wp\/v2\/users\/1"}],"replies":[{"embeddable":true,"href":"https:\/\/www.bookhardanger.com\/de\/wp-json\/wp\/v2\/comments?post=1489"}],"version-history":[{"count":3,"href":"https:\/\/www.bookhardanger.com\/de\/wp-json\/wp\/v2\/pages\/1489\/revisions"}],"predecessor-version":[{"id":1493,"href":"https:\/\/www.bookhardanger.com\/de\/wp-json\/wp\/v2\/pages\/1489\/revisions\/1493"}],"wp:featuredmedia":[{"embeddable":true,"href":"https:\/\/www.bookhardanger.com\/de\/wp-json\/wp\/v2\/media\/1471"}],"wp:attachment":[{"href":"https:\/\/www.bookhardanger.com\/de\/wp-json\/wp\/v2\/media?parent=1489"}],"curies":[{"name":"wp","href":"https:\/\/api.w.org\/{rel}","templated":true}]}}