{"id":1521,"date":"2025-02-19T08:38:37","date_gmt":"2025-02-19T08:38:37","guid":{"rendered":"https:\/\/www.bookhardanger.com\/kundenservice\/"},"modified":"2026-03-09T12:07:36","modified_gmt":"2026-03-09T12:07:36","slug":"kundenservice","status":"publish","type":"page","link":"https:\/\/www.bookhardanger.com\/de\/kundenservice\/","title":{"rendered":"Kundenservice"},"content":{"rendered":"\n<h2 class=\"wp-block-heading\">Kontaktieren Sie uns:<\/h2>\n\n<p>Montag \u2013 Freitag: 09:00 \u2013 15:00<br data-start=\"71\" data-end=\"74\"\/>E-Mail: <a href=\"mailto:reservation@bookhardanger.com\" rel=\"noopener\" data-start=\"89\" data-end=\"118\">reservation@bookhardanger.com<\/a><br data-start=\"118\" data-end=\"121\"\/>Telefon: +47 909 62 700<\/p>\n\n<hr class=\"wp-block-separator has-alpha-channel-opacity is-style-wide\"\/>\n\n<h2 class=\"wp-block-heading\">H\u00e4ufig gestellte Fragen:<\/h2>\n\n<p>Hier finden Sie Antworten auf unsere h\u00e4ufig gestellten Fragen. Falls Sie weitere Informationen ben\u00f6tigen oder Unterst\u00fctzung w\u00fcnschen, z\u00f6gern Sie nicht, unser Team zu kontaktieren!<\/p>\n\n<h4 class=\"wp-block-heading\">Sind eure Touren und Aktivit\u00e4ten gef\u00fchrt?<\/h4>\n\n<p>Die meisten Pakete sind nicht gef\u00fchrt, w\u00e4hrend einige Produkte eine F\u00fchrung beinhalten k\u00f6nnen. Bitte pr\u00fcfen Sie die jeweilige Produkt- oder Paketbeschreibung f\u00fcr detaillierte Informationen zur F\u00fchrung, einschlie\u00dflich der Sprache.<\/p>\n\n<h4 class=\"wp-block-heading\">Welche Altersgruppen gibt es und welche Preise gelten f\u00fcr sie?<\/h4>\n\n<p>Die Altersgruppen und das Mindestalter f\u00fcr Aktivit\u00e4ten variieren je nach Produkt. Details dazu finden Sie in den Produkt- oder Paketbeschreibungen. Beim Buchen eines Tickets werden Ihnen, falls unterschiedliche Preise f\u00fcr verschiedene Altersgruppen gelten, diese w\u00e4hrend des Buchungsprozesses angezeigt.<\/p>\n\n<h4 class=\"wp-block-heading\">Muss ich im Voraus buchen?<\/h4>\n\n<p>Wir empfehlen, die Reise so fr\u00fch wie m\u00f6glich zu buchen, sobald Sie sich f\u00fcr ein Datum entschieden haben. Besonders in der Hochsaison k\u00f6nnen einige Produkte oder Pakete schnell ausgebucht sein.<\/p>\n\n<h4 class=\"wp-block-heading\">Sind eure Touren und Aktivit\u00e4ten rollstuhlgerecht?<\/h4>\n\n<p>Das h\u00e4ngt vom jeweiligen Produkt oder Paket ab. Bitte pr\u00fcfen Sie die individuellen Produkt- oder Paketbeschreibungen f\u00fcr weitere Details.<\/p>\n\n<h4 class=\"wp-block-heading\"><\/h4>\n\n<p><\/p>\n\n<h4 class=\"wp-block-heading\">Kann ich mit meinem Hund reisen?<\/h4>\n\n<p>Das h\u00e4ngt vom jeweiligen Produkt oder Paket ab. Bitte pr\u00fcfen Sie die individuellen Produkt- oder Paketbeschreibungen f\u00fcr weitere Details.<\/p>\n\n<h4 class=\"wp-block-heading\">Kann ich meine Reise stornieren?<\/h4>\n\n<p>Ja, eine Stornierung ist m\u00f6glich. Die geltenden Stornierungsbedingungen finden Sie <a href=\"https:\/\/www.bookhardanger.com\/de\/buchungsbedingungen\/\">hier<\/a>.<\/p>\n\n<p>Wir bieten keine Stornierungsversicherung an und empfehlen, eine private Reiseversicherung abzuschlie\u00dfen, &#13;\ndie m\u00f6gliche Stornierungen abdeckt.<\/p>\n\n<h4 class=\"wp-block-heading\">Wie kann ich meine Reise \u00e4ndern oder stornieren?<\/h4>\n\n<p>Bitte kontaktieren Sie uns per E-Mail unter <a href=\"mailto:reservation@bookhardanger.com\" rel=\"noopener\" data-start=\"1893\" data-end=\"1922\">reservation@bookhardanger.com<\/a>.<\/p>\n\n<p><\/p>\n","protected":false},"excerpt":{"rendered":"<p>Kontaktieren Sie uns: Montag \u2013 Freitag: 09:00 \u2013 15:00E-Mail: reservation@bookhardanger.comTelefon: +47 909 62 700 H\u00e4ufig gestellte Fragen: Hier finden Sie Antworten auf unsere h\u00e4ufig gestellten Fragen. Falls Sie weitere Informationen ben\u00f6tigen oder Unterst\u00fctzung w\u00fcnschen, z\u00f6gern Sie nicht, unser Team zu kontaktieren! Sind eure Touren und Aktivit\u00e4ten gef\u00fchrt? Die meisten Pakete sind nicht gef\u00fchrt, w\u00e4hrend einige&hellip;<\/p>\n","protected":false},"author":1,"featured_media":1551,"parent":0,"menu_order":0,"comment_status":"closed","ping_status":"closed","template":"","meta":{"_acf_changed":false,"footnotes":""},"class_list":["post-1521","page","type-page","status-publish","has-post-thumbnail","hentry"],"acf":[],"_links":{"self":[{"href":"https:\/\/www.bookhardanger.com\/de\/wp-json\/wp\/v2\/pages\/1521","targetHints":{"allow":["GET"]}}],"collection":[{"href":"https:\/\/www.bookhardanger.com\/de\/wp-json\/wp\/v2\/pages"}],"about":[{"href":"https:\/\/www.bookhardanger.com\/de\/wp-json\/wp\/v2\/types\/page"}],"author":[{"embeddable":true,"href":"https:\/\/www.bookhardanger.com\/de\/wp-json\/wp\/v2\/users\/1"}],"replies":[{"embeddable":true,"href":"https:\/\/www.bookhardanger.com\/de\/wp-json\/wp\/v2\/comments?post=1521"}],"version-history":[{"count":13,"href":"https:\/\/www.bookhardanger.com\/de\/wp-json\/wp\/v2\/pages\/1521\/revisions"}],"predecessor-version":[{"id":3003,"href":"https:\/\/www.bookhardanger.com\/de\/wp-json\/wp\/v2\/pages\/1521\/revisions\/3003"}],"wp:featuredmedia":[{"embeddable":true,"href":"https:\/\/www.bookhardanger.com\/de\/wp-json\/wp\/v2\/media\/1551"}],"wp:attachment":[{"href":"https:\/\/www.bookhardanger.com\/de\/wp-json\/wp\/v2\/media?parent=1521"}],"curies":[{"name":"wp","href":"https:\/\/api.w.org\/{rel}","templated":true}]}}