{"id":1525,"date":"2025-02-19T09:00:21","date_gmt":"2025-02-19T09:00:21","guid":{"rendered":"https:\/\/www.bookhardanger.com\/nachhaltigkeit-bei-book-hardanger\/"},"modified":"2025-03-11T12:22:25","modified_gmt":"2025-03-11T12:22:25","slug":"nachhaltigkeit-bei-book-hardanger","status":"publish","type":"page","link":"https:\/\/www.bookhardanger.com\/de\/nachhaltigkeit-bei-book-hardanger\/","title":{"rendered":"Nachhaltigkeit bei Book Hardanger"},"content":{"rendered":"\n<p class=\"has-text-align-left\">Bei Book Hardanger sind wir \u00fcberzeugt, dass unsere Arbeit einen bedeutenden Einfluss auf die Zukunft unseres Planeten und die lokalen Gemeinschaften hat, in denen wir t\u00e4tig sind.<\/p>\n\n<p>Daher spielt Nachhaltigkeit eine zentrale Rolle in unserem t\u00e4glichen Handeln. Wir suchen kontinuierlich nach neuen Wegen und Ideen, um negative Auswirkungen auf die Umwelt zu minimieren und gleichzeitig einen positiven Beitrag zur lokalen Kultur und Wirtschaft zu leisten.<\/p>\n\n<h2 class=\"wp-block-heading\">\u00d6kologische, wirtschaftliche &amp; soziale Nachhaltigkeit<\/h2>\n\n<p>Gemeinsam mit unseren Partnern und Produktanbietern erfassen und analysieren wir ihre nachhaltigen Ma\u00dfnahmen. So erhalten wir ein klares Bild unseres gemeinsamen Einflusses auf die Umwelt und arbeiten stetig an Verbesserungen.<\/p>\n\n<p>Unser Ziel ist es, die Hardanger-Region als Ganzjahresdestination zu etablieren. Dies tr\u00e4gt nicht nur zur wirtschaftlichen Stabilit\u00e4t der Region bei, sondern auch zu sicheren und nachhaltigen Arbeitsbedingungen \u2013 sowohl in unserem eigenen Unternehmen als auch bei unseren Partnern. Zudem setzen wir uns daf\u00fcr ein, Hardanger so barrierefrei und zug\u00e4nglich wie m\u00f6glich zu gestalten.<\/p>\n\n<p>Durch die Entwicklung von Hardanger als Ganzjahresreiseziel m\u00f6chten wir zur stabilen Rentabilit\u00e4t der regionalen Tourismusunternehmen beitragen. Zudem werden alle Gewinne von Book Hardanger wieder in die Tourismusbranche der Region reinvestiert, um die Qualit\u00e4t unseres Angebots f\u00fcr G\u00e4ste weiter zu verbessern.<\/p>\n","protected":false},"excerpt":{"rendered":"<p>Bei Book Hardanger sind wir \u00fcberzeugt, dass unsere Arbeit einen bedeutenden Einfluss auf die Zukunft unseres Planeten und die lokalen Gemeinschaften hat, in denen wir t\u00e4tig sind. Daher spielt Nachhaltigkeit eine zentrale Rolle in unserem t\u00e4glichen Handeln. Wir suchen kontinuierlich nach neuen Wegen und Ideen, um negative Auswirkungen auf die Umwelt zu minimieren und gleichzeitig&hellip;<\/p>\n","protected":false},"author":1,"featured_media":1555,"parent":0,"menu_order":0,"comment_status":"closed","ping_status":"closed","template":"","meta":{"_acf_changed":false,"footnotes":""},"class_list":["post-1525","page","type-page","status-publish","has-post-thumbnail","hentry"],"acf":[],"_links":{"self":[{"href":"https:\/\/www.bookhardanger.com\/de\/wp-json\/wp\/v2\/pages\/1525","targetHints":{"allow":["GET"]}}],"collection":[{"href":"https:\/\/www.bookhardanger.com\/de\/wp-json\/wp\/v2\/pages"}],"about":[{"href":"https:\/\/www.bookhardanger.com\/de\/wp-json\/wp\/v2\/types\/page"}],"author":[{"embeddable":true,"href":"https:\/\/www.bookhardanger.com\/de\/wp-json\/wp\/v2\/users\/1"}],"replies":[{"embeddable":true,"href":"https:\/\/www.bookhardanger.com\/de\/wp-json\/wp\/v2\/comments?post=1525"}],"version-history":[{"count":3,"href":"https:\/\/www.bookhardanger.com\/de\/wp-json\/wp\/v2\/pages\/1525\/revisions"}],"predecessor-version":[{"id":1530,"href":"https:\/\/www.bookhardanger.com\/de\/wp-json\/wp\/v2\/pages\/1525\/revisions\/1530"}],"wp:featuredmedia":[{"embeddable":true,"href":"https:\/\/www.bookhardanger.com\/de\/wp-json\/wp\/v2\/media\/1555"}],"wp:attachment":[{"href":"https:\/\/www.bookhardanger.com\/de\/wp-json\/wp\/v2\/media?parent=1525"}],"curies":[{"name":"wp","href":"https:\/\/api.w.org\/{rel}","templated":true}]}}