{"id":1409,"date":"2025-03-03T21:08:48","date_gmt":"2025-03-03T21:08:48","guid":{"rendered":"https:\/\/www.bookhardanger.com\/products\/30-minuetige-rib-tour-ab-eidfjord\/"},"modified":"2026-03-16T12:45:54","modified_gmt":"2026-03-16T12:45:54","slug":"30-minuetige-rib-tour-ab-eidfjord","status":"publish","type":"product","link":"https:\/\/www.bookhardanger.com\/de\/products\/30-minuetige-rib-tour-ab-eidfjord\/","title":{"rendered":"30-min\u00fctige RIB-Tour ab Eidfjord"},"content":{"rendered":"\n<p>Buche eine spannende 30-min\u00fctige Tour mit Hardanger Fjordsafari!&#13;\nAuf dieser Fahrt geht es hinaus auf den Hardangerfjord und hinein in den beeindruckenden Simadalsfjord.&#13;\n&#13;\nDort legt der Guide einen kurzen Stopp ein und erz\u00e4hlt die faszinierende Geschichte eines der gr\u00f6\u00dften Wasserkraftwerke Norwegens \u2013 und dessen Verbindung zum V\u00f8ringsfossen, dem Gletscher Hardangerj\u00f8kulen und dem Sysendammen.<\/p>\n\n<p>Dein Guide zeigt dir unterwegs auch einige faszinierende Orte, wie zum Beispiel die Hardangerbr\u00fccke, den Bergbauernhof Kje\u00e5sen und den Gletscher Hardangerj\u00f8kulen.<\/p>\n\n<p>Aber dies ist nicht nur eine Tour \u2013 es ist ein Erlebnis voller gemeinsamer Momente, Entdeckungen und guter Stimmung. W\u00e4hrend das RIB-Boot \u00fcber den Fjord gleitet, kannst du dich auf jede Menge Spa\u00df freuen, mit einem Hauch von Adrenalin und dem Wind in den Haaren. \u00a0<\/p>\n\n<p>Diese Tour schenkt dir unvergessliche Erinnerungen, die dich noch lange begleiten werden!<\/p>\n\n<div style=\"height:59px\" aria-hidden=\"true\" class=\"wp-block-spacer\"><\/div>\n\n<h2 class=\"wp-block-heading\">H\u00e4ufige Fragen<\/h2>\n\n<h3 class=\"wp-block-heading\"><strong>Gibt es Schwimmanz\u00fcge in verschiedenen Gr\u00f6\u00dfen?<\/strong><\/h3>\n\n<p>Ja, der Touranbieter bietet Anz\u00fcge in vielen verschiedenen Gr\u00f6\u00dfen an \u2013 von Kindergr\u00f6\u00dfen bis XXL.<\/p>\n\n<h3 class=\"wp-block-heading\"><strong>Kann ich meine eigene Brille unter den Schutzbrillen tragen?<\/strong><\/h3>\n\n<p>YJa, der Touranbieter stellt spezielle Schutzbrillen zur Verf\u00fcgung, die \u00fcber normalen Brillen getragen werden k\u00f6nnen.<\/p>\n\n<h3 class=\"wp-block-heading\"><strong>Kann ich meine Kamera mitbringen?<\/strong><\/h3>\n\n<p>Ja, nat\u00fcrlich. Obwohl wir keine Verantwortung f\u00fcr eventuelle Sch\u00e4den an Ihrer Kamera (oder Ihrem Handy) \u00fcbernehmen k\u00f6nnen, d\u00fcrfen Sie diese gerne mitbringen.<\/p>\n\n<h3 class=\"wp-block-heading\"><strong>Was sollte ich anziehen?<\/strong><\/h3>\n\n<p>Der Touranbieter stellt warme Schwimmanz\u00fcge, Handschuhe und Schutzbrillen zur Verf\u00fcgung. Bei k\u00e4lterem Wetter empfehlen wir, eine M\u00fctze mitzubringen und warme Kleidung unter dem Anzug zu tragen.<\/p>\n\n<h3 class=\"wp-block-heading\"><strong>Was passiert bei schlechtem Wetter?<\/strong><\/h3>\n\n<p>RIB-Touren werden an die aktuellen Wetterbedingungen angepasst. Die erfahrenen Guides an Bord treffen alle notwendigen Sicherheitsvorkehrungen bei schlechtem Wetter. Sollte die Tour aufgrund der Wetterbedingungen abgesagt werden m\u00fcssen, erhalten Sie selbstverst\u00e4ndlich eine vollst\u00e4ndige R\u00fcckerstattung.<\/p>\n\n<h3 class=\"wp-block-heading\"><strong>Ist die Tour f\u00fcr Kinder geeignet?<\/strong><\/h3>\n\n<p>Ja, aber es gelten einige Voraussetzungen: Aus Sicherheitsgr\u00fcnden m\u00fcssen Kinder mindestens <strong>1,20 Meter gro\u00df<\/strong> und <strong>mindestens 6 Jahre alt<\/strong> sein. Jedes Kind muss von einem Erwachsenen begleitet werden.<\/p>\n\n<h3 class=\"wp-block-heading\"><strong>Gibt es Parkm\u00f6glichkeiten?<\/strong><\/h3>\n\n<p>Ja, in der N\u00e4he stehen Parkpl\u00e4tze zur Verf\u00fcgung, und das Parken in Eidfjord ist kostenlos.<\/p>\n\n<h3 class=\"wp-block-heading\"><strong>Weitere Fragen<\/strong><\/h3>\n\n<p>Sollten Sie weitere Fragen haben, hilft Ihnen der Touranbieter gerne weiter. Die Kontaktdaten finden Sie in Ihrer Buchungsbest\u00e4tigung.<\/p>\n","protected":false},"excerpt":{"rendered":"<p>Erleben Sie den Nervenkitzel in der atemberaubenden Landschaft um Eidfjord<\/p>\n","protected":false},"featured_media":1413,"parent":0,"template":"","tags":[],"activity-categories":[56,57],"location":[60],"class_list":["post-1409","product","type-product","status-publish","has-post-thumbnail","hentry","activity-categories-bootsausfluge","activity-categories-familienspas","location-eidfjord-de"],"acf":[],"_links":{"self":[{"href":"https:\/\/www.bookhardanger.com\/de\/wp-json\/wp\/v2\/product\/1409","targetHints":{"allow":["GET"]}}],"collection":[{"href":"https:\/\/www.bookhardanger.com\/de\/wp-json\/wp\/v2\/product"}],"about":[{"href":"https:\/\/www.bookhardanger.com\/de\/wp-json\/wp\/v2\/types\/product"}],"wp:featuredmedia":[{"embeddable":true,"href":"https:\/\/www.bookhardanger.com\/de\/wp-json\/wp\/v2\/media\/1413"}],"wp:attachment":[{"href":"https:\/\/www.bookhardanger.com\/de\/wp-json\/wp\/v2\/media?parent=1409"}],"wp:term":[{"taxonomy":"post_tag","embeddable":true,"href":"https:\/\/www.bookhardanger.com\/de\/wp-json\/wp\/v2\/tags?post=1409"},{"taxonomy":"activity-categories","embeddable":true,"href":"https:\/\/www.bookhardanger.com\/de\/wp-json\/wp\/v2\/activity-categories?post=1409"},{"taxonomy":"location","embeddable":true,"href":"https:\/\/www.bookhardanger.com\/de\/wp-json\/wp\/v2\/location?post=1409"}],"curies":[{"name":"wp","href":"https:\/\/api.w.org\/{rel}","templated":true}]}}