{"id":1414,"date":"2025-02-19T12:50:13","date_gmt":"2025-02-19T12:50:13","guid":{"rendered":"https:\/\/www.bookhardanger.com\/products\/60-minuetige-rib-tour-ab-eidfjord\/"},"modified":"2026-03-16T13:13:02","modified_gmt":"2026-03-16T13:13:02","slug":"60-minuetige-rib-tour-ab-eidfjord","status":"publish","type":"product","link":"https:\/\/www.bookhardanger.com\/de\/products\/60-minuetige-rib-tour-ab-eidfjord\/","title":{"rendered":"60-min\u00fctige RIB-Tour ab Eidfjord"},"content":{"rendered":"\n<p>Nach einer kurzen Sicherheitseinweisung geht\u2019s auch schon los auf den Fjord. Der erfahrene Kapit\u00e4n steuert euch sicher durch die beeindruckende Fjordlandschaft und macht unterwegs spannende Stopps, bei denen es einiges zu entdecken gibt. Mit etwas Gl\u00fcck seht ihr Ziegen, die neugierig zum Boot herunterklettern \u2013 besonders in Hotle. Vielleicht tauchen auch Seehunde im Wasser oder am Ufer auf. Und haltet die Augen offen: Die Vogelwelt hier ist beeindruckend \u2013 mit vielen verschiedenen Seev\u00f6geln, je nach Jahreszeit.<\/p>\n\n<p>Je nach Wetterlage kann die Tour in zwei verschiedene Richtungen f\u00fchren. Eine M\u00f6glichkeit ist die Fahrt in den Simadalsfjord \u2013 ein faszinierender Seitenarm, in dem eines der gr\u00f6\u00dften Wasserkraftwerke Norwegens tief im Berg verborgen liegt. Euer Guide erz\u00e4hlt euch spannende Geschichten \u00fcber dessen Funktion und zeigt, wie es mit bekannten Naturwundern wie dem V\u00f8ringsfossen, dem Gletscher Hardangerj\u00f8kulen und dem Sysendammen zusammenh\u00e4ngt. Hoch oben am Steilhang erblickt ihr auch den spektakul\u00e4ren Hof Kje\u00e5sen \u2013 ein Ort mit einer ganz besonderen Geschichte.<\/p>\n\n<p>Die zweite M\u00f6glichkeit ist eine Fahrt in Richtung Hardangerbrua \u2013 eine der l\u00e4ngsten H\u00e4ngebr\u00fccken der Welt. Schon aus der Ferne ist sie ein beeindruckender Anblick! W\u00e4hrend ihr darunter hindurchfahrt, erz\u00e4hlt euch der Guide spannende Details \u00fcber den Bau dieser Ingenieursleistung und was sie f\u00fcr die Region bedeutet.<\/p>\n\n<p><strong>Im Preis inbegriffen:<\/strong><\/p>\n\n<ul class=\"wp-block-list\">\n<li>Schwimmweste<\/li>\n\n\n\n<li>Thermo-Floatanzug<\/li>\n\n\n\n<li>Schutzbrille<\/li>\n\n\n\n<li>Handschuhe<\/li>\n<\/ul>\n\n<p><strong>Das solltet ihr mitbringen:\u00a0<\/strong><\/p>\n\n<ul class=\"wp-block-list\">\n<li>M\u00fctze (bei k\u00fchlem Wetter, besonders im April und Oktober)<\/li>\n\n\n\n<li>Kamera oder Handy f\u00fcr Fotos<\/li>\n<\/ul>\n\n<figure class=\"wp-block-gallery has-nested-images columns-2 is-cropped wp-block-gallery-1 is-layout-flex wp-block-gallery-is-layout-flex\">\n<figure class=\"wp-block-image size-large\"><a href=\"https:\/\/www.bookhardanger.com\/wp-content\/uploads\/2025\/02\/Eidfjord_RIB-tour_Heidi-Kvamsdal_-Hardanger-Fjordsafari_01.jpg\"><img loading=\"lazy\" decoding=\"async\" width=\"1024\" height=\"683\" data-id=\"382\" src=\"https:\/\/www.bookhardanger.com\/wp-content\/uploads\/2025\/02\/Eidfjord_RIB-tour_Heidi-Kvamsdal_-Hardanger-Fjordsafari_01-1024x683.jpg\" alt=\"\" class=\"wp-image-382\" srcset=\"https:\/\/www.bookhardanger.com\/wp-content\/uploads\/2025\/02\/Eidfjord_RIB-tour_Heidi-Kvamsdal_-Hardanger-Fjordsafari_01-1024x683.jpg 1024w, https:\/\/www.bookhardanger.com\/wp-content\/uploads\/2025\/02\/Eidfjord_RIB-tour_Heidi-Kvamsdal_-Hardanger-Fjordsafari_01-300x200.jpg 300w, https:\/\/www.bookhardanger.com\/wp-content\/uploads\/2025\/02\/Eidfjord_RIB-tour_Heidi-Kvamsdal_-Hardanger-Fjordsafari_01-768x512.jpg 768w, https:\/\/www.bookhardanger.com\/wp-content\/uploads\/2025\/02\/Eidfjord_RIB-tour_Heidi-Kvamsdal_-Hardanger-Fjordsafari_01-1536x1025.jpg 1536w, https:\/\/www.bookhardanger.com\/wp-content\/uploads\/2025\/02\/Eidfjord_RIB-tour_Heidi-Kvamsdal_-Hardanger-Fjordsafari_01.jpg 2048w\" sizes=\"auto, (max-width: 1024px) 100vw, 1024px\" \/><\/a><\/figure>\n\n\n\n<figure class=\"wp-block-image size-large\"><a href=\"https:\/\/www.bookhardanger.com\/wp-content\/uploads\/2025\/02\/Eidfjord_RIB-tour_larsingethorset_-Hardanger-Fjordsafari_02.jpg\"><img loading=\"lazy\" decoding=\"async\" width=\"1024\" height=\"683\" data-id=\"380\" src=\"https:\/\/www.bookhardanger.com\/wp-content\/uploads\/2025\/02\/Eidfjord_RIB-tour_larsingethorset_-Hardanger-Fjordsafari_02-1024x683.jpg\" alt=\"\" class=\"wp-image-380\" srcset=\"https:\/\/www.bookhardanger.com\/wp-content\/uploads\/2025\/02\/Eidfjord_RIB-tour_larsingethorset_-Hardanger-Fjordsafari_02-1024x683.jpg 1024w, https:\/\/www.bookhardanger.com\/wp-content\/uploads\/2025\/02\/Eidfjord_RIB-tour_larsingethorset_-Hardanger-Fjordsafari_02-300x200.jpg 300w, https:\/\/www.bookhardanger.com\/wp-content\/uploads\/2025\/02\/Eidfjord_RIB-tour_larsingethorset_-Hardanger-Fjordsafari_02-768x512.jpg 768w, https:\/\/www.bookhardanger.com\/wp-content\/uploads\/2025\/02\/Eidfjord_RIB-tour_larsingethorset_-Hardanger-Fjordsafari_02-1536x1024.jpg 1536w, https:\/\/www.bookhardanger.com\/wp-content\/uploads\/2025\/02\/Eidfjord_RIB-tour_larsingethorset_-Hardanger-Fjordsafari_02.jpg 2048w\" sizes=\"auto, (max-width: 1024px) 100vw, 1024px\" \/><\/a><\/figure>\n\n\n\n<figure class=\"wp-block-image size-large\"><a href=\"https:\/\/www.bookhardanger.com\/wp-content\/uploads\/2025\/02\/Eidfjord_RIB-tour_larsingethorset_-Hardanger-Fjordsafari_03.jpg\"><img loading=\"lazy\" decoding=\"async\" width=\"683\" height=\"1024\" data-id=\"381\" src=\"https:\/\/www.bookhardanger.com\/wp-content\/uploads\/2025\/02\/Eidfjord_RIB-tour_larsingethorset_-Hardanger-Fjordsafari_03-683x1024.jpg\" alt=\"\" class=\"wp-image-381\" srcset=\"https:\/\/www.bookhardanger.com\/wp-content\/uploads\/2025\/02\/Eidfjord_RIB-tour_larsingethorset_-Hardanger-Fjordsafari_03-683x1024.jpg 683w, https:\/\/www.bookhardanger.com\/wp-content\/uploads\/2025\/02\/Eidfjord_RIB-tour_larsingethorset_-Hardanger-Fjordsafari_03-200x300.jpg 200w, https:\/\/www.bookhardanger.com\/wp-content\/uploads\/2025\/02\/Eidfjord_RIB-tour_larsingethorset_-Hardanger-Fjordsafari_03-768x1152.jpg 768w, https:\/\/www.bookhardanger.com\/wp-content\/uploads\/2025\/02\/Eidfjord_RIB-tour_larsingethorset_-Hardanger-Fjordsafari_03-1024x1536.jpg 1024w, https:\/\/www.bookhardanger.com\/wp-content\/uploads\/2025\/02\/Eidfjord_RIB-tour_larsingethorset_-Hardanger-Fjordsafari_03.jpg 1365w\" sizes=\"auto, (max-width: 683px) 100vw, 683px\" \/><\/a><\/figure>\n<figcaption class=\"blocks-gallery-caption wp-element-caption\">\u00a9 Heidi Kvamsdal | \u00a9 Lars Inge Thorset\/Hardanger Fjordsafari<\/figcaption><\/figure>\n\n<h2 class=\"wp-block-heading\">H\u00e4ufige Fragen<\/h2>\n\n<h3 class=\"wp-block-heading\"><strong>Gibt es Schwimmanz\u00fcge in verschiedenen Gr\u00f6\u00dfen?<\/strong><\/h3>\n\n<p>Ja, der Touranbieter bietet Anz\u00fcge in vielen verschiedenen Gr\u00f6\u00dfen an \u2013 von Kindergr\u00f6\u00dfen bis XXL.<\/p>\n\n<h3 class=\"wp-block-heading\"><strong>Kann ich meine eigene Brille unter den Schutzbrillen tragen?<\/strong><\/h3>\n\n<p>Ja, der Touranbieter stellt spezielle Schutzbrillen zur Verf\u00fcgung, die \u00fcber normalen Brillen getragen werden k\u00f6nnen.<\/p>\n\n<h3 class=\"wp-block-heading\"><strong>Kann ich meine Kamera mitbringen?<\/strong><\/h3>\n\n<p>Ja, nat\u00fcrlich. Obwohl wir keine Verantwortung f\u00fcr eventuelle Sch\u00e4den an Ihrer Kamera (oder Ihrem Handy) \u00fcbernehmen k\u00f6nnen, d\u00fcrfen Sie diese gerne mitbringen.<\/p>\n\n<h3 class=\"wp-block-heading\"><strong>Was sollte ich anziehen?<\/strong><\/h3>\n\n<p>Der Touranbieter stellt warme Schwimmanz\u00fcge, Handschuhe und Schutzbrillen zur Verf\u00fcgung. Bei k\u00e4lterem Wetter empfehlen wir, eine M\u00fctze mitzubringen und warme Kleidung unter dem Anzug zu tragen.<\/p>\n\n<h3 class=\"wp-block-heading\"><strong>Was passiert bei schlechtem Wetter?<\/strong><\/h3>\n\n<p>RIB-Touren werden an die aktuellen Wetterbedingungen angepasst. Die erfahrenen Guides an Bord treffen alle notwendigen Sicherheitsvorkehrungen bei schlechtem Wetter. Sollte die Tour aufgrund der Wetterbedingungen abgesagt werden m\u00fcssen, erhalten Sie selbstverst\u00e4ndlich eine vollst\u00e4ndige R\u00fcckerstattung.<\/p>\n\n<h3 class=\"wp-block-heading\"><strong>Ist die Tour f\u00fcr Kinder geeignet?<\/strong><\/h3>\n\n<p>Ja, aber es gelten einige Voraussetzungen: Aus Sicherheitsgr\u00fcnden m\u00fcssen Kinder mindestens <strong>1,20 Meter gro\u00df<\/strong> und <strong>mindestens 6 Jahre alt<\/strong> sein. Jedes Kind muss von einem Erwachsenen begleitet werden.<\/p>\n\n<h3 class=\"wp-block-heading\"><strong>Gibt es Parkm\u00f6glichkeiten?<\/strong><\/h3>\n\n<p>Ja, in der N\u00e4he stehen Parkpl\u00e4tze zur Verf\u00fcgung, und das Parken in Eidfjord ist kostenlos.<\/p>\n\n<h3 class=\"wp-block-heading\"><strong>Weitere Fragen<\/strong><\/h3>\n\n<p>Sollten Sie weitere Fragen haben, hilft Ihnen der Touranbieter gerne weiter. Die Kontaktdaten finden Sie in Ihrer Buchungsbest\u00e4tigung.<\/p>\n","protected":false},"excerpt":{"rendered":"<p>Viel Spa\u00df mit dem Wind in den Haaren und den wunderbaren Landschaften rund um Eidfjord<\/p>\n","protected":false},"featured_media":1416,"parent":0,"template":"","tags":[107,108,106],"activity-categories":[54,56],"location":[60],"class_list":["post-1414","product","type-product","status-publish","has-post-thumbnail","hentry","tag-rib","tag-rib-tour","tag-rib-tur","activity-categories-activurlaub","activity-categories-bootsausfluge","location-eidfjord-de"],"acf":[],"_links":{"self":[{"href":"https:\/\/www.bookhardanger.com\/de\/wp-json\/wp\/v2\/product\/1414","targetHints":{"allow":["GET"]}}],"collection":[{"href":"https:\/\/www.bookhardanger.com\/de\/wp-json\/wp\/v2\/product"}],"about":[{"href":"https:\/\/www.bookhardanger.com\/de\/wp-json\/wp\/v2\/types\/product"}],"wp:featuredmedia":[{"embeddable":true,"href":"https:\/\/www.bookhardanger.com\/de\/wp-json\/wp\/v2\/media\/1416"}],"wp:attachment":[{"href":"https:\/\/www.bookhardanger.com\/de\/wp-json\/wp\/v2\/media?parent=1414"}],"wp:term":[{"taxonomy":"post_tag","embeddable":true,"href":"https:\/\/www.bookhardanger.com\/de\/wp-json\/wp\/v2\/tags?post=1414"},{"taxonomy":"activity-categories","embeddable":true,"href":"https:\/\/www.bookhardanger.com\/de\/wp-json\/wp\/v2\/activity-categories?post=1414"},{"taxonomy":"location","embeddable":true,"href":"https:\/\/www.bookhardanger.com\/de\/wp-json\/wp\/v2\/location?post=1414"}],"curies":[{"name":"wp","href":"https:\/\/api.w.org\/{rel}","templated":true}]}}