{"id":1425,"date":"2025-02-17T11:51:12","date_gmt":"2025-02-17T11:51:12","guid":{"rendered":"https:\/\/www.bookhardanger.com\/products\/blue-ice-hike-from-jondal\/"},"modified":"2025-03-09T12:05:31","modified_gmt":"2025-03-09T12:05:31","slug":"blau-eis-wanderung-ab-jondal","status":"publish","type":"product","link":"https:\/\/www.bookhardanger.com\/de\/products\/blau-eis-wanderung-ab-jondal\/","title":{"rendered":"Blau-Eis-Wanderung ab Jondal"},"content":{"rendered":"\n<p>Begleite die erfahrenen Guides von Folgefonni Bref\u00f8rarlag auf ein Abenteuer auf dem Juklavassbreen-Gletscher!<\/p>\n\n\n\n<p>Juklavassbreen ist ein Ausl\u00e4ufer des Folgefonna, Norwegens drittgr\u00f6\u00dftem Gletscher. W\u00e4hrend der Gletscherwanderung von Jondal aus erkundest du die faszinierende Eislandschaft \u2013 von sanften Eisfl\u00e4chen bis hin zu anspruchsvolleren Passagen mit spannenden Gletscherspalten.<\/p>\n\n\n\n<p>Das Mittagessen genie\u00dft du mit einer atemberaubenden Aussicht auf die majest\u00e4tischen Rosendal-Alpen \u2013 und an klaren Tagen reicht der Blick bis zur Nordsee.<\/p>\n\n\n\n<p>Unterwegs erz\u00e4hlt dein Guide Spannendes \u00fcber die regionale Kulturgeschichte, das Klima, die Entwicklung des Gletschers und die besondere Geografie der Umgebung. Selbstverst\u00e4ndlich kannst du jederzeit Fragen stellen!<\/p>\n\n\n\n<p>Auf dem R\u00fcckweg wirst du von spektakul\u00e4ren Ausblicken auf die beeindruckende Fjordlandschaft begleitet.<\/p>\n\n\n\n<p>Eine Gletscherwanderung ist nicht nur ein Abenteuer \u2013 sie ist eine Gelegenheit, einer einzigartigen Natur ganz nah zu kommen und unvergessliche Erinnerungen zu schaffen.<\/p>\n\n\n\n<h3 class=\"wp-block-heading\"><strong>Im Preis inbegriffen:<\/strong><\/h3>\n\n\n\n<p>Ausr\u00fcstung f\u00fcr die Gletscherwanderung:<\/p>\n\n\n\n<ul class=\"wp-block-list\">\n<li>Steigeisen<\/li>\n\n\n\n<li>Eispickel<\/li>\n\n\n\n<li>Klettergurt<\/li>\n\n\n\n<li>Helm<\/li>\n\n\n\n<li>Seil<\/li>\n\n\n\n<li>Wanderschuhe (Gr\u00f6\u00dfe EUR 33 bis 48)<\/li>\n<\/ul>\n\n\n\n<p><strong>Das solltest du mitbringen:<\/strong><\/p>\n\n\n\n<ul class=\"wp-block-list\">\n<li>Warme, wind- und wasserdichte Kleidung<\/li>\n\n\n\n<li>Eigene feste Bergschuhe, falls vorhanden<\/li>\n\n\n\n<li>Verpflegung und Getr\u00e4nke<\/li>\n\n\n\n<li>Sonnenbrille und Sonnencreme<\/li>\n\n\n\n<li>Rucksack mit ausreichend Platz f\u00fcr die Ausr\u00fcstung<\/li>\n<\/ul>\n\n\n\n<figure class=\"wp-block-gallery has-nested-images columns-2 is-cropped wp-block-gallery-1 is-layout-flex wp-block-gallery-is-layout-flex\">\n<figure data-wp-context=\"{&quot;imageId&quot;:&quot;69f10d89aade6&quot;}\" data-wp-interactive=\"core\/image\" data-wp-key=\"69f10d89aade6\" class=\"wp-block-image size-large wp-lightbox-container\"><img loading=\"lazy\" decoding=\"async\" width=\"683\" height=\"1024\" data-wp-class--hide=\"state.isContentHidden\" data-wp-class--show=\"state.isContentVisible\" data-wp-init=\"callbacks.setButtonStyles\" data-wp-on--click=\"actions.showLightbox\" data-wp-on--load=\"callbacks.setButtonStyles\" data-wp-on-window--resize=\"callbacks.setButtonStyles\" data-id=\"346\" src=\"https:\/\/www.bookhardanger.com\/wp-content\/uploads\/2025\/02\/Blue-Ice-Hike_Folgefonni-Breforarlag_-Desire-W-683x1024.jpg\" alt=\"\" class=\"wp-image-346\" srcset=\"https:\/\/www.bookhardanger.com\/wp-content\/uploads\/2025\/02\/Blue-Ice-Hike_Folgefonni-Breforarlag_-Desire-W-683x1024.jpg 683w, https:\/\/www.bookhardanger.com\/wp-content\/uploads\/2025\/02\/Blue-Ice-Hike_Folgefonni-Breforarlag_-Desire-W-200x300.jpg 200w, https:\/\/www.bookhardanger.com\/wp-content\/uploads\/2025\/02\/Blue-Ice-Hike_Folgefonni-Breforarlag_-Desire-W-768x1152.jpg 768w, https:\/\/www.bookhardanger.com\/wp-content\/uploads\/2025\/02\/Blue-Ice-Hike_Folgefonni-Breforarlag_-Desire-W-1024x1536.jpg 1024w, https:\/\/www.bookhardanger.com\/wp-content\/uploads\/2025\/02\/Blue-Ice-Hike_Folgefonni-Breforarlag_-Desire-W.jpg 1080w\" sizes=\"auto, (max-width: 683px) 100vw, 683px\" \/><button\n\t\t\tclass=\"lightbox-trigger\"\n\t\t\ttype=\"button\"\n\t\t\taria-haspopup=\"dialog\"\n\t\t\taria-label=\"Vergr\u00f6\u00dfern\"\n\t\t\tdata-wp-init=\"callbacks.initTriggerButton\"\n\t\t\tdata-wp-on--click=\"actions.showLightbox\"\n\t\t\tdata-wp-style--right=\"state.imageButtonRight\"\n\t\t\tdata-wp-style--top=\"state.imageButtonTop\"\n\t\t>\n\t\t\t<svg xmlns=\"http:\/\/www.w3.org\/2000\/svg\" width=\"12\" height=\"12\" fill=\"none\" viewBox=\"0 0 12 12\">\n\t\t\t\t<path fill=\"#fff\" d=\"M2 0a2 2 0 0 0-2 2v2h1.5V2a.5.5 0 0 1 .5-.5h2V0H2Zm2 10.5H2a.5.5 0 0 1-.5-.5V8H0v2a2 2 0 0 0 2 2h2v-1.5ZM8 12v-1.5h2a.5.5 0 0 0 .5-.5V8H12v2a2 2 0 0 1-2 2H8Zm2-12a2 2 0 0 1 2 2v2h-1.5V2a.5.5 0 0 0-.5-.5H8V0h2Z\" \/>\n\t\t\t<\/svg>\n\t\t<\/button><\/figure>\n\n\n\n<figure data-wp-context=\"{&quot;imageId&quot;:&quot;69f10d89ab375&quot;}\" data-wp-interactive=\"core\/image\" data-wp-key=\"69f10d89ab375\" class=\"wp-block-image size-large wp-lightbox-container\"><img loading=\"lazy\" decoding=\"async\" width=\"683\" height=\"1024\" data-wp-class--hide=\"state.isContentHidden\" data-wp-class--show=\"state.isContentVisible\" data-wp-init=\"callbacks.setButtonStyles\" data-wp-on--click=\"actions.showLightbox\" data-wp-on--load=\"callbacks.setButtonStyles\" data-wp-on-window--resize=\"callbacks.setButtonStyles\" data-id=\"348\" src=\"https:\/\/www.bookhardanger.com\/wp-content\/uploads\/2025\/02\/Blue-Ice-Hike_Folgefonni-Breforarlag_-Eksponert-Media_02-683x1024.jpg\" alt=\"\" class=\"wp-image-348\" srcset=\"https:\/\/www.bookhardanger.com\/wp-content\/uploads\/2025\/02\/Blue-Ice-Hike_Folgefonni-Breforarlag_-Eksponert-Media_02-683x1024.jpg 683w, https:\/\/www.bookhardanger.com\/wp-content\/uploads\/2025\/02\/Blue-Ice-Hike_Folgefonni-Breforarlag_-Eksponert-Media_02-200x300.jpg 200w, https:\/\/www.bookhardanger.com\/wp-content\/uploads\/2025\/02\/Blue-Ice-Hike_Folgefonni-Breforarlag_-Eksponert-Media_02-768x1152.jpg 768w, https:\/\/www.bookhardanger.com\/wp-content\/uploads\/2025\/02\/Blue-Ice-Hike_Folgefonni-Breforarlag_-Eksponert-Media_02-1024x1536.jpg 1024w, https:\/\/www.bookhardanger.com\/wp-content\/uploads\/2025\/02\/Blue-Ice-Hike_Folgefonni-Breforarlag_-Eksponert-Media_02.jpg 1080w\" sizes=\"auto, (max-width: 683px) 100vw, 683px\" \/><button\n\t\t\tclass=\"lightbox-trigger\"\n\t\t\ttype=\"button\"\n\t\t\taria-haspopup=\"dialog\"\n\t\t\taria-label=\"Vergr\u00f6\u00dfern\"\n\t\t\tdata-wp-init=\"callbacks.initTriggerButton\"\n\t\t\tdata-wp-on--click=\"actions.showLightbox\"\n\t\t\tdata-wp-style--right=\"state.imageButtonRight\"\n\t\t\tdata-wp-style--top=\"state.imageButtonTop\"\n\t\t>\n\t\t\t<svg xmlns=\"http:\/\/www.w3.org\/2000\/svg\" width=\"12\" height=\"12\" fill=\"none\" viewBox=\"0 0 12 12\">\n\t\t\t\t<path fill=\"#fff\" d=\"M2 0a2 2 0 0 0-2 2v2h1.5V2a.5.5 0 0 1 .5-.5h2V0H2Zm2 10.5H2a.5.5 0 0 1-.5-.5V8H0v2a2 2 0 0 0 2 2h2v-1.5ZM8 12v-1.5h2a.5.5 0 0 0 .5-.5V8H12v2a2 2 0 0 1-2 2H8Zm2-12a2 2 0 0 1 2 2v2h-1.5V2a.5.5 0 0 0-.5-.5H8V0h2Z\" \/>\n\t\t\t<\/svg>\n\t\t<\/button><\/figure>\n\n\n\n<figure data-wp-context=\"{&quot;imageId&quot;:&quot;69f10d89ab8bb&quot;}\" data-wp-interactive=\"core\/image\" data-wp-key=\"69f10d89ab8bb\" class=\"wp-block-image size-large wp-lightbox-container\"><img loading=\"lazy\" decoding=\"async\" width=\"1024\" height=\"683\" data-wp-class--hide=\"state.isContentHidden\" data-wp-class--show=\"state.isContentVisible\" data-wp-init=\"callbacks.setButtonStyles\" data-wp-on--click=\"actions.showLightbox\" data-wp-on--load=\"callbacks.setButtonStyles\" data-wp-on-window--resize=\"callbacks.setButtonStyles\" data-id=\"347\" src=\"https:\/\/www.bookhardanger.com\/wp-content\/uploads\/2025\/02\/Blue-Ice-Hike_Folgefonni-Breforarlag_Eksponert-Media-1024x683.jpg\" alt=\"\" class=\"wp-image-347\" srcset=\"https:\/\/www.bookhardanger.com\/wp-content\/uploads\/2025\/02\/Blue-Ice-Hike_Folgefonni-Breforarlag_Eksponert-Media-1024x683.jpg 1024w, https:\/\/www.bookhardanger.com\/wp-content\/uploads\/2025\/02\/Blue-Ice-Hike_Folgefonni-Breforarlag_Eksponert-Media-300x200.jpg 300w, https:\/\/www.bookhardanger.com\/wp-content\/uploads\/2025\/02\/Blue-Ice-Hike_Folgefonni-Breforarlag_Eksponert-Media-768x512.jpg 768w, https:\/\/www.bookhardanger.com\/wp-content\/uploads\/2025\/02\/Blue-Ice-Hike_Folgefonni-Breforarlag_Eksponert-Media-1536x1024.jpg 1536w, https:\/\/www.bookhardanger.com\/wp-content\/uploads\/2025\/02\/Blue-Ice-Hike_Folgefonni-Breforarlag_Eksponert-Media.jpg 1620w\" sizes=\"auto, (max-width: 1024px) 100vw, 1024px\" \/><button\n\t\t\tclass=\"lightbox-trigger\"\n\t\t\ttype=\"button\"\n\t\t\taria-haspopup=\"dialog\"\n\t\t\taria-label=\"Vergr\u00f6\u00dfern\"\n\t\t\tdata-wp-init=\"callbacks.initTriggerButton\"\n\t\t\tdata-wp-on--click=\"actions.showLightbox\"\n\t\t\tdata-wp-style--right=\"state.imageButtonRight\"\n\t\t\tdata-wp-style--top=\"state.imageButtonTop\"\n\t\t>\n\t\t\t<svg xmlns=\"http:\/\/www.w3.org\/2000\/svg\" width=\"12\" height=\"12\" fill=\"none\" viewBox=\"0 0 12 12\">\n\t\t\t\t<path fill=\"#fff\" d=\"M2 0a2 2 0 0 0-2 2v2h1.5V2a.5.5 0 0 1 .5-.5h2V0H2Zm2 10.5H2a.5.5 0 0 1-.5-.5V8H0v2a2 2 0 0 0 2 2h2v-1.5ZM8 12v-1.5h2a.5.5 0 0 0 .5-.5V8H12v2a2 2 0 0 1-2 2H8Zm2-12a2 2 0 0 1 2 2v2h-1.5V2a.5.5 0 0 0-.5-.5H8V0h2Z\" \/>\n\t\t\t<\/svg>\n\t\t<\/button><\/figure>\n<figcaption class=\"blocks-gallery-caption wp-element-caption\">\u00a9Desire W. | \u00a9Eksponert Media<\/figcaption><\/figure>\n","protected":false},"excerpt":{"rendered":"<p>Erlebe das blaue Eis des Juklavass-Gletschers auf einer gef\u00fchrten Tour!<\/p>\n","protected":false},"featured_media":1426,"parent":0,"template":"","tags":[],"activity-categories":[54],"location":[61],"class_list":["post-1425","product","type-product","status-publish","has-post-thumbnail","hentry","activity-categories-activurlaub","location-jondal-de"],"acf":[],"_links":{"self":[{"href":"https:\/\/www.bookhardanger.com\/de\/wp-json\/wp\/v2\/product\/1425","targetHints":{"allow":["GET"]}}],"collection":[{"href":"https:\/\/www.bookhardanger.com\/de\/wp-json\/wp\/v2\/product"}],"about":[{"href":"https:\/\/www.bookhardanger.com\/de\/wp-json\/wp\/v2\/types\/product"}],"wp:featuredmedia":[{"embeddable":true,"href":"https:\/\/www.bookhardanger.com\/de\/wp-json\/wp\/v2\/media\/1426"}],"wp:attachment":[{"href":"https:\/\/www.bookhardanger.com\/de\/wp-json\/wp\/v2\/media?parent=1425"}],"wp:term":[{"taxonomy":"post_tag","embeddable":true,"href":"https:\/\/www.bookhardanger.com\/de\/wp-json\/wp\/v2\/tags?post=1425"},{"taxonomy":"activity-categories","embeddable":true,"href":"https:\/\/www.bookhardanger.com\/de\/wp-json\/wp\/v2\/activity-categories?post=1425"},{"taxonomy":"location","embeddable":true,"href":"https:\/\/www.bookhardanger.com\/de\/wp-json\/wp\/v2\/location?post=1425"}],"curies":[{"name":"wp","href":"https:\/\/api.w.org\/{rel}","templated":true}]}}