{"id":1428,"date":"2025-02-20T22:09:42","date_gmt":"2025-02-20T22:09:42","guid":{"rendered":"https:\/\/www.bookhardanger.com\/products\/cidre-verkostung-auf-syse-gard\/"},"modified":"2025-03-09T12:12:07","modified_gmt":"2025-03-09T12:12:07","slug":"cidre-verkostung-auf-syse-gard","status":"publish","type":"product","link":"https:\/\/www.bookhardanger.com\/de\/products\/cidre-verkostung-auf-syse-gard\/","title":{"rendered":"Cidre-Verkostung auf Syse Gard"},"content":{"rendered":"\n<p>Syse Gard ist einer der drei Cidre-Produzenten entlang der Cidre-Route in Ulvik \u2013 idyllisch auf einer Anh\u00f6he \u00fcber dem Fjord gelegen und umgeben von Apfelb\u00e4umen.<\/p>\n\n\n\n<p>W\u00e4hrend dieser Verkostung hast du die Gelegenheit, vier verschiedene Cidre von Syse Gard auf einem Verkostungsbrett zu probieren. Genie\u00dfe dabei den Blick auf den Fjord von der Terrasse oder die gem\u00fctliche Atmosph\u00e4re im Verkostungsraum. Zus\u00e4tzlich gibt es eine kurze Einf\u00fchrung zu den Getr\u00e4nken. Als alkoholfreie Alternative werden vier Sorten lokaler Apfels\u00e4fte serviert.<\/p>\n\n\n\n<p>Syse Gard betreibt au\u00dferdem einen kleinen Hofladen, in dem du hausgemachte Produkte wie Saft, Cidre, Marmeladen, Fleisch und mehr kaufen kannst.<\/p>\n\n\n\n<p><strong>Im Preis inbegriffen:<\/strong><\/p>\n\n\n\n<ul class=\"wp-block-list\">\n<li>Verkostung von 4 Sorten Cidre oder Apfelsaft<\/li>\n<\/ul>\n","protected":false},"excerpt":{"rendered":"<p>Eine tolle Gelegenheit, lokalen Hardanger-Cidre oder Apfelsaft in Ulvik zu probieren.<\/p>\n","protected":false},"featured_media":1430,"parent":0,"template":"","tags":[],"activity-categories":[55],"location":[62],"class_list":["post-1428","product","type-product","status-publish","has-post-thumbnail","hentry","activity-categories-essen-kultur","location-ulvik-de"],"acf":[],"_links":{"self":[{"href":"https:\/\/www.bookhardanger.com\/de\/wp-json\/wp\/v2\/product\/1428","targetHints":{"allow":["GET"]}}],"collection":[{"href":"https:\/\/www.bookhardanger.com\/de\/wp-json\/wp\/v2\/product"}],"about":[{"href":"https:\/\/www.bookhardanger.com\/de\/wp-json\/wp\/v2\/types\/product"}],"wp:featuredmedia":[{"embeddable":true,"href":"https:\/\/www.bookhardanger.com\/de\/wp-json\/wp\/v2\/media\/1430"}],"wp:attachment":[{"href":"https:\/\/www.bookhardanger.com\/de\/wp-json\/wp\/v2\/media?parent=1428"}],"wp:term":[{"taxonomy":"post_tag","embeddable":true,"href":"https:\/\/www.bookhardanger.com\/de\/wp-json\/wp\/v2\/tags?post=1428"},{"taxonomy":"activity-categories","embeddable":true,"href":"https:\/\/www.bookhardanger.com\/de\/wp-json\/wp\/v2\/activity-categories?post=1428"},{"taxonomy":"location","embeddable":true,"href":"https:\/\/www.bookhardanger.com\/de\/wp-json\/wp\/v2\/location?post=1428"}],"curies":[{"name":"wp","href":"https:\/\/api.w.org\/{rel}","templated":true}]}}