{"id":1434,"date":"2025-02-24T18:58:47","date_gmt":"2025-02-24T18:58:47","guid":{"rendered":"https:\/\/www.bookhardanger.com\/products\/cidre-tour-und-verkostung-auf-lekve-gard\/"},"modified":"2025-03-10T12:56:20","modified_gmt":"2025-03-10T12:56:20","slug":"cidre-tour-und-verkostung-auf-lekve-gard","status":"publish","type":"product","link":"https:\/\/www.bookhardanger.com\/de\/products\/cidre-tour-und-verkostung-auf-lekve-gard\/","title":{"rendered":"Cidre-Tour und Verkostung auf Lekve Gard"},"content":{"rendered":"\n<p>Besuche eine der sch\u00f6nsten Apfelfarmen in Ulvik. Mit Generationen an Erfahrung waren die Besitzer von Lekve Gard die Pioniere der modernen, kommerziellen Cidre-Produktion in Hardanger.<\/p>\n\n<p>Heute kannst du diese Tradition bei einer Cidre-Verkostungstour hautnah erleben. Du erf\u00e4hrst die Geschichte hinter der Cidre-Produktion, die 2004 kommerzialisiert wurde und sich bis heute so weiterentwickelt hat, dass hier mittlerweile \u00fcber 20 verschiedene Cidre-Sorten hergestellt werden. Zus\u00e4tzlich produziert der Hof weitere alkoholische Getr\u00e4nke sowie alkoholfreie Alternativen und S\u00e4fte.<\/p>\n\n<p>W\u00e4hrend der Tour besichtigst du die Produktionsanlagen, darunter die Apfelpresse, die Cidre-Tanks, die Brennerei und den Eichenfass-Keller. Au\u00dferdem hast du die Gelegenheit, die lokalen Produkte zu probieren und den Hofladen zu besuchen, wo du dir fl\u00fcssige Souvenirs mit nach Hause nehmen kannst.<\/p>\n\n<p><strong>Im Preis inbegriffen:<\/strong><\/p>\n\n<ul class=\"wp-block-list\">\n<li>F\u00fchrung durch die Cidre-Produktionsanlagen<\/li>\n\n\n\n<li>Verkostung eines alkoholfreien Getr\u00e4nks (Cidre oder Saft), 4 Cidre-Sorten und 1 st\u00e4rkeren Alkohols<\/li>\n<\/ul>\n","protected":false},"excerpt":{"rendered":"<p>Lerne die Tradition, Geschichte und Kultur der Cidre-Produktion beim ersten kommerziellen Cidre-Produzenten in Hardanger kennen.<\/p>\n","protected":false},"featured_media":1614,"parent":0,"template":"","tags":[],"activity-categories":[55],"location":[62],"class_list":["post-1434","product","type-product","status-publish","has-post-thumbnail","hentry","activity-categories-essen-kultur","location-ulvik-de"],"acf":[],"_links":{"self":[{"href":"https:\/\/www.bookhardanger.com\/de\/wp-json\/wp\/v2\/product\/1434","targetHints":{"allow":["GET"]}}],"collection":[{"href":"https:\/\/www.bookhardanger.com\/de\/wp-json\/wp\/v2\/product"}],"about":[{"href":"https:\/\/www.bookhardanger.com\/de\/wp-json\/wp\/v2\/types\/product"}],"wp:featuredmedia":[{"embeddable":true,"href":"https:\/\/www.bookhardanger.com\/de\/wp-json\/wp\/v2\/media\/1614"}],"wp:attachment":[{"href":"https:\/\/www.bookhardanger.com\/de\/wp-json\/wp\/v2\/media?parent=1434"}],"wp:term":[{"taxonomy":"post_tag","embeddable":true,"href":"https:\/\/www.bookhardanger.com\/de\/wp-json\/wp\/v2\/tags?post=1434"},{"taxonomy":"activity-categories","embeddable":true,"href":"https:\/\/www.bookhardanger.com\/de\/wp-json\/wp\/v2\/activity-categories?post=1434"},{"taxonomy":"location","embeddable":true,"href":"https:\/\/www.bookhardanger.com\/de\/wp-json\/wp\/v2\/location?post=1434"}],"curies":[{"name":"wp","href":"https:\/\/api.w.org\/{rel}","templated":true}]}}