{"id":1435,"date":"2025-01-15T08:39:00","date_gmt":"2025-01-15T08:39:00","guid":{"rendered":"https:\/\/www.bookhardanger.com\/products\/cidre-tour-und-verkostung-auf-syse-gard\/"},"modified":"2025-03-09T12:34:28","modified_gmt":"2025-03-09T12:34:28","slug":"cidre-tour-und-verkostung-auf-syse-gard","status":"publish","type":"product","link":"https:\/\/www.bookhardanger.com\/de\/products\/cidre-tour-und-verkostung-auf-syse-gard\/","title":{"rendered":"Cidre-Tour und Verkostung auf Syse Gard"},"content":{"rendered":"\n<p>Die Cidre-Herstellung ist tief in der Kultur Hardangers verwurzelt. Erlebe die Essenz der Hardanger-Cidre-Tradition auf Syse Gard in Ulvik, wo der fruchtbare Boden und das besondere Mikroklima ideale Bedingungen f\u00fcr den Obstanbau schaffen. Umgeben von einer atemberaubenden Landschaft erh\u00e4ltst du auf der Tour durch Syse Gard spannende Einblicke in die traditionsreiche Cidre-Herstellung.<\/p>\n\n\n\n<h3 class=\"wp-block-heading\">Erfahre mehr \u00fcber die Produktion<\/h3>\n\n\n\n<p>Die Tour beginnt mit einem Besuch der Cidre-Produktionsst\u00e4tte. Hier kannst du den sorgf\u00e4ltigen Herstellungsprozess miterleben \u2013 von der handverlesenen Apfelauswahl \u00fcber das Pressen bis hin zur Fermentation, bei der aus den Fr\u00fcchten fl\u00fcssiges Gold entsteht. Die erfahrenen Gastgeber erz\u00e4hlen die bewegte Geschichte ihres Hofes und geben spannende Einblicke in die saisonalen Abl\u00e4ufe und \u00fcber Generationen weitergegebenen Techniken.<\/p>\n\n\n\n<h3 class=\"wp-block-heading\">Hoff\u00fchrung und Verkostung<\/h3>\n\n\n\n<p>Anschlie\u00dfend geht es auf einen Spaziergang durch die Obstplantagen. Hier kommst du den Apfel- und Kirschb\u00e4umen, die unter der norwegischen Sonne gedeihen, ganz nah.<\/p>\n\n\n\n<p>Dann ist es Zeit f\u00fcr die Verkostung! In einem gem\u00fctlichen Pr\u00e4sentationsraum erwartet dich eine gef\u00fchrte Geschmackserfahrung. Genie\u00dfe die frischen, aromatischen Aromen von Syses Cidre, die mit viel Fingerspitzengef\u00fchl zu einer perfekten Balance aus S\u00e4ure und Fruchtigkeit komponiert wurden.<\/p>\n\n\n\n<p>Die Verkostung umfasst 2 S\u00e4fte und 3 Cidre, begleitet von lokal hergestellten Snacks.<\/p>\n\n\n\n<p><strong>Im Preis inbegriffen:<\/strong><\/p>\n\n\n\n<ul class=\"wp-block-list\">\n<li>F\u00fchrung durch den Hof und Pr\u00e4sentation<\/li>\n\n\n\n<li>Verkostung von 2 Apfels\u00e4ften, 3 Cidre-Sorten und lokal produzierten Snacks<\/li>\n<\/ul>\n\n\n\n<p><strong>Das solltest du mitbringen:<\/strong><\/p>\n\n\n\n<ul class=\"wp-block-list\">\n<li>Einen Regenschirm an nassen Tagen<\/li>\n<\/ul>\n\n\n\n<p><\/p>\n","protected":false},"excerpt":{"rendered":"<p>Probiere den ber\u00fchmten Cidre aus Hardanger und erfahre die spannende Geschichte der Cidre-Produktion.<\/p>\n","protected":false},"featured_media":1436,"parent":0,"template":"","tags":[],"activity-categories":[55],"location":[62],"class_list":["post-1435","product","type-product","status-publish","has-post-thumbnail","hentry","activity-categories-essen-kultur","location-ulvik-de"],"acf":[],"_links":{"self":[{"href":"https:\/\/www.bookhardanger.com\/de\/wp-json\/wp\/v2\/product\/1435","targetHints":{"allow":["GET"]}}],"collection":[{"href":"https:\/\/www.bookhardanger.com\/de\/wp-json\/wp\/v2\/product"}],"about":[{"href":"https:\/\/www.bookhardanger.com\/de\/wp-json\/wp\/v2\/types\/product"}],"wp:featuredmedia":[{"embeddable":true,"href":"https:\/\/www.bookhardanger.com\/de\/wp-json\/wp\/v2\/media\/1436"}],"wp:attachment":[{"href":"https:\/\/www.bookhardanger.com\/de\/wp-json\/wp\/v2\/media?parent=1435"}],"wp:term":[{"taxonomy":"post_tag","embeddable":true,"href":"https:\/\/www.bookhardanger.com\/de\/wp-json\/wp\/v2\/tags?post=1435"},{"taxonomy":"activity-categories","embeddable":true,"href":"https:\/\/www.bookhardanger.com\/de\/wp-json\/wp\/v2\/activity-categories?post=1435"},{"taxonomy":"location","embeddable":true,"href":"https:\/\/www.bookhardanger.com\/de\/wp-json\/wp\/v2\/location?post=1435"}],"curies":[{"name":"wp","href":"https:\/\/api.w.org\/{rel}","templated":true}]}}