{"id":1438,"date":"2025-02-19T14:15:49","date_gmt":"2025-02-19T14:15:49","guid":{"rendered":"https:\/\/www.bookhardanger.com\/products\/klassisches-kajakfahren-im-fjord-ab-eidfjord\/"},"modified":"2026-03-12T15:49:48","modified_gmt":"2026-03-12T15:49:48","slug":"klassisches-kajakfahren-im-fjord-ab-eidfjord","status":"publish","type":"product","link":"https:\/\/www.bookhardanger.com\/de\/products\/klassisches-kajakfahren-im-fjord-ab-eidfjord\/","title":{"rendered":"Klassisches Kajakfahren im Fjord ab Eidfjord"},"content":{"rendered":"\n<p>Nimm an einem unvergesslichen Kajak-Abenteuer durch die atemberaubende Landschaft von Eidfjord teil. Jeder Paddelschlag bringt dich der wundersch\u00f6nen Natur n\u00e4her.<\/p>\n\n<p>Unter der Leitung erfahrener Guides beginnt die klassische Kajaktour mit einer ausf\u00fchrlichen Einf\u00fchrung in Paddeltechniken und Sicherheitshinweise. Sobald du bereit bist, geht es hinaus auf den Fjord \u2013 wo dich ein einzigartiges Naturerlebnis erwartet.<\/p>\n\n<p>Beim Kajakfahren kommst du dem Fjord so nah wie m\u00f6glich \u2013 zumindest, ohne dabei nass zu werden. Mit etwas Gl\u00fcck kannst du Robben, Schweinswale oder sogar Seeadler entdecken.<\/p>\n\n<p>Die klassischen Fjord-Kajaktouren ab Eidfjord sind f\u00fcr alle Erfahrungsstufen geeignet. Egal, ob Anf\u00e4nger oder erfahrener Paddler \u2013 dieses Abenteuer wirst du genie\u00dfen!<\/p>\n\n<p><strong>Im Preis inbegriffen:<\/strong><\/p>\n\n<ul class=\"wp-block-list\">\n<li>Standard-Kajakausr\u00fcstung<\/li>\n<\/ul>\n\n<p><strong>Das solltest du mitbringen:<\/strong><\/p>\n\n<ul class=\"wp-block-list\">\n<li> Eine Flasche Wasser<\/li>\n<\/ul>\n\n<ul class=\"wp-block-list\">\n<li>Schokolade, Trockenfr\u00fcchte oder andere kleine Snacks<\/li>\n<\/ul>\n\n<figure class=\"wp-block-gallery has-nested-images columns-2 is-cropped wp-block-gallery-1 is-layout-flex wp-block-gallery-is-layout-flex\">\n<figure data-wp-context=\"{&quot;imageId&quot;:&quot;69ec303689428&quot;}\" data-wp-interactive=\"core\/image\" data-wp-key=\"69ec303689428\" class=\"wp-block-image size-large wp-lightbox-container\"><img loading=\"lazy\" decoding=\"async\" width=\"1024\" height=\"683\" data-wp-class--hide=\"state.isContentHidden\" data-wp-class--show=\"state.isContentVisible\" data-wp-init=\"callbacks.setButtonStyles\" data-wp-on--click=\"actions.showLightbox\" data-wp-on--load=\"callbacks.setButtonStyles\" data-wp-on-window--resize=\"callbacks.setButtonStyles\" data-id=\"385\" src=\"https:\/\/www.bookhardanger.com\/wp-content\/uploads\/2025\/02\/Kayaking-Eidfjord_Best-Adventures_01-1024x683.jpg\" alt=\"\" class=\"wp-image-385\" srcset=\"https:\/\/www.bookhardanger.com\/wp-content\/uploads\/2025\/02\/Kayaking-Eidfjord_Best-Adventures_01-1024x683.jpg 1024w, https:\/\/www.bookhardanger.com\/wp-content\/uploads\/2025\/02\/Kayaking-Eidfjord_Best-Adventures_01-300x200.jpg 300w, https:\/\/www.bookhardanger.com\/wp-content\/uploads\/2025\/02\/Kayaking-Eidfjord_Best-Adventures_01-768x512.jpg 768w, https:\/\/www.bookhardanger.com\/wp-content\/uploads\/2025\/02\/Kayaking-Eidfjord_Best-Adventures_01-1536x1024.jpg 1536w, https:\/\/www.bookhardanger.com\/wp-content\/uploads\/2025\/02\/Kayaking-Eidfjord_Best-Adventures_01.jpg 1987w\" sizes=\"auto, (max-width: 1024px) 100vw, 1024px\" \/><button\n\t\t\tclass=\"lightbox-trigger\"\n\t\t\ttype=\"button\"\n\t\t\taria-haspopup=\"dialog\"\n\t\t\taria-label=\"Vergr\u00f6\u00dfern\"\n\t\t\tdata-wp-init=\"callbacks.initTriggerButton\"\n\t\t\tdata-wp-on--click=\"actions.showLightbox\"\n\t\t\tdata-wp-style--right=\"state.imageButtonRight\"\n\t\t\tdata-wp-style--top=\"state.imageButtonTop\"\n\t\t>\n\t\t\t<svg xmlns=\"http:\/\/www.w3.org\/2000\/svg\" width=\"12\" height=\"12\" fill=\"none\" viewBox=\"0 0 12 12\">\n\t\t\t\t<path fill=\"#fff\" d=\"M2 0a2 2 0 0 0-2 2v2h1.5V2a.5.5 0 0 1 .5-.5h2V0H2Zm2 10.5H2a.5.5 0 0 1-.5-.5V8H0v2a2 2 0 0 0 2 2h2v-1.5ZM8 12v-1.5h2a.5.5 0 0 0 .5-.5V8H12v2a2 2 0 0 1-2 2H8Zm2-12a2 2 0 0 1 2 2v2h-1.5V2a.5.5 0 0 0-.5-.5H8V0h2Z\" \/>\n\t\t\t<\/svg>\n\t\t<\/button><\/figure>\n\n\n\n<figure data-wp-context=\"{&quot;imageId&quot;:&quot;69ec303689a9b&quot;}\" data-wp-interactive=\"core\/image\" data-wp-key=\"69ec303689a9b\" class=\"wp-block-image size-large wp-lightbox-container\"><img loading=\"lazy\" decoding=\"async\" width=\"1024\" height=\"683\" data-wp-class--hide=\"state.isContentHidden\" data-wp-class--show=\"state.isContentVisible\" data-wp-init=\"callbacks.setButtonStyles\" data-wp-on--click=\"actions.showLightbox\" data-wp-on--load=\"callbacks.setButtonStyles\" data-wp-on-window--resize=\"callbacks.setButtonStyles\" data-id=\"386\" src=\"https:\/\/www.bookhardanger.com\/wp-content\/uploads\/2025\/02\/Kayaking-Eidfjord_Best-Adventures_02-1024x683.jpg\" alt=\"\" class=\"wp-image-386\" srcset=\"https:\/\/www.bookhardanger.com\/wp-content\/uploads\/2025\/02\/Kayaking-Eidfjord_Best-Adventures_02-1024x683.jpg 1024w, https:\/\/www.bookhardanger.com\/wp-content\/uploads\/2025\/02\/Kayaking-Eidfjord_Best-Adventures_02-300x200.jpg 300w, https:\/\/www.bookhardanger.com\/wp-content\/uploads\/2025\/02\/Kayaking-Eidfjord_Best-Adventures_02-768x512.jpg 768w, https:\/\/www.bookhardanger.com\/wp-content\/uploads\/2025\/02\/Kayaking-Eidfjord_Best-Adventures_02-1536x1024.jpg 1536w, https:\/\/www.bookhardanger.com\/wp-content\/uploads\/2025\/02\/Kayaking-Eidfjord_Best-Adventures_02.jpg 2048w\" sizes=\"auto, (max-width: 1024px) 100vw, 1024px\" \/><button\n\t\t\tclass=\"lightbox-trigger\"\n\t\t\ttype=\"button\"\n\t\t\taria-haspopup=\"dialog\"\n\t\t\taria-label=\"Vergr\u00f6\u00dfern\"\n\t\t\tdata-wp-init=\"callbacks.initTriggerButton\"\n\t\t\tdata-wp-on--click=\"actions.showLightbox\"\n\t\t\tdata-wp-style--right=\"state.imageButtonRight\"\n\t\t\tdata-wp-style--top=\"state.imageButtonTop\"\n\t\t>\n\t\t\t<svg xmlns=\"http:\/\/www.w3.org\/2000\/svg\" width=\"12\" height=\"12\" fill=\"none\" viewBox=\"0 0 12 12\">\n\t\t\t\t<path fill=\"#fff\" d=\"M2 0a2 2 0 0 0-2 2v2h1.5V2a.5.5 0 0 1 .5-.5h2V0H2Zm2 10.5H2a.5.5 0 0 1-.5-.5V8H0v2a2 2 0 0 0 2 2h2v-1.5ZM8 12v-1.5h2a.5.5 0 0 0 .5-.5V8H12v2a2 2 0 0 1-2 2H8Zm2-12a2 2 0 0 1 2 2v2h-1.5V2a.5.5 0 0 0-.5-.5H8V0h2Z\" \/>\n\t\t\t<\/svg>\n\t\t<\/button><\/figure>\n\n\n\n<figure data-wp-context=\"{&quot;imageId&quot;:&quot;69ec30368b069&quot;}\" data-wp-interactive=\"core\/image\" data-wp-key=\"69ec30368b069\" class=\"wp-block-image size-large wp-lightbox-container\"><img loading=\"lazy\" decoding=\"async\" width=\"1024\" height=\"683\" data-wp-class--hide=\"state.isContentHidden\" data-wp-class--show=\"state.isContentVisible\" data-wp-init=\"callbacks.setButtonStyles\" data-wp-on--click=\"actions.showLightbox\" data-wp-on--load=\"callbacks.setButtonStyles\" data-wp-on-window--resize=\"callbacks.setButtonStyles\" data-id=\"388\" src=\"https:\/\/www.bookhardanger.com\/wp-content\/uploads\/2025\/02\/Kayaking-Eidfjord_Best-Adventures_04-1024x683.jpg\" alt=\"\" class=\"wp-image-388\" srcset=\"https:\/\/www.bookhardanger.com\/wp-content\/uploads\/2025\/02\/Kayaking-Eidfjord_Best-Adventures_04-1024x683.jpg 1024w, https:\/\/www.bookhardanger.com\/wp-content\/uploads\/2025\/02\/Kayaking-Eidfjord_Best-Adventures_04-300x200.jpg 300w, https:\/\/www.bookhardanger.com\/wp-content\/uploads\/2025\/02\/Kayaking-Eidfjord_Best-Adventures_04-768x512.jpg 768w, https:\/\/www.bookhardanger.com\/wp-content\/uploads\/2025\/02\/Kayaking-Eidfjord_Best-Adventures_04-1536x1024.jpg 1536w, https:\/\/www.bookhardanger.com\/wp-content\/uploads\/2025\/02\/Kayaking-Eidfjord_Best-Adventures_04.jpg 2048w\" sizes=\"auto, (max-width: 1024px) 100vw, 1024px\" \/><button\n\t\t\tclass=\"lightbox-trigger\"\n\t\t\ttype=\"button\"\n\t\t\taria-haspopup=\"dialog\"\n\t\t\taria-label=\"Vergr\u00f6\u00dfern\"\n\t\t\tdata-wp-init=\"callbacks.initTriggerButton\"\n\t\t\tdata-wp-on--click=\"actions.showLightbox\"\n\t\t\tdata-wp-style--right=\"state.imageButtonRight\"\n\t\t\tdata-wp-style--top=\"state.imageButtonTop\"\n\t\t>\n\t\t\t<svg xmlns=\"http:\/\/www.w3.org\/2000\/svg\" width=\"12\" height=\"12\" fill=\"none\" viewBox=\"0 0 12 12\">\n\t\t\t\t<path fill=\"#fff\" d=\"M2 0a2 2 0 0 0-2 2v2h1.5V2a.5.5 0 0 1 .5-.5h2V0H2Zm2 10.5H2a.5.5 0 0 1-.5-.5V8H0v2a2 2 0 0 0 2 2h2v-1.5ZM8 12v-1.5h2a.5.5 0 0 0 .5-.5V8H12v2a2 2 0 0 1-2 2H8Zm2-12a2 2 0 0 1 2 2v2h-1.5V2a.5.5 0 0 0-.5-.5H8V0h2Z\" \/>\n\t\t\t<\/svg>\n\t\t<\/button><\/figure>\n\n\n\n<figure data-wp-context=\"{&quot;imageId&quot;:&quot;69ec30368b73d&quot;}\" data-wp-interactive=\"core\/image\" data-wp-key=\"69ec30368b73d\" class=\"wp-block-image size-large wp-lightbox-container\"><img loading=\"lazy\" decoding=\"async\" width=\"1024\" height=\"683\" data-wp-class--hide=\"state.isContentHidden\" data-wp-class--show=\"state.isContentVisible\" data-wp-init=\"callbacks.setButtonStyles\" data-wp-on--click=\"actions.showLightbox\" data-wp-on--load=\"callbacks.setButtonStyles\" data-wp-on-window--resize=\"callbacks.setButtonStyles\" data-id=\"389\" src=\"https:\/\/www.bookhardanger.com\/wp-content\/uploads\/2025\/02\/Kayaking-Eidfjord_Best-Adventures_05-1024x683.jpg\" alt=\"\" class=\"wp-image-389\" srcset=\"https:\/\/www.bookhardanger.com\/wp-content\/uploads\/2025\/02\/Kayaking-Eidfjord_Best-Adventures_05-1024x683.jpg 1024w, https:\/\/www.bookhardanger.com\/wp-content\/uploads\/2025\/02\/Kayaking-Eidfjord_Best-Adventures_05-300x200.jpg 300w, https:\/\/www.bookhardanger.com\/wp-content\/uploads\/2025\/02\/Kayaking-Eidfjord_Best-Adventures_05-768x512.jpg 768w, https:\/\/www.bookhardanger.com\/wp-content\/uploads\/2025\/02\/Kayaking-Eidfjord_Best-Adventures_05-1536x1024.jpg 1536w, https:\/\/www.bookhardanger.com\/wp-content\/uploads\/2025\/02\/Kayaking-Eidfjord_Best-Adventures_05.jpg 2048w\" sizes=\"auto, (max-width: 1024px) 100vw, 1024px\" \/><button\n\t\t\tclass=\"lightbox-trigger\"\n\t\t\ttype=\"button\"\n\t\t\taria-haspopup=\"dialog\"\n\t\t\taria-label=\"Vergr\u00f6\u00dfern\"\n\t\t\tdata-wp-init=\"callbacks.initTriggerButton\"\n\t\t\tdata-wp-on--click=\"actions.showLightbox\"\n\t\t\tdata-wp-style--right=\"state.imageButtonRight\"\n\t\t\tdata-wp-style--top=\"state.imageButtonTop\"\n\t\t>\n\t\t\t<svg xmlns=\"http:\/\/www.w3.org\/2000\/svg\" width=\"12\" height=\"12\" fill=\"none\" viewBox=\"0 0 12 12\">\n\t\t\t\t<path fill=\"#fff\" d=\"M2 0a2 2 0 0 0-2 2v2h1.5V2a.5.5 0 0 1 .5-.5h2V0H2Zm2 10.5H2a.5.5 0 0 1-.5-.5V8H0v2a2 2 0 0 0 2 2h2v-1.5ZM8 12v-1.5h2a.5.5 0 0 0 .5-.5V8H12v2a2 2 0 0 1-2 2H8Zm2-12a2 2 0 0 1 2 2v2h-1.5V2a.5.5 0 0 0-.5-.5H8V0h2Z\" \/>\n\t\t\t<\/svg>\n\t\t<\/button><\/figure>\n<figcaption class=\"blocks-gallery-caption wp-element-caption\">\u00a9 Best Adventures Eidfjord<\/figcaption><\/figure>\n\n<h2 class=\"wp-block-heading\">H\u00e4ufige Fragen<\/h2>\n\n<h3 class=\"wp-block-heading\"><strong>Brauche ich Erfahrung, um an der Tour teilzunehmen?<\/strong><\/h3>\n\n<p>Nein. Die meisten Kajaktouren sind auch f\u00fcr Anf\u00e4nger geeignet. Vor der Abfahrt gibt der Guide eine gr\u00fcndliche Einweisung und wichtige Sicherheitshinweise, damit sich alle Teilnehmer gut vorbereitet und sicher f\u00fchlen.<br\/>Bitte lies auch den Abschnitt <strong>\u201cWichtig zu wissen! \u201d <\/strong>unten.<\/p>\n\n<h3 class=\"wp-block-heading\"><strong>K\u00f6nnen Kinder an der Kajaktour teilnehmen?<\/strong><\/h3>\n\n<p>Kinder ab 10 Jahren k\u00f6nnen an der Kajaktour teilnehmen, allerdings nur in Begleitung eines Erwachsenen. Deshalb bieten wir keine Tickets f\u00fcr Kinder ohne erwachsene Begleitperson an.<br\/>F\u00fcr Jugendliche ab 15 Jahren muss ein regul\u00e4res Erwachsenenticket gebucht werden.<\/p>\n\n<h3 class=\"wp-block-heading\"><strong>Muss ich schwimmen k\u00f6nnen?<\/strong><\/h3>\n\n<p>Auch wenn alle Teilnehmer eine Schwimmweste erhalten, m\u00fcssen alle Teilnehmer schwimmen k\u00f6nnen.<\/p>\n\n<h3 class=\"wp-block-heading\"><strong>Was passiert bei schlechtem Wetter?<\/strong><\/h3>\n\n<p>Kajaktouren finden normalerweise bei den meisten Wetterbedingungen statt \u2013 auch bei Regen.<br\/>Bei starkem Wind oder anderen Wetterbedingungen, die die Sicherheit beeintr\u00e4chtigen k\u00f6nnten, kann der Veranstalter die Tour jedoch absagen. In diesem Fall erh\u00e4ltst du selbstverst\u00e4ndlich eine vollst\u00e4ndige R\u00fcckerstattung oder die M\u00f6glichkeit, an einer anderen Tour teilzunehmen, sofern Pl\u00e4tze verf\u00fcgbar sind.<\/p>\n\n<h3 class=\"wp-block-heading\"><strong>Was sollte ich anziehen?<\/strong><\/h3>\n\n<p>Wir empfehlen warme, winddichte und wasserdichte Kleidung sowie feste, wasserdichte Schuhe.<br\/>Au\u00dferdem ist es sinnvoll, Ersatzkleidung zum Wechseln nach der Tour mitzunehmen \u2013 nur f\u00fcr den Fall.<\/p>\n\n<h3 class=\"wp-block-heading\"><strong>Kann ich meine Kamera oder mein Handy mitnehmen?<\/strong><\/h3>\n\n<p>Nat\u00fcrlich \u2013 wir verstehen gut, dass du Fotos von deiner Kajaktour machen m\u00f6chtest.<br\/>Wir empfehlen jedoch dringend, eine wasserdichte Tasche oder Box f\u00fcr Kamera und andere pers\u00f6nliche Gegenst\u00e4nde mitzubringen. Bitte beachte, dass alle pers\u00f6nlichen Gegenst\u00e4nde, die du mitbringst, in deiner eigenen Verantwortung liegen.<\/p>\n\n<h3 class=\"wp-block-heading\"><strong>Ich finde keine verf\u00fcgbaren Touren<\/strong><\/h3>\n\n<p>Bitte \u00fcberpr\u00fcfe den Kalender, um zu sehen, an welchen Tagen Tickets verf\u00fcgbar sind. Wenn m\u00f6glich, schaue auch nach alternativen Terminen.<\/p>\n\n<h3 class=\"wp-block-heading\"><strong>Warum kann ich kein Ticket f\u00fcr nur eine Person buchen?<\/strong><\/h3>\n\n<p>Der Veranstalter ben\u00f6tigt mindestens zwei Teilnehmer, damit die Tour stattfinden kann. Deshalb ist eine Buchung f\u00fcr nur eine Person leider nicht m\u00f6glich.<\/p>\n\n<p>Wir wissen, dass das Buchungssystem etwas verwirrend sein kann. Hier ist eine kurze Erkl\u00e4rung:<\/p>\n\n<ul class=\"wp-block-list\">\n<li><strong>Tickets f\u00fcr 3 Erwachsene und 1 Kind<\/strong><br\/>W\u00e4hle 1 Ticket<strong> \u201eZwei Erwachsene\u201c<\/strong> und 1 Ticket<strong> \u201eErwachsener (15) + Kind (10\u201314)\u201c<\/strong>.<\/li>\n\n\n\n<li><strong>Tickets f\u00fcr 2 Erwachsene und 2 Kinder<\/strong><br\/>W\u00e4hle 2 Tickets<strong> \u201eErwachsener (15) + Kind (10\u201314)\u201c<\/strong>.<\/li>\n\n\n\n<li><strong>Tickets f\u00fcr 3 Erwachsene<\/strong><br\/>W\u00e4hle 1 Ticket<strong> \u201eZwei Erwachsene\u201c<\/strong>. Nachdem du die Uhrzeit gew\u00e4hlt hast, kannst du ein Ticket<strong> \u201ezus\u00e4tzlicher Erwachsener\u201c<\/strong> hinzuf\u00fcgen.<\/li>\n\n\n\n<li><strong>Tickets f\u00fcr 2 Erwachsene und 1 Kind<\/strong><br\/>W\u00e4hle 1 Ticket<strong> \u201eErwachsener (15) + Kind (10\u201314)\u201c<\/strong>. Nachdem du die Uhrzeit gew\u00e4hlt hast, kannst du ein Ticket<strong> \u201ezus\u00e4tzlicher Erwachsener\u201c<\/strong> hinzuf\u00fcgen.<\/li>\n\n\n\n<li><strong>Tickets f\u00fcr 2 Erwachsene und 3 Kinder<\/strong><br\/>Leider nicht m\u00f6glich, da jedes Kind zwischen 10 und 14 Jahren von einem Erwachsenen begleitet werden muss.<\/li>\n<\/ul>\n","protected":false},"excerpt":{"rendered":"<p>Erleben Sie die Freude am Paddeln auf dem atemberaubenden Hardangerfjord.<\/p>\n","protected":false},"featured_media":1439,"parent":0,"template":"","tags":[],"activity-categories":[54],"location":[60],"class_list":["post-1438","product","type-product","status-publish","has-post-thumbnail","hentry","activity-categories-activurlaub","location-eidfjord-de"],"acf":[],"_links":{"self":[{"href":"https:\/\/www.bookhardanger.com\/de\/wp-json\/wp\/v2\/product\/1438","targetHints":{"allow":["GET"]}}],"collection":[{"href":"https:\/\/www.bookhardanger.com\/de\/wp-json\/wp\/v2\/product"}],"about":[{"href":"https:\/\/www.bookhardanger.com\/de\/wp-json\/wp\/v2\/types\/product"}],"wp:featuredmedia":[{"embeddable":true,"href":"https:\/\/www.bookhardanger.com\/de\/wp-json\/wp\/v2\/media\/1439"}],"wp:attachment":[{"href":"https:\/\/www.bookhardanger.com\/de\/wp-json\/wp\/v2\/media?parent=1438"}],"wp:term":[{"taxonomy":"post_tag","embeddable":true,"href":"https:\/\/www.bookhardanger.com\/de\/wp-json\/wp\/v2\/tags?post=1438"},{"taxonomy":"activity-categories","embeddable":true,"href":"https:\/\/www.bookhardanger.com\/de\/wp-json\/wp\/v2\/activity-categories?post=1438"},{"taxonomy":"location","embeddable":true,"href":"https:\/\/www.bookhardanger.com\/de\/wp-json\/wp\/v2\/location?post=1438"}],"curies":[{"name":"wp","href":"https:\/\/api.w.org\/{rel}","templated":true}]}}