{"id":1441,"date":"2025-02-28T21:59:43","date_gmt":"2025-02-28T21:59:43","guid":{"rendered":"https:\/\/www.bookhardanger.com\/products\/kulturelle-wandertour-in-ulvik\/"},"modified":"2025-03-27T14:29:18","modified_gmt":"2025-03-27T14:29:18","slug":"kulturelle-wandertour-in-ulvik","status":"publish","type":"product","link":"https:\/\/www.bookhardanger.com\/de\/products\/kulturelle-wandertour-in-ulvik\/","title":{"rendered":"Kulturelle Wandertour in Ulvik"},"content":{"rendered":"\n<p>Begib dich auf einen gef\u00fchrten Spaziergang durch Ulvik, ein kleines Fjorddorf mit einer reichen kulturellen und landwirtschaftlichen Geschichte. Die Tour beginnt im Ortszentrum und f\u00fchrt dich \u00fcber ruhige Wege und Stra\u00dfen mit wundersch\u00f6nen Ausblicken auf den Fjord, die Berge und die umliegenden Obstplantagen.<\/p>\n\n\n\n<p>Mit einem lokalen Guide an deiner Seite erf\u00e4hrst du spannende Geschichten \u00fcber Ulviks Vergangenheit und Gegenwart. Der Weg folgt dem Fluss Tysso, einer wichtigen Wasserstra\u00dfe, die die Geschichte des Dorfes von den ersten Siedlungen bis zur modernen Landwirtschaft gepr\u00e4gt hat. Beim Durchqueren der Obstfarmen lernst du, wie das einzigartige Klima und die Traditionen Hardanger zu einer der wichtigsten Obstregionen Norwegens machen.<\/p>\n\n\n\n<p>Ein Halt am Hofladen von Syse Gard gibt dir die M\u00f6glichkeit, lokale Produkte zu kaufen. Der familiengef\u00fchrte Hof bietet saisonale Spezialit\u00e4ten an, von Obst und Cidre bis hin zu ger\u00e4uchertem Fleisch und Marmeladen. Nach der Pause auf Syse Gard geht es zur\u00fcck ins Zentrum von Ulvik, wo du den Ort anschlie\u00dfend in deinem eigenen Tempo weiter erkunden kannst.<\/p>\n\n\n\n<p>Diese Wanderung ist eine gro\u00dfartige M\u00f6glichkeit, Ulviks Landschaft, Kultur und landwirtschaftliche Traditionen kennenzulernen \u2013 mit spannenden Einblicken von einem ortskundigen Guide.<\/p>\n\n\n\n<figure class=\"wp-block-gallery has-nested-images columns-2 is-cropped wp-block-gallery-1 is-layout-flex wp-block-gallery-is-layout-flex\">\n<figure class=\"wp-block-image size-large\"><img loading=\"lazy\" decoding=\"async\" width=\"683\" height=\"1024\" data-id=\"689\" src=\"https:\/\/www.bookhardanger.com\/wp-content\/uploads\/2025\/02\/Ulvik_Orchards_02-683x1024.jpg\" alt=\"\" class=\"wp-image-689\" srcset=\"https:\/\/www.bookhardanger.com\/wp-content\/uploads\/2025\/02\/Ulvik_Orchards_02-683x1024.jpg 683w, https:\/\/www.bookhardanger.com\/wp-content\/uploads\/2025\/02\/Ulvik_Orchards_02-200x300.jpg 200w, https:\/\/www.bookhardanger.com\/wp-content\/uploads\/2025\/02\/Ulvik_Orchards_02-768x1152.jpg 768w, https:\/\/www.bookhardanger.com\/wp-content\/uploads\/2025\/02\/Ulvik_Orchards_02-1024x1536.jpg 1024w, https:\/\/www.bookhardanger.com\/wp-content\/uploads\/2025\/02\/Ulvik_Orchards_02.jpg 1365w\" sizes=\"auto, (max-width: 683px) 100vw, 683px\" \/><\/figure>\n\n\n\n<figure class=\"wp-block-image size-large\"><img loading=\"lazy\" decoding=\"async\" width=\"768\" height=\"1024\" data-id=\"688\" src=\"https:\/\/www.bookhardanger.com\/wp-content\/uploads\/2025\/02\/Ulvik_Foto-Ina-Hakestad-768x1024.jpg\" alt=\"\" class=\"wp-image-688\" srcset=\"https:\/\/www.bookhardanger.com\/wp-content\/uploads\/2025\/02\/Ulvik_Foto-Ina-Hakestad-768x1024.jpg 768w, https:\/\/www.bookhardanger.com\/wp-content\/uploads\/2025\/02\/Ulvik_Foto-Ina-Hakestad-225x300.jpg 225w, https:\/\/www.bookhardanger.com\/wp-content\/uploads\/2025\/02\/Ulvik_Foto-Ina-Hakestad-1152x1536.jpg 1152w, https:\/\/www.bookhardanger.com\/wp-content\/uploads\/2025\/02\/Ulvik_Foto-Ina-Hakestad.jpg 1536w\" sizes=\"auto, (max-width: 768px) 100vw, 768px\" \/><\/figure>\n\n\n\n<figure class=\"wp-block-image size-large\"><img loading=\"lazy\" decoding=\"async\" width=\"1024\" height=\"683\" data-id=\"687\" src=\"https:\/\/www.bookhardanger.com\/wp-content\/uploads\/2025\/02\/Ulvik_Walking-Tour_Angr_01-1024x683.jpg\" alt=\"\" class=\"wp-image-687\" srcset=\"https:\/\/www.bookhardanger.com\/wp-content\/uploads\/2025\/02\/Ulvik_Walking-Tour_Angr_01-1024x683.jpg 1024w, https:\/\/www.bookhardanger.com\/wp-content\/uploads\/2025\/02\/Ulvik_Walking-Tour_Angr_01-300x200.jpg 300w, https:\/\/www.bookhardanger.com\/wp-content\/uploads\/2025\/02\/Ulvik_Walking-Tour_Angr_01-768x512.jpg 768w, https:\/\/www.bookhardanger.com\/wp-content\/uploads\/2025\/02\/Ulvik_Walking-Tour_Angr_01-1536x1024.jpg 1536w, https:\/\/www.bookhardanger.com\/wp-content\/uploads\/2025\/02\/Ulvik_Walking-Tour_Angr_01.jpg 2048w\" sizes=\"auto, (max-width: 1024px) 100vw, 1024px\" \/><\/figure>\n<figcaption class=\"blocks-gallery-caption wp-element-caption\">\u00a9 Ina Hakestad | \u00a9  Angr<\/figcaption><\/figure>\n\n\n\n<p><strong>Das solltest du mitbringen:<\/strong><\/p>\n\n\n\n<ul class=\"wp-block-list\">\n<li>Gute Wanderschuhe<\/li>\n\n\n\n<li>Wasser und eine kleine St\u00e4rkung<\/li>\n\n\n\n<li>Wettergerechte Kleidung<\/li>\n<\/ul>\n\n\n\n<p><\/p>\n","protected":false},"excerpt":{"rendered":"<p>Lerne die \u201ePerle des Hardanger\u201c auf einem spannenden Spaziergang mit einem lokalen Guide kennen.<\/p>\n","protected":false},"featured_media":1442,"parent":0,"template":"","tags":[],"activity-categories":[55,53],"location":[62],"class_list":["post-1441","product","type-product","status-publish","has-post-thumbnail","hentry","activity-categories-essen-kultur","activity-categories-sightseeing-touren","location-ulvik-de"],"acf":[],"_links":{"self":[{"href":"https:\/\/www.bookhardanger.com\/de\/wp-json\/wp\/v2\/product\/1441","targetHints":{"allow":["GET"]}}],"collection":[{"href":"https:\/\/www.bookhardanger.com\/de\/wp-json\/wp\/v2\/product"}],"about":[{"href":"https:\/\/www.bookhardanger.com\/de\/wp-json\/wp\/v2\/types\/product"}],"wp:featuredmedia":[{"embeddable":true,"href":"https:\/\/www.bookhardanger.com\/de\/wp-json\/wp\/v2\/media\/1442"}],"wp:attachment":[{"href":"https:\/\/www.bookhardanger.com\/de\/wp-json\/wp\/v2\/media?parent=1441"}],"wp:term":[{"taxonomy":"post_tag","embeddable":true,"href":"https:\/\/www.bookhardanger.com\/de\/wp-json\/wp\/v2\/tags?post=1441"},{"taxonomy":"activity-categories","embeddable":true,"href":"https:\/\/www.bookhardanger.com\/de\/wp-json\/wp\/v2\/activity-categories?post=1441"},{"taxonomy":"location","embeddable":true,"href":"https:\/\/www.bookhardanger.com\/de\/wp-json\/wp\/v2\/location?post=1441"}],"curies":[{"name":"wp","href":"https:\/\/api.w.org\/{rel}","templated":true}]}}