{"id":1443,"date":"2025-02-19T14:55:52","date_gmt":"2025-02-19T14:55:52","guid":{"rendered":"https:\/\/www.bookhardanger.com\/products\/fruehling-kajakfahren-von-eidfjord\/"},"modified":"2026-03-12T16:19:19","modified_gmt":"2026-03-12T16:19:19","slug":"fruehling-kajakfahren-von-eidfjord","status":"publish","type":"product","link":"https:\/\/www.bookhardanger.com\/de\/products\/fruehling-kajakfahren-von-eidfjord\/","title":{"rendered":"Fr\u00fchling-Kajakfahren von Eidfjord"},"content":{"rendered":"\n<p>Der fr\u00fche Fr\u00fchling, oft als das \u201eErwachen der Natur\u201c bezeichnet, markiert den \u00dcbergang von der winterlichen K\u00e4lte zu milderen, w\u00e4rmeren Tagen. Es ist die Zeit, in der die Natur aus ihrem Winterschlaf erwacht \u2013 Knospen sprie\u00dfen, Vogelgesang erf\u00fcllt die Luft, und die Landschaft erstrahlt allm\u00e4hlich in lebhaften Farben.<\/p>\n\n<p>Begib dich auf eine malerische Kajaktour ab Eidfjord, um diesen Wandel mit eigenen Augen zu sehen, zu sp\u00fcren und zu h\u00f6ren.<\/p>\n\n<p>Unter der Leitung erfahrener Kajak-Instruktoren erh\u00e4ltst du zun\u00e4chst eine Einf\u00fchrung ins Paddeln, bevor du dich auf den Fjord begibst. W\u00e4hrend du durch das kristallklare Wasser gleitest, umgeben von schneebedeckten Berggipfeln, wirst du die wahre Magie des Nordens sp\u00fcren.<\/p>\n\n<p>Halte die Augen offen \u2013 mit etwas Gl\u00fcck entdeckst du verspielte Robben, majest\u00e4tische Seeadler oder sogar Schweinswale und Orcas.<\/p>\n\n<p>Die Kajaktouren im fr\u00fchen Fr\u00fchling sind f\u00fcr alle Erfahrungsstufen geeignet, vom Anf\u00e4nger bis zum Profi.<\/p>\n\n<p>Von Eidfjord aus paddeln wir in Richtung des Simadalsfjords, der sich am Ende des schmalen und majest\u00e4tischen Simadalen-Tals erstreckt.<\/p>\n\n<p><strong>Im Preis inbegriffen:<\/strong><\/p>\n\n<ul class=\"wp-block-list\">\n<li>Kajakausr\u00fcstung, einschlie\u00dflich Trockenanzug<\/li>\n<\/ul>\n\n<p><strong>Das solltest du mitbringen:<\/strong><\/p>\n\n<ul class=\"wp-block-list\">\n<li>Eine Flasche Wasser<\/li>\n\n\n\n<li>Schokolade, Trockenfr\u00fcchte oder andere kleine Snacks<\/li>\n<\/ul>\n\n<div style=\"height:60px\" aria-hidden=\"true\" class=\"wp-block-spacer\"><\/div>\n\n<h2 class=\"wp-block-heading\">H\u00e4ufige Fragen<\/h2>\n\n<h3 class=\"wp-block-heading\"><strong>K\u00f6nnen Kinder an der Kajaktour teilnehmen?<\/strong><\/h3>\n\n<p>Leider nein. Die Teilnehmenden m\u00fcssen mindestens 18 Jahre alt sein, um an dieser Tour teilzunehmen.<\/p>\n\n<h3 class=\"wp-block-heading\"><strong>Muss ich schwimmen k\u00f6nnen?<\/strong><\/h3>\n\n<p>Auch wenn alle Teilnehmer eine Schwimmweste erhalten, m\u00fcssen alle Teilnehmer schwimmen k\u00f6nnen.<\/p>\n\n<h3 class=\"wp-block-heading\"><strong>Was passiert bei schlechtem Wetter?<\/strong><\/h3>\n\n<p>Kajaktouren finden normalerweise bei den meisten Wetterbedingungen statt \u2013 auch bei Regen.<br\/>Bei starkem Wind oder anderen Wetterbedingungen, die die Sicherheit beeintr\u00e4chtigen k\u00f6nnten, kann der Veranstalter die Tour jedoch absagen. In diesem Fall erh\u00e4ltst du selbstverst\u00e4ndlich eine vollst\u00e4ndige R\u00fcckerstattung oder die M\u00f6glichkeit, an einer anderen Tour teilzunehmen, sofern Pl\u00e4tze verf\u00fcgbar sind.<\/p>\n\n<h3 class=\"wp-block-heading\"><strong>Was sollte ich anziehen?<\/strong><\/h3>\n\n<p>Wir empfehlen warme, winddichte und wasserdichte Kleidung sowie feste, wasserdichte Schuhe.<br\/>Au\u00dferdem ist es sinnvoll, Ersatzkleidung zum Wechseln nach der Tour mitzunehmen \u2013 nur f\u00fcr den Fall.<\/p>\n\n<h3 class=\"wp-block-heading\"><strong>Kann ich meine Kamera oder mein Handy mitnehmen?<\/strong><\/h3>\n\n<p>Nat\u00fcrlich \u2013 wir verstehen gut, dass du Fotos von deiner Kajaktour machen m\u00f6chtest.<br\/>Wir empfehlen jedoch dringend, eine wasserdichte Tasche oder Box f\u00fcr Kamera und andere pers\u00f6nliche Gegenst\u00e4nde mitzubringen. Bitte beachte, dass alle pers\u00f6nlichen Gegenst\u00e4nde, die du mitbringst, in deiner eigenen Verantwortung liegen.<\/p>\n\n<h3 class=\"wp-block-heading\"><strong>Warum kann ich kein Ticket f\u00fcr nur eine Person buchen?<\/strong><\/h3>\n\n<p>Der Veranstalter ben\u00f6tigt mindestens zwei Teilnehmer, damit die Tour stattfinden kann. Deshalb ist eine Buchung f\u00fcr nur eine Person leider nicht m\u00f6glich.<\/p>\n\n<p>Wenn du ein Ticket f\u00fcr <strong data-start=\"224\" data-end=\"240\">3 Erwachsene<\/strong> buchen m\u00f6chtest &#8211; w\u00e4hle <strong data-start=\"266\" data-end=\"291\">1 Ticket \u201eTwo adults\u201c<\/strong>, und nachdem du die gew\u00fcnschte Uhrzeit ausgew\u00e4hlt hast, kannst du <strong data-start=\"358\" data-end=\"391\" data-is-only-node=\"\">ein Ticket \u201eadditional adult\u201c<\/strong> hinzuf\u00fcgen.<\/p>\n","protected":false},"excerpt":{"rendered":"<p>Erlebe die Magie des Seekajaks im fr\u00fchen Fr\u00fchling am Fjord.<\/p>\n","protected":false},"featured_media":1444,"parent":0,"template":"","tags":[],"activity-categories":[54],"location":[60],"class_list":["post-1443","product","type-product","status-publish","has-post-thumbnail","hentry","activity-categories-activurlaub","location-eidfjord-de"],"acf":[],"_links":{"self":[{"href":"https:\/\/www.bookhardanger.com\/de\/wp-json\/wp\/v2\/product\/1443","targetHints":{"allow":["GET"]}}],"collection":[{"href":"https:\/\/www.bookhardanger.com\/de\/wp-json\/wp\/v2\/product"}],"about":[{"href":"https:\/\/www.bookhardanger.com\/de\/wp-json\/wp\/v2\/types\/product"}],"wp:featuredmedia":[{"embeddable":true,"href":"https:\/\/www.bookhardanger.com\/de\/wp-json\/wp\/v2\/media\/1444"}],"wp:attachment":[{"href":"https:\/\/www.bookhardanger.com\/de\/wp-json\/wp\/v2\/media?parent=1443"}],"wp:term":[{"taxonomy":"post_tag","embeddable":true,"href":"https:\/\/www.bookhardanger.com\/de\/wp-json\/wp\/v2\/tags?post=1443"},{"taxonomy":"activity-categories","embeddable":true,"href":"https:\/\/www.bookhardanger.com\/de\/wp-json\/wp\/v2\/activity-categories?post=1443"},{"taxonomy":"location","embeddable":true,"href":"https:\/\/www.bookhardanger.com\/de\/wp-json\/wp\/v2\/location?post=1443"}],"curies":[{"name":"wp","href":"https:\/\/api.w.org\/{rel}","templated":true}]}}