{"id":1445,"date":"2025-01-13T20:48:42","date_gmt":"2025-01-13T20:48:42","guid":{"rendered":"https:\/\/www.bookhardanger.com\/products\/eidfjord-rundfahrt-mit-der-trollbahn\/"},"modified":"2026-03-12T06:54:53","modified_gmt":"2026-03-12T06:54:53","slug":"eidfjord-rundfahrt-mit-der-trollbahn","status":"publish","type":"product","link":"https:\/\/www.bookhardanger.com\/de\/products\/eidfjord-rundfahrt-mit-der-trollbahn\/","title":{"rendered":"Eidfjord Rundfahrt mit der Trollbahn"},"content":{"rendered":"\n<p>Der Trollbahn (Bimmelbahn) beginnt seine Fahrt im Zentrum von Eidfjord, etwas oberhalb der Touristeninformation und neben dem Coop Supermarkt. In 50 Minuten bringt er dich zu einigen der spannendsten Sehensw\u00fcrdigkeiten im Dorf.<\/p>\n\n<h3 class=\"wp-block-heading\">Fjordblick und uralte Gr\u00e4ber<\/h3>\n\n<p>Zuerst f\u00e4hrt der Zug zur H\u00e6reid-Terrasse und passiert dabei das gr\u00f6\u00dfte pr\u00e4historische Gr\u00e4berfeld in Westnorwegen. Rund 100 Meter \u00fcber dem Meeresspiegel befinden sich hier fast 400 Grabh\u00fcgel aus der Eisenzeit und der Wikingerzeit. Anschlie\u00dfend h\u00e4lt der Zug f\u00fcr eine kurze Fotopause mit einem fantastischen Blick auf das Dorf und den Fjord.<\/p>\n\n<h3 class=\"wp-block-heading\">Besuche die alte Kirche von Eidfjord mit dem Trollzug<\/h3>\n\n<p>Danach geht die Fahrt zur\u00fcck durch das Dorfzentrum und weiter zur L\u00e6greid-Terrasse, wo der Zug an der alten Kirche von Eidfjord einen weiteren kurzen Stopp einlegt. Von hier aus kannst du entweder mit dem Zug zur\u00fcck ins Zentrum fahren oder die etwa 10-min\u00fctige Strecke zu Fu\u00df zur\u00fccklegen.<\/p>\n\n<div style=\"height:28px\" aria-hidden=\"true\" class=\"wp-block-spacer\"><\/div>\n\n<h2 class=\"wp-block-heading\">H\u00e4ufige Fragen<\/h2>\n\n<h3 class=\"wp-block-heading\"><h3 class=\"wp-block-heading\"><strong>Wo kann ich Tickets kaufen?<\/strong><\/h3><\/h3>\n\n<p>Tickets kannst du ganz einfach direkt hier auf der Website kaufen, indem du unten auf\u00a0<strong>\u201eJetzt buchen\u201c<\/strong>\u00a0klickst. Book Hardanger ist eine lokale Non-Profit-Organisation, die zur regionalen Wertsch\u00f6pfung und zu einer nachhaltigen Gemeinschaft beitr\u00e4gt.<br\/>Alternativ kannst du Tickets auch pers\u00f6nlich in unserem Kundenzentrum im Eidfjord Tourist Office kaufen.<\/p>\n\n<h3 class=\"wp-block-heading\"><h3 class=\"wp-block-heading\"><strong>Wo steige ich in den Zug ein?<\/strong><\/h3><\/h3>\n\n<p>Der Trollzug startet und endet direkt beim Eidfjord Tourist Office. Die Haltestelle befindet sich am wei\u00dfen Zaun zwischen Coop und dem V\u00f8ringfoss Hotel.<\/p>\n\n<h3 class=\"wp-block-heading\"><h3 class=\"wp-block-heading\"><strong>Kann ich unterwegs ein- und aussteigen, wo ich m\u00f6chte?<\/strong><\/h3><\/h3>\n\n<p>Leider nein. Die Tour hat zwei feste Stopps entlang der Strecke.<br\/>Der erste Stopp ist ein kurzer Halt an einem Aussichtspunkt mit Blick auf den Fjord. Hier steigen alle kurz aus, bevor die Fahrt gemeinsam fortgesetzt wird.<br\/>Der zweite Stopp befindet sich bei der alten Kirche. Dort hast du die M\u00f6glichkeit auszusteigen und in deinem eigenen Tempo zur\u00fcck zum Hafen zu spazieren.<\/p>\n\n<h3 class=\"wp-block-heading\"><h3 class=\"wp-block-heading\"><strong>Ist die Tour f\u00fcr Rollstuhlfahrer geeignet?<\/strong><\/h3><\/h3>\n\n<p>Leider ist der Trollzug nicht f\u00fcr Rollst\u00fchle geeignet, da die Fahrg\u00e4ste selbstst\u00e4ndig ein- und aussteigen k\u00f6nnen m\u00fcssen.<\/p>\n\n<h3 class=\"wp-block-heading\"><h3 class=\"wp-block-heading\"><strong>Kann ich einen Buggy oder Rollator mitnehmen?<\/strong><\/h3><\/h3>\n\n<p>Buggys und Rollatoren k\u00f6nnen leider nicht mit an Bord genommen werden. Diese k\u00f6nnen sicher im Tourist Office abgestellt werden.<br\/>Der Einstieg in den Zug ist f\u00fcr manche G\u00e4ste etwas h\u00f6her. Wenn du Unterst\u00fctzung ben\u00f6tigst, sprich einfach den Fahrer an \u2013 ein kleiner Tritt steht f\u00fcr das Ein- und Aussteigen zur Verf\u00fcgung.<\/p>\n\n<h3 class=\"wp-block-heading\"><h3 class=\"wp-block-heading\"><strong>Was sollte ich anziehen?<\/strong><\/h3><\/h3>\n\n<p>The train is not heated and has open windows on one side, so we recommend Der Zug ist nicht beheizt und hat auf einer Seite offene Fenster. Wir empfehlen daher, sich dem Wetter entsprechend zu kleiden.<\/p>\n\n<h3 class=\"wp-block-heading\"><h3 class=\"wp-block-heading\"><strong>Ist die Tour f\u00fcr Kinder geeignet?<\/strong><\/h3><\/h3>\n\n<p>Ja! Die Fahrt ist entspannt und angenehm.<\/p>\n\n<h3 class=\"wp-block-heading\"><h3 class=\"wp-block-heading\"><strong>F\u00e4hrt der Trollzug jeden Tag?<\/strong><\/h3><\/h3>\n\n<p>Der Trollzug in Eidfjord f\u00e4hrt nicht t\u00e4glich. In der Regel gibt es Fahrten an Tagen, an denen ein Kreuzfahrtschiff in Eidfjord anlegt. Bitte wirf einen Blick in unseren Kalender f\u00fcr die aktuellen Fahrttermine.<\/p>\n\n<h3 class=\"wp-block-heading\"><h3 class=\"wp-block-heading\"><strong>Gibt es eine F\u00fchrung w\u00e4hrend der Fahrt?<\/strong><\/h3><\/h3>\n\n<p>Ja, w\u00e4hrend der Tour gibt es einen Audioguide auf Englisch oder Deutsch. Wenn Eidfjord von einem deutschen Kreuzfahrtschiff besucht wird, ist der Audioguide auf Deutsch verf\u00fcgbar.<\/p>\n\n<p><\/p>\n","protected":false},"excerpt":{"rendered":"<p>Der Trollzug, der auf R\u00e4dern f\u00e4hrt, bietet eine 50-min\u00fctige Tour durch das Dorf Eidfjord<\/p>\n","protected":false},"featured_media":1447,"parent":0,"template":"","tags":[],"activity-categories":[53],"location":[60],"class_list":["post-1445","product","type-product","status-publish","has-post-thumbnail","hentry","activity-categories-sightseeing-touren","location-eidfjord-de"],"acf":[],"_links":{"self":[{"href":"https:\/\/www.bookhardanger.com\/de\/wp-json\/wp\/v2\/product\/1445","targetHints":{"allow":["GET"]}}],"collection":[{"href":"https:\/\/www.bookhardanger.com\/de\/wp-json\/wp\/v2\/product"}],"about":[{"href":"https:\/\/www.bookhardanger.com\/de\/wp-json\/wp\/v2\/types\/product"}],"wp:featuredmedia":[{"embeddable":true,"href":"https:\/\/www.bookhardanger.com\/de\/wp-json\/wp\/v2\/media\/1447"}],"wp:attachment":[{"href":"https:\/\/www.bookhardanger.com\/de\/wp-json\/wp\/v2\/media?parent=1445"}],"wp:term":[{"taxonomy":"post_tag","embeddable":true,"href":"https:\/\/www.bookhardanger.com\/de\/wp-json\/wp\/v2\/tags?post=1445"},{"taxonomy":"activity-categories","embeddable":true,"href":"https:\/\/www.bookhardanger.com\/de\/wp-json\/wp\/v2\/activity-categories?post=1445"},{"taxonomy":"location","embeddable":true,"href":"https:\/\/www.bookhardanger.com\/de\/wp-json\/wp\/v2\/location?post=1445"}],"curies":[{"name":"wp","href":"https:\/\/api.w.org\/{rel}","templated":true}]}}