{"id":1455,"date":"2025-02-13T12:26:52","date_gmt":"2025-02-13T12:26:52","guid":{"rendered":"https:\/\/www.bookhardanger.com\/products\/gefuehrte-wanderung-ab-norheimsund\/"},"modified":"2025-03-09T13:32:16","modified_gmt":"2025-03-09T13:32:16","slug":"gefuehrte-wanderung-ab-norheimsund","status":"publish","type":"product","link":"https:\/\/www.bookhardanger.com\/de\/products\/gefuehrte-wanderung-ab-norheimsund\/","title":{"rendered":"Gef\u00fchrte Wanderung ab Norheimsund"},"content":{"rendered":"\n<p>Du m\u00f6chtest eine einzigartige Bergwanderung mit Fjordblick, wei\u00dft aber nicht genau, wohin? Dann ist diese Tour genau das Richtige f\u00fcr dich!&nbsp;<\/p>\n\n\n\n<p>Begleite einen erfahrenen Guide auf eine Tour zu einem der versteckten Highlights in Hardanger und genie\u00dfe die beeindruckende Aussicht auf den Hardangerfjord vom Gipfel des Hellefjellet. Die Rundwanderung ist moderat, 4\u20135 km lang und hat einen H\u00f6henunterschied von 250\u2013300 Metern. Unterwegs hast du immer wieder fantastische Ausblicke auf die wundersch\u00f6ne Fjordlandschaft rund um Norheimsund.&nbsp;<\/p>\n\n\n\n<p>Der Weg f\u00fchrt dich \u00fcber schmale Pfade durch W\u00e4lder und offenes Gebirge. Der Anstieg ist gleichm\u00e4\u00dfig, und du kommst an charmanten alten Almh\u00fctten vorbei. Dein Guide erz\u00e4hlt spannende lokale Geschichten und beantwortet deine Fragen zur Umgebung.&nbsp;<\/p>\n\n\n\n<p>Diese Tour ist privat und f\u00fcr maximal 10 Personen.&nbsp;<\/p>\n\n\n\n<p>Praktische Informationen&nbsp;<\/p>\n\n\n\n<p><strong>Dauer:<\/strong> 3,5 Stunden&nbsp;<\/p>\n\n\n\n<p><strong>Im Preis inbegriffen:<\/strong>&nbsp;<\/p>\n\n\n\n<ul class=\"wp-block-list\">\n<li>Leichter Snack\u00a0<\/li>\n\n\n\n<li>Kaffee oder hei\u00dfe Schokolade\u00a0<\/li>\n<\/ul>\n\n\n\n<p><strong>Was du mitbringen solltest:<\/strong>&nbsp;<\/p>\n\n\n\n<ul class=\"wp-block-list\">\n<li>Wanderhose\u00a0<\/li>\n\n\n\n<li>Jacke\u00a0<\/li>\n\n\n\n<li>Shorts und T-Shirt an warmen Tagen\u00a0<\/li>\n\n\n\n<li>Wollpullover oder Fleece\u00a0<\/li>\n\n\n\n<li>Regenkleidung an nassen Tagen\u00a0<\/li>\n\n\n\n<li>M\u00fctze oder Stirnband\u00a0<\/li>\n\n\n\n<li>Buff\u00a0<\/li>\n\n\n\n<li>Wanderschuhe \/ Bergschuhe\u00a0<\/li>\n\n\n\n<li>Warme Socken, am besten aus Wolle\u00a0<\/li>\n\n\n\n<li>0,5\u20131 Liter Wasser\u00a0<\/li>\n\n\n\n<li>Eine kleine Mahlzeit\u00a0<\/li>\n\n\n\n<li>Sonnencreme und Sonnenbrille an sonnigen Tagen\u00a0<\/li>\n\n\n\n<li>10\u201320 Liter Rucksack\u00a0<\/li>\n<\/ul>\n","protected":false},"excerpt":{"rendered":"<p>Komm mit auf eine Wanderung zu einem der versteckten Juwelen Hardangers <\/p>\n","protected":false},"featured_media":1456,"parent":0,"template":"","tags":[],"activity-categories":[59],"location":[64],"class_list":["post-1455","product","type-product","status-publish","has-post-thumbnail","hentry","activity-categories-private-touren","location-oystese-and-norheimsund-de"],"acf":[],"_links":{"self":[{"href":"https:\/\/www.bookhardanger.com\/de\/wp-json\/wp\/v2\/product\/1455","targetHints":{"allow":["GET"]}}],"collection":[{"href":"https:\/\/www.bookhardanger.com\/de\/wp-json\/wp\/v2\/product"}],"about":[{"href":"https:\/\/www.bookhardanger.com\/de\/wp-json\/wp\/v2\/types\/product"}],"wp:featuredmedia":[{"embeddable":true,"href":"https:\/\/www.bookhardanger.com\/de\/wp-json\/wp\/v2\/media\/1456"}],"wp:attachment":[{"href":"https:\/\/www.bookhardanger.com\/de\/wp-json\/wp\/v2\/media?parent=1455"}],"wp:term":[{"taxonomy":"post_tag","embeddable":true,"href":"https:\/\/www.bookhardanger.com\/de\/wp-json\/wp\/v2\/tags?post=1455"},{"taxonomy":"activity-categories","embeddable":true,"href":"https:\/\/www.bookhardanger.com\/de\/wp-json\/wp\/v2\/activity-categories?post=1455"},{"taxonomy":"location","embeddable":true,"href":"https:\/\/www.bookhardanger.com\/de\/wp-json\/wp\/v2\/location?post=1455"}],"curies":[{"name":"wp","href":"https:\/\/api.w.org\/{rel}","templated":true}]}}