{"id":1457,"date":"2025-02-28T22:20:04","date_gmt":"2025-02-28T22:20:04","guid":{"rendered":"https:\/\/www.bookhardanger.com\/products\/gefuehrte-kajaktour-ab-ulvik\/"},"modified":"2025-03-09T13:37:42","modified_gmt":"2025-03-09T13:37:42","slug":"gefuehrte-kajaktour-ab-ulvik","status":"publish","type":"product","link":"https:\/\/www.bookhardanger.com\/de\/products\/gefuehrte-kajaktour-ab-ulvik\/","title":{"rendered":"Gef\u00fchrte Kajaktour ab Ulvik"},"content":{"rendered":"\n<p>Erlebe Hardanger vom Wasser aus auf einer gef\u00fchrten Kajaktour ab dem Brakanes Hotel in Ulvik. In vier Stunden paddelst du durch die ruhigen Fjordgew\u00e4sser und genie\u00dft den Blick auf Berge, Obstplantagen und kleine Bauernh\u00f6fe entlang der K\u00fcste.<\/p>\n\n\n\n<p>Bevor es losgeht, gibt dir dein erfahrener Guide eine grundlegende Einweisung \u2013 die Tour ist also sowohl f\u00fcr Anf\u00e4nger als auch f\u00fcr erfahrene Paddler geeignet. Von Ulvik aus folgst du dem Fjord in Richtung Birjetangen und weiter in den Osafjord, einen ruhigeren Seitenarm des Hardangerfjords. Unterwegs teilt dein Guide spannende Einblicke in die Natur, Kultur und Geschichte der Region.<\/p>\n\n\n\n<p>W\u00e4hrend du durch den Fjord gleitest, erlebst du die Landschaft aus n\u00e4chster N\u00e4he und hast ausreichend Zeit, die friedliche Umgebung zu genie\u00dfen. Nach einer Pause an Land geht es in entspanntem Tempo zur\u00fcck nach Ulvik.<\/p>\n\n\n\n<p>Diese Tour ist eine gro\u00dfartige M\u00f6glichkeit, Hardanger aus einer neuen Perspektive zu entdecken \u2013 mit einem erfahrenen Guide, der f\u00fcr eine sichere und unvergessliche Erfahrung sorgt.<\/p>\n\n\n\n<figure class=\"wp-block-gallery has-nested-images columns-2 is-cropped wp-block-gallery-1 is-layout-flex wp-block-gallery-is-layout-flex\">\n<figure data-wp-context=\"{&quot;imageId&quot;:&quot;69ebe8f4dcdc6&quot;}\" data-wp-interactive=\"core\/image\" data-wp-key=\"69ebe8f4dcdc6\" class=\"wp-block-image size-large wp-lightbox-container\"><img loading=\"lazy\" decoding=\"async\" width=\"1024\" height=\"683\" data-wp-class--hide=\"state.isContentHidden\" data-wp-class--show=\"state.isContentVisible\" data-wp-init=\"callbacks.setButtonStyles\" data-wp-on--click=\"actions.showLightbox\" data-wp-on--load=\"callbacks.setButtonStyles\" data-wp-on-window--resize=\"callbacks.setButtonStyles\" data-id=\"692\" src=\"https:\/\/www.bookhardanger.com\/wp-content\/uploads\/2025\/02\/Ulvik_Kayaking_Angr_Photo_Jon_Hunnalvatn-Ton-08484-1024x683.jpg\" alt=\"\" class=\"wp-image-692\" srcset=\"https:\/\/www.bookhardanger.com\/wp-content\/uploads\/2025\/02\/Ulvik_Kayaking_Angr_Photo_Jon_Hunnalvatn-Ton-08484-1024x683.jpg 1024w, https:\/\/www.bookhardanger.com\/wp-content\/uploads\/2025\/02\/Ulvik_Kayaking_Angr_Photo_Jon_Hunnalvatn-Ton-08484-300x200.jpg 300w, https:\/\/www.bookhardanger.com\/wp-content\/uploads\/2025\/02\/Ulvik_Kayaking_Angr_Photo_Jon_Hunnalvatn-Ton-08484-768x512.jpg 768w, https:\/\/www.bookhardanger.com\/wp-content\/uploads\/2025\/02\/Ulvik_Kayaking_Angr_Photo_Jon_Hunnalvatn-Ton-08484-1536x1024.jpg 1536w, https:\/\/www.bookhardanger.com\/wp-content\/uploads\/2025\/02\/Ulvik_Kayaking_Angr_Photo_Jon_Hunnalvatn-Ton-08484.jpg 1900w\" sizes=\"auto, (max-width: 1024px) 100vw, 1024px\" \/><button\n\t\t\tclass=\"lightbox-trigger\"\n\t\t\ttype=\"button\"\n\t\t\taria-haspopup=\"dialog\"\n\t\t\taria-label=\"Vergr\u00f6\u00dfern\"\n\t\t\tdata-wp-init=\"callbacks.initTriggerButton\"\n\t\t\tdata-wp-on--click=\"actions.showLightbox\"\n\t\t\tdata-wp-style--right=\"state.imageButtonRight\"\n\t\t\tdata-wp-style--top=\"state.imageButtonTop\"\n\t\t>\n\t\t\t<svg xmlns=\"http:\/\/www.w3.org\/2000\/svg\" width=\"12\" height=\"12\" fill=\"none\" viewBox=\"0 0 12 12\">\n\t\t\t\t<path fill=\"#fff\" d=\"M2 0a2 2 0 0 0-2 2v2h1.5V2a.5.5 0 0 1 .5-.5h2V0H2Zm2 10.5H2a.5.5 0 0 1-.5-.5V8H0v2a2 2 0 0 0 2 2h2v-1.5ZM8 12v-1.5h2a.5.5 0 0 0 .5-.5V8H12v2a2 2 0 0 1-2 2H8Zm2-12a2 2 0 0 1 2 2v2h-1.5V2a.5.5 0 0 0-.5-.5H8V0h2Z\" \/>\n\t\t\t<\/svg>\n\t\t<\/button><\/figure>\n\n\n\n<figure data-wp-context=\"{&quot;imageId&quot;:&quot;69ebe8f4dd371&quot;}\" data-wp-interactive=\"core\/image\" data-wp-key=\"69ebe8f4dd371\" class=\"wp-block-image size-large wp-lightbox-container\"><img loading=\"lazy\" decoding=\"async\" width=\"1024\" height=\"683\" data-wp-class--hide=\"state.isContentHidden\" data-wp-class--show=\"state.isContentVisible\" data-wp-init=\"callbacks.setButtonStyles\" data-wp-on--click=\"actions.showLightbox\" data-wp-on--load=\"callbacks.setButtonStyles\" data-wp-on-window--resize=\"callbacks.setButtonStyles\" data-id=\"696\" src=\"https:\/\/www.bookhardanger.com\/wp-content\/uploads\/2025\/02\/Ulvik_Kayaking_Angr_Jon_Hunnalvatn-Ton-0760-1024x683.jpg\" alt=\"\" class=\"wp-image-696\" srcset=\"https:\/\/www.bookhardanger.com\/wp-content\/uploads\/2025\/02\/Ulvik_Kayaking_Angr_Jon_Hunnalvatn-Ton-0760-1024x683.jpg 1024w, https:\/\/www.bookhardanger.com\/wp-content\/uploads\/2025\/02\/Ulvik_Kayaking_Angr_Jon_Hunnalvatn-Ton-0760-300x200.jpg 300w, https:\/\/www.bookhardanger.com\/wp-content\/uploads\/2025\/02\/Ulvik_Kayaking_Angr_Jon_Hunnalvatn-Ton-0760-768x512.jpg 768w, https:\/\/www.bookhardanger.com\/wp-content\/uploads\/2025\/02\/Ulvik_Kayaking_Angr_Jon_Hunnalvatn-Ton-0760-1536x1024.jpg 1536w, https:\/\/www.bookhardanger.com\/wp-content\/uploads\/2025\/02\/Ulvik_Kayaking_Angr_Jon_Hunnalvatn-Ton-0760.jpg 1900w\" sizes=\"auto, (max-width: 1024px) 100vw, 1024px\" \/><button\n\t\t\tclass=\"lightbox-trigger\"\n\t\t\ttype=\"button\"\n\t\t\taria-haspopup=\"dialog\"\n\t\t\taria-label=\"Vergr\u00f6\u00dfern\"\n\t\t\tdata-wp-init=\"callbacks.initTriggerButton\"\n\t\t\tdata-wp-on--click=\"actions.showLightbox\"\n\t\t\tdata-wp-style--right=\"state.imageButtonRight\"\n\t\t\tdata-wp-style--top=\"state.imageButtonTop\"\n\t\t>\n\t\t\t<svg xmlns=\"http:\/\/www.w3.org\/2000\/svg\" width=\"12\" height=\"12\" fill=\"none\" viewBox=\"0 0 12 12\">\n\t\t\t\t<path fill=\"#fff\" d=\"M2 0a2 2 0 0 0-2 2v2h1.5V2a.5.5 0 0 1 .5-.5h2V0H2Zm2 10.5H2a.5.5 0 0 1-.5-.5V8H0v2a2 2 0 0 0 2 2h2v-1.5ZM8 12v-1.5h2a.5.5 0 0 0 .5-.5V8H12v2a2 2 0 0 1-2 2H8Zm2-12a2 2 0 0 1 2 2v2h-1.5V2a.5.5 0 0 0-.5-.5H8V0h2Z\" \/>\n\t\t\t<\/svg>\n\t\t<\/button><\/figure>\n\n\n\n<figure data-wp-context=\"{&quot;imageId&quot;:&quot;69ebe8f4dd89a&quot;}\" data-wp-interactive=\"core\/image\" data-wp-key=\"69ebe8f4dd89a\" class=\"wp-block-image size-large wp-lightbox-container\"><img loading=\"lazy\" decoding=\"async\" width=\"683\" height=\"1024\" data-wp-class--hide=\"state.isContentHidden\" data-wp-class--show=\"state.isContentVisible\" data-wp-init=\"callbacks.setButtonStyles\" data-wp-on--click=\"actions.showLightbox\" data-wp-on--load=\"callbacks.setButtonStyles\" data-wp-on-window--resize=\"callbacks.setButtonStyles\" data-id=\"694\" src=\"https:\/\/www.bookhardanger.com\/wp-content\/uploads\/2025\/02\/Ulvik_Kayaking_Angr_Photo_Jon_Hunnalvatn-Ton-08523-683x1024.jpg\" alt=\"\" class=\"wp-image-694\" srcset=\"https:\/\/www.bookhardanger.com\/wp-content\/uploads\/2025\/02\/Ulvik_Kayaking_Angr_Photo_Jon_Hunnalvatn-Ton-08523-683x1024.jpg 683w, https:\/\/www.bookhardanger.com\/wp-content\/uploads\/2025\/02\/Ulvik_Kayaking_Angr_Photo_Jon_Hunnalvatn-Ton-08523-200x300.jpg 200w, https:\/\/www.bookhardanger.com\/wp-content\/uploads\/2025\/02\/Ulvik_Kayaking_Angr_Photo_Jon_Hunnalvatn-Ton-08523-768x1152.jpg 768w, https:\/\/www.bookhardanger.com\/wp-content\/uploads\/2025\/02\/Ulvik_Kayaking_Angr_Photo_Jon_Hunnalvatn-Ton-08523-1024x1536.jpg 1024w, https:\/\/www.bookhardanger.com\/wp-content\/uploads\/2025\/02\/Ulvik_Kayaking_Angr_Photo_Jon_Hunnalvatn-Ton-08523.jpg 1267w\" sizes=\"auto, (max-width: 683px) 100vw, 683px\" \/><button\n\t\t\tclass=\"lightbox-trigger\"\n\t\t\ttype=\"button\"\n\t\t\taria-haspopup=\"dialog\"\n\t\t\taria-label=\"Vergr\u00f6\u00dfern\"\n\t\t\tdata-wp-init=\"callbacks.initTriggerButton\"\n\t\t\tdata-wp-on--click=\"actions.showLightbox\"\n\t\t\tdata-wp-style--right=\"state.imageButtonRight\"\n\t\t\tdata-wp-style--top=\"state.imageButtonTop\"\n\t\t>\n\t\t\t<svg xmlns=\"http:\/\/www.w3.org\/2000\/svg\" width=\"12\" height=\"12\" fill=\"none\" viewBox=\"0 0 12 12\">\n\t\t\t\t<path fill=\"#fff\" d=\"M2 0a2 2 0 0 0-2 2v2h1.5V2a.5.5 0 0 1 .5-.5h2V0H2Zm2 10.5H2a.5.5 0 0 1-.5-.5V8H0v2a2 2 0 0 0 2 2h2v-1.5ZM8 12v-1.5h2a.5.5 0 0 0 .5-.5V8H12v2a2 2 0 0 1-2 2H8Zm2-12a2 2 0 0 1 2 2v2h-1.5V2a.5.5 0 0 0-.5-.5H8V0h2Z\" \/>\n\t\t\t<\/svg>\n\t\t<\/button><\/figure>\n<figcaption class=\"blocks-gallery-caption wp-element-caption\">\u00a9 Jon Hunn\u00e5lvatn T\u00f8n \/ Angr<\/figcaption><\/figure>\n\n\n\n<p><strong>Im Preis inbegriffen:<\/strong><\/p>\n\n\n\n<ul class=\"wp-block-list\">\n<li>F\u00fchrung<\/li>\n\n\n\n<li>Kajakausr\u00fcstung<\/li>\n<\/ul>\n\n\n\n<p><strong>Das solltest du mitbringen:<\/strong><\/p>\n\n\n\n<ul class=\"wp-block-list\">\n<li>Gute Wanderschuhe<\/li>\n\n\n\n<li>Wasser und eine kleine St\u00e4rkung<\/li>\n\n\n\n<li>Wettergerechte Kleidung<\/li>\n<\/ul>\n","protected":false},"excerpt":{"rendered":"<p>Werde aktiv und erlebe das wundersch\u00f6ne Ulvik vom Kajak aus.<\/p>\n","protected":false},"featured_media":1458,"parent":0,"template":"","tags":[],"activity-categories":[54],"location":[62],"class_list":["post-1457","product","type-product","status-publish","has-post-thumbnail","hentry","activity-categories-activurlaub","location-ulvik-de"],"acf":[],"_links":{"self":[{"href":"https:\/\/www.bookhardanger.com\/de\/wp-json\/wp\/v2\/product\/1457","targetHints":{"allow":["GET"]}}],"collection":[{"href":"https:\/\/www.bookhardanger.com\/de\/wp-json\/wp\/v2\/product"}],"about":[{"href":"https:\/\/www.bookhardanger.com\/de\/wp-json\/wp\/v2\/types\/product"}],"wp:featuredmedia":[{"embeddable":true,"href":"https:\/\/www.bookhardanger.com\/de\/wp-json\/wp\/v2\/media\/1458"}],"wp:attachment":[{"href":"https:\/\/www.bookhardanger.com\/de\/wp-json\/wp\/v2\/media?parent=1457"}],"wp:term":[{"taxonomy":"post_tag","embeddable":true,"href":"https:\/\/www.bookhardanger.com\/de\/wp-json\/wp\/v2\/tags?post=1457"},{"taxonomy":"activity-categories","embeddable":true,"href":"https:\/\/www.bookhardanger.com\/de\/wp-json\/wp\/v2\/activity-categories?post=1457"},{"taxonomy":"location","embeddable":true,"href":"https:\/\/www.bookhardanger.com\/de\/wp-json\/wp\/v2\/location?post=1457"}],"curies":[{"name":"wp","href":"https:\/\/api.w.org\/{rel}","templated":true}]}}