{"id":1462,"date":"2025-02-13T13:48:33","date_gmt":"2025-02-13T13:48:33","guid":{"rendered":"https:\/\/www.bookhardanger.com\/products\/gefuehrte-bergwanderung-ab-oystese\/"},"modified":"2025-03-09T14:49:15","modified_gmt":"2025-03-09T14:49:15","slug":"gefuehrte-bergwanderung-ab-oystese","status":"publish","type":"product","link":"https:\/\/www.bookhardanger.com\/de\/products\/gefuehrte-bergwanderung-ab-oystese\/","title":{"rendered":"Gef\u00fchrte Bergwanderung ab \u00d8ystese"},"content":{"rendered":"\n<p>Diese wundersch\u00f6ne Bergwanderung f\u00fchrt dich zu einem versteckten Aussichtspunkt mit atemberaubendem Blick auf das Fyksesundet und den majest\u00e4tischen Hardangerfjord.&nbsp;<\/p>\n\n\n\n<p>Die Tour ist etwa 5 km lang und hat einen H\u00f6henunterschied von 400\u2013450 Metern. Du steigst schnell in die H\u00f6he und genie\u00dft unterwegs eine fantastische Aussicht auf den Fjord und den Folgefonna-Gletscher.&nbsp;<\/p>\n\n\n\n<p>Dein erfahrener Guide erz\u00e4hlt spannende Geschichten \u00fcber die Umgebung und beantwortet deine Fragen zur Natur und Geschichte der Region.&nbsp;<\/p>\n\n\n\n<p>Diese Tour ist perfekt f\u00fcr alle, die abseits der \u00fcblichen Wege wandern und eine weniger bekannte Ecke von Hardanger entdecken m\u00f6chten.&nbsp;<\/p>\n\n\n\n<p>Praktische Informationen&nbsp;<\/p>\n\n\n\n<p><strong>Dauer:<\/strong> 3,5 Stunden&nbsp;<\/p>\n\n\n\n<p>Diese Tour ist privat und f\u00fcr maximal 10 Personen.&nbsp;<\/p>\n\n\n\n<p><strong>Im Preis inbegriffen:<\/strong>&nbsp;<\/p>\n\n\n\n<ul class=\"wp-block-list\">\n<li>Leichter Snack\u00a0<\/li>\n\n\n\n<li>Kaffee oder hei\u00dfe Schokolade\u00a0<\/li>\n<\/ul>\n\n\n\n<p><strong>Was du mitbringen solltest:<\/strong>&nbsp;<\/p>\n\n\n\n<ul class=\"wp-block-list\">\n<li>Wanderhose\u00a0<\/li>\n\n\n\n<li>Jacke\u00a0<\/li>\n\n\n\n<li>Shorts und T-Shirt an warmen Tagen\u00a0<\/li>\n\n\n\n<li>Wollpullover oder Fleece\u00a0<\/li>\n\n\n\n<li>Regenkleidung an nassen Tagen\u00a0<\/li>\n\n\n\n<li>M\u00fctze oder Stirnband\u00a0<\/li>\n\n\n\n<li>Buff\u00a0<\/li>\n\n\n\n<li>Wanderschuhe \/ Bergschuhe\u00a0<\/li>\n\n\n\n<li>Warme Socken, am besten aus Wolle<\/li>\n\n\n\n<li>0,5\u20131 Liter Wasser\u00a0<\/li>\n\n\n\n<li>Eine kleine Mahlzeit\u00a0<\/li>\n\n\n\n<li>Sonnencreme und Sonnenbrille an sonnigen Tagen<\/li>\n\n\n\n<li>10\u201320 Liter Rucksack\u00a0<\/li>\n<\/ul>\n","protected":false},"excerpt":{"rendered":"<p>Bergwanderung mit Aussicht auf Fyksesundet und den Hardangerfjord <\/p>\n","protected":false},"featured_media":1463,"parent":0,"template":"","tags":[],"activity-categories":[59],"location":[64],"class_list":["post-1462","product","type-product","status-publish","has-post-thumbnail","hentry","activity-categories-private-touren","location-oystese-and-norheimsund-de"],"acf":[],"_links":{"self":[{"href":"https:\/\/www.bookhardanger.com\/de\/wp-json\/wp\/v2\/product\/1462","targetHints":{"allow":["GET"]}}],"collection":[{"href":"https:\/\/www.bookhardanger.com\/de\/wp-json\/wp\/v2\/product"}],"about":[{"href":"https:\/\/www.bookhardanger.com\/de\/wp-json\/wp\/v2\/types\/product"}],"wp:featuredmedia":[{"embeddable":true,"href":"https:\/\/www.bookhardanger.com\/de\/wp-json\/wp\/v2\/media\/1463"}],"wp:attachment":[{"href":"https:\/\/www.bookhardanger.com\/de\/wp-json\/wp\/v2\/media?parent=1462"}],"wp:term":[{"taxonomy":"post_tag","embeddable":true,"href":"https:\/\/www.bookhardanger.com\/de\/wp-json\/wp\/v2\/tags?post=1462"},{"taxonomy":"activity-categories","embeddable":true,"href":"https:\/\/www.bookhardanger.com\/de\/wp-json\/wp\/v2\/activity-categories?post=1462"},{"taxonomy":"location","embeddable":true,"href":"https:\/\/www.bookhardanger.com\/de\/wp-json\/wp\/v2\/location?post=1462"}],"curies":[{"name":"wp","href":"https:\/\/api.w.org\/{rel}","templated":true}]}}