{"id":1465,"date":"2025-02-28T19:04:10","date_gmt":"2025-02-28T19:04:10","guid":{"rendered":"https:\/\/www.bookhardanger.com\/products\/halbtaegige-hundeschlittentour-auf-dem-folgefonna\/"},"modified":"2025-03-09T14:54:44","modified_gmt":"2025-03-09T14:54:44","slug":"halbtaegige-hundeschlittentour-auf-dem-folgefonna","status":"publish","type":"product","link":"https:\/\/www.bookhardanger.com\/de\/products\/halbtaegige-hundeschlittentour-auf-dem-folgefonna\/","title":{"rendered":"Halbt\u00e4gige Hundeschlittentour auf dem Folgefonna"},"content":{"rendered":"\n<p>Erlebe den Folgefonna-Gletscher wie niemand sonst auf dieser halbt\u00e4gigen Tour! Dieses Abenteuer ist perfekt f\u00fcr alle, die einen aufregenden Tag inmitten atemberaubender Natur verbringen m\u00f6chten.<\/p>\n\n\n\n<p>Der Folgefonna-Gletscher ist Norwegens drittgr\u00f6\u00dfter Gletscher und bietet eine spektakul\u00e4re Kulisse mit Blick auf den Hardangerfjord.<\/p>\n\n\n\n<p>Die Huskys sind nicht nur Schlittenhunde, sondern auch treue und liebevolle Begleiter, die dich auf einer aufregenden Fahrt durch den Schnee f\u00fchren. Vorkenntnisse im Hundeschlittenfahren sind nicht erforderlich.<\/p>\n\n\n\n<p>Unterwegs gibt es eine Pause mit traditionellen norwegischen Snacks und warmen Getr\u00e4nken.<\/p>\n\n\n\n<figure class=\"wp-block-gallery has-nested-images columns-2 is-cropped wp-block-gallery-1 is-layout-flex wp-block-gallery-is-layout-flex\">\n<figure data-wp-context=\"{&quot;imageId&quot;:&quot;69ec17ff98b1e&quot;}\" data-wp-interactive=\"core\/image\" data-wp-key=\"69ec17ff98b1e\" class=\"wp-block-image size-large wp-lightbox-container\"><img loading=\"lazy\" decoding=\"async\" width=\"1024\" height=\"683\" data-wp-class--hide=\"state.isContentHidden\" data-wp-class--show=\"state.isContentVisible\" data-wp-init=\"callbacks.setButtonStyles\" data-wp-on--click=\"actions.showLightbox\" data-wp-on--load=\"callbacks.setButtonStyles\" data-wp-on-window--resize=\"callbacks.setButtonStyles\" data-id=\"682\" src=\"https:\/\/www.bookhardanger.com\/wp-content\/uploads\/2025\/02\/38_VHF0624_Husky-Camp_Kred-Visit-Hardangerfjord-1-1024x683.jpg\" alt=\"\" class=\"wp-image-682\" srcset=\"https:\/\/www.bookhardanger.com\/wp-content\/uploads\/2025\/02\/38_VHF0624_Husky-Camp_Kred-Visit-Hardangerfjord-1-1024x683.jpg 1024w, https:\/\/www.bookhardanger.com\/wp-content\/uploads\/2025\/02\/38_VHF0624_Husky-Camp_Kred-Visit-Hardangerfjord-1-300x200.jpg 300w, https:\/\/www.bookhardanger.com\/wp-content\/uploads\/2025\/02\/38_VHF0624_Husky-Camp_Kred-Visit-Hardangerfjord-1-768x512.jpg 768w, https:\/\/www.bookhardanger.com\/wp-content\/uploads\/2025\/02\/38_VHF0624_Husky-Camp_Kred-Visit-Hardangerfjord-1-1536x1025.jpg 1536w, https:\/\/www.bookhardanger.com\/wp-content\/uploads\/2025\/02\/38_VHF0624_Husky-Camp_Kred-Visit-Hardangerfjord-1.jpg 2048w\" sizes=\"auto, (max-width: 1024px) 100vw, 1024px\" \/><button\n\t\t\tclass=\"lightbox-trigger\"\n\t\t\ttype=\"button\"\n\t\t\taria-haspopup=\"dialog\"\n\t\t\taria-label=\"Vergr\u00f6\u00dfern\"\n\t\t\tdata-wp-init=\"callbacks.initTriggerButton\"\n\t\t\tdata-wp-on--click=\"actions.showLightbox\"\n\t\t\tdata-wp-style--right=\"state.imageButtonRight\"\n\t\t\tdata-wp-style--top=\"state.imageButtonTop\"\n\t\t>\n\t\t\t<svg xmlns=\"http:\/\/www.w3.org\/2000\/svg\" width=\"12\" height=\"12\" fill=\"none\" viewBox=\"0 0 12 12\">\n\t\t\t\t<path fill=\"#fff\" d=\"M2 0a2 2 0 0 0-2 2v2h1.5V2a.5.5 0 0 1 .5-.5h2V0H2Zm2 10.5H2a.5.5 0 0 1-.5-.5V8H0v2a2 2 0 0 0 2 2h2v-1.5ZM8 12v-1.5h2a.5.5 0 0 0 .5-.5V8H12v2a2 2 0 0 1-2 2H8Zm2-12a2 2 0 0 1 2 2v2h-1.5V2a.5.5 0 0 0-.5-.5H8V0h2Z\" \/>\n\t\t\t<\/svg>\n\t\t<\/button><\/figure>\n\n\n\n<figure data-wp-context=\"{&quot;imageId&quot;:&quot;69ec17ff990d0&quot;}\" data-wp-interactive=\"core\/image\" data-wp-key=\"69ec17ff990d0\" class=\"wp-block-image size-large wp-lightbox-container\"><img loading=\"lazy\" decoding=\"async\" width=\"1024\" height=\"683\" data-wp-class--hide=\"state.isContentHidden\" data-wp-class--show=\"state.isContentVisible\" data-wp-init=\"callbacks.setButtonStyles\" data-wp-on--click=\"actions.showLightbox\" data-wp-on--load=\"callbacks.setButtonStyles\" data-wp-on-window--resize=\"callbacks.setButtonStyles\" data-id=\"683\" src=\"https:\/\/www.bookhardanger.com\/wp-content\/uploads\/2025\/02\/37_VHF0624_Husky-Camp_Kred-Visit-Hardangerfjord-1-1024x683.jpg\" alt=\"\" class=\"wp-image-683\" srcset=\"https:\/\/www.bookhardanger.com\/wp-content\/uploads\/2025\/02\/37_VHF0624_Husky-Camp_Kred-Visit-Hardangerfjord-1-1024x683.jpg 1024w, https:\/\/www.bookhardanger.com\/wp-content\/uploads\/2025\/02\/37_VHF0624_Husky-Camp_Kred-Visit-Hardangerfjord-1-300x200.jpg 300w, https:\/\/www.bookhardanger.com\/wp-content\/uploads\/2025\/02\/37_VHF0624_Husky-Camp_Kred-Visit-Hardangerfjord-1-768x512.jpg 768w, https:\/\/www.bookhardanger.com\/wp-content\/uploads\/2025\/02\/37_VHF0624_Husky-Camp_Kred-Visit-Hardangerfjord-1-1536x1025.jpg 1536w, https:\/\/www.bookhardanger.com\/wp-content\/uploads\/2025\/02\/37_VHF0624_Husky-Camp_Kred-Visit-Hardangerfjord-1.jpg 2048w\" sizes=\"auto, (max-width: 1024px) 100vw, 1024px\" \/><button\n\t\t\tclass=\"lightbox-trigger\"\n\t\t\ttype=\"button\"\n\t\t\taria-haspopup=\"dialog\"\n\t\t\taria-label=\"Vergr\u00f6\u00dfern\"\n\t\t\tdata-wp-init=\"callbacks.initTriggerButton\"\n\t\t\tdata-wp-on--click=\"actions.showLightbox\"\n\t\t\tdata-wp-style--right=\"state.imageButtonRight\"\n\t\t\tdata-wp-style--top=\"state.imageButtonTop\"\n\t\t>\n\t\t\t<svg xmlns=\"http:\/\/www.w3.org\/2000\/svg\" width=\"12\" height=\"12\" fill=\"none\" viewBox=\"0 0 12 12\">\n\t\t\t\t<path fill=\"#fff\" d=\"M2 0a2 2 0 0 0-2 2v2h1.5V2a.5.5 0 0 1 .5-.5h2V0H2Zm2 10.5H2a.5.5 0 0 1-.5-.5V8H0v2a2 2 0 0 0 2 2h2v-1.5ZM8 12v-1.5h2a.5.5 0 0 0 .5-.5V8H12v2a2 2 0 0 1-2 2H8Zm2-12a2 2 0 0 1 2 2v2h-1.5V2a.5.5 0 0 0-.5-.5H8V0h2Z\" \/>\n\t\t\t<\/svg>\n\t\t<\/button><\/figure>\n\n\n\n<figure data-wp-context=\"{&quot;imageId&quot;:&quot;69ec17ff9963a&quot;}\" data-wp-interactive=\"core\/image\" data-wp-key=\"69ec17ff9963a\" class=\"wp-block-image size-large wp-lightbox-container\"><img loading=\"lazy\" decoding=\"async\" width=\"1024\" height=\"683\" data-wp-class--hide=\"state.isContentHidden\" data-wp-class--show=\"state.isContentVisible\" data-wp-init=\"callbacks.setButtonStyles\" data-wp-on--click=\"actions.showLightbox\" data-wp-on--load=\"callbacks.setButtonStyles\" data-wp-on-window--resize=\"callbacks.setButtonStyles\" data-id=\"684\" src=\"https:\/\/www.bookhardanger.com\/wp-content\/uploads\/2025\/02\/39_VHF0624_Husky-Camp_Kred-Visit-Hardangerfjord-1-1024x683.jpg\" alt=\"\" class=\"wp-image-684\" srcset=\"https:\/\/www.bookhardanger.com\/wp-content\/uploads\/2025\/02\/39_VHF0624_Husky-Camp_Kred-Visit-Hardangerfjord-1-1024x683.jpg 1024w, https:\/\/www.bookhardanger.com\/wp-content\/uploads\/2025\/02\/39_VHF0624_Husky-Camp_Kred-Visit-Hardangerfjord-1-300x200.jpg 300w, https:\/\/www.bookhardanger.com\/wp-content\/uploads\/2025\/02\/39_VHF0624_Husky-Camp_Kred-Visit-Hardangerfjord-1-768x512.jpg 768w, https:\/\/www.bookhardanger.com\/wp-content\/uploads\/2025\/02\/39_VHF0624_Husky-Camp_Kred-Visit-Hardangerfjord-1-1536x1025.jpg 1536w, https:\/\/www.bookhardanger.com\/wp-content\/uploads\/2025\/02\/39_VHF0624_Husky-Camp_Kred-Visit-Hardangerfjord-1.jpg 2048w\" sizes=\"auto, (max-width: 1024px) 100vw, 1024px\" \/><button\n\t\t\tclass=\"lightbox-trigger\"\n\t\t\ttype=\"button\"\n\t\t\taria-haspopup=\"dialog\"\n\t\t\taria-label=\"Vergr\u00f6\u00dfern\"\n\t\t\tdata-wp-init=\"callbacks.initTriggerButton\"\n\t\t\tdata-wp-on--click=\"actions.showLightbox\"\n\t\t\tdata-wp-style--right=\"state.imageButtonRight\"\n\t\t\tdata-wp-style--top=\"state.imageButtonTop\"\n\t\t>\n\t\t\t<svg xmlns=\"http:\/\/www.w3.org\/2000\/svg\" width=\"12\" height=\"12\" fill=\"none\" viewBox=\"0 0 12 12\">\n\t\t\t\t<path fill=\"#fff\" d=\"M2 0a2 2 0 0 0-2 2v2h1.5V2a.5.5 0 0 1 .5-.5h2V0H2Zm2 10.5H2a.5.5 0 0 1-.5-.5V8H0v2a2 2 0 0 0 2 2h2v-1.5ZM8 12v-1.5h2a.5.5 0 0 0 .5-.5V8H12v2a2 2 0 0 1-2 2H8Zm2-12a2 2 0 0 1 2 2v2h-1.5V2a.5.5 0 0 0-.5-.5H8V0h2Z\" \/>\n\t\t\t<\/svg>\n\t\t<\/button><\/figure>\n<\/figure>\n\n\n\n<p><strong>Im Preis inbegriffen:<\/strong><\/p>\n\n\n\n<ul class=\"wp-block-list\">\n<li>Hundeschlitten-Ausr\u00fcstung<\/li>\n\n\n\n<li>Traditionelle norwegische Snacks<\/li>\n\n\n\n<li>Warme Getr\u00e4nke<\/li>\n<\/ul>\n\n\n\n<p><strong>Das solltest du mitbringen:<\/strong><\/p>\n\n\n\n<ul class=\"wp-block-list\">\n<li>Warme Kleidung (Wollunterw\u00e4sche, warme Jacke, Wollpullover, Socken, Handschuhe, M\u00fctze etc.)<\/li>\n\n\n\n<li>Warme Stiefel<\/li>\n\n\n\n<li>Sonnenbrille und Sonnencreme<\/li>\n<\/ul>\n\n\n\n<p><\/p>\n","protected":false},"excerpt":{"rendered":"<p>Buche ein unvergessliches Abenteuer mit Moa und ihren freundlichen Huskys auf dem Folgefonna-Gletscher.<\/p>\n","protected":false},"featured_media":1466,"parent":0,"template":"","tags":[],"activity-categories":[54,57],"location":[61],"class_list":["post-1465","product","type-product","status-publish","has-post-thumbnail","hentry","activity-categories-activurlaub","activity-categories-familienspas","location-jondal-de"],"acf":[],"_links":{"self":[{"href":"https:\/\/www.bookhardanger.com\/de\/wp-json\/wp\/v2\/product\/1465","targetHints":{"allow":["GET"]}}],"collection":[{"href":"https:\/\/www.bookhardanger.com\/de\/wp-json\/wp\/v2\/product"}],"about":[{"href":"https:\/\/www.bookhardanger.com\/de\/wp-json\/wp\/v2\/types\/product"}],"wp:featuredmedia":[{"embeddable":true,"href":"https:\/\/www.bookhardanger.com\/de\/wp-json\/wp\/v2\/media\/1466"}],"wp:attachment":[{"href":"https:\/\/www.bookhardanger.com\/de\/wp-json\/wp\/v2\/media?parent=1465"}],"wp:term":[{"taxonomy":"post_tag","embeddable":true,"href":"https:\/\/www.bookhardanger.com\/de\/wp-json\/wp\/v2\/tags?post=1465"},{"taxonomy":"activity-categories","embeddable":true,"href":"https:\/\/www.bookhardanger.com\/de\/wp-json\/wp\/v2\/activity-categories?post=1465"},{"taxonomy":"location","embeddable":true,"href":"https:\/\/www.bookhardanger.com\/de\/wp-json\/wp\/v2\/location?post=1465"}],"curies":[{"name":"wp","href":"https:\/\/api.w.org\/{rel}","templated":true}]}}