{"id":1468,"date":"2025-02-27T14:55:18","date_gmt":"2025-02-27T14:55:18","guid":{"rendered":"https:\/\/www.bookhardanger.com\/products\/aussichtspunkt-hardangerbruecke\/"},"modified":"2025-03-09T15:03:15","modified_gmt":"2025-03-09T15:03:15","slug":"aussichtspunkt-hardangerbruecke","status":"publish","type":"product","link":"https:\/\/www.bookhardanger.com\/de\/products\/aussichtspunkt-hardangerbruecke\/","title":{"rendered":"Aussichtspunkt Hardangerbr\u00fccke"},"content":{"rendered":"\n<p>Erlebe die fantastische Aussicht auf die ikonische Hardangerbr\u00fccke! Sie ist nicht nur die l\u00e4ngste H\u00e4ngebr\u00fccke Norwegens, sondern z\u00e4hlt auch zu den l\u00e4ngsten der Welt. F\u00fcr eine umweltfreundliche Tour reist du wie ein Einheimischer mit dem Skyss-Bus (Linie 991), einem \u00f6ffentlichen Verkehrsmittel.<\/p>\n\n\n\n<p>Der Bu-Aussichtspunkt verf\u00fcgt \u00fcber eine Picknickarea und Toiletten. Von hier aus kannst du zur Br\u00fccke hinuntergehen und sie sogar auf dem Fu\u00dfg\u00e4ngerweg \u00fcberqueren. Nach einem entspannten Aufenthalt in Bu steigst du einfach in den Bus zur\u00fcck nach Eidfjord.<\/p>\n\n\n\n<h3 class=\"wp-block-heading\">\u00dcber die Hardangerbr\u00fccke<\/h3>\n\n\n\n<p>Die Hardangerbrua wurde 2013 nach vier Jahren Bauzeit er\u00f6ffnet. Sie verbindet die Gemeinden Ulvik und Eidfjord und ersetzte die fr\u00fchere F\u00e4hrverbindung zwischen Brimnes und Bruravik.<\/p>\n\n\n\n<p>Die Br\u00fccke ist 1.380 Meter lang und verf\u00fcgt \u00fcber zwei Fahrspuren f\u00fcr Autos sowie einen separaten Weg f\u00fcr Fu\u00dfg\u00e4nger und Radfahrer. An beiden Enden der Br\u00fccke befinden sich Tunnel mit Kreisverkehren: der Bu-Tunnel (1,2 km) und der Vallavik-Tunnel (7,5 km).<\/p>\n\n\n\n<p>Die Br\u00fcckent\u00fcrme ragen \u00fcber 200 Meter in die H\u00f6he, w\u00e4hrend die Durchfahrtsh\u00f6he unter der Br\u00fccke 55 Meter betr\u00e4gt. Die Hauptspannweite erstreckt sich \u00fcber 1.310 Meter \u2013 30 Meter l\u00e4nger als die der ber\u00fchmten Golden Gate Bridge in San Francisco.<\/p>\n\n\n\n<p><strong>Im Preis inbegriffen:<\/strong><\/p>\n\n\n\n<ul class=\"wp-block-list\">\n<li>Bustickets (Hin- und R\u00fcckfahrt)<\/li>\n<\/ul>\n\n\n\n<figure class=\"wp-block-gallery has-nested-images columns-2 is-cropped wp-block-gallery-1 is-layout-flex wp-block-gallery-is-layout-flex\">\n<figure class=\"wp-block-image size-large\"><img loading=\"lazy\" decoding=\"async\" width=\"680\" height=\"1024\" data-id=\"612\" src=\"https:\/\/www.bookhardanger.com\/wp-content\/uploads\/2025\/02\/Hardangerbrua-bridge_Anne-Hirth_01-680x1024.jpg\" alt=\"\" class=\"wp-image-612\" srcset=\"https:\/\/www.bookhardanger.com\/wp-content\/uploads\/2025\/02\/Hardangerbrua-bridge_Anne-Hirth_01-680x1024.jpg 680w, https:\/\/www.bookhardanger.com\/wp-content\/uploads\/2025\/02\/Hardangerbrua-bridge_Anne-Hirth_01-199x300.jpg 199w, https:\/\/www.bookhardanger.com\/wp-content\/uploads\/2025\/02\/Hardangerbrua-bridge_Anne-Hirth_01-768x1157.jpg 768w, https:\/\/www.bookhardanger.com\/wp-content\/uploads\/2025\/02\/Hardangerbrua-bridge_Anne-Hirth_01-1020x1536.jpg 1020w, https:\/\/www.bookhardanger.com\/wp-content\/uploads\/2025\/02\/Hardangerbrua-bridge_Anne-Hirth_01.jpg 1360w\" sizes=\"auto, (max-width: 680px) 100vw, 680px\" \/><\/figure>\n\n\n\n<figure class=\"wp-block-image size-large\"><img loading=\"lazy\" decoding=\"async\" width=\"683\" height=\"1024\" data-id=\"613\" src=\"https:\/\/www.bookhardanger.com\/wp-content\/uploads\/2025\/02\/Hardangerbrua-bridge_Anne-Hirth_03-683x1024.jpg\" alt=\"\" class=\"wp-image-613\" srcset=\"https:\/\/www.bookhardanger.com\/wp-content\/uploads\/2025\/02\/Hardangerbrua-bridge_Anne-Hirth_03-683x1024.jpg 683w, https:\/\/www.bookhardanger.com\/wp-content\/uploads\/2025\/02\/Hardangerbrua-bridge_Anne-Hirth_03-200x300.jpg 200w, https:\/\/www.bookhardanger.com\/wp-content\/uploads\/2025\/02\/Hardangerbrua-bridge_Anne-Hirth_03-768x1152.jpg 768w, https:\/\/www.bookhardanger.com\/wp-content\/uploads\/2025\/02\/Hardangerbrua-bridge_Anne-Hirth_03-1024x1536.jpg 1024w, https:\/\/www.bookhardanger.com\/wp-content\/uploads\/2025\/02\/Hardangerbrua-bridge_Anne-Hirth_03.jpg 1365w\" sizes=\"auto, (max-width: 683px) 100vw, 683px\" \/><\/figure>\n\n\n\n<figure class=\"wp-block-image size-large\"><img loading=\"lazy\" decoding=\"async\" width=\"1024\" height=\"683\" data-id=\"611\" src=\"https:\/\/www.bookhardanger.com\/wp-content\/uploads\/2025\/02\/Hardangerbrua-bridge_Anne-Hirth_02-1024x683.jpg\" alt=\"\" class=\"wp-image-611\" srcset=\"https:\/\/www.bookhardanger.com\/wp-content\/uploads\/2025\/02\/Hardangerbrua-bridge_Anne-Hirth_02-1024x683.jpg 1024w, https:\/\/www.bookhardanger.com\/wp-content\/uploads\/2025\/02\/Hardangerbrua-bridge_Anne-Hirth_02-300x200.jpg 300w, https:\/\/www.bookhardanger.com\/wp-content\/uploads\/2025\/02\/Hardangerbrua-bridge_Anne-Hirth_02-768x512.jpg 768w, https:\/\/www.bookhardanger.com\/wp-content\/uploads\/2025\/02\/Hardangerbrua-bridge_Anne-Hirth_02-1536x1024.jpg 1536w, https:\/\/www.bookhardanger.com\/wp-content\/uploads\/2025\/02\/Hardangerbrua-bridge_Anne-Hirth_02.jpg 2048w\" sizes=\"auto, (max-width: 1024px) 100vw, 1024px\" \/><\/figure>\n<\/figure>\n","protected":false},"excerpt":{"rendered":"<p>Genie\u00dfe die atemberaubende Aussicht von einer der l\u00e4ngsten H\u00e4ngebr\u00fccken der Welt.<\/p>\n","protected":false},"featured_media":1471,"parent":0,"template":"","tags":[],"activity-categories":[58,53],"location":[60],"class_list":["post-1468","product","type-product","status-publish","has-post-thumbnail","hentry","activity-categories-reisen-wie-ein-einheimischer","activity-categories-sightseeing-touren","location-eidfjord-de"],"acf":[],"_links":{"self":[{"href":"https:\/\/www.bookhardanger.com\/de\/wp-json\/wp\/v2\/product\/1468","targetHints":{"allow":["GET"]}}],"collection":[{"href":"https:\/\/www.bookhardanger.com\/de\/wp-json\/wp\/v2\/product"}],"about":[{"href":"https:\/\/www.bookhardanger.com\/de\/wp-json\/wp\/v2\/types\/product"}],"wp:featuredmedia":[{"embeddable":true,"href":"https:\/\/www.bookhardanger.com\/de\/wp-json\/wp\/v2\/media\/1471"}],"wp:attachment":[{"href":"https:\/\/www.bookhardanger.com\/de\/wp-json\/wp\/v2\/media?parent=1468"}],"wp:term":[{"taxonomy":"post_tag","embeddable":true,"href":"https:\/\/www.bookhardanger.com\/de\/wp-json\/wp\/v2\/tags?post=1468"},{"taxonomy":"activity-categories","embeddable":true,"href":"https:\/\/www.bookhardanger.com\/de\/wp-json\/wp\/v2\/activity-categories?post=1468"},{"taxonomy":"location","embeddable":true,"href":"https:\/\/www.bookhardanger.com\/de\/wp-json\/wp\/v2\/location?post=1468"}],"curies":[{"name":"wp","href":"https:\/\/api.w.org\/{rel}","templated":true}]}}