{"id":1479,"date":"2025-02-20T14:33:03","date_gmt":"2025-02-20T14:33:03","guid":{"rendered":"https:\/\/www.bookhardanger.com\/products\/hardangerfjord-rib-abenteuer-ab-oystese\/"},"modified":"2025-03-09T15:29:16","modified_gmt":"2025-03-09T15:29:16","slug":"hardangerfjord-rib-abenteuer-ab-oystese","status":"publish","type":"product","link":"https:\/\/www.bookhardanger.com\/de\/products\/hardangerfjord-rib-abenteuer-ab-oystese\/","title":{"rendered":"Hardangerfjord RIB-Abenteuer ab \u00d8ystese"},"content":{"rendered":"\n<p>Von \u00d8ystese aus f\u00fchrt die Tour in den atemberaubenden Hardangerfjord und weiter zur charmanten alten Handelsstation Herandsholmen, umgeben von majest\u00e4tischen Bergen und dem wundersch\u00f6nen Fjord.<\/p>\n\n\n\n<p>Von dort geht es entlang des Berges Samlen, \u00fcber den Fjord hinweg und hinein in den schmalen, einzigartigen Fjordarm Fyksesund \u2013 den einzigen Fjordarm im Hardangerfjord ohne Stra\u00dfenanbindung bis zum Ende.<\/p>\n\n\n\n<p>Die letzten f\u00fcnf Kilometer des 10,5 Kilometer langen Fjords f\u00fchren dich zwischen steilen Bergh\u00e4ngen hindurch bis zur abgelegenen Siedlung Botnen.<\/p>\n\n\n\n<p>W\u00e4hrend der actiongeladenen Fahrt macht der Guide mehrere Stopps, damit du die beeindruckende Landschaft in Ruhe genie\u00dfen kannst. Zudem erf\u00e4hrst du spannende Geschichten \u00fcber die Region und die Menschen, die hier einst lebten.<\/p>\n\n\n\n<p>Zahlreiche Wasserf\u00e4lle s\u00e4umen den Fjord, und das Boot stoppt an einigen von ihnen, damit du die Kraft der Natur hautnah sp\u00fcren kannst.<\/p>\n\n\n\n<figure class=\"wp-block-gallery has-nested-images columns-2 is-cropped wp-block-gallery-1 is-layout-flex wp-block-gallery-is-layout-flex\">\n<figure data-wp-context=\"{&quot;imageId&quot;:&quot;69e60181d99cc&quot;}\" data-wp-interactive=\"core\/image\" data-wp-key=\"69e60181d99cc\" class=\"wp-block-image size-large wp-lightbox-container\"><img loading=\"lazy\" decoding=\"async\" width=\"1024\" height=\"683\" data-wp-class--hide=\"state.isContentHidden\" data-wp-class--show=\"state.isContentVisible\" data-wp-init=\"callbacks.setButtonStyles\" data-wp-on--click=\"actions.showLightbox\" data-wp-on--load=\"callbacks.setButtonStyles\" data-wp-on-window--resize=\"callbacks.setButtonStyles\" data-id=\"454\" src=\"https:\/\/www.bookhardanger.com\/wp-content\/uploads\/2025\/02\/Fjordsafari_11_-c-Ruben-Soltvedt-1024x683.jpg\" alt=\"\" class=\"wp-image-454\" srcset=\"https:\/\/www.bookhardanger.com\/wp-content\/uploads\/2025\/02\/Fjordsafari_11_-c-Ruben-Soltvedt-1024x683.jpg 1024w, https:\/\/www.bookhardanger.com\/wp-content\/uploads\/2025\/02\/Fjordsafari_11_-c-Ruben-Soltvedt-300x200.jpg 300w, https:\/\/www.bookhardanger.com\/wp-content\/uploads\/2025\/02\/Fjordsafari_11_-c-Ruben-Soltvedt-768x512.jpg 768w, https:\/\/www.bookhardanger.com\/wp-content\/uploads\/2025\/02\/Fjordsafari_11_-c-Ruben-Soltvedt-1536x1024.jpg 1536w, https:\/\/www.bookhardanger.com\/wp-content\/uploads\/2025\/02\/Fjordsafari_11_-c-Ruben-Soltvedt.jpg 2048w\" sizes=\"auto, (max-width: 1024px) 100vw, 1024px\" \/><button\n\t\t\tclass=\"lightbox-trigger\"\n\t\t\ttype=\"button\"\n\t\t\taria-haspopup=\"dialog\"\n\t\t\taria-label=\"Vergr\u00f6\u00dfern\"\n\t\t\tdata-wp-init=\"callbacks.initTriggerButton\"\n\t\t\tdata-wp-on--click=\"actions.showLightbox\"\n\t\t\tdata-wp-style--right=\"state.imageButtonRight\"\n\t\t\tdata-wp-style--top=\"state.imageButtonTop\"\n\t\t>\n\t\t\t<svg xmlns=\"http:\/\/www.w3.org\/2000\/svg\" width=\"12\" height=\"12\" fill=\"none\" viewBox=\"0 0 12 12\">\n\t\t\t\t<path fill=\"#fff\" d=\"M2 0a2 2 0 0 0-2 2v2h1.5V2a.5.5 0 0 1 .5-.5h2V0H2Zm2 10.5H2a.5.5 0 0 1-.5-.5V8H0v2a2 2 0 0 0 2 2h2v-1.5ZM8 12v-1.5h2a.5.5 0 0 0 .5-.5V8H12v2a2 2 0 0 1-2 2H8Zm2-12a2 2 0 0 1 2 2v2h-1.5V2a.5.5 0 0 0-.5-.5H8V0h2Z\" \/>\n\t\t\t<\/svg>\n\t\t<\/button><\/figure>\n\n\n\n<figure data-wp-context=\"{&quot;imageId&quot;:&quot;69e60181da125&quot;}\" data-wp-interactive=\"core\/image\" data-wp-key=\"69e60181da125\" class=\"wp-block-image size-large wp-lightbox-container\"><img loading=\"lazy\" decoding=\"async\" width=\"1024\" height=\"683\" data-wp-class--hide=\"state.isContentHidden\" data-wp-class--show=\"state.isContentVisible\" data-wp-init=\"callbacks.setButtonStyles\" data-wp-on--click=\"actions.showLightbox\" data-wp-on--load=\"callbacks.setButtonStyles\" data-wp-on-window--resize=\"callbacks.setButtonStyles\" data-id=\"453\" src=\"https:\/\/www.bookhardanger.com\/wp-content\/uploads\/2025\/02\/Fjordsafari_17-c-Ruben-Soltvedt-1024x683.jpg\" alt=\"\" class=\"wp-image-453\" srcset=\"https:\/\/www.bookhardanger.com\/wp-content\/uploads\/2025\/02\/Fjordsafari_17-c-Ruben-Soltvedt-1024x683.jpg 1024w, https:\/\/www.bookhardanger.com\/wp-content\/uploads\/2025\/02\/Fjordsafari_17-c-Ruben-Soltvedt-300x200.jpg 300w, https:\/\/www.bookhardanger.com\/wp-content\/uploads\/2025\/02\/Fjordsafari_17-c-Ruben-Soltvedt-768x512.jpg 768w, https:\/\/www.bookhardanger.com\/wp-content\/uploads\/2025\/02\/Fjordsafari_17-c-Ruben-Soltvedt-1536x1024.jpg 1536w, https:\/\/www.bookhardanger.com\/wp-content\/uploads\/2025\/02\/Fjordsafari_17-c-Ruben-Soltvedt.jpg 2048w\" sizes=\"auto, (max-width: 1024px) 100vw, 1024px\" \/><button\n\t\t\tclass=\"lightbox-trigger\"\n\t\t\ttype=\"button\"\n\t\t\taria-haspopup=\"dialog\"\n\t\t\taria-label=\"Vergr\u00f6\u00dfern\"\n\t\t\tdata-wp-init=\"callbacks.initTriggerButton\"\n\t\t\tdata-wp-on--click=\"actions.showLightbox\"\n\t\t\tdata-wp-style--right=\"state.imageButtonRight\"\n\t\t\tdata-wp-style--top=\"state.imageButtonTop\"\n\t\t>\n\t\t\t<svg xmlns=\"http:\/\/www.w3.org\/2000\/svg\" width=\"12\" height=\"12\" fill=\"none\" viewBox=\"0 0 12 12\">\n\t\t\t\t<path fill=\"#fff\" d=\"M2 0a2 2 0 0 0-2 2v2h1.5V2a.5.5 0 0 1 .5-.5h2V0H2Zm2 10.5H2a.5.5 0 0 1-.5-.5V8H0v2a2 2 0 0 0 2 2h2v-1.5ZM8 12v-1.5h2a.5.5 0 0 0 .5-.5V8H12v2a2 2 0 0 1-2 2H8Zm2-12a2 2 0 0 1 2 2v2h-1.5V2a.5.5 0 0 0-.5-.5H8V0h2Z\" \/>\n\t\t\t<\/svg>\n\t\t<\/button><\/figure>\n\n\n\n<figure data-wp-context=\"{&quot;imageId&quot;:&quot;69e60181da8e5&quot;}\" data-wp-interactive=\"core\/image\" data-wp-key=\"69e60181da8e5\" class=\"wp-block-image size-large wp-lightbox-container\"><img loading=\"lazy\" decoding=\"async\" width=\"1024\" height=\"683\" data-wp-class--hide=\"state.isContentHidden\" data-wp-class--show=\"state.isContentVisible\" data-wp-init=\"callbacks.setButtonStyles\" data-wp-on--click=\"actions.showLightbox\" data-wp-on--load=\"callbacks.setButtonStyles\" data-wp-on-window--resize=\"callbacks.setButtonStyles\" data-id=\"451\" src=\"https:\/\/www.bookhardanger.com\/wp-content\/uploads\/2025\/02\/\u00a9Hardangerfjord-Adventure_106-1024x683.jpg\" alt=\"\" class=\"wp-image-451\" srcset=\"https:\/\/www.bookhardanger.com\/wp-content\/uploads\/2025\/02\/\u00a9Hardangerfjord-Adventure_106-1024x683.jpg 1024w, https:\/\/www.bookhardanger.com\/wp-content\/uploads\/2025\/02\/\u00a9Hardangerfjord-Adventure_106-300x200.jpg 300w, https:\/\/www.bookhardanger.com\/wp-content\/uploads\/2025\/02\/\u00a9Hardangerfjord-Adventure_106-768x512.jpg 768w, https:\/\/www.bookhardanger.com\/wp-content\/uploads\/2025\/02\/\u00a9Hardangerfjord-Adventure_106-1536x1025.jpg 1536w, https:\/\/www.bookhardanger.com\/wp-content\/uploads\/2025\/02\/\u00a9Hardangerfjord-Adventure_106.jpg 2048w\" sizes=\"auto, (max-width: 1024px) 100vw, 1024px\" \/><button\n\t\t\tclass=\"lightbox-trigger\"\n\t\t\ttype=\"button\"\n\t\t\taria-haspopup=\"dialog\"\n\t\t\taria-label=\"Vergr\u00f6\u00dfern\"\n\t\t\tdata-wp-init=\"callbacks.initTriggerButton\"\n\t\t\tdata-wp-on--click=\"actions.showLightbox\"\n\t\t\tdata-wp-style--right=\"state.imageButtonRight\"\n\t\t\tdata-wp-style--top=\"state.imageButtonTop\"\n\t\t>\n\t\t\t<svg xmlns=\"http:\/\/www.w3.org\/2000\/svg\" width=\"12\" height=\"12\" fill=\"none\" viewBox=\"0 0 12 12\">\n\t\t\t\t<path fill=\"#fff\" d=\"M2 0a2 2 0 0 0-2 2v2h1.5V2a.5.5 0 0 1 .5-.5h2V0H2Zm2 10.5H2a.5.5 0 0 1-.5-.5V8H0v2a2 2 0 0 0 2 2h2v-1.5ZM8 12v-1.5h2a.5.5 0 0 0 .5-.5V8H12v2a2 2 0 0 1-2 2H8Zm2-12a2 2 0 0 1 2 2v2h-1.5V2a.5.5 0 0 0-.5-.5H8V0h2Z\" \/>\n\t\t\t<\/svg>\n\t\t<\/button><\/figure>\n\n\n\n<figure data-wp-context=\"{&quot;imageId&quot;:&quot;69e60181daece&quot;}\" data-wp-interactive=\"core\/image\" data-wp-key=\"69e60181daece\" class=\"wp-block-image size-large wp-lightbox-container\"><img loading=\"lazy\" decoding=\"async\" width=\"1024\" height=\"683\" data-wp-class--hide=\"state.isContentHidden\" data-wp-class--show=\"state.isContentVisible\" data-wp-init=\"callbacks.setButtonStyles\" data-wp-on--click=\"actions.showLightbox\" data-wp-on--load=\"callbacks.setButtonStyles\" data-wp-on-window--resize=\"callbacks.setButtonStyles\" data-id=\"450\" src=\"https:\/\/www.bookhardanger.com\/wp-content\/uploads\/2025\/02\/\u00a9Hardangerfjord-Adventure_63-1024x683.jpg\" alt=\"\" class=\"wp-image-450\" srcset=\"https:\/\/www.bookhardanger.com\/wp-content\/uploads\/2025\/02\/\u00a9Hardangerfjord-Adventure_63-1024x683.jpg 1024w, https:\/\/www.bookhardanger.com\/wp-content\/uploads\/2025\/02\/\u00a9Hardangerfjord-Adventure_63-300x200.jpg 300w, https:\/\/www.bookhardanger.com\/wp-content\/uploads\/2025\/02\/\u00a9Hardangerfjord-Adventure_63-768x512.jpg 768w, https:\/\/www.bookhardanger.com\/wp-content\/uploads\/2025\/02\/\u00a9Hardangerfjord-Adventure_63-1536x1024.jpg 1536w, https:\/\/www.bookhardanger.com\/wp-content\/uploads\/2025\/02\/\u00a9Hardangerfjord-Adventure_63.jpg 2048w\" sizes=\"auto, (max-width: 1024px) 100vw, 1024px\" \/><button\n\t\t\tclass=\"lightbox-trigger\"\n\t\t\ttype=\"button\"\n\t\t\taria-haspopup=\"dialog\"\n\t\t\taria-label=\"Vergr\u00f6\u00dfern\"\n\t\t\tdata-wp-init=\"callbacks.initTriggerButton\"\n\t\t\tdata-wp-on--click=\"actions.showLightbox\"\n\t\t\tdata-wp-style--right=\"state.imageButtonRight\"\n\t\t\tdata-wp-style--top=\"state.imageButtonTop\"\n\t\t>\n\t\t\t<svg xmlns=\"http:\/\/www.w3.org\/2000\/svg\" width=\"12\" height=\"12\" fill=\"none\" viewBox=\"0 0 12 12\">\n\t\t\t\t<path fill=\"#fff\" d=\"M2 0a2 2 0 0 0-2 2v2h1.5V2a.5.5 0 0 1 .5-.5h2V0H2Zm2 10.5H2a.5.5 0 0 1-.5-.5V8H0v2a2 2 0 0 0 2 2h2v-1.5ZM8 12v-1.5h2a.5.5 0 0 0 .5-.5V8H12v2a2 2 0 0 1-2 2H8Zm2-12a2 2 0 0 1 2 2v2h-1.5V2a.5.5 0 0 0-.5-.5H8V0h2Z\" \/>\n\t\t\t<\/svg>\n\t\t<\/button><\/figure>\n<figcaption class=\"blocks-gallery-caption wp-element-caption\">\u00a9 Ruben Soltvedt | \u00a9Hardangerfjord Adventure<\/figcaption><\/figure>\n\n\n\n<p><strong>Im Preis inbegriffen:<\/strong><\/p>\n\n\n\n<ul class=\"wp-block-list\">\n<li>Rettungsweste<\/li>\n\n\n\n<li>Schwimmanzug<\/li>\n\n\n\n<li>Schutzbrille<\/li>\n\n\n\n<li>Handschuhe<\/li>\n<\/ul>\n\n\n\n<p><strong>Das solltest du mitbringen:<\/strong><\/p>\n\n\n\n<ul class=\"wp-block-list\">\n<li><a href=\"https:\/\/irp.cdn-website.com\/5891e755\/files\/uploaded\/Dressing%20for%20RIB_english.pdf\" target=\"_blank\" rel=\"noreferrer noopener\">Klicke hier, um zu sehen, welche Kleidung je nach Wetter empfohlen wird.<\/a><\/li>\n<\/ul>\n","protected":false},"excerpt":{"rendered":"<p>Erlebe eine aufregende RIB-Safari auf dem Hardangerfjord und dem Fjordarm Fyksesund<\/p>\n","protected":false},"featured_media":1480,"parent":0,"template":"","tags":[],"activity-categories":[54,56],"location":[64],"class_list":["post-1479","product","type-product","status-publish","has-post-thumbnail","hentry","activity-categories-activurlaub","activity-categories-bootsausfluge","location-oystese-and-norheimsund-de"],"acf":[],"_links":{"self":[{"href":"https:\/\/www.bookhardanger.com\/de\/wp-json\/wp\/v2\/product\/1479","targetHints":{"allow":["GET"]}}],"collection":[{"href":"https:\/\/www.bookhardanger.com\/de\/wp-json\/wp\/v2\/product"}],"about":[{"href":"https:\/\/www.bookhardanger.com\/de\/wp-json\/wp\/v2\/types\/product"}],"wp:featuredmedia":[{"embeddable":true,"href":"https:\/\/www.bookhardanger.com\/de\/wp-json\/wp\/v2\/media\/1480"}],"wp:attachment":[{"href":"https:\/\/www.bookhardanger.com\/de\/wp-json\/wp\/v2\/media?parent=1479"}],"wp:term":[{"taxonomy":"post_tag","embeddable":true,"href":"https:\/\/www.bookhardanger.com\/de\/wp-json\/wp\/v2\/tags?post=1479"},{"taxonomy":"activity-categories","embeddable":true,"href":"https:\/\/www.bookhardanger.com\/de\/wp-json\/wp\/v2\/activity-categories?post=1479"},{"taxonomy":"location","embeddable":true,"href":"https:\/\/www.bookhardanger.com\/de\/wp-json\/wp\/v2\/location?post=1479"}],"curies":[{"name":"wp","href":"https:\/\/api.w.org\/{rel}","templated":true}]}}