{"id":1484,"date":"2025-01-17T17:21:34","date_gmt":"2025-01-17T17:21:34","guid":{"rendered":"https:\/\/www.bookhardanger.com\/products\/hardangerfjord-ultimative-rib-safari-ab-ulvik\/"},"modified":"2025-03-09T16:03:19","modified_gmt":"2025-03-09T16:03:19","slug":"hardangerfjord-ultimative-rib-safari-ab-ulvik","status":"publish","type":"product","link":"https:\/\/www.bookhardanger.com\/de\/products\/hardangerfjord-ultimative-rib-safari-ab-ulvik\/","title":{"rendered":"Hardangerfjord ultimative RIB-Safari ab Ulvik"},"content":{"rendered":"\n<p>Begib dich auf ein actiongeladenes Abenteuer durch den inneren Hardangerfjord! In weniger als zwei Stunden erlebst du die Hardangerbr\u00fccke aus der einzigartigen Fjordperspektive, f\u00e4hrst vorbei an Eidfjord in den Simadalsfjord und passierst mehrere alte Fjordsiedlungen im atemberaubenden Osafjord.<\/p>\n\n\n\n<h3 class=\"wp-block-heading\"><strong>Eine aufregende Bootsfahrt<\/strong><\/h3>\n\n\n\n<p>Unterwegs machen wir mehrere Stopps, um die spektakul\u00e4re Landschaft zu genie\u00dfen und die Eindr\u00fccke wirken zu lassen. Halte die Augen offen \u2013 mit etwas Gl\u00fcck kannst du Robben, Schweinswale oder sogar einen Seeadler entdecken! Vergiss nicht, deine Kamera bereitzuhalten.<\/p>\n\n\n\n<p>Dein Guide erz\u00e4hlt faszinierende und zum Nachdenken anregende Geschichten \u00fcber die Landschaft, die Natur und die Menschen, die hier seit Generationen leben. Die Tour ist sicher und komfortabel, doch du wirst auch die Kraft des RIB-Boots sp\u00fcren \u2013 mit Wind in den Haaren und einem kleinen Adrenalinkick!<\/p>\n\n\n\n<figure class=\"wp-block-gallery has-nested-images columns-2 is-cropped wp-block-gallery-1 is-layout-flex wp-block-gallery-is-layout-flex\">\n<figure data-wp-context=\"{&quot;imageId&quot;:&quot;69ebd5c485377&quot;}\" data-wp-interactive=\"core\/image\" data-wp-key=\"69ebd5c485377\" class=\"wp-block-image size-large wp-lightbox-container\"><img loading=\"lazy\" decoding=\"async\" width=\"1024\" height=\"683\" data-wp-class--hide=\"state.isContentHidden\" data-wp-class--show=\"state.isContentVisible\" data-wp-init=\"callbacks.setButtonStyles\" data-wp-on--click=\"actions.showLightbox\" data-wp-on--load=\"callbacks.setButtonStyles\" data-wp-on-window--resize=\"callbacks.setButtonStyles\" data-id=\"705\" src=\"https:\/\/www.bookhardanger.com\/wp-content\/uploads\/2025\/03\/Ulvik_RIB_Hardangerfjord-Adventure_02-1024x683.jpg\" alt=\"\" class=\"wp-image-705\" srcset=\"https:\/\/www.bookhardanger.com\/wp-content\/uploads\/2025\/03\/Ulvik_RIB_Hardangerfjord-Adventure_02-1024x683.jpg 1024w, https:\/\/www.bookhardanger.com\/wp-content\/uploads\/2025\/03\/Ulvik_RIB_Hardangerfjord-Adventure_02-300x200.jpg 300w, https:\/\/www.bookhardanger.com\/wp-content\/uploads\/2025\/03\/Ulvik_RIB_Hardangerfjord-Adventure_02-768x512.jpg 768w, https:\/\/www.bookhardanger.com\/wp-content\/uploads\/2025\/03\/Ulvik_RIB_Hardangerfjord-Adventure_02-1536x1024.jpg 1536w, https:\/\/www.bookhardanger.com\/wp-content\/uploads\/2025\/03\/Ulvik_RIB_Hardangerfjord-Adventure_02.jpg 2048w\" sizes=\"auto, (max-width: 1024px) 100vw, 1024px\" \/><button\n\t\t\tclass=\"lightbox-trigger\"\n\t\t\ttype=\"button\"\n\t\t\taria-haspopup=\"dialog\"\n\t\t\taria-label=\"Vergr\u00f6\u00dfern\"\n\t\t\tdata-wp-init=\"callbacks.initTriggerButton\"\n\t\t\tdata-wp-on--click=\"actions.showLightbox\"\n\t\t\tdata-wp-style--right=\"state.imageButtonRight\"\n\t\t\tdata-wp-style--top=\"state.imageButtonTop\"\n\t\t>\n\t\t\t<svg xmlns=\"http:\/\/www.w3.org\/2000\/svg\" width=\"12\" height=\"12\" fill=\"none\" viewBox=\"0 0 12 12\">\n\t\t\t\t<path fill=\"#fff\" d=\"M2 0a2 2 0 0 0-2 2v2h1.5V2a.5.5 0 0 1 .5-.5h2V0H2Zm2 10.5H2a.5.5 0 0 1-.5-.5V8H0v2a2 2 0 0 0 2 2h2v-1.5ZM8 12v-1.5h2a.5.5 0 0 0 .5-.5V8H12v2a2 2 0 0 1-2 2H8Zm2-12a2 2 0 0 1 2 2v2h-1.5V2a.5.5 0 0 0-.5-.5H8V0h2Z\" \/>\n\t\t\t<\/svg>\n\t\t<\/button><\/figure>\n\n\n\n<figure data-wp-context=\"{&quot;imageId&quot;:&quot;69ebd5c485872&quot;}\" data-wp-interactive=\"core\/image\" data-wp-key=\"69ebd5c485872\" class=\"wp-block-image size-large wp-lightbox-container\"><img loading=\"lazy\" decoding=\"async\" width=\"1024\" height=\"683\" data-wp-class--hide=\"state.isContentHidden\" data-wp-class--show=\"state.isContentVisible\" data-wp-init=\"callbacks.setButtonStyles\" data-wp-on--click=\"actions.showLightbox\" data-wp-on--load=\"callbacks.setButtonStyles\" data-wp-on-window--resize=\"callbacks.setButtonStyles\" data-id=\"702\" src=\"https:\/\/www.bookhardanger.com\/wp-content\/uploads\/2025\/03\/Ulvik_RIB_Hardangerfjord-Adventure_04-1024x683.jpg\" alt=\"\" class=\"wp-image-702\" srcset=\"https:\/\/www.bookhardanger.com\/wp-content\/uploads\/2025\/03\/Ulvik_RIB_Hardangerfjord-Adventure_04-1024x683.jpg 1024w, https:\/\/www.bookhardanger.com\/wp-content\/uploads\/2025\/03\/Ulvik_RIB_Hardangerfjord-Adventure_04-300x200.jpg 300w, https:\/\/www.bookhardanger.com\/wp-content\/uploads\/2025\/03\/Ulvik_RIB_Hardangerfjord-Adventure_04-768x512.jpg 768w, https:\/\/www.bookhardanger.com\/wp-content\/uploads\/2025\/03\/Ulvik_RIB_Hardangerfjord-Adventure_04-1536x1024.jpg 1536w, https:\/\/www.bookhardanger.com\/wp-content\/uploads\/2025\/03\/Ulvik_RIB_Hardangerfjord-Adventure_04.jpg 2048w\" sizes=\"auto, (max-width: 1024px) 100vw, 1024px\" \/><button\n\t\t\tclass=\"lightbox-trigger\"\n\t\t\ttype=\"button\"\n\t\t\taria-haspopup=\"dialog\"\n\t\t\taria-label=\"Vergr\u00f6\u00dfern\"\n\t\t\tdata-wp-init=\"callbacks.initTriggerButton\"\n\t\t\tdata-wp-on--click=\"actions.showLightbox\"\n\t\t\tdata-wp-style--right=\"state.imageButtonRight\"\n\t\t\tdata-wp-style--top=\"state.imageButtonTop\"\n\t\t>\n\t\t\t<svg xmlns=\"http:\/\/www.w3.org\/2000\/svg\" width=\"12\" height=\"12\" fill=\"none\" viewBox=\"0 0 12 12\">\n\t\t\t\t<path fill=\"#fff\" d=\"M2 0a2 2 0 0 0-2 2v2h1.5V2a.5.5 0 0 1 .5-.5h2V0H2Zm2 10.5H2a.5.5 0 0 1-.5-.5V8H0v2a2 2 0 0 0 2 2h2v-1.5ZM8 12v-1.5h2a.5.5 0 0 0 .5-.5V8H12v2a2 2 0 0 1-2 2H8Zm2-12a2 2 0 0 1 2 2v2h-1.5V2a.5.5 0 0 0-.5-.5H8V0h2Z\" \/>\n\t\t\t<\/svg>\n\t\t<\/button><\/figure>\n\n\n\n<figure data-wp-context=\"{&quot;imageId&quot;:&quot;69ebd5c485d12&quot;}\" data-wp-interactive=\"core\/image\" data-wp-key=\"69ebd5c485d12\" class=\"wp-block-image size-large wp-lightbox-container\"><img loading=\"lazy\" decoding=\"async\" width=\"1024\" height=\"683\" data-wp-class--hide=\"state.isContentHidden\" data-wp-class--show=\"state.isContentVisible\" data-wp-init=\"callbacks.setButtonStyles\" data-wp-on--click=\"actions.showLightbox\" data-wp-on--load=\"callbacks.setButtonStyles\" data-wp-on-window--resize=\"callbacks.setButtonStyles\" data-id=\"703\" src=\"https:\/\/www.bookhardanger.com\/wp-content\/uploads\/2025\/03\/Ulvik_RIB_Hardangerfjord-Adventure_03-1024x683.jpg\" alt=\"\" class=\"wp-image-703\" srcset=\"https:\/\/www.bookhardanger.com\/wp-content\/uploads\/2025\/03\/Ulvik_RIB_Hardangerfjord-Adventure_03-1024x683.jpg 1024w, https:\/\/www.bookhardanger.com\/wp-content\/uploads\/2025\/03\/Ulvik_RIB_Hardangerfjord-Adventure_03-300x200.jpg 300w, https:\/\/www.bookhardanger.com\/wp-content\/uploads\/2025\/03\/Ulvik_RIB_Hardangerfjord-Adventure_03-768x512.jpg 768w, https:\/\/www.bookhardanger.com\/wp-content\/uploads\/2025\/03\/Ulvik_RIB_Hardangerfjord-Adventure_03-1536x1025.jpg 1536w, https:\/\/www.bookhardanger.com\/wp-content\/uploads\/2025\/03\/Ulvik_RIB_Hardangerfjord-Adventure_03.jpg 2048w\" sizes=\"auto, (max-width: 1024px) 100vw, 1024px\" \/><button\n\t\t\tclass=\"lightbox-trigger\"\n\t\t\ttype=\"button\"\n\t\t\taria-haspopup=\"dialog\"\n\t\t\taria-label=\"Vergr\u00f6\u00dfern\"\n\t\t\tdata-wp-init=\"callbacks.initTriggerButton\"\n\t\t\tdata-wp-on--click=\"actions.showLightbox\"\n\t\t\tdata-wp-style--right=\"state.imageButtonRight\"\n\t\t\tdata-wp-style--top=\"state.imageButtonTop\"\n\t\t>\n\t\t\t<svg xmlns=\"http:\/\/www.w3.org\/2000\/svg\" width=\"12\" height=\"12\" fill=\"none\" viewBox=\"0 0 12 12\">\n\t\t\t\t<path fill=\"#fff\" d=\"M2 0a2 2 0 0 0-2 2v2h1.5V2a.5.5 0 0 1 .5-.5h2V0H2Zm2 10.5H2a.5.5 0 0 1-.5-.5V8H0v2a2 2 0 0 0 2 2h2v-1.5ZM8 12v-1.5h2a.5.5 0 0 0 .5-.5V8H12v2a2 2 0 0 1-2 2H8Zm2-12a2 2 0 0 1 2 2v2h-1.5V2a.5.5 0 0 0-.5-.5H8V0h2Z\" \/>\n\t\t\t<\/svg>\n\t\t<\/button><\/figure>\n\n\n\n<figure data-wp-context=\"{&quot;imageId&quot;:&quot;69ebd5c4861a9&quot;}\" data-wp-interactive=\"core\/image\" data-wp-key=\"69ebd5c4861a9\" class=\"wp-block-image size-large wp-lightbox-container\"><img loading=\"lazy\" decoding=\"async\" width=\"1024\" height=\"683\" data-wp-class--hide=\"state.isContentHidden\" data-wp-class--show=\"state.isContentVisible\" data-wp-init=\"callbacks.setButtonStyles\" data-wp-on--click=\"actions.showLightbox\" data-wp-on--load=\"callbacks.setButtonStyles\" data-wp-on-window--resize=\"callbacks.setButtonStyles\" data-id=\"699\" src=\"https:\/\/www.bookhardanger.com\/wp-content\/uploads\/2025\/03\/Ulvik_RIB_Hardangerfjord-Adventure_07-1024x683.jpg\" alt=\"\" class=\"wp-image-699\" srcset=\"https:\/\/www.bookhardanger.com\/wp-content\/uploads\/2025\/03\/Ulvik_RIB_Hardangerfjord-Adventure_07-1024x683.jpg 1024w, https:\/\/www.bookhardanger.com\/wp-content\/uploads\/2025\/03\/Ulvik_RIB_Hardangerfjord-Adventure_07-300x200.jpg 300w, https:\/\/www.bookhardanger.com\/wp-content\/uploads\/2025\/03\/Ulvik_RIB_Hardangerfjord-Adventure_07-768x512.jpg 768w, https:\/\/www.bookhardanger.com\/wp-content\/uploads\/2025\/03\/Ulvik_RIB_Hardangerfjord-Adventure_07-1536x1025.jpg 1536w, https:\/\/www.bookhardanger.com\/wp-content\/uploads\/2025\/03\/Ulvik_RIB_Hardangerfjord-Adventure_07.jpg 2048w\" sizes=\"auto, (max-width: 1024px) 100vw, 1024px\" \/><button\n\t\t\tclass=\"lightbox-trigger\"\n\t\t\ttype=\"button\"\n\t\t\taria-haspopup=\"dialog\"\n\t\t\taria-label=\"Vergr\u00f6\u00dfern\"\n\t\t\tdata-wp-init=\"callbacks.initTriggerButton\"\n\t\t\tdata-wp-on--click=\"actions.showLightbox\"\n\t\t\tdata-wp-style--right=\"state.imageButtonRight\"\n\t\t\tdata-wp-style--top=\"state.imageButtonTop\"\n\t\t>\n\t\t\t<svg xmlns=\"http:\/\/www.w3.org\/2000\/svg\" width=\"12\" height=\"12\" fill=\"none\" viewBox=\"0 0 12 12\">\n\t\t\t\t<path fill=\"#fff\" d=\"M2 0a2 2 0 0 0-2 2v2h1.5V2a.5.5 0 0 1 .5-.5h2V0H2Zm2 10.5H2a.5.5 0 0 1-.5-.5V8H0v2a2 2 0 0 0 2 2h2v-1.5ZM8 12v-1.5h2a.5.5 0 0 0 .5-.5V8H12v2a2 2 0 0 1-2 2H8Zm2-12a2 2 0 0 1 2 2v2h-1.5V2a.5.5 0 0 0-.5-.5H8V0h2Z\" \/>\n\t\t\t<\/svg>\n\t\t<\/button><\/figure>\n<figcaption class=\"blocks-gallery-caption wp-element-caption\">\u00a9 Hardangerfjord Adventure<\/figcaption><\/figure>\n\n\n\n<p><strong>Im Preis inbegriffen:<\/strong><\/p>\n\n\n\n<ul class=\"wp-block-list\">\n<li>Rettungsweste<\/li>\n\n\n\n<li>Schwimmanzug<\/li>\n\n\n\n<li>Schutzbrille<\/li>\n\n\n\n<li>Handschuhe<\/li>\n<\/ul>\n\n\n\n<p><strong>Mitbringen:<\/strong><\/p>\n\n\n\n<ul class=\"wp-block-list\">\n<li><a href=\"https:\/\/irp.cdn-website.com\/5891e755\/files\/uploaded\/Dressing%20for%20RIB_english.pdf\" target=\"_blank\" rel=\"noreferrer noopener\">Klicken Sie hier, um zu sehen, wie Sie sich je nach Wetter kleiden sollten<\/a><\/li>\n<\/ul>\n","protected":false},"excerpt":{"rendered":"<p>Erlebe abgelegene Fjordd\u00f6rfer und atemberaubende Natur auf dieser RIB-Tour ab Ulvik.<\/p>\n","protected":false},"featured_media":1485,"parent":0,"template":"","tags":[],"activity-categories":[54,56],"location":[62],"class_list":["post-1484","product","type-product","status-publish","has-post-thumbnail","hentry","activity-categories-activurlaub","activity-categories-bootsausfluge","location-ulvik-de"],"acf":[],"_links":{"self":[{"href":"https:\/\/www.bookhardanger.com\/de\/wp-json\/wp\/v2\/product\/1484","targetHints":{"allow":["GET"]}}],"collection":[{"href":"https:\/\/www.bookhardanger.com\/de\/wp-json\/wp\/v2\/product"}],"about":[{"href":"https:\/\/www.bookhardanger.com\/de\/wp-json\/wp\/v2\/types\/product"}],"wp:featuredmedia":[{"embeddable":true,"href":"https:\/\/www.bookhardanger.com\/de\/wp-json\/wp\/v2\/media\/1485"}],"wp:attachment":[{"href":"https:\/\/www.bookhardanger.com\/de\/wp-json\/wp\/v2\/media?parent=1484"}],"wp:term":[{"taxonomy":"post_tag","embeddable":true,"href":"https:\/\/www.bookhardanger.com\/de\/wp-json\/wp\/v2\/tags?post=1484"},{"taxonomy":"activity-categories","embeddable":true,"href":"https:\/\/www.bookhardanger.com\/de\/wp-json\/wp\/v2\/activity-categories?post=1484"},{"taxonomy":"location","embeddable":true,"href":"https:\/\/www.bookhardanger.com\/de\/wp-json\/wp\/v2\/location?post=1484"}],"curies":[{"name":"wp","href":"https:\/\/api.w.org\/{rel}","templated":true}]}}