{"id":1486,"date":"2025-02-17T15:04:20","date_gmt":"2025-02-17T15:04:20","guid":{"rendered":"https:\/\/www.bookhardanger.com\/products\/kajakfahren-auf-dem-hardangerfjord-von-jondal\/"},"modified":"2025-03-09T16:08:52","modified_gmt":"2025-03-09T16:08:52","slug":"kajakfahren-auf-dem-hardangerfjord-von-jondal","status":"publish","type":"product","link":"https:\/\/www.bookhardanger.com\/de\/products\/kajakfahren-auf-dem-hardangerfjord-von-jondal\/","title":{"rendered":"Kajakfahren auf dem Hardangerfjord von Jondal"},"content":{"rendered":"\n<p>Begib dich auf eine sommerliche Seekajak-Exkursion entlang des atemberaubenden Hardangerfjords. Dein Abenteuer beginnt mit einer ausf\u00fchrlichen Einf\u00fchrung und der Anpassung der Ausr\u00fcstung, damit du bestens f\u00fcr ein authentisches Fjorderlebnis vorbereitet bist. Die erfahrenen Guides vermitteln dir die wichtigsten Techniken \u2013 vom Paddeln und Steuern des Kajaks bis hin zum richtigen Umgang mit unerwarteten Situationen wie dem Kentern.<\/p>\n\n\n\n<p>Sobald du dich sicher f\u00fchlst, f\u00fchrt dein Guide die Gruppe in Richtung Jonaneset oder zu anderen wundersch\u00f6nen Orten. Die Route wird je nach Wellengang und Wetterbedingungen flexibel angepasst.<\/p>\n\n\n\n<p>W\u00e4hrend du paddelst, genie\u00dft du die spektakul\u00e4re Aussicht auf die majest\u00e4tischen Berge und die faszinierende Fjordlandschaft.<\/p>\n\n\n\n<p>Ob Anf\u00e4nger oder erfahrener Kajakfahrer \u2013 die t\u00e4glichen Seekajak-Touren bieten die perfekte Mischung aus Abenteuer und Naturerlebnis.<\/p>\n\n\n\n<p><strong>Im Preis inbegriffen:<\/strong><\/p>\n\n\n\n<ul class=\"wp-block-list\">\n<li>Kajakausr\u00fcstung<\/li>\n<\/ul>\n\n\n\n<p><strong>Mitbringen:<\/strong><\/p>\n\n\n\n<ul class=\"wp-block-list\">\n<li>Zusatzkleidung<\/li>\n\n\n\n<li>Handtuch<\/li>\n<\/ul>\n","protected":false},"excerpt":{"rendered":"<p>Erlebe die magische Fjordlandschaft aus dem Cockpit eines Kajaks<\/p>\n","protected":false},"featured_media":1487,"parent":0,"template":"","tags":[],"activity-categories":[54],"location":[61],"class_list":["post-1486","product","type-product","status-publish","has-post-thumbnail","hentry","activity-categories-activurlaub","location-jondal-de"],"acf":[],"_links":{"self":[{"href":"https:\/\/www.bookhardanger.com\/de\/wp-json\/wp\/v2\/product\/1486","targetHints":{"allow":["GET"]}}],"collection":[{"href":"https:\/\/www.bookhardanger.com\/de\/wp-json\/wp\/v2\/product"}],"about":[{"href":"https:\/\/www.bookhardanger.com\/de\/wp-json\/wp\/v2\/types\/product"}],"wp:featuredmedia":[{"embeddable":true,"href":"https:\/\/www.bookhardanger.com\/de\/wp-json\/wp\/v2\/media\/1487"}],"wp:attachment":[{"href":"https:\/\/www.bookhardanger.com\/de\/wp-json\/wp\/v2\/media?parent=1486"}],"wp:term":[{"taxonomy":"post_tag","embeddable":true,"href":"https:\/\/www.bookhardanger.com\/de\/wp-json\/wp\/v2\/tags?post=1486"},{"taxonomy":"activity-categories","embeddable":true,"href":"https:\/\/www.bookhardanger.com\/de\/wp-json\/wp\/v2\/activity-categories?post=1486"},{"taxonomy":"location","embeddable":true,"href":"https:\/\/www.bookhardanger.com\/de\/wp-json\/wp\/v2\/location?post=1486"}],"curies":[{"name":"wp","href":"https:\/\/api.w.org\/{rel}","templated":true}]}}