{"id":1491,"date":"2025-02-28T11:51:38","date_gmt":"2025-02-28T11:51:38","guid":{"rendered":"https:\/\/www.bookhardanger.com\/products\/maurangsfjord-rib-safari-ab-rosendal\/"},"modified":"2025-03-09T16:14:15","modified_gmt":"2025-03-09T16:14:15","slug":"maurangsfjord-rib-safari-ab-rosendal","status":"publish","type":"product","link":"https:\/\/www.bookhardanger.com\/de\/products\/maurangsfjord-rib-safari-ab-rosendal\/","title":{"rendered":"Maurangsfjord RIB-Safari ab Rosendal"},"content":{"rendered":"\n<p>Kein Wunder, dass der Maurangsfjord seit Jahrhunderten Touristen anzieht \u2013 er ist einfach eine m\u00e4rchenhaft sch\u00f6ne Fjordlandschaft, ein Seitenarm des Hardangerfjords.&nbsp;<\/p>\n\n\n\n<p>Von Rosendal geht es \u00fcber \u00c6nes zum beeindruckenden Furebergsfossen und weiter nach Sundal mit Blick auf den Bondhusbreen. Die R\u00fcckfahrt f\u00fchrt euch \u00fcber die Insel Sild zur\u00fcck hinaus in den Fjord.&nbsp;<\/p>\n\n\n\n<p>RIB-Boote sind die schnellsten, die es gibt \u2013 also stell dich auf ein bisschen Adrenalin ein! Unterwegs gibt es mehrere Stopps, bei denen dein Guide spannende Fakten \u00fcber den Fjord und die Menschen, die hier fr\u00fcher lebten, erz\u00e4hlt. Au\u00dferdem gibt es viele tolle Fotomotive \u2013 also halte deine Kamera bereit!&nbsp;\u00a0<\/p>\n\n\n\n<p><strong>Im Preis inbegriffen:<\/strong>&nbsp;<\/p>\n\n\n\n<ul class=\"wp-block-list\">\n<li>Schwimmweste\u00a0<\/li>\n\n\n\n<li>\u00dcberlebensanzug\u00a0<\/li>\n\n\n\n<li>Schutzbrille\u00a0<\/li>\n\n\n\n<li>Handschuhe\u00a0<\/li>\n\n\n\n<li>Gef\u00fchrte Tour\u00a0<\/li>\n<\/ul>\n\n\n\n<p><strong>Was du mitbringen solltest:<\/strong>&nbsp;<\/p>\n\n\n\n<ul class=\"wp-block-list\">\n<li><a href=\"https:\/\/irp.cdn-website.com\/5891e755\/files\/uploaded\/Dressing%20for%20RIB_english.pdf\" target=\"_blank\" rel=\"noreferrer noopener\">Hier klicken, um zu sehen, was du je nach Wetter anziehen solltest<\/a>\u00a0<\/li>\n<\/ul>\n","protected":false},"excerpt":{"rendered":"<p>Begib dich auf eine adrenalingeladene RIB-Tour zum wundersch\u00f6nen Maurangsfjord ab Rosendal! <\/p>\n","protected":false},"featured_media":1494,"parent":0,"template":"","tags":[],"activity-categories":[59],"location":[65],"class_list":["post-1491","product","type-product","status-publish","has-post-thumbnail","hentry","activity-categories-private-touren","location-rosendal-de"],"acf":[],"_links":{"self":[{"href":"https:\/\/www.bookhardanger.com\/de\/wp-json\/wp\/v2\/product\/1491","targetHints":{"allow":["GET"]}}],"collection":[{"href":"https:\/\/www.bookhardanger.com\/de\/wp-json\/wp\/v2\/product"}],"about":[{"href":"https:\/\/www.bookhardanger.com\/de\/wp-json\/wp\/v2\/types\/product"}],"wp:featuredmedia":[{"embeddable":true,"href":"https:\/\/www.bookhardanger.com\/de\/wp-json\/wp\/v2\/media\/1494"}],"wp:attachment":[{"href":"https:\/\/www.bookhardanger.com\/de\/wp-json\/wp\/v2\/media?parent=1491"}],"wp:term":[{"taxonomy":"post_tag","embeddable":true,"href":"https:\/\/www.bookhardanger.com\/de\/wp-json\/wp\/v2\/tags?post=1491"},{"taxonomy":"activity-categories","embeddable":true,"href":"https:\/\/www.bookhardanger.com\/de\/wp-json\/wp\/v2\/activity-categories?post=1491"},{"taxonomy":"location","embeddable":true,"href":"https:\/\/www.bookhardanger.com\/de\/wp-json\/wp\/v2\/location?post=1491"}],"curies":[{"name":"wp","href":"https:\/\/api.w.org\/{rel}","templated":true}]}}