{"id":1495,"date":"2025-02-19T08:32:29","date_gmt":"2025-02-19T08:32:29","guid":{"rendered":"https:\/\/www.bookhardanger.com\/products\/mikkelparken\/"},"modified":"2025-03-09T16:18:43","modified_gmt":"2025-03-09T16:18:43","slug":"mikkelparken","status":"publish","type":"product","link":"https:\/\/www.bookhardanger.com\/de\/products\/mikkelparken\/","title":{"rendered":"Mikkelparken\u00a0"},"content":{"rendered":"\n<p>Mikkelparken ist ein Familienfreizeitpark mit vielen Aktivit\u00e4ten f\u00fcr Kinder jeden Alters. Die ganze Familie kann sich auf Wasserrutschen, Schwimmen, Planschen und Spielen im Wasserparkbereich freuen. Der Mikkel-Zug f\u00e4hrt regelm\u00e4\u00dfig durch den Park und bietet eine gem\u00fctliche Rundfahrt. Kinder k\u00f6nnen sich im Labyrinth orientieren, das Dschungel-Rafting erkunden, kleine Boote paddeln oder nach Edelsteinen und Gold sch\u00fcrfen.<\/p>\n\n\n\n<p>Tierliebhaber werden begeistert sein, Ziegen und andere Bauernhoftiere auf Mikkels Bauernhof zu treffen, w\u00e4hrend Technikfans die Bagger ausprobieren k\u00f6nnen. Neben den Outdoor-Spielpl\u00e4tzen gibt es in Mikkelparken auch zwei gro\u00dfe Indoor-Spielbereiche.<\/p>\n\n\n\n<p>Und nat\u00fcrlich laden Mikkel und seine Freunde alle Kinder den ganzen Tag \u00fcber zu tollen Shows mit Spielen, Tanz, Gesang und jeder Menge Spa\u00df ein!<\/p>\n\n\n\n<p>Wer eine Pause braucht oder Hunger bekommt, kann im Solkroa auf der Au\u00dfenterrasse leckere Mahlzeiten genie\u00dfen oder sich in Skoskogen, wo sich eine der Indoor-Spielzonen befindet, mit Snacks st\u00e4rken.<\/p>\n\n\n\n<p><strong>Im Preis inbegriffen:<\/strong><\/p>\n\n\n\n<ul class=\"wp-block-list\">\n<li>Eintrittskarte<\/li>\n<\/ul>\n\n\n\n<figure class=\"wp-block-gallery has-nested-images columns-2 is-cropped wp-block-gallery-1 is-layout-flex wp-block-gallery-is-layout-flex\">\n<figure data-wp-context=\"{&quot;imageId&quot;:&quot;69ec30318eccc&quot;}\" data-wp-interactive=\"core\/image\" data-wp-key=\"69ec30318eccc\" class=\"wp-block-image size-large wp-lightbox-container\"><img loading=\"lazy\" decoding=\"async\" width=\"1024\" height=\"682\" data-wp-class--hide=\"state.isContentHidden\" data-wp-class--show=\"state.isContentVisible\" data-wp-init=\"callbacks.setButtonStyles\" data-wp-on--click=\"actions.showLightbox\" data-wp-on--load=\"callbacks.setButtonStyles\" data-wp-on-window--resize=\"callbacks.setButtonStyles\" data-id=\"355\" src=\"https:\/\/www.bookhardanger.com\/wp-content\/uploads\/2025\/02\/Mikkelparken_05-1024x682.jpg\" alt=\"\" class=\"wp-image-355\" srcset=\"https:\/\/www.bookhardanger.com\/wp-content\/uploads\/2025\/02\/Mikkelparken_05-1024x682.jpg 1024w, https:\/\/www.bookhardanger.com\/wp-content\/uploads\/2025\/02\/Mikkelparken_05-300x200.jpg 300w, https:\/\/www.bookhardanger.com\/wp-content\/uploads\/2025\/02\/Mikkelparken_05-768x512.jpg 768w, https:\/\/www.bookhardanger.com\/wp-content\/uploads\/2025\/02\/Mikkelparken_05.jpg 1202w\" sizes=\"auto, (max-width: 1024px) 100vw, 1024px\" \/><button\n\t\t\tclass=\"lightbox-trigger\"\n\t\t\ttype=\"button\"\n\t\t\taria-haspopup=\"dialog\"\n\t\t\taria-label=\"Vergr\u00f6\u00dfern\"\n\t\t\tdata-wp-init=\"callbacks.initTriggerButton\"\n\t\t\tdata-wp-on--click=\"actions.showLightbox\"\n\t\t\tdata-wp-style--right=\"state.imageButtonRight\"\n\t\t\tdata-wp-style--top=\"state.imageButtonTop\"\n\t\t>\n\t\t\t<svg xmlns=\"http:\/\/www.w3.org\/2000\/svg\" width=\"12\" height=\"12\" fill=\"none\" viewBox=\"0 0 12 12\">\n\t\t\t\t<path fill=\"#fff\" d=\"M2 0a2 2 0 0 0-2 2v2h1.5V2a.5.5 0 0 1 .5-.5h2V0H2Zm2 10.5H2a.5.5 0 0 1-.5-.5V8H0v2a2 2 0 0 0 2 2h2v-1.5ZM8 12v-1.5h2a.5.5 0 0 0 .5-.5V8H12v2a2 2 0 0 1-2 2H8Zm2-12a2 2 0 0 1 2 2v2h-1.5V2a.5.5 0 0 0-.5-.5H8V0h2Z\" \/>\n\t\t\t<\/svg>\n\t\t<\/button><\/figure>\n\n\n\n<figure data-wp-context=\"{&quot;imageId&quot;:&quot;69ec30318f270&quot;}\" data-wp-interactive=\"core\/image\" data-wp-key=\"69ec30318f270\" class=\"wp-block-image size-large wp-lightbox-container\"><img loading=\"lazy\" decoding=\"async\" width=\"1024\" height=\"683\" data-wp-class--hide=\"state.isContentHidden\" data-wp-class--show=\"state.isContentVisible\" data-wp-init=\"callbacks.setButtonStyles\" data-wp-on--click=\"actions.showLightbox\" data-wp-on--load=\"callbacks.setButtonStyles\" data-wp-on-window--resize=\"callbacks.setButtonStyles\" data-id=\"354\" src=\"https:\/\/www.bookhardanger.com\/wp-content\/uploads\/2025\/02\/Mikkelparken_04-1024x683.jpg\" alt=\"\" class=\"wp-image-354\" srcset=\"https:\/\/www.bookhardanger.com\/wp-content\/uploads\/2025\/02\/Mikkelparken_04-1024x683.jpg 1024w, https:\/\/www.bookhardanger.com\/wp-content\/uploads\/2025\/02\/Mikkelparken_04-300x200.jpg 300w, https:\/\/www.bookhardanger.com\/wp-content\/uploads\/2025\/02\/Mikkelparken_04-768x512.jpg 768w, https:\/\/www.bookhardanger.com\/wp-content\/uploads\/2025\/02\/Mikkelparken_04-1536x1024.jpg 1536w, https:\/\/www.bookhardanger.com\/wp-content\/uploads\/2025\/02\/Mikkelparken_04.jpg 2048w\" sizes=\"auto, (max-width: 1024px) 100vw, 1024px\" \/><button\n\t\t\tclass=\"lightbox-trigger\"\n\t\t\ttype=\"button\"\n\t\t\taria-haspopup=\"dialog\"\n\t\t\taria-label=\"Vergr\u00f6\u00dfern\"\n\t\t\tdata-wp-init=\"callbacks.initTriggerButton\"\n\t\t\tdata-wp-on--click=\"actions.showLightbox\"\n\t\t\tdata-wp-style--right=\"state.imageButtonRight\"\n\t\t\tdata-wp-style--top=\"state.imageButtonTop\"\n\t\t>\n\t\t\t<svg xmlns=\"http:\/\/www.w3.org\/2000\/svg\" width=\"12\" height=\"12\" fill=\"none\" viewBox=\"0 0 12 12\">\n\t\t\t\t<path fill=\"#fff\" d=\"M2 0a2 2 0 0 0-2 2v2h1.5V2a.5.5 0 0 1 .5-.5h2V0H2Zm2 10.5H2a.5.5 0 0 1-.5-.5V8H0v2a2 2 0 0 0 2 2h2v-1.5ZM8 12v-1.5h2a.5.5 0 0 0 .5-.5V8H12v2a2 2 0 0 1-2 2H8Zm2-12a2 2 0 0 1 2 2v2h-1.5V2a.5.5 0 0 0-.5-.5H8V0h2Z\" \/>\n\t\t\t<\/svg>\n\t\t<\/button><\/figure>\n\n\n\n<figure data-wp-context=\"{&quot;imageId&quot;:&quot;69ec30318f78b&quot;}\" data-wp-interactive=\"core\/image\" data-wp-key=\"69ec30318f78b\" class=\"wp-block-image size-large wp-lightbox-container\"><img loading=\"lazy\" decoding=\"async\" width=\"1024\" height=\"686\" data-wp-class--hide=\"state.isContentHidden\" data-wp-class--show=\"state.isContentVisible\" data-wp-init=\"callbacks.setButtonStyles\" data-wp-on--click=\"actions.showLightbox\" data-wp-on--load=\"callbacks.setButtonStyles\" data-wp-on-window--resize=\"callbacks.setButtonStyles\" data-id=\"353\" src=\"https:\/\/www.bookhardanger.com\/wp-content\/uploads\/2025\/02\/Mikkelparken_03-1024x686.jpg\" alt=\"\" class=\"wp-image-353\" srcset=\"https:\/\/www.bookhardanger.com\/wp-content\/uploads\/2025\/02\/Mikkelparken_03-1024x686.jpg 1024w, https:\/\/www.bookhardanger.com\/wp-content\/uploads\/2025\/02\/Mikkelparken_03-300x201.jpg 300w, https:\/\/www.bookhardanger.com\/wp-content\/uploads\/2025\/02\/Mikkelparken_03-768x514.jpg 768w, https:\/\/www.bookhardanger.com\/wp-content\/uploads\/2025\/02\/Mikkelparken_03-1536x1028.jpg 1536w, https:\/\/www.bookhardanger.com\/wp-content\/uploads\/2025\/02\/Mikkelparken_03.jpg 2048w\" sizes=\"auto, (max-width: 1024px) 100vw, 1024px\" \/><button\n\t\t\tclass=\"lightbox-trigger\"\n\t\t\ttype=\"button\"\n\t\t\taria-haspopup=\"dialog\"\n\t\t\taria-label=\"Vergr\u00f6\u00dfern\"\n\t\t\tdata-wp-init=\"callbacks.initTriggerButton\"\n\t\t\tdata-wp-on--click=\"actions.showLightbox\"\n\t\t\tdata-wp-style--right=\"state.imageButtonRight\"\n\t\t\tdata-wp-style--top=\"state.imageButtonTop\"\n\t\t>\n\t\t\t<svg xmlns=\"http:\/\/www.w3.org\/2000\/svg\" width=\"12\" height=\"12\" fill=\"none\" viewBox=\"0 0 12 12\">\n\t\t\t\t<path fill=\"#fff\" d=\"M2 0a2 2 0 0 0-2 2v2h1.5V2a.5.5 0 0 1 .5-.5h2V0H2Zm2 10.5H2a.5.5 0 0 1-.5-.5V8H0v2a2 2 0 0 0 2 2h2v-1.5ZM8 12v-1.5h2a.5.5 0 0 0 .5-.5V8H12v2a2 2 0 0 1-2 2H8Zm2-12a2 2 0 0 1 2 2v2h-1.5V2a.5.5 0 0 0-.5-.5H8V0h2Z\" \/>\n\t\t\t<\/svg>\n\t\t<\/button><\/figure>\n\n\n\n<figure data-wp-context=\"{&quot;imageId&quot;:&quot;69ec30318fc40&quot;}\" data-wp-interactive=\"core\/image\" data-wp-key=\"69ec30318fc40\" class=\"wp-block-image size-large wp-lightbox-container\"><img loading=\"lazy\" decoding=\"async\" width=\"1024\" height=\"683\" data-wp-class--hide=\"state.isContentHidden\" data-wp-class--show=\"state.isContentVisible\" data-wp-init=\"callbacks.setButtonStyles\" data-wp-on--click=\"actions.showLightbox\" data-wp-on--load=\"callbacks.setButtonStyles\" data-wp-on-window--resize=\"callbacks.setButtonStyles\" data-id=\"352\" src=\"https:\/\/www.bookhardanger.com\/wp-content\/uploads\/2025\/02\/Mikkelparken_02-1024x683.jpg\" alt=\"\" class=\"wp-image-352\" srcset=\"https:\/\/www.bookhardanger.com\/wp-content\/uploads\/2025\/02\/Mikkelparken_02-1024x683.jpg 1024w, https:\/\/www.bookhardanger.com\/wp-content\/uploads\/2025\/02\/Mikkelparken_02-300x200.jpg 300w, https:\/\/www.bookhardanger.com\/wp-content\/uploads\/2025\/02\/Mikkelparken_02-768x512.jpg 768w, https:\/\/www.bookhardanger.com\/wp-content\/uploads\/2025\/02\/Mikkelparken_02-1536x1024.jpg 1536w, https:\/\/www.bookhardanger.com\/wp-content\/uploads\/2025\/02\/Mikkelparken_02.jpg 2048w\" sizes=\"auto, (max-width: 1024px) 100vw, 1024px\" \/><button\n\t\t\tclass=\"lightbox-trigger\"\n\t\t\ttype=\"button\"\n\t\t\taria-haspopup=\"dialog\"\n\t\t\taria-label=\"Vergr\u00f6\u00dfern\"\n\t\t\tdata-wp-init=\"callbacks.initTriggerButton\"\n\t\t\tdata-wp-on--click=\"actions.showLightbox\"\n\t\t\tdata-wp-style--right=\"state.imageButtonRight\"\n\t\t\tdata-wp-style--top=\"state.imageButtonTop\"\n\t\t>\n\t\t\t<svg xmlns=\"http:\/\/www.w3.org\/2000\/svg\" width=\"12\" height=\"12\" fill=\"none\" viewBox=\"0 0 12 12\">\n\t\t\t\t<path fill=\"#fff\" d=\"M2 0a2 2 0 0 0-2 2v2h1.5V2a.5.5 0 0 1 .5-.5h2V0H2Zm2 10.5H2a.5.5 0 0 1-.5-.5V8H0v2a2 2 0 0 0 2 2h2v-1.5ZM8 12v-1.5h2a.5.5 0 0 0 .5-.5V8H12v2a2 2 0 0 1-2 2H8Zm2-12a2 2 0 0 1 2 2v2h-1.5V2a.5.5 0 0 0-.5-.5H8V0h2Z\" \/>\n\t\t\t<\/svg>\n\t\t<\/button><\/figure>\n<figcaption class=\"blocks-gallery-caption wp-element-caption\">\u00a9 Mikkelparken<\/figcaption><\/figure>\n\n\n\n<p><\/p>\n","protected":false},"excerpt":{"rendered":"<p>Viel Spa\u00df mit Mikkel und seinen Freunden in diesem erstaunlichen Familienfreizeitpark<\/p>\n","protected":false},"featured_media":1496,"parent":0,"template":"","tags":[],"activity-categories":[57],"location":[66],"class_list":["post-1495","product","type-product","status-publish","has-post-thumbnail","hentry","activity-categories-familienspas","location-lofthus-kinsarvik"],"acf":[],"_links":{"self":[{"href":"https:\/\/www.bookhardanger.com\/de\/wp-json\/wp\/v2\/product\/1495","targetHints":{"allow":["GET"]}}],"collection":[{"href":"https:\/\/www.bookhardanger.com\/de\/wp-json\/wp\/v2\/product"}],"about":[{"href":"https:\/\/www.bookhardanger.com\/de\/wp-json\/wp\/v2\/types\/product"}],"wp:featuredmedia":[{"embeddable":true,"href":"https:\/\/www.bookhardanger.com\/de\/wp-json\/wp\/v2\/media\/1496"}],"wp:attachment":[{"href":"https:\/\/www.bookhardanger.com\/de\/wp-json\/wp\/v2\/media?parent=1495"}],"wp:term":[{"taxonomy":"post_tag","embeddable":true,"href":"https:\/\/www.bookhardanger.com\/de\/wp-json\/wp\/v2\/tags?post=1495"},{"taxonomy":"activity-categories","embeddable":true,"href":"https:\/\/www.bookhardanger.com\/de\/wp-json\/wp\/v2\/activity-categories?post=1495"},{"taxonomy":"location","embeddable":true,"href":"https:\/\/www.bookhardanger.com\/de\/wp-json\/wp\/v2\/location?post=1495"}],"curies":[{"name":"wp","href":"https:\/\/api.w.org\/{rel}","templated":true}]}}