{"id":1500,"date":"2025-02-20T15:11:06","date_gmt":"2025-02-20T15:11:06","guid":{"rendered":"https:\/\/www.bookhardanger.com\/products\/osafjord-rib-safari-ab-ulvik\/"},"modified":"2025-03-09T16:42:18","modified_gmt":"2025-03-09T16:42:18","slug":"osafjord-rib-safari-ab-ulvik","status":"publish","type":"product","link":"https:\/\/www.bookhardanger.com\/de\/products\/osafjord-rib-safari-ab-ulvik\/","title":{"rendered":"Osafjord-RIB-Safari ab Ulvik"},"content":{"rendered":"\n<p>Von Ulvik aus f\u00fchrt die Bootstour in den wundersch\u00f6nen Fjordarm Osafjorden, vorbei an mehreren alten Fjordsiedlungen ohne Stra\u00dfenanbindung. Hier reist du zur\u00fcck in die Vergangenheit und erh\u00e4ltst spannende Einblicke in das Leben der Menschen, die einst entlang des Fjords lebten.<\/p>\n\n\n\n<p>Mehrere Stopps entlang der K\u00fcste erm\u00f6glichen es dir, die beeindruckende Fjordlandschaft in Ruhe zu genie\u00dfen und die Eindr\u00fccke auf dich wirken zu lassen.<\/p>\n\n\n\n<p>Der Guide erz\u00e4hlt interessante und zum Nachdenken anregende Geschichten \u00fcber die Natur um dich herum sowie \u00fcber die Menschen, die hier seit Generationen leben.<\/p>\n\n\n\n<p>W\u00e4hrend der Fahrt kannst du die Kraft des RIB-Boots sicher erleben \u2013 mit Wind in den Haaren und einem echten Adrenalinkick!<\/p>\n\n\n\n<figure class=\"wp-block-gallery has-nested-images columns-2 is-cropped wp-block-gallery-1 is-layout-flex wp-block-gallery-is-layout-flex\">\n<figure data-wp-context=\"{&quot;imageId&quot;:&quot;69e3b72b7973d&quot;}\" data-wp-interactive=\"core\/image\" data-wp-key=\"69e3b72b7973d\" class=\"wp-block-image size-large wp-lightbox-container\"><img loading=\"lazy\" decoding=\"async\" width=\"683\" height=\"1024\" data-wp-class--hide=\"state.isContentHidden\" data-wp-class--show=\"state.isContentVisible\" data-wp-init=\"callbacks.setButtonStyles\" data-wp-on--click=\"actions.showLightbox\" data-wp-on--load=\"callbacks.setButtonStyles\" data-wp-on-window--resize=\"callbacks.setButtonStyles\" data-id=\"459\" src=\"https:\/\/www.bookhardanger.com\/wp-content\/uploads\/2025\/02\/Osafjord_Hardangerfjord-Adventure_01-683x1024.jpg\" alt=\"\" class=\"wp-image-459\" srcset=\"https:\/\/www.bookhardanger.com\/wp-content\/uploads\/2025\/02\/Osafjord_Hardangerfjord-Adventure_01-683x1024.jpg 683w, https:\/\/www.bookhardanger.com\/wp-content\/uploads\/2025\/02\/Osafjord_Hardangerfjord-Adventure_01-200x300.jpg 200w, https:\/\/www.bookhardanger.com\/wp-content\/uploads\/2025\/02\/Osafjord_Hardangerfjord-Adventure_01-768x1151.jpg 768w, https:\/\/www.bookhardanger.com\/wp-content\/uploads\/2025\/02\/Osafjord_Hardangerfjord-Adventure_01-1025x1536.jpg 1025w, https:\/\/www.bookhardanger.com\/wp-content\/uploads\/2025\/02\/Osafjord_Hardangerfjord-Adventure_01.jpg 1366w\" sizes=\"auto, (max-width: 683px) 100vw, 683px\" \/><button\n\t\t\tclass=\"lightbox-trigger\"\n\t\t\ttype=\"button\"\n\t\t\taria-haspopup=\"dialog\"\n\t\t\taria-label=\"Vergr\u00f6\u00dfern\"\n\t\t\tdata-wp-init=\"callbacks.initTriggerButton\"\n\t\t\tdata-wp-on--click=\"actions.showLightbox\"\n\t\t\tdata-wp-style--right=\"state.imageButtonRight\"\n\t\t\tdata-wp-style--top=\"state.imageButtonTop\"\n\t\t>\n\t\t\t<svg xmlns=\"http:\/\/www.w3.org\/2000\/svg\" width=\"12\" height=\"12\" fill=\"none\" viewBox=\"0 0 12 12\">\n\t\t\t\t<path fill=\"#fff\" d=\"M2 0a2 2 0 0 0-2 2v2h1.5V2a.5.5 0 0 1 .5-.5h2V0H2Zm2 10.5H2a.5.5 0 0 1-.5-.5V8H0v2a2 2 0 0 0 2 2h2v-1.5ZM8 12v-1.5h2a.5.5 0 0 0 .5-.5V8H12v2a2 2 0 0 1-2 2H8Zm2-12a2 2 0 0 1 2 2v2h-1.5V2a.5.5 0 0 0-.5-.5H8V0h2Z\" \/>\n\t\t\t<\/svg>\n\t\t<\/button><\/figure>\n\n\n\n<figure data-wp-context=\"{&quot;imageId&quot;:&quot;69e3b72b7a51c&quot;}\" data-wp-interactive=\"core\/image\" data-wp-key=\"69e3b72b7a51c\" class=\"wp-block-image size-large wp-lightbox-container\"><img loading=\"lazy\" decoding=\"async\" width=\"683\" height=\"1024\" data-wp-class--hide=\"state.isContentHidden\" data-wp-class--show=\"state.isContentVisible\" data-wp-init=\"callbacks.setButtonStyles\" data-wp-on--click=\"actions.showLightbox\" data-wp-on--load=\"callbacks.setButtonStyles\" data-wp-on-window--resize=\"callbacks.setButtonStyles\" data-id=\"458\" src=\"https:\/\/www.bookhardanger.com\/wp-content\/uploads\/2025\/02\/Osafjord_Hardangerfjord-Adventure_02-683x1024.jpg\" alt=\"\" class=\"wp-image-458\" srcset=\"https:\/\/www.bookhardanger.com\/wp-content\/uploads\/2025\/02\/Osafjord_Hardangerfjord-Adventure_02-683x1024.jpg 683w, https:\/\/www.bookhardanger.com\/wp-content\/uploads\/2025\/02\/Osafjord_Hardangerfjord-Adventure_02-200x300.jpg 200w, https:\/\/www.bookhardanger.com\/wp-content\/uploads\/2025\/02\/Osafjord_Hardangerfjord-Adventure_02-768x1151.jpg 768w, https:\/\/www.bookhardanger.com\/wp-content\/uploads\/2025\/02\/Osafjord_Hardangerfjord-Adventure_02-1025x1536.jpg 1025w, https:\/\/www.bookhardanger.com\/wp-content\/uploads\/2025\/02\/Osafjord_Hardangerfjord-Adventure_02.jpg 1366w\" sizes=\"auto, (max-width: 683px) 100vw, 683px\" \/><button\n\t\t\tclass=\"lightbox-trigger\"\n\t\t\ttype=\"button\"\n\t\t\taria-haspopup=\"dialog\"\n\t\t\taria-label=\"Vergr\u00f6\u00dfern\"\n\t\t\tdata-wp-init=\"callbacks.initTriggerButton\"\n\t\t\tdata-wp-on--click=\"actions.showLightbox\"\n\t\t\tdata-wp-style--right=\"state.imageButtonRight\"\n\t\t\tdata-wp-style--top=\"state.imageButtonTop\"\n\t\t>\n\t\t\t<svg xmlns=\"http:\/\/www.w3.org\/2000\/svg\" width=\"12\" height=\"12\" fill=\"none\" viewBox=\"0 0 12 12\">\n\t\t\t\t<path fill=\"#fff\" d=\"M2 0a2 2 0 0 0-2 2v2h1.5V2a.5.5 0 0 1 .5-.5h2V0H2Zm2 10.5H2a.5.5 0 0 1-.5-.5V8H0v2a2 2 0 0 0 2 2h2v-1.5ZM8 12v-1.5h2a.5.5 0 0 0 .5-.5V8H12v2a2 2 0 0 1-2 2H8Zm2-12a2 2 0 0 1 2 2v2h-1.5V2a.5.5 0 0 0-.5-.5H8V0h2Z\" \/>\n\t\t\t<\/svg>\n\t\t<\/button><\/figure>\n\n\n\n<figure data-wp-context=\"{&quot;imageId&quot;:&quot;69e3b72b7ad9e&quot;}\" data-wp-interactive=\"core\/image\" data-wp-key=\"69e3b72b7ad9e\" class=\"wp-block-image size-large wp-lightbox-container\"><img loading=\"lazy\" decoding=\"async\" width=\"1024\" height=\"683\" data-wp-class--hide=\"state.isContentHidden\" data-wp-class--show=\"state.isContentVisible\" data-wp-init=\"callbacks.setButtonStyles\" data-wp-on--click=\"actions.showLightbox\" data-wp-on--load=\"callbacks.setButtonStyles\" data-wp-on-window--resize=\"callbacks.setButtonStyles\" data-id=\"456\" src=\"https:\/\/www.bookhardanger.com\/wp-content\/uploads\/2025\/02\/Osafjord_Hardangerfjord-Adventure_03-1024x683.jpg\" alt=\"\" class=\"wp-image-456\" srcset=\"https:\/\/www.bookhardanger.com\/wp-content\/uploads\/2025\/02\/Osafjord_Hardangerfjord-Adventure_03-1024x683.jpg 1024w, https:\/\/www.bookhardanger.com\/wp-content\/uploads\/2025\/02\/Osafjord_Hardangerfjord-Adventure_03-300x200.jpg 300w, https:\/\/www.bookhardanger.com\/wp-content\/uploads\/2025\/02\/Osafjord_Hardangerfjord-Adventure_03-768x512.jpg 768w, https:\/\/www.bookhardanger.com\/wp-content\/uploads\/2025\/02\/Osafjord_Hardangerfjord-Adventure_03-1536x1024.jpg 1536w, https:\/\/www.bookhardanger.com\/wp-content\/uploads\/2025\/02\/Osafjord_Hardangerfjord-Adventure_03.jpg 2048w\" sizes=\"auto, (max-width: 1024px) 100vw, 1024px\" \/><button\n\t\t\tclass=\"lightbox-trigger\"\n\t\t\ttype=\"button\"\n\t\t\taria-haspopup=\"dialog\"\n\t\t\taria-label=\"Vergr\u00f6\u00dfern\"\n\t\t\tdata-wp-init=\"callbacks.initTriggerButton\"\n\t\t\tdata-wp-on--click=\"actions.showLightbox\"\n\t\t\tdata-wp-style--right=\"state.imageButtonRight\"\n\t\t\tdata-wp-style--top=\"state.imageButtonTop\"\n\t\t>\n\t\t\t<svg xmlns=\"http:\/\/www.w3.org\/2000\/svg\" width=\"12\" height=\"12\" fill=\"none\" viewBox=\"0 0 12 12\">\n\t\t\t\t<path fill=\"#fff\" d=\"M2 0a2 2 0 0 0-2 2v2h1.5V2a.5.5 0 0 1 .5-.5h2V0H2Zm2 10.5H2a.5.5 0 0 1-.5-.5V8H0v2a2 2 0 0 0 2 2h2v-1.5ZM8 12v-1.5h2a.5.5 0 0 0 .5-.5V8H12v2a2 2 0 0 1-2 2H8Zm2-12a2 2 0 0 1 2 2v2h-1.5V2a.5.5 0 0 0-.5-.5H8V0h2Z\" \/>\n\t\t\t<\/svg>\n\t\t<\/button><\/figure>\n<figcaption class=\"blocks-gallery-caption wp-element-caption\">\u00a9 Hardangerfjord Adventure<\/figcaption><\/figure>\n\n\n\n<p><strong>Im Preis inbegriffen:<\/strong><\/p>\n\n\n\n<ul class=\"wp-block-list\">\n<li>Rettungsweste<\/li>\n\n\n\n<li>Schwimmanzug<\/li>\n\n\n\n<li>Schutzbrille<\/li>\n\n\n\n<li>Handschuhe<\/li>\n<\/ul>\n\n\n\n<p><strong>Mitbringen:<\/strong><\/p>\n\n\n\n<ul class=\"wp-block-list\">\n<li><a href=\"https:\/\/irp.cdn-website.com\/5891e755\/files\/uploaded\/Dressing%20for%20RIB_english.pdf\" target=\"_blank\" rel=\"noreferrer noopener\">Klicken Sie hier, um zu sehen, wie Sie sich je nach Wetter kleiden sollten<\/a><\/li>\n<\/ul>\n","protected":false},"excerpt":{"rendered":"<p>Ein unvergessliches Erlebnis, das dir die majest\u00e4tische norwegische Fjordlandschaft n\u00e4herbringt.<\/p>\n","protected":false},"featured_media":1501,"parent":0,"template":"","tags":[],"activity-categories":[54,56],"location":[62],"class_list":["post-1500","product","type-product","status-publish","has-post-thumbnail","hentry","activity-categories-activurlaub","activity-categories-bootsausfluge","location-ulvik-de"],"acf":[],"_links":{"self":[{"href":"https:\/\/www.bookhardanger.com\/de\/wp-json\/wp\/v2\/product\/1500","targetHints":{"allow":["GET"]}}],"collection":[{"href":"https:\/\/www.bookhardanger.com\/de\/wp-json\/wp\/v2\/product"}],"about":[{"href":"https:\/\/www.bookhardanger.com\/de\/wp-json\/wp\/v2\/types\/product"}],"wp:featuredmedia":[{"embeddable":true,"href":"https:\/\/www.bookhardanger.com\/de\/wp-json\/wp\/v2\/media\/1501"}],"wp:attachment":[{"href":"https:\/\/www.bookhardanger.com\/de\/wp-json\/wp\/v2\/media?parent=1500"}],"wp:term":[{"taxonomy":"post_tag","embeddable":true,"href":"https:\/\/www.bookhardanger.com\/de\/wp-json\/wp\/v2\/tags?post=1500"},{"taxonomy":"activity-categories","embeddable":true,"href":"https:\/\/www.bookhardanger.com\/de\/wp-json\/wp\/v2\/activity-categories?post=1500"},{"taxonomy":"location","embeddable":true,"href":"https:\/\/www.bookhardanger.com\/de\/wp-json\/wp\/v2\/location?post=1500"}],"curies":[{"name":"wp","href":"https:\/\/api.w.org\/{rel}","templated":true}]}}