{"id":1507,"date":"2025-02-24T12:41:01","date_gmt":"2025-02-24T12:41:01","guid":{"rendered":"https:\/\/www.bookhardanger.com\/products\/rundflug-mit-dem-wasserflugzeug-von-eidfjord\/"},"modified":"2025-03-09T17:00:22","modified_gmt":"2025-03-09T17:00:22","slug":"rundflug-mit-dem-wasserflugzeug-von-eidfjord","status":"publish","type":"product","link":"https:\/\/www.bookhardanger.com\/de\/products\/rundflug-mit-dem-wasserflugzeug-von-eidfjord\/","title":{"rendered":"Rundflug mit dem Wasserflugzeug von Eidfjord"},"content":{"rendered":"\n<p>Das Wasserflugzeug hebt direkt vom Kai in Eidfjord ab und nimmt dich mit auf eine Reise durch einige der dramatischsten Landschaften Hardangers. W\u00e4hrend das Flugzeug an H\u00f6he gewinnt, breitet sich der Fjord unter dir aus, eingerahmt von steilen Bergen und verwinkelten K\u00fcstenlinien.<\/p>\n\n\n\n<p>Eine Rechtskurve f\u00fchrt in den Osafjord, einen schmalen Fjordarm mit imposanten Felsw\u00e4nden, die direkt aus dem Wasser ragen. Sobald das Flugzeug auf 1.700 Meter steigt, erwartet dich ein spektakul\u00e4rer Anblick \u2013 ein majest\u00e4tischer Wasserfall, der fast im freien Fall in die Tiefe st\u00fcrzt.<\/p>\n\n\n\n<p>Der Flug geht weiter in Richtung Hardangerj\u00f8kulen, einem der gr\u00f6\u00dften Gletscher Norwegens. Hier kannst du tiefe Gletscherspalten bewundern, deren t\u00fcrkisfarbenes Eis sich beeindruckend vom Wei\u00df des Schnees abhebt.<\/p>\n\n\n\n<p>Beim Abstieg ins Simadal ver\u00e4ndert sich die Landschaft erneut. Wasserf\u00e4lle st\u00fcrzen die steilen Talw\u00e4nde hinab, und zwischen den Gipfeln tauchen kleine, abgelegene Bergh\u00f6fe auf. Schlie\u00dflich endet die Reise dort, wo sie begann \u2013 mit einer sanften Landung auf dem ruhigen Wasser des Eidfjords.\u00a0<\/p>\n\n\n\n<figure class=\"wp-block-gallery has-nested-images columns-2 is-cropped wp-block-gallery-1 is-layout-flex wp-block-gallery-is-layout-flex\">\n<figure class=\"wp-block-image size-large\"><img loading=\"lazy\" decoding=\"async\" width=\"1024\" height=\"576\" data-id=\"486\" src=\"https:\/\/www.bookhardanger.com\/wp-content\/uploads\/2025\/02\/01_Scandinavian_Skies_Seaplane-Hardanger_04-1024x576.jpg\" alt=\"\" class=\"wp-image-486\" srcset=\"https:\/\/www.bookhardanger.com\/wp-content\/uploads\/2025\/02\/01_Scandinavian_Skies_Seaplane-Hardanger_04-1024x576.jpg 1024w, https:\/\/www.bookhardanger.com\/wp-content\/uploads\/2025\/02\/01_Scandinavian_Skies_Seaplane-Hardanger_04-300x169.jpg 300w, https:\/\/www.bookhardanger.com\/wp-content\/uploads\/2025\/02\/01_Scandinavian_Skies_Seaplane-Hardanger_04-768x432.jpg 768w, https:\/\/www.bookhardanger.com\/wp-content\/uploads\/2025\/02\/01_Scandinavian_Skies_Seaplane-Hardanger_04-1536x864.jpg 1536w, https:\/\/www.bookhardanger.com\/wp-content\/uploads\/2025\/02\/01_Scandinavian_Skies_Seaplane-Hardanger_04.jpg 2048w\" sizes=\"auto, (max-width: 1024px) 100vw, 1024px\" \/><\/figure>\n\n\n\n<figure class=\"wp-block-image size-large\"><img loading=\"lazy\" decoding=\"async\" width=\"1024\" height=\"576\" data-id=\"484\" src=\"https:\/\/www.bookhardanger.com\/wp-content\/uploads\/2025\/02\/01_Scandinavian_Skies_Seaplane-Hardanger_Felix-Horn-2-1024x576.jpg\" alt=\"\" class=\"wp-image-484\" srcset=\"https:\/\/www.bookhardanger.com\/wp-content\/uploads\/2025\/02\/01_Scandinavian_Skies_Seaplane-Hardanger_Felix-Horn-2-1024x576.jpg 1024w, https:\/\/www.bookhardanger.com\/wp-content\/uploads\/2025\/02\/01_Scandinavian_Skies_Seaplane-Hardanger_Felix-Horn-2-300x169.jpg 300w, https:\/\/www.bookhardanger.com\/wp-content\/uploads\/2025\/02\/01_Scandinavian_Skies_Seaplane-Hardanger_Felix-Horn-2-768x432.jpg 768w, https:\/\/www.bookhardanger.com\/wp-content\/uploads\/2025\/02\/01_Scandinavian_Skies_Seaplane-Hardanger_Felix-Horn-2-1536x864.jpg 1536w, https:\/\/www.bookhardanger.com\/wp-content\/uploads\/2025\/02\/01_Scandinavian_Skies_Seaplane-Hardanger_Felix-Horn-2.jpg 2048w\" sizes=\"auto, (max-width: 1024px) 100vw, 1024px\" \/><\/figure>\n\n\n\n<figure class=\"wp-block-image size-large\"><img loading=\"lazy\" decoding=\"async\" width=\"1024\" height=\"576\" data-id=\"483\" src=\"https:\/\/www.bookhardanger.com\/wp-content\/uploads\/2025\/02\/01_Scandinavian_Skies_Seaplane-Hardanger_02-1024x576.jpg\" alt=\"\" class=\"wp-image-483\" srcset=\"https:\/\/www.bookhardanger.com\/wp-content\/uploads\/2025\/02\/01_Scandinavian_Skies_Seaplane-Hardanger_02-1024x576.jpg 1024w, https:\/\/www.bookhardanger.com\/wp-content\/uploads\/2025\/02\/01_Scandinavian_Skies_Seaplane-Hardanger_02-300x169.jpg 300w, https:\/\/www.bookhardanger.com\/wp-content\/uploads\/2025\/02\/01_Scandinavian_Skies_Seaplane-Hardanger_02-768x432.jpg 768w, https:\/\/www.bookhardanger.com\/wp-content\/uploads\/2025\/02\/01_Scandinavian_Skies_Seaplane-Hardanger_02-1536x864.jpg 1536w, https:\/\/www.bookhardanger.com\/wp-content\/uploads\/2025\/02\/01_Scandinavian_Skies_Seaplane-Hardanger_02.jpg 2048w\" sizes=\"auto, (max-width: 1024px) 100vw, 1024px\" \/><\/figure>\n\n\n\n<figure class=\"wp-block-image size-large\"><img loading=\"lazy\" decoding=\"async\" width=\"1024\" height=\"576\" data-id=\"482\" src=\"https:\/\/www.bookhardanger.com\/wp-content\/uploads\/2025\/02\/01_Scandinavian_Skies_Seaplane-Hardanger_01-1024x576.jpg\" alt=\"\" class=\"wp-image-482\" srcset=\"https:\/\/www.bookhardanger.com\/wp-content\/uploads\/2025\/02\/01_Scandinavian_Skies_Seaplane-Hardanger_01-1024x576.jpg 1024w, https:\/\/www.bookhardanger.com\/wp-content\/uploads\/2025\/02\/01_Scandinavian_Skies_Seaplane-Hardanger_01-300x169.jpg 300w, https:\/\/www.bookhardanger.com\/wp-content\/uploads\/2025\/02\/01_Scandinavian_Skies_Seaplane-Hardanger_01-768x432.jpg 768w, https:\/\/www.bookhardanger.com\/wp-content\/uploads\/2025\/02\/01_Scandinavian_Skies_Seaplane-Hardanger_01-1536x864.jpg 1536w, https:\/\/www.bookhardanger.com\/wp-content\/uploads\/2025\/02\/01_Scandinavian_Skies_Seaplane-Hardanger_01.jpg 1920w\" sizes=\"auto, (max-width: 1024px) 100vw, 1024px\" \/><\/figure>\n<figcaption class=\"blocks-gallery-caption wp-element-caption\">\u00a9 Scandinavian Skies \/ Felix Horn | \u00a9 Scandinavian Skies<\/figcaption><\/figure>\n\n\n\n<p><\/p>\n","protected":false},"excerpt":{"rendered":"<p>Erlebe Hardanger und den Hardangerfjord aus einer neuen Perspektive!<\/p>\n","protected":false},"featured_media":1508,"parent":0,"template":"","tags":[],"activity-categories":[53],"location":[60],"class_list":["post-1507","product","type-product","status-publish","has-post-thumbnail","hentry","activity-categories-sightseeing-touren","location-eidfjord-de"],"acf":[],"_links":{"self":[{"href":"https:\/\/www.bookhardanger.com\/de\/wp-json\/wp\/v2\/product\/1507","targetHints":{"allow":["GET"]}}],"collection":[{"href":"https:\/\/www.bookhardanger.com\/de\/wp-json\/wp\/v2\/product"}],"about":[{"href":"https:\/\/www.bookhardanger.com\/de\/wp-json\/wp\/v2\/types\/product"}],"wp:featuredmedia":[{"embeddable":true,"href":"https:\/\/www.bookhardanger.com\/de\/wp-json\/wp\/v2\/media\/1508"}],"wp:attachment":[{"href":"https:\/\/www.bookhardanger.com\/de\/wp-json\/wp\/v2\/media?parent=1507"}],"wp:term":[{"taxonomy":"post_tag","embeddable":true,"href":"https:\/\/www.bookhardanger.com\/de\/wp-json\/wp\/v2\/tags?post=1507"},{"taxonomy":"activity-categories","embeddable":true,"href":"https:\/\/www.bookhardanger.com\/de\/wp-json\/wp\/v2\/activity-categories?post=1507"},{"taxonomy":"location","embeddable":true,"href":"https:\/\/www.bookhardanger.com\/de\/wp-json\/wp\/v2\/location?post=1507"}],"curies":[{"name":"wp","href":"https:\/\/api.w.org\/{rel}","templated":true}]}}