{"id":1510,"date":"2025-02-14T14:42:38","date_gmt":"2025-02-14T14:42:38","guid":{"rendered":"https:\/\/www.bookhardanger.com\/products\/ravenheart-wikingererlebnis\/"},"modified":"2026-03-23T06:59:45","modified_gmt":"2026-03-23T06:59:45","slug":"ravenheart-wikingererlebnis","status":"publish","type":"product","link":"https:\/\/www.bookhardanger.com\/de\/products\/ravenheart-wikingererlebnis\/","title":{"rendered":"Ravenheart Wikingererlebnis"},"content":{"rendered":"\n<p>Willkommen auf einer spannenden Zeitreise in der Ravenheart-Wikinger-Ausstellung!<\/p>\n\n<p>Sobald du die T\u00fcr betrittst, reist du 1000 Jahre in die Vergangenheit. Die Geschichte erwacht zum Leben \u2013 durch eine au\u00dfergew\u00f6hnliche, gef\u00fchrte Erfahrung, die alle deine Sinne einbezieht.<\/p>\n\n<h2 class=\"wp-block-heading\">Eine interaktive Ausstellung zum Anfassen<\/h2>\n\n<p>Ravenheart ist kein typisches Museum \u2013 hier darfst du die ausgestellten Artefakte anfassen und sogar ausprobieren. Das macht es besonders beliebt bei Familien mit Kindern.<\/p>\n\n<p>Sieh dir mit eigenen Augen die kunstvollen Details von Gegenst\u00e4nden an, die einst das Leben der Wikinger bereicherten, und bekomme einen Einblick in ihren Alltag. H\u00f6re die Echos der Geschichte, w\u00e4hrend der erfahrene Guide faszinierende Erz\u00e4hlungen und Hintergr\u00fcnde mit dir teilt. Sp\u00fcre die Verbindung zu den Wikingern und erlebe die Materialien und das handwerkliche K\u00f6nnen, das diese Epoche pr\u00e4gte.<\/p>\n\n<h2 class=\"wp-block-heading\">Eidfjord in der Wikingerzeit<\/h2>\n\n<p>W\u00e4hrend du die Ausstellung erkundest, erf\u00e4hrst du mehr \u00fcber die Bedeutung von Eidfjord in der Wikingerzeit. Durch seine Lage zwischen dem Fjord und der ressourcenreichen Hardangervidda-Hochebene war es ein wichtiger Knotenpunkt. Hier befindet sich sogar das gr\u00f6\u00dfte eisenzeitliche Gr\u00e4berfeld in Westnorwegen.<\/p>\n\n<div style=\"height:25px\" aria-hidden=\"true\" class=\"wp-block-spacer\"><\/div>\n\n<h2 class=\"wp-block-heading\">H\u00e4ufige Fragen<\/h2>\n\n<h3 class=\"wp-block-heading\"><h3><strong>Wo kann ich Tickets kaufen?<\/strong><\/h3><\/h3>\n\n<p>Tickets kannst du ganz einfach direkt hier auf der Website kaufen. Alternativ kannst du Tickets auch pers\u00f6nlich in unserem Kundenzentrum im Eidfjord Tourist Office erwerben.<\/p>\n\n<h3 class=\"wp-block-heading\"><h3><strong>Wie komme ich dorthin?<\/strong><\/h3><\/h3>\n\n<p>Ravenheart liegt etwa 8\u201310 Gehminuten vom Eidfjord Tourist Office entfernt. Eine Karte mit Wegbeschreibung findest du rechts auf dieser Seite.<br\/>Du kannst mit dem Auto anreisen oder den Bus von Voss oder Bergen nach Eidfjord nehmen.<\/p>\n\n<h3 class=\"wp-block-heading\"><h3><strong>Gibt es Parkm\u00f6glichkeiten?<\/strong><\/h3><\/h3>\n\n<p>Ja, direkt bei der Ausstellung stehen kostenlose Parkpl\u00e4tze zur Verf\u00fcgung.<\/p>\n\n<h3 class=\"wp-block-heading\"><h3><strong>Ist die F\u00fchrung f\u00fcr Rollstuhlfahrer geeignet?<\/strong><\/h3><\/h3>\n\n<p>Ja, die F\u00fchrung ist f\u00fcr manuelle Rollst\u00fchle geeignet, und am Eingang gibt es eine Rampe. F\u00fcr elektrische Rollst\u00fchle ist die Ausstellung leider nicht ausgelegt.<\/p>\n\n<h3 class=\"wp-block-heading\"><h3><strong>Ist die F\u00fchrung f\u00fcr Kinder geeignet?<\/strong><\/h3><\/h3>\n\n<p>Dieses Erlebnis ist besonders f\u00fcr Kinder ab 7 Jahren interessant. F\u00fcr Familien mit Kindern unter 7 Jahren wird die F\u00fchrung nicht empfohlen.<\/p>\n\n<h3 class=\"wp-block-heading\"><h3><strong>Gibt es bei Ravenheart einen Souvenirshop?<\/strong><\/h3><\/h3>\n\n<p>Nein, leider verf\u00fcgt Ravenheart \u00fcber keinen eigenen Souvenirshop.<\/p>\n\n<h3 class=\"wp-block-heading\"><h3><strong>Kann ich das Museum jederzeit betreten?<\/strong><\/h3><\/h3>\n\n<p>Leider nein. Das Wikinger-Erlebnis findet ausschlie\u00dflich zu festen Zeiten als gef\u00fchrte Tour statt und ist au\u00dferhalb dieser Zeiten nicht ge\u00f6ffnet. So stellen wir sicher, dass alle G\u00e4ste das Beste aus ihrem Besuch herausholen.<\/p>\n\n<h3 class=\"wp-block-heading\"><h3><strong>Was passiert, wenn ich 10 Minuten zu sp\u00e4t zur F\u00fchrung komme?<\/strong><\/h3><\/h3>\n\n<p>Die F\u00fchrung beginnt p\u00fcnktlich zur auf dem Ticket angegebenen Uhrzeit, danach werden die T\u00fcren geschlossen. Wir empfehlen daher, mindestens 15 Minuten vor Beginn der F\u00fchrung vor Ort zu sein.<\/p>\n\n<h3 class=\"wp-block-heading\"><h3><strong>Was ist, wenn ich mich wegen Verkehr versp\u00e4te?<\/strong><\/h3><\/h3>\n\n<p>Wenn du dein Ticket \u00fcber unsere Website gebucht hast, kannst du dich direkt unter der Telefonnummer melden, die in deiner Buchungsbest\u00e4tigung angegeben ist.<\/p>\n","protected":false},"excerpt":{"rendered":"<p>Erfahre mehr \u00fcber die spannende Wikinger-Geschichte Norwegens und Eidfjords im familienfreundlichen Ravenheart-Museum.<\/p>\n","protected":false},"featured_media":1511,"parent":0,"template":"","tags":[],"activity-categories":[55],"location":[60],"class_list":["post-1510","product","type-product","status-publish","has-post-thumbnail","hentry","activity-categories-essen-kultur","location-eidfjord-de"],"acf":[],"_links":{"self":[{"href":"https:\/\/www.bookhardanger.com\/de\/wp-json\/wp\/v2\/product\/1510","targetHints":{"allow":["GET"]}}],"collection":[{"href":"https:\/\/www.bookhardanger.com\/de\/wp-json\/wp\/v2\/product"}],"about":[{"href":"https:\/\/www.bookhardanger.com\/de\/wp-json\/wp\/v2\/types\/product"}],"wp:featuredmedia":[{"embeddable":true,"href":"https:\/\/www.bookhardanger.com\/de\/wp-json\/wp\/v2\/media\/1511"}],"wp:attachment":[{"href":"https:\/\/www.bookhardanger.com\/de\/wp-json\/wp\/v2\/media?parent=1510"}],"wp:term":[{"taxonomy":"post_tag","embeddable":true,"href":"https:\/\/www.bookhardanger.com\/de\/wp-json\/wp\/v2\/tags?post=1510"},{"taxonomy":"activity-categories","embeddable":true,"href":"https:\/\/www.bookhardanger.com\/de\/wp-json\/wp\/v2\/activity-categories?post=1510"},{"taxonomy":"location","embeddable":true,"href":"https:\/\/www.bookhardanger.com\/de\/wp-json\/wp\/v2\/location?post=1510"}],"curies":[{"name":"wp","href":"https:\/\/api.w.org\/{rel}","templated":true}]}}