{"id":1513,"date":"2025-02-13T13:57:14","date_gmt":"2025-02-13T13:57:14","guid":{"rendered":"https:\/\/www.bookhardanger.com\/products\/rib-fjord-safari-wanderung-ab-norheimsund\/"},"modified":"2025-03-27T14:15:38","modified_gmt":"2025-03-27T14:15:38","slug":"rib-fjord-safari-wanderung-ab-norheimsund","status":"publish","type":"product","link":"https:\/\/www.bookhardanger.com\/de\/products\/rib-fjord-safari-wanderung-ab-norheimsund\/","title":{"rendered":"RIB-Fjord-Safari &#038; Wanderung ab Norheimsund"},"content":{"rendered":"\n<p>Diese Tour ist ein magisches und spannendes Erlebnis f\u00fcr alle \u2013 ein kleines Abenteuer in einer der sch\u00f6nsten Fjordlandschaften Norwegens.&nbsp;<\/p>\n\n\n\n<h3 class=\"wp-block-heading\">Erlebe Fyksesundet hautnah&nbsp;<\/h3>\n\n\n\n<p>Fyksesundet ist ein abgelegener Seitenarm des Hardangerfjords, nicht weit von Norheimsund und \u00d8ystese entfernt. Das kleine Dorf Botnen am Ende des Fjords ist nur mit dem Boot erreichbar \u2013 und genau dorthin f\u00fchrt dich diese Tour.&nbsp;<\/p>\n\n\n\n<p>Nach einer rasanten Fahrt \u00fcber den Hauptfjord f\u00e4hrst du unter der Fyksesund-Br\u00fccke hindurch und hinein in den schmalsten Teil des Hardangerfjords. Hier erheben sich 1000 Meter hohe Berge auf beiden Seiten. Unz\u00e4hlige Wasserf\u00e4lle st\u00fcrzen die steilen Felsw\u00e4nde hinab, und du wirst den erfrischenden Spr\u00fchnebel sp\u00fcren, wenn das Boot sich n\u00e4hert.\u00a0<\/p>\n\n\n\n<p>Dein Kapit\u00e4n und Guide macht unterwegs Stopps, damit du die atemberaubende Landschaft genie\u00dfen kannst und spannende Geschichten \u00fcber die Menschen erf\u00e4hrst, die hier einst lebten.&nbsp;<\/p>\n\n\n\n<h3 class=\"wp-block-heading\">Wanderung in Botnen&nbsp;<\/h3>\n\n\n\n<p>Am Ende von Fyksesundet geht es an Land, und ihr setzt die Tour zu Fu\u00df fort. Hier erlebst du Botnen hautnah. Das Dorf ist heute verlassen, doch die Kulturlandschaft, die die Bewohner hier \u00fcber 400 Jahre lang geformt haben, ist immer noch genauso beeindruckend.&nbsp;<\/p>\n\n\n\n<p>Gemeinsam wandern wir zu einem lokalen Aussichtspunkt \u2013 also halte deine Kamera bereit!&nbsp;<\/p>\n\n\n\n<p>Der Weg f\u00fchrt 180 H\u00f6henmeter nach oben und gibt dir Einblicke, wie die Menschen hier fr\u00fcher lebten und sich ern\u00e4hrten. Nach etwa 2 km auf einer Schotterstra\u00dfe erreichst du den Aussichtspunkt Furehagen \u2013 ein echter Geheimtipp, den nur wenige kennen. Freu dich auf eine spektakul\u00e4re Aussicht \u00fcber Fyksesundet und Botnen!&nbsp;<\/p>\n\n\n\n<p>Die R\u00fcckfahrt nach Norheimsund erfolgt auf demselben Weg.&nbsp;<\/p>\n\n\n\n<h3 class=\"wp-block-heading\">Praktische Informationen&nbsp;<\/h3>\n\n\n\n<p><strong>Dauer:<\/strong> 4 Stunden&nbsp;<\/p>\n\n\n\n<p><strong>Im Preis inbegriffen:<\/strong>&nbsp;<\/p>\n\n\n\n<ul class=\"wp-block-list\">\n<li>Schwimmweste&nbsp;<\/li>\n\n\n\n<li>\u00dcberlebensanzug&nbsp;<\/li>\n\n\n\n<li>Schutzbrille&nbsp;<\/li>\n\n\n\n<li>Handschuhe&nbsp;<\/li>\n\n\n\n<li>Gef\u00fchrte Tour&nbsp;<\/li>\n<\/ul>\n\n\n\n<p><strong>Was du mitbringen solltest:<\/strong>&nbsp;<\/p>\n\n\n\n<ul class=\"wp-block-list\">\n<li><a href=\"https:\/\/irp.cdn-website.com\/5891e755\/files\/uploaded\/Dressing%20for%20RIB_english.pdf\" target=\"_blank\" rel=\"noreferrer noopener\">Hier klicken, um zu sehen, was du f\u00fcr eine RIB-Tour anziehen solltest&nbsp;<\/a>&nbsp;<\/li>\n\n\n\n<li>Wanderschuhe \/ Bergschuhe&nbsp;<\/li>\n\n\n\n<li>Wettergerechte Kleidung&nbsp;<\/li>\n\n\n\n<li>Kamera \/ Handy&nbsp;<\/li>\n\n\n\n<li>Wasser und einen kleinen Snack&nbsp;<\/li>\n<\/ul>\n","protected":false},"excerpt":{"rendered":"<p>Komm mit auf ein einzigartiges Abenteuer in Fyksesundet \u2013 mit dem RIB-Boot und zu Fu\u00df! <\/p>\n","protected":false},"featured_media":1514,"parent":0,"template":"","tags":[],"activity-categories":[59],"location":[64],"class_list":["post-1513","product","type-product","status-publish","has-post-thumbnail","hentry","activity-categories-private-touren","location-oystese-and-norheimsund-de"],"acf":[],"_links":{"self":[{"href":"https:\/\/www.bookhardanger.com\/de\/wp-json\/wp\/v2\/product\/1513","targetHints":{"allow":["GET"]}}],"collection":[{"href":"https:\/\/www.bookhardanger.com\/de\/wp-json\/wp\/v2\/product"}],"about":[{"href":"https:\/\/www.bookhardanger.com\/de\/wp-json\/wp\/v2\/types\/product"}],"wp:featuredmedia":[{"embeddable":true,"href":"https:\/\/www.bookhardanger.com\/de\/wp-json\/wp\/v2\/media\/1514"}],"wp:attachment":[{"href":"https:\/\/www.bookhardanger.com\/de\/wp-json\/wp\/v2\/media?parent=1513"}],"wp:term":[{"taxonomy":"post_tag","embeddable":true,"href":"https:\/\/www.bookhardanger.com\/de\/wp-json\/wp\/v2\/tags?post=1513"},{"taxonomy":"activity-categories","embeddable":true,"href":"https:\/\/www.bookhardanger.com\/de\/wp-json\/wp\/v2\/activity-categories?post=1513"},{"taxonomy":"location","embeddable":true,"href":"https:\/\/www.bookhardanger.com\/de\/wp-json\/wp\/v2\/location?post=1513"}],"curies":[{"name":"wp","href":"https:\/\/api.w.org\/{rel}","templated":true}]}}