{"id":1515,"date":"2025-02-28T10:34:07","date_gmt":"2025-02-28T10:34:07","guid":{"rendered":"https:\/\/www.bookhardanger.com\/products\/rib-safari-ab-granvin\/"},"modified":"2025-03-09T17:16:16","modified_gmt":"2025-03-09T17:16:16","slug":"rib-safari-ab-granvin","status":"publish","type":"product","link":"https:\/\/www.bookhardanger.com\/de\/products\/rib-safari-ab-granvin\/","title":{"rendered":"RIB-Safari ab Granvin"},"content":{"rendered":"\n<p>Von der Anlegestelle in Granvin f\u00e4hrst du durch den ruhigen Granvinfjord hinaus in den Hardangerfjord. Schon bald erlebst du die pure Kraft der Natur hautnah \u2013 majest\u00e4tische Berge, tosende Wasserf\u00e4lle und traditionelle Fjordd\u00f6rfer.&nbsp;<\/p>\n\n\n\n<p>Es gibt mehrere Stopps unterwegs, bei denen dein Guide spannende Fakten und Geschichten \u00fcber die Region und die Orte, an denen ihr vorbeikommt, erz\u00e4hlt.&nbsp;<\/p>\n\n\n\n<p>Ein bisschen Nervenkitzel geh\u00f6rt bei einer RIB-Tour nat\u00fcrlich dazu \u2013 also mach dich bereit f\u00fcr ein kleines Kribbeln im Bauch!&nbsp;<\/p>\n\n\n\n<h3 class=\"wp-block-heading\">Praktische Informationen&nbsp;<\/h3>\n\n\n\n<p><strong>Dauer:<\/strong> 1 Stunde&nbsp;<\/p>\n\n\n\n<p><strong>Im Preis inbegriffen:<\/strong>&nbsp;<\/p>\n\n\n\n<ul class=\"wp-block-list\">\n<li>Schwimmweste\u00a0<\/li>\n\n\n\n<li>\u00dcberlebensanzug\u00a0<\/li>\n\n\n\n<li>Schutzbrille\u00a0<\/li>\n\n\n\n<li>Handschuhe\u00a0<\/li>\n\n\n\n<li>Gef\u00fchrte Tour\u00a0<\/li>\n<\/ul>\n\n\n\n<p><strong>Was du mitbringen solltest:<\/strong>&nbsp;<\/p>\n\n\n\n<ul class=\"wp-block-list\">\n<li><a href=\"https:\/\/irp.cdn-website.com\/5891e755\/files\/uploaded\/Dressing%20for%20RIB_english.pdf\" target=\"_blank\" rel=\"noreferrer noopener\">Hier klicken, um zu sehen, was du je nach Wetter anziehen solltest<\/a>\u00a0<\/li>\n<\/ul>\n","protected":false},"excerpt":{"rendered":"<p>Buche eine aufregende RIB-Tour durch die atemberaubende Fjordlandschaft. <\/p>\n","protected":false},"featured_media":1516,"parent":0,"template":"","tags":[],"activity-categories":[59],"location":[63],"class_list":["post-1515","product","type-product","status-publish","has-post-thumbnail","hentry","activity-categories-private-touren","location-granvin-voss-de"],"acf":[],"_links":{"self":[{"href":"https:\/\/www.bookhardanger.com\/de\/wp-json\/wp\/v2\/product\/1515","targetHints":{"allow":["GET"]}}],"collection":[{"href":"https:\/\/www.bookhardanger.com\/de\/wp-json\/wp\/v2\/product"}],"about":[{"href":"https:\/\/www.bookhardanger.com\/de\/wp-json\/wp\/v2\/types\/product"}],"wp:featuredmedia":[{"embeddable":true,"href":"https:\/\/www.bookhardanger.com\/de\/wp-json\/wp\/v2\/media\/1516"}],"wp:attachment":[{"href":"https:\/\/www.bookhardanger.com\/de\/wp-json\/wp\/v2\/media?parent=1515"}],"wp:term":[{"taxonomy":"post_tag","embeddable":true,"href":"https:\/\/www.bookhardanger.com\/de\/wp-json\/wp\/v2\/tags?post=1515"},{"taxonomy":"activity-categories","embeddable":true,"href":"https:\/\/www.bookhardanger.com\/de\/wp-json\/wp\/v2\/activity-categories?post=1515"},{"taxonomy":"location","embeddable":true,"href":"https:\/\/www.bookhardanger.com\/de\/wp-json\/wp\/v2\/location?post=1515"}],"curies":[{"name":"wp","href":"https:\/\/api.w.org\/{rel}","templated":true}]}}