{"id":1537,"date":"2025-02-14T11:52:13","date_gmt":"2025-02-14T11:52:13","guid":{"rendered":"https:\/\/www.bookhardanger.com\/products\/kleingruppentour-zur-hardangervidda\/"},"modified":"2026-04-22T15:06:33","modified_gmt":"2026-04-22T15:06:33","slug":"kleingruppentour-zur-hardangervidda","status":"publish","type":"product","link":"https:\/\/www.bookhardanger.com\/de\/products\/kleingruppentour-zur-hardangervidda\/","title":{"rendered":"Kleingruppentour zur Hardangervidda"},"content":{"rendered":"\n<p>Die Stra\u00dfe 7 ist eine der offiziellen <strong>Norwegischen Landschaftsrouten<\/strong> und f\u00fchrt \u00fcber die <strong>Hardangervidda<\/strong>, das gr\u00f6\u00dfte Hochplateau Europas, zwischen West- und Ostnorwegen.<\/p>\n\n<p>Hardangervidda ist bekannt f\u00fcr seine raue Landschaft, gepr\u00e4gt von karger, baumloser Moorlandschaft mit schimmernden Seen, gewundenen Fl\u00fcssen und B\u00e4chen, bietet eine atemberaubende Kulisse f\u00fcr Naturliebhaber und Outdoor-Enthusiasten.<\/p>\n\n<p>Auf dieser Tour in einer kleinen Gruppe f\u00e4hrst du hinauf zur Dyranut Fjellstove, einem echten Geheimtipp auf 1.245 Metern \u00fcber dem Meeresspiegel. Von dort kannst du auf einen kleinen H\u00fcgel in der N\u00e4he gehen und einen beeindruckenden 360-Grad-Panoramablick \u00fcber die weite Hochebene genie\u00dfen.<\/p>\n\n<p>Wenn die Dyranut Fjellstove ge\u00f6ffnet ist, hast du au\u00dferdem die M\u00f6glichkeit, etwas zu essen oder zu trinken, bevor die R\u00fcckfahrt nach Eidfjord beginnt.<\/p>\n\n<div style=\"height:21px\" aria-hidden=\"true\" class=\"wp-block-spacer\"><\/div>\r\n\n<h2 class=\"wp-block-heading\">H\u00e4ufig gestellte Fragen<\/h2>\n\n<h3 class=\"wp-block-heading\"><strong>Wo kann ich Tickets kaufen?<\/strong><\/h3>\n\n<p>Dieses Produkt ist nur auf Anfrage verf\u00fcgbar und leider nicht online \u00fcber unsere Website buchbar. Bitte senden Sie uns eine Buchungsanfrage:\u00a0<a href=\"mailto:reservation@bookhardanger.com\">reservation@bookhardanger.com<\/a><\/p>\n\n<p>Diese Kleingruppentour ist auf Anfrage an folgenden Terminen verf\u00fcgbar:<br\/><strong>April<\/strong>:\u00a06, 7, 11, 13, 16, 23, 25, 27, 28, 29<br\/><strong>Mai<\/strong>:\u00a03, 5, 6, 14, 15, 21, 22, 23, 26, 28, 30, 31<br\/><strong>Juni<\/strong>:\u00a01, 2, 4, 11, 14, 15, 17, 19, 20, 22, 23, 29<br\/><strong>Juli<\/strong>:\u00a01, 2, 3, 4, 5, 6, 7, 8, 9, 13, 14, 15, 19, 20, 21, 23, 27, 28<br\/><strong>August<\/strong>:\u00a02, 3, 6, 7, 11, 12, 13, 16, 17, 18, 20, 21, 24, 26, 28<br\/><strong>September<\/strong>:\u00a02, 9, 10, 16, 21, 27, 28, 29<br\/><strong>Oktober<\/strong>:\u00a01, 2, 6, 12, 15, 16, 26, 29<br\/><strong>November<\/strong>: 2<\/p>\n\n<p>Wenn noch Pl\u00e4tze frei sind, kannst du Tickets auch im Touristenb\u00fcro von Eidfjord kaufen.<br\/>Book Hardanger ist ein lokales Non-Profit-Unternehmen, das sich f\u00fcr regionale Wertsch\u00f6pfung und eine nachhaltige Gemeinschaft einsetzt.<\/p>\n\n<h3 class=\"wp-block-heading\"><strong>Werde ich auf dieser Tour den Hardangervidda-Nationalpark erleben?<\/strong><\/h3>\n\n<p>Auch wenn die Tour nicht direkt in den Nationalpark f\u00fchrt, erlebst du dennoch die spektakul\u00e4re Landschaft, f\u00fcr die die Hardangervidda bekannt ist.<\/p>\n\n<p>Der Hardangervidda-Nationalpark erstreckt sich \u00fcber eine gro\u00dfe Fl\u00e4che von etwa 3.422 km\u00b2. Nur ein kleiner Teil davon liegt entlang der Stra\u00dfe 7, auf der diese Kleingruppentour verl\u00e4uft.<\/p>\n\n<h3 class=\"wp-block-heading\"><strong>Ist der V\u00f8ringsfossen-Wasserfall Teil der Tour?<\/strong><\/h3>\n\n<p>Diese Tour beinhaltet keinen Stopp am V\u00f8ringsfossen-Wasserfall. Du f\u00e4hrst jedoch an der Gegend vorbei und bekommst einen Eindruck von der beeindruckenden Schlucht, die zum Wasserfall f\u00fchrt.<\/p>\n\n<p>Wenn du den V\u00f8ringsfossen besuchen m\u00f6chtest, kannst du entweder eine <a href=\"https:\/\/www.bookhardanger.com\/de\/products\/kleingruppentouren-zum-voeringsfossen-wasserfall\/\">Kleingruppentour zum Wasserfall<\/a> buchen oder an<a href=\"https:\/\/www.bookhardanger.com\/de\/products\/voringsfossen-wasserfall-rundtour\/\"> einer Bustour<\/a> teilnehmen.<\/p>\n\n<h3 class=\"wp-block-heading\"><strong>Ist die Tour f\u00fcr Kinderwagen oder Rollst\u00fchle geeignet?<\/strong><\/h3>\n\n<p>Die Wanderung auf den kleinen H\u00fcgel ist leider nicht f\u00fcr Kinderwagen oder Rollst\u00fchle geeignet. Die Stra\u00dfe und das Gel\u00e4nde rund um die Dyranut Fjellstove sind jedoch relativ flach und gut zug\u00e4nglich.<\/p>\n\n<p>Bitte informiere uns im Voraus, wenn du ein rollstuhlgerechtes Fahrzeug ben\u00f6tigst, damit wir das passende Taxi reservieren k\u00f6nnen.<\/p>\n\n<p>Teile uns auch mit, wenn du mit kleinen Kindern reist, damit wir Kindersitze bereitstellen k\u00f6nnen.<\/p>\n\n<h3 class=\"wp-block-heading\"><strong>Wann ist die beste Reisezeit?<\/strong><\/h3>\n\n<p>Die Norwegische Landschaftsroute kann das ganze Jahr \u00fcber erlebt werden. Fr\u00fchling, Sommer und Herbst (Mai\u2013Oktober) bieten jedoch meist die besten Bedingungen.<\/p>\n\n<h3 class=\"wp-block-heading\"><strong>Was sollte ich anziehen?<\/strong><\/h3>\n\n<p>Dyranut und das Hochplateau liegen 1.245 Meter \u00fcber dem Meeresspiegel, wo sich das Wetter schnell \u00e4ndern kann. Bitte bring daher warme und wasserdichte Kleidung mit.<\/p>\n\n<p>Wenn du die kurze Wanderung auf den H\u00fcgel machen m\u00f6chtest, empfehlen wir au\u00dferdem feste Schuhe mit gutem Grip, auch im Sommer, da sich das Wetter im Gebirge schnell \u00e4ndern kann.<\/p>\n\n<h3 class=\"wp-block-heading\"><strong>Wo treffe ich das Taxi?<\/strong><\/h3>\n\n<p>Das Taxi wartet in der N\u00e4he des Eidfjord Tourist Office, in der N\u00e4he der kleine Mittelstreifens zwischen Coop und dem V\u00f8ringfoss Hotel.<\/p>\n","protected":false},"excerpt":{"rendered":"<p>Europas gr\u00f6\u00dftes Hochplateau entlang einer Norwegischen Landschaftsroute entdecken.<\/p>\n","protected":false},"featured_media":1558,"parent":0,"template":"","tags":[],"activity-categories":[53],"location":[60],"class_list":["post-1537","product","type-product","status-publish","has-post-thumbnail","hentry","activity-categories-sightseeing-touren","location-eidfjord-de"],"acf":[],"_links":{"self":[{"href":"https:\/\/www.bookhardanger.com\/de\/wp-json\/wp\/v2\/product\/1537","targetHints":{"allow":["GET"]}}],"collection":[{"href":"https:\/\/www.bookhardanger.com\/de\/wp-json\/wp\/v2\/product"}],"about":[{"href":"https:\/\/www.bookhardanger.com\/de\/wp-json\/wp\/v2\/types\/product"}],"wp:featuredmedia":[{"embeddable":true,"href":"https:\/\/www.bookhardanger.com\/de\/wp-json\/wp\/v2\/media\/1558"}],"wp:attachment":[{"href":"https:\/\/www.bookhardanger.com\/de\/wp-json\/wp\/v2\/media?parent=1537"}],"wp:term":[{"taxonomy":"post_tag","embeddable":true,"href":"https:\/\/www.bookhardanger.com\/de\/wp-json\/wp\/v2\/tags?post=1537"},{"taxonomy":"activity-categories","embeddable":true,"href":"https:\/\/www.bookhardanger.com\/de\/wp-json\/wp\/v2\/activity-categories?post=1537"},{"taxonomy":"location","embeddable":true,"href":"https:\/\/www.bookhardanger.com\/de\/wp-json\/wp\/v2\/location?post=1537"}],"curies":[{"name":"wp","href":"https:\/\/api.w.org\/{rel}","templated":true}]}}