{"id":1559,"date":"2025-02-14T11:23:19","date_gmt":"2025-02-14T11:23:19","guid":{"rendered":"https:\/\/www.bookhardanger.com\/products\/kleingruppentouren-nach-kjeaasen-und-skytjefossen\/"},"modified":"2026-04-22T15:10:15","modified_gmt":"2026-04-22T15:10:15","slug":"kleingruppentouren-nach-kjeaasen-und-skytjefossen","status":"publish","type":"product","link":"https:\/\/www.bookhardanger.com\/de\/products\/kleingruppentouren-nach-kjeaasen-und-skytjefossen\/","title":{"rendered":"Kleingruppentouren nach Kje\u00e5sen und Skytjefossen"},"content":{"rendered":"\n<p>Erlebe ein einzigartiges Abenteuer in Eidfjord \u2013 Besuche Kje\u00e5sen mit einer kleinen Gruppe! Der Bergbauernhof Kje\u00e5sen z\u00e4hlt zu den spektakul\u00e4rsten Orten Norwegens und bietet eine atemberaubende Aussicht auf den Hardangerfjord.<\/p>\n\n<p>Der Hof liegt auf einem Felsplateau 600 Meter senkrecht \u00fcber dem Fjord, und das Erstaunlichste: Bis 1974 lebten die Menschen hier ohne Stra\u00dfenanbindung. Damals mussten sie den steilen und herausfordernden Pfad auf- und absteigen \u2013 f\u00fcr alles, was sie au\u00dferhalb des Hofes brauchten, sogar f\u00fcr den Schulweg.<\/p>\n\n<h2 class=\"wp-block-heading\">Der einzigartige Kje\u00e5sen-Bergbauernhof<\/h2>\n\n<p>Warum haben sich Menschen dazu entschieden, an einem so abgelegenen Ort zu leben? Wegen der nat\u00fcrlichen Ressourcen: fruchtbare B\u00f6den, Jagd und Fischfang.<\/p>\n\n<p>Die Stra\u00dfe wurde in den 1970er Jahren im Zuge des Baus des Simadal-Kraftwerks errichtet. Doch zu diesem Zeitpunkt hatten sich die meisten Bewohner bereits f\u00fcr ein moderneres, einfacheres Leben entschieden und verlie\u00dfen den Hof. Eine Frau lebte hier noch bis vor wenigen Jahren. Im Winter war die Stra\u00dfe hinauf gesperrt, und sie konnte wochenlang v\u00f6llig von der Au\u00dfenwelt abgeschnitten sein. Die Stra\u00dfe ist auch heute im Winter geschlossen \u2013 aber inzwischen wohnt dort niemand mehr dauerhaft.<\/p>\n\n<h2 class=\"wp-block-heading\">Der Skytjefossen-Wasserfall<\/h2>\n\n<p>Unsere Tour beinhaltet auch einen Halt am Skytjefossen-Wasserfall, der sich imposante 300 Meter in die Tiefe st\u00fcrzt. Obwohl er zur Energiegewinnung reguliert wird, gibt es immer wieder Phasen mit kr\u00e4ftigem Wasserfluss \u2013 ein beeindruckendes Naturschauspiel f\u00fcr alle, die es miterleben.<\/p>\n\n<div style=\"height:31px\" aria-hidden=\"true\" class=\"wp-block-spacer\"><\/div>\n\n<h2 class=\"wp-block-heading\">H\u00e4ufige Fragen<\/h2>\n\n<h3 class=\"wp-block-heading\"><h3 class=\"wp-block-heading\"><strong>Wo kann ich Tickets kaufen?<\/strong><\/h3><\/h3>\n\n<p>Dieses Produkt ist nur auf Anfrage verf\u00fcgbar und leider nicht online \u00fcber unsere Website buchbar. Bitte senden Sie uns eine Buchungsanfrage: <a href=\"mailto:reservation@bookhardanger.com\">reservation@bookhardanger.com<\/a><\/p>\n\n<p>Diese Kleingruppentour ist auf Anfrage an folgenden Terminen verf\u00fcgbar:<br\/><strong data-start=\"1412\" data-end=\"1422\">April:<\/strong> 6, 7, 11, 13, 16, 23, 25, 27, 28, 29<br data-start=\"1459\" data-end=\"1462\"\/><strong data-start=\"1462\" data-end=\"1470\">Mai:<\/strong> 3, 5, 6, 14, 15, 21, 22, 23, 26, 28, 30, 31<br data-start=\"1514\" data-end=\"1517\"\/><strong data-start=\"1517\" data-end=\"1526\">Juni:<\/strong> 1, 2, 4, 11, 14, 15, 17, 19, 20, 22, 23, 29<br data-start=\"1570\" data-end=\"1573\"\/><strong data-start=\"1573\" data-end=\"1582\">Juli:<\/strong> 1, 2, 3, 4, 5, 6, 7, 8, 9, 13, 14, 15, 19, 20, 21, 23, 27, 28<br data-start=\"1644\" data-end=\"1647\"\/><strong data-start=\"1647\" data-end=\"1658\">August:<\/strong> 2, 3, 6, 7, 11, 12, 13, 16, 17, 18, 20, 21, 24, 26, 28<br data-start=\"1713\" data-end=\"1716\"\/><strong data-start=\"1716\" data-end=\"1730\">September:<\/strong> 2, 9, 10, 16, 21, 27, 28, 29<br data-start=\"1759\" data-end=\"1762\"\/><strong data-start=\"1762\" data-end=\"1774\">Oktober:<\/strong> 1, 2, 6, 12, 15, 16, 26, 29<br data-start=\"1802\" data-end=\"1805\"\/><strong data-start=\"1805\" data-end=\"1818\">November:<\/strong> 2<br\/><br\/>Wenn noch Pl\u00e4tze frei sind, kannst du Tickets auch im Touristenb\u00fcro von Eidfjord kaufen.<br\/>Book Hardanger ist ein lokales Non-Profit-Unternehmen, das sich f\u00fcr regionale Wertsch\u00f6pfung und eine nachhaltige Gemeinschaft einsetzt.<\/p>\n\n<h3 class=\"wp-block-heading\"><h3 class=\"wp-block-heading\"><strong>Ist die Tour f\u00fcr Kinderwagen oder Rollstuhl geeignet?<\/strong><\/h3><\/h3>\n\n<p>Leider ist Kje\u00e5sen nur eingeschr\u00e4nkt f\u00fcr Kinderwagen oder Rollstuhl geeignet. Das Gel\u00e4nde ist steil, und der Weg vom Parkplatz ist schmal. Der restliche Teil der Tour durch das Simadalen-Tal ist f\u00fcr Rollstuhlfahrer geeignet.<\/p>\n\n<p>Bitte gib uns vorher Bescheid, wenn du eine rollstuhlfreundliche Tour ben\u00f6tigst, damit wir das passende Fahrzeug reservieren k\u00f6nnen.<br\/>Auch bei kleinen Kindern bitte melden \u2013 wir stellen Kindersitze bereit.<\/p>\n\n<h3 class=\"wp-block-heading\"><h3 class=\"wp-block-heading\"><strong>Wann ist die beste Zeit f\u00fcr einen Besuch in Kje\u00e5sen?<\/strong><\/h3><\/h3>\n\n<p>Fr\u00fchling, Sommer und Herbst (Mai\u2013Oktober) sind ideal, um Kje\u00e5sen zu besuchen und die spektakul\u00e4re Aussicht zu genie\u00dfen. Im Winter ist die Stra\u00dfe gesperrt.<\/p>\n\n<h3 class=\"wp-block-heading\"><h3 class=\"wp-block-heading\"><strong>Was erlebe ich auf dieser Tour?<\/strong><\/h3><\/h3>\n\n<p>Auf dem Weg nach Kje\u00e5sen f\u00e4hrt das Taxi zun\u00e4chst entlang des Simadalsfjords und weiter hinein ins wundersch\u00f6ne Simadalen-Tal. Die Stra\u00dfe hinauf ist schmal, und der letzte Abschnitt f\u00fchrt durch einen 2,5 Kilometer langen Tunnel.<\/p>\n\n<p>Als Teil der Kleingruppentour erlebst du au\u00dferdem die gesamte Fahrt durch das Simadalen-Tal. Am Ende des Tals kannst du Skytjefossen sehen, der eindrucksvoll von den steilen Bergh\u00e4ngen hinabst\u00fcrzt.<\/p>\n\n<h3 class=\"wp-block-heading\"><h3 class=\"wp-block-heading\"><strong>Was sollte ich anziehen?<\/strong><\/h3><\/h3>\n\n<p>Der Taxistand befindet sich in der N\u00e4he des Touristenb\u00fcros von Eidfjord. Du findest das Taxi an der Mittelinsel zwischen Coop und V\u00f8ringfoss Hotel.<\/p>\n\n<h3 class=\"wp-block-heading\"><h3 class=\"wp-block-heading\"><strong>Wo finde ich das Taxi?<\/strong><\/h3><\/h3>\n\n<p>Der Taxistand befindet sich in der N\u00e4he des Touristenb\u00fcros von Eidfjord. Du findest das Taxi in der N\u00e4he der kleine Mittelstreifens zwischen Coop und dem V\u00f8ringfoss Hotel.<\/p>\n\n<p><\/p>\n","protected":false},"excerpt":{"rendered":"<p>Besuche den Bergbauernhof Kje\u00e5sen und den Skytjefossen-Wasserfall in einer kleinen Gruppe.<\/p>\n","protected":false},"featured_media":1560,"parent":0,"template":"","tags":[],"activity-categories":[53],"location":[60],"class_list":["post-1559","product","type-product","status-publish","has-post-thumbnail","hentry","activity-categories-sightseeing-touren","location-eidfjord-de"],"acf":[],"_links":{"self":[{"href":"https:\/\/www.bookhardanger.com\/de\/wp-json\/wp\/v2\/product\/1559","targetHints":{"allow":["GET"]}}],"collection":[{"href":"https:\/\/www.bookhardanger.com\/de\/wp-json\/wp\/v2\/product"}],"about":[{"href":"https:\/\/www.bookhardanger.com\/de\/wp-json\/wp\/v2\/types\/product"}],"wp:featuredmedia":[{"embeddable":true,"href":"https:\/\/www.bookhardanger.com\/de\/wp-json\/wp\/v2\/media\/1560"}],"wp:attachment":[{"href":"https:\/\/www.bookhardanger.com\/de\/wp-json\/wp\/v2\/media?parent=1559"}],"wp:term":[{"taxonomy":"post_tag","embeddable":true,"href":"https:\/\/www.bookhardanger.com\/de\/wp-json\/wp\/v2\/tags?post=1559"},{"taxonomy":"activity-categories","embeddable":true,"href":"https:\/\/www.bookhardanger.com\/de\/wp-json\/wp\/v2\/activity-categories?post=1559"},{"taxonomy":"location","embeddable":true,"href":"https:\/\/www.bookhardanger.com\/de\/wp-json\/wp\/v2\/location?post=1559"}],"curies":[{"name":"wp","href":"https:\/\/api.w.org\/{rel}","templated":true}]}}