{"id":1562,"date":"2025-02-13T11:23:03","date_gmt":"2025-02-13T11:23:03","guid":{"rendered":"https:\/\/www.bookhardanger.com\/products\/schneeschuhwanderung-ab-oystese\/"},"modified":"2025-03-09T20:24:14","modified_gmt":"2025-03-09T20:24:14","slug":"schneeschuhwanderung-ab-oystese","status":"publish","type":"product","link":"https:\/\/www.bookhardanger.com\/de\/products\/schneeschuhwanderung-ab-oystese\/","title":{"rendered":"Schneeschuhwanderung ab \u00d8ystese"},"content":{"rendered":"\n<p>Erlebe den Zauber des Winters in Hardanger mit erfahrenen Guides, die dich entweder in den tief verschneiten Wald oder zu Aussichtspunkten mit Blick auf die Berge und den Fjord f\u00fchren. Hier kannst du die Ruhe und Stille dieser Jahreszeit in vollen Z\u00fcgen genie\u00dfen.&nbsp;<\/p>\n\n\n\n<p>Schneeschuhwandern ist f\u00fcr fast alle geeignet. Du musst weder besonders fit sein noch einen guten Gleichgewichtssinn haben. Mit den Schneeschuhen kannst du leicht \u00fcber den Schnee laufen und hast guten Halt, selbst auf eisigem oder festgefahrenem Untergrund.&nbsp;<\/p>\n\n\n\n<p>Um sicherzustellen, dass Sie das beste Erlebnis haben, bieten wir nur ma\u00dfgeschneiderte, private Touren an. Die Tour wird daher an die W\u00fcnsche, Bed\u00fcrfnisse und die k\u00f6rperliche Fitness Ihrer Gruppe angepasst.&nbsp;<\/p>\n\n\n\n<p><strong>Im Preis inbegriffen:<\/strong>&nbsp;<\/p>\n\n\n\n<ul class=\"wp-block-list\">\n<li>Schneeschuhe\u00a0<\/li>\n\n\n\n<li>St\u00f6cke\u00a0<\/li>\n\n\n\n<li>Snacks\u00a0<\/li>\n\n\n\n<li>Kaffee oder hei\u00dfe Schokolade\u00a0<\/li>\n<\/ul>\n\n\n\n<p><strong>Was du mitbringen solltest:<\/strong>&nbsp;<\/p>\n\n\n\n<ul class=\"wp-block-list\">\n<li>Wasserdichte Kleidung\u00a0<\/li>\n\n\n\n<li>Wollunterw\u00e4sche\u00a0<\/li>\n\n\n\n<li>Eine mittlere Schicht aus Wolle oder Fleece\u00a0<\/li>\n\n\n\n<li>Winterschuhe\u00a0<\/li>\n\n\n\n<li>Warme Socken, am besten aus Wolle\u00a0<\/li>\n\n\n\n<li>M\u00fctze, Handschuhe oder F\u00e4ustlinge\u00a0<\/li>\n\n\n\n<li>0,5\u20131 Liter Wasser\u00a0<\/li>\n\n\n\n<li>Eine kleine Mahlzeit\u00a0<\/li>\n\n\n\n<li>Sonnencreme und Sonnenbrille an sonnigen Tagen\u00a0<\/li>\n\n\n\n<li>10\u201320 Liter Rucksack\u00a0<\/li>\n<\/ul>\n","protected":false},"excerpt":{"rendered":"<p>Begleite uns auf eine Schneeschuhwanderung \u00fcber den Hardangerfjord <\/p>\n","protected":false},"featured_media":1563,"parent":0,"template":"","tags":[],"activity-categories":[59],"location":[64],"class_list":["post-1562","product","type-product","status-publish","has-post-thumbnail","hentry","activity-categories-private-touren","location-oystese-and-norheimsund-de"],"acf":[],"_links":{"self":[{"href":"https:\/\/www.bookhardanger.com\/de\/wp-json\/wp\/v2\/product\/1562","targetHints":{"allow":["GET"]}}],"collection":[{"href":"https:\/\/www.bookhardanger.com\/de\/wp-json\/wp\/v2\/product"}],"about":[{"href":"https:\/\/www.bookhardanger.com\/de\/wp-json\/wp\/v2\/types\/product"}],"wp:featuredmedia":[{"embeddable":true,"href":"https:\/\/www.bookhardanger.com\/de\/wp-json\/wp\/v2\/media\/1563"}],"wp:attachment":[{"href":"https:\/\/www.bookhardanger.com\/de\/wp-json\/wp\/v2\/media?parent=1562"}],"wp:term":[{"taxonomy":"post_tag","embeddable":true,"href":"https:\/\/www.bookhardanger.com\/de\/wp-json\/wp\/v2\/tags?post=1562"},{"taxonomy":"activity-categories","embeddable":true,"href":"https:\/\/www.bookhardanger.com\/de\/wp-json\/wp\/v2\/activity-categories?post=1562"},{"taxonomy":"location","embeddable":true,"href":"https:\/\/www.bookhardanger.com\/de\/wp-json\/wp\/v2\/location?post=1562"}],"curies":[{"name":"wp","href":"https:\/\/api.w.org\/{rel}","templated":true}]}}