{"id":1567,"date":"2025-06-04T08:36:21","date_gmt":"2025-06-04T08:36:21","guid":{"rendered":"https:\/\/www.bookhardanger.com\/products\/voringsfossen-wasserfall-rundtour\/"},"modified":"2026-04-10T19:23:24","modified_gmt":"2026-04-10T19:23:24","slug":"voringsfossen-wasserfall-rundtour","status":"publish","type":"product","link":"https:\/\/www.bookhardanger.com\/de\/products\/voringsfossen-wasserfall-rundtour\/","title":{"rendered":"V\u00f8ringsfossen Wasserfall Tour"},"content":{"rendered":"\n<p>Der V\u00f8ringsfossen ist ein absolutes Highlight in Eidfjord! Der beeindruckende Wasserfall liegt am Rande des Hardangervidda-Nationalparks, nur etwa 20 Autominuten vom Fjord entfernt. <\/p>\n\n\n\n<h4 class=\"wp-block-heading\">V\u00f8ringsfossen im April<\/h4>\n\n\n\n<p><em>Der V\u00f8ringsfossen liegt 700 Meter \u00fcber dem Meeresspiegel. Bitte beachten Sie, dass es im April in den Bergen noch Schnee und und rutschige Stellen bei V\u00f8ringsfossen. Betreten auf eigene Gefahr. Denk an warme Kleidung und gutes Schuhwerk.<\/em><br><a href=\"https:\/\/youtube.com\/shorts\/AoE020c9B0U\" target=\"_blank\" rel=\"noopener\"><strong>Schau dir ein Video zu den Schneeverh\u00e4ltnissen vom 26.03. an.<\/strong><\/a><\/p>\n\n\n\n<p>Diese Eidfjord Wasserfall Rundfahrt beinhaltet:<\/p>\n\n\n\n<ul class=\"wp-block-list\">\n<li>Shuttlebuss ab Eidfjord jeden Tag \u2013 in einem modernen, komfortablen Bus geht\u2019s zum sch\u00f6nsten Aussichtspunkt des Wasserfalls, und zus\u00e4tzliche Abfahrten an gr\u00f6\u00dferen Kreuzfahrttagen.<\/li>\n\n\n\n<li>Audioguide in 15 Sprachen verf\u00fcgbar: Erfahren Sie Spannendes \u00fcber Natur, Kultur und Geschichte. Digitaler Guide mit Video, Spotify-Playlist und Text auf Deutsch (falls du lieber liest).<\/li>\n\n\n\n<li>1-st\u00fcndiger Aufenthalt am Wasserfall V\u00f8ringsfossen.<\/li>\n\n\n\n<li>Mehrere Panorama-Aussichtspunkte f\u00fcr spektakul\u00e4re Fotos vom Wasserfall und dem M\u00e5b\u00f8dalen-Tal.<\/li>\n\n\n\n<li>Aussichtsbr\u00fccke mit Treppen \u2013 \u00fcberquere die Schlucht direkt hinter dem Wasserfall.<\/li>\n\n\n\n<li>Stopp am historischen Fossli Hotel (jetzt saisonbedingt geschlossen).<\/li>\n\n\n\n<li>Familienfreundlich, sichere Wege und kinderwagenfreundliche Pfade rund um den Hauptaussichtspunkt.<\/li>\n\n\n\n<li>Barrierefreie Bereiche vorhanden (selbstst\u00e4ndiges Einsteigen in den Bus erforderlich).<\/li>\n\n\n\n<li>R\u00fcckfahrt nach Eidfjord inklusive \u2013 achte auf das Schild \u201eBook Hardanger\u201c.<\/li>\n<\/ul>\n\n\n\n<figure class=\"wp-block-image size-full\"><img loading=\"lazy\" decoding=\"async\" width=\"500\" height=\"40\" src=\"https:\/\/www.bookhardanger.com\/wp-content\/uploads\/2025\/06\/Flaggstripe.png\" alt=\"Audioguide-Sprachen: Norwegisch, Englisch, Deutsch, Niederl\u00e4ndisch, Franz\u00f6sisch, Italienisch, Spanisch, Portugiesisch, Polnisch, Ukrainisch, Russisch, Arabisch (\u00c4gypten), Hindi, Mandarin und Japanisch.\" class=\"wp-image-2917\" srcset=\"https:\/\/www.bookhardanger.com\/wp-content\/uploads\/2025\/06\/Flaggstripe.png 500w, https:\/\/www.bookhardanger.com\/wp-content\/uploads\/2025\/06\/Flaggstripe-300x24.png 300w\" sizes=\"auto, (max-width: 500px) 100vw, 500px\" \/><\/figure>\n\n\n\n<p>Du kannst bequem selbst dorthin fahren \u2013 aber keine Sorge, wenn du kein Auto hast. Die <em>V\u00f8ringsfossen Wasserfall Tours<\/em> bringt dich mit dem Bus direkt vom Kai im Zentrum von Eidfjord bis zum Wasserfall. Vor Ort hast du etwa eine Stunde Zeit, um das 182 Meter hohe Naturspektakel aus verschiedenen Perspektiven zu bestaunen.<\/p>\n\n\n\n<p>Es gibt angelegte Wege und Aussichtsplattformen auf beiden Seiten des Wasserfalls \u2013 und eine spektakul\u00e4re Treppenbr\u00fccke verbindet die beiden Ufer. Der Bereich in der N\u00e4he des Busausstiegs ist auch f\u00fcr Rollstuhlfahrer*innen und Kinderwagen zug\u00e4nglich.<\/p>\n\n\n\n<h2 class=\"wp-block-heading\">Mach eine Pause im Caf\u00e9 des Fossli Hotels (jetzt saisonbedingt geschlossen)<\/h2>\n\n\n\n<p>Genie\u00dfe erst den spektakul\u00e4ren Wasserfall und das dramatische M\u00e5b\u00f8dalen-Tal \u2013 und g\u00f6nn dir danach eine kleine Auszeit im Fossli Hotel. Wie w\u00e4re es mit einem erfrischenden Getr\u00e4nk, einer frischen Waffel oder einem St\u00fcck der leckeren hausgemachten Kuchen? Das Hotel wurde 1891 er\u00f6ffnet und liegt einfach traumhaft \u2013 direkt oberhalb des Wasserfalls.<\/p>\n\n\n\n<p>An k\u00fchleren Tagen kannst du es dir im gem\u00fctlichen, traditionellen Caf\u00e9 drinnen bequem machen. Wenn die Sonne scheint, empfehlen wir einen Platz drau\u00dfen \u2013 mit herrlichem Blick ins Tal und hinauf auf das Hochplateau.<\/p>\n\n\n\n<p>R\u00fcckfahrt nach Eidfjord am selben Ort bei V\u00f8ringsfossen, wo du ausgestiegen bist. Achte auf das <strong>&#8218;Book Hardanger&#8216;-Schild<\/strong> \u2013 es kann ein anderer Bus sein.<\/p>\n\n\n\n<p>Diese Sightseeing-Tour ist nur an Kreuzfahrttagen verf\u00fcgbar. An allen anderen Tagen empfehlen wir die <a href=\"https:\/\/www.bookhardanger.com\/de\/products\/voringsfossen-wasserfall-tour-mit-norwegisches-naturzentrum\/\" data-type=\"product\" data-id=\"1976\">V\u00f8ringsfossen Sightseeing Tour<\/a> inklusive Eintritt ins Norwegische Naturzentrum.<\/p>\n\n\n\n<p>Hier kannst du dir unseren komfortablen und umweltfreundlichen Bus mit Toilette und Rollstuhllift genauer ansehen:<\/p>\n\n\n\n<figure class=\"wp-block-embed is-type-video is-provider-youtube wp-block-embed-youtube wp-embed-aspect-16-9 wp-has-aspect-ratio\"><div class=\"wp-block-embed__wrapper\">\n<iframe loading=\"lazy\" title=\"Elbuss\" width=\"500\" height=\"281\" src=\"https:\/\/www.youtube.com\/embed\/qmJF3itNA1o?feature=oembed\" frameborder=\"0\" allow=\"accelerometer; autoplay; clipboard-write; encrypted-media; gyroscope; picture-in-picture; web-share\" referrerpolicy=\"strict-origin-when-cross-origin\" allowfullscreen><\/iframe>\n<\/div><\/figure>\n\n\n\n<h2 class=\"wp-block-heading\">H\u00e4ufige Fragen<\/h2>\n\n\n\n<h3 class=\"wp-block-heading\">Wie kommen wir von Eidfjord nach V\u00f8ringsfoss?<\/h3>\n\n\n\n<p>Reist mit Book Hardangers modernen, komfortablen Bus oder schlie\u00dft euch einer kleinen Gruppe in einem Maxitaxi an. Die Tour startet unten am Kreuzfahrtkai, direkt neben dem Touristeninformationsb\u00fcro in Eidfjord.<\/p>\n\n\n\n<h3 class=\"wp-block-heading\">Wo kann ich Tickets kaufen?<\/h3>\n\n\n\n<p>Die g\u00fcnstigsten Bustickets von Eidfjord nach V\u00f8ringsfoss bekommt ihr vor Ort im Touristenb\u00fcro in Eidfjord oder hier auf <strong>bookhardanger.com<\/strong>. <em>Book Hardanger<\/em> ist ein lokales, gemeinn\u00fctziges Unternehmen, das zur regionalen Wertsch\u00f6pfung und einer nachhaltigen Gemeinschaft beitr\u00e4gt.<\/p>\n\n\n\n<h3 class=\"wp-block-heading\">Was erlebe ich auf der Fahrt?<\/h3>\n\n\n\n<p>Die Strecke f\u00fchrt euch durch das steile M\u00e5b\u00f8dalen-Tal hinauf zum Plateau oberhalb des Wasserfalls, auf 750 Metern \u00fcber dem Meeresspiegel. Ihr erlebt V\u00f8ringsfossen von mehreren spektakul\u00e4ren Aussichtspunkten, und der Bus h\u00e4lt ganz in der N\u00e4he des besten Aussichtspunktes auf den Wasserfall. Das Highlight ist die ber\u00fchmte Stufenbr\u00fccke mit 99 Stufen, die die Schlucht \u00fcberquert \u2013 mit einem einzigartigen Blick auf die F\u00e4lle. Eine Stunde reicht gut aus, um das Gebiet zu erkunden, Fotos zu machen und die Natur zu genie\u00dfen.<\/p>\n\n\n\n<h3 class=\"wp-block-heading\">Ist der Besuch des Norwegian Nature Centre in der Tour enthalten?<\/h3>\n\n\n\n<p>Die Touren von Book Hardanger fahren direkt Eidfjord \u2013 V\u00f8ringsfoss, ohne Besuch im Norwegian Nature Centre. Eine Alternative ist die Fahrt mit dem Taxi, sofern eines verf\u00fcgbar ist. Es gibt nur sehr wenige Taxis \u2013 bitte fragt im Touristeninformationsb\u00fcro nach. Wir organisieren die Kapazit\u00e4ten an Kreuzfahrttagen so effizient wie m\u00f6glich. Das Norwegian Nature Centre bietet interaktive Ausstellungen und einen beeindruckenden Panoramafilm, der Norwegens Natur und Umwelt aus n\u00e4chster N\u00e4he zeigt.<\/p>\n\n\n\n<h3 class=\"wp-block-heading\">Ist die Tour f\u00fcr Kinderwagen oder Rollst\u00fchle geeignet?<\/h3>\n\n\n\n<p>Ja, Teile des Gebiets \u2013 einschlie\u00dflich des Hauptwegs vom Busparkplatz zum besten Aussichtspunkt \u2013 sind f\u00fcr Rollst\u00fchle und Kinderwagen zug\u00e4nglich. Einige steilere Abschnitte und Nebenwege sind jedoch weniger geeignet. Nicht alle Busse verf\u00fcgen \u00fcber einen Rollstuhllift, aber eine kleine Gruppentour im Taxi ist ebenfalls m\u00f6glich. Bitte kontaktiert <strong>Book Hardanger<\/strong> f\u00fcr Details.<\/p>\n\n\n\n<h3 class=\"wp-block-heading\">Halten wir am Fossli Hotel?<\/h3>\n\n\n\n<p>Ja, der Bus h\u00e4lt direkt beim historischen <strong>Fossli Hotel<\/strong>, das sich gleich neben dem besten Aussichtspunkt des Wasserfalls befindet. Das Hotel ist besonders bekannt f\u00fcr seine Waffeln und Kuchen.<\/p>\n\n\n\n<h3 class=\"wp-block-heading\">Wann ist die beste Zeit, den V\u00f8ringsfossen Wasserfall zu besuchen?<\/h3>\n\n\n\n<p>Fr\u00fchling, Sommer und Herbst (Mai\u2013Oktober) bieten das beste Erlebnis \u2013 mit hohem Wasserstand und offenen Aussichtspunkten. Im Winter k\u00f6nnen Teile des Wasserfalls zufrieren, und die Bereiche um die Aussichtspunkte sind eventuell wegen Schnee und Eis gesperrt.<\/p>\n\n\n\n<h3 class=\"wp-block-heading\">Was soll ich anziehen?<\/h3>\n\n\n\n<p>V\u00f8ringsfossen liegt auf 750 Metern H\u00f6he in der N\u00e4he der Hardangervidda, und das Wetter kann sich schnell \u00e4ndern. Bringt warme, wind- und wasserdichte Kleidung mit sowie feste Schuhe mit gutem Profil \u2013 auch im Sommer, wenn das Wetter es verlangt.<\/p>\n\n\n\n<h3 class=\"wp-block-heading\"><strong>Was ist in der Tour enthalten?<\/strong><\/h3>\n\n\n\n<p>Die Tour beinhaltet eine Hin- und R\u00fcckfahrt Eidfjord \u2013 V\u00f8ringsfoss und bietet einen Audioguide in 15 verschiedenen Sprachen (Norwegisch, Englisch, Deutsch, Niederl\u00e4ndisch, Franz\u00f6sisch, Spanisch, Portugiesisch, Italienisch, Polnisch, Ukrainisch, Russisch, Arabisch, Hindi, Chinesisch und Japanisch).<\/p>\n\n\n\n<h3 class=\"wp-block-heading\"><strong>Ist die Tour kinderfreundlich?<\/strong><\/h3>\n\n\n\n<p>Ja, das Gebiet ist auch f\u00fcr Kinder toll! Viele Wege, Br\u00fccken, Aussichtspunkte und B\u00e4nke laden zum Entdecken ein. Das Areal ist gut gesichert, aber Kinder m\u00fcssen aufgrund der H\u00f6he immer von einer verantwortlichen Person begleitet werden.<\/p>\n\n\n\n<p>Es wird nicht empfohlen, mit Kindern ohne geeignete Sicherheitsausr\u00fcstung mit dem Bus zu reisen. Kinder im Alter von etwa 0\u20132 Jahren (ca. 9\u201315 Kilogramm und unter 100 cm K\u00f6rpergr\u00f6\u00dfe) sollten in einem alters- und gr\u00f6\u00dfen\u00adgerechten Kindersitz im Bus transportiert werden. Book Hardanger stellt kostenlose Kindersitze f\u00fcr Kinder in der Preiskategorie <strong>Baby (0\u20132)<\/strong> zur Verf\u00fcgung. Bitte im Voraus buchen, da die Anzahl begrenzt ist.<\/p>\n\n\n\n<p>Kinder \u00fcber 15 Kilogramm oder gr\u00f6\u00dfer als 100 cm sollten eine Sitzerh\u00f6hung (Booster Seat) im Bus benutzen. Diese sind im Bus vorhanden und k\u00f6nnen kostenlos ausgeliehen werden. Eine Reservierung ist hier nicht n\u00f6tig.<\/p>\n\n\n\n<p><a href=\"https:\/\/www.nasjonaleturistveger.no\/de\/routen\/hardangervidda\/voringsfossen\/\" target=\"_blank\" rel=\"noopener\">Mehr Informationen \u00fcber das Gebiet rund um V\u00f8ringsfossen<\/a><\/p>\n","protected":false},"excerpt":{"rendered":"<p>Besuche den V\u00f8ringsfossen \u2013 einen der bekanntesten Wasserf\u00e4lle Norwegens \u2013 ganz bequem bei einer Busrundfahrt ab Eidfjord.<\/p>\n","protected":false},"featured_media":1568,"parent":0,"template":"","tags":[],"activity-categories":[53],"location":[60],"class_list":["post-1567","product","type-product","status-publish","has-post-thumbnail","hentry","activity-categories-sightseeing-touren","location-eidfjord-de"],"acf":[],"_links":{"self":[{"href":"https:\/\/www.bookhardanger.com\/de\/wp-json\/wp\/v2\/product\/1567","targetHints":{"allow":["GET"]}}],"collection":[{"href":"https:\/\/www.bookhardanger.com\/de\/wp-json\/wp\/v2\/product"}],"about":[{"href":"https:\/\/www.bookhardanger.com\/de\/wp-json\/wp\/v2\/types\/product"}],"wp:featuredmedia":[{"embeddable":true,"href":"https:\/\/www.bookhardanger.com\/de\/wp-json\/wp\/v2\/media\/1568"}],"wp:attachment":[{"href":"https:\/\/www.bookhardanger.com\/de\/wp-json\/wp\/v2\/media?parent=1567"}],"wp:term":[{"taxonomy":"post_tag","embeddable":true,"href":"https:\/\/www.bookhardanger.com\/de\/wp-json\/wp\/v2\/tags?post=1567"},{"taxonomy":"activity-categories","embeddable":true,"href":"https:\/\/www.bookhardanger.com\/de\/wp-json\/wp\/v2\/activity-categories?post=1567"},{"taxonomy":"location","embeddable":true,"href":"https:\/\/www.bookhardanger.com\/de\/wp-json\/wp\/v2\/location?post=1567"}],"curies":[{"name":"wp","href":"https:\/\/api.w.org\/{rel}","templated":true}]}}