{"id":1569,"date":"2025-02-20T12:17:15","date_gmt":"2025-02-20T12:17:15","guid":{"rendered":"https:\/\/www.bookhardanger.com\/products\/wasserfall-safari-mit-dem-rib-boot-ab-norheimsund\/"},"modified":"2025-03-09T20:42:38","modified_gmt":"2025-03-09T20:42:38","slug":"wasserfall-safari-mit-dem-rib-boot-ab-norheimsund","status":"publish","type":"product","link":"https:\/\/www.bookhardanger.com\/de\/products\/wasserfall-safari-mit-dem-rib-boot-ab-norheimsund\/","title":{"rendered":"Wasserfall-Safari mit dem RIB-Boot ab Norheimsund"},"content":{"rendered":"\n<p>Der Hardangerfjord ist Norwegens zweitl\u00e4ngster Fjord und weltweit f\u00fcr seine beeindruckende Sch\u00f6nheit bekannt. Menschen aus aller Welt reisen hierher, um ihn zu bestaunen \u2013 und die beste Art, ihn zu erleben, ist eine Bootstour.<\/p>\n\n\n\n<p>Diese Tour startet in der charmanten Fjordstadt Norheimsund und f\u00fchrt dich zum schmalsten Abschnitt des Fjords, der Meerenge Fyksesundet. Fyksesundet ist ein 10 Kilometer langer, stra\u00dfenloser Fjordarm, der f\u00fcr seine zahlreichen Wasserf\u00e4lle ber\u00fchmt ist.<\/p>\n\n\n\n<p>Im schnellen, offenen RIB-Boot (Rigid Inflatable Boat) erlebst du die Natur hautnah, w\u00e4hrend Wasserf\u00e4lle aus den 1000 Meter hohen Bergen \u00fcber dir in die Tiefe st\u00fcrzen. Halte deine Kamera bereit \u2013 entlang der Route gibt es zahlreiche spektakul\u00e4re Fotomotive!<\/p>\n\n\n\n<p><strong>Dauer:<\/strong><\/p>\n\n\n\n<ul class=\"wp-block-list\">\n<li>Abfahrt um 9:00 Uhr &#8211; 1 Stunde<\/li>\n\n\n\n<li>Abfahrt um 12:00 oder 15:00 &#8211; 1 Stunde 30 Minuten<\/li>\n<\/ul>\n\n\n\n<p><strong>Im Preis enthalten:<\/strong><\/p>\n\n\n\n<ul class=\"wp-block-list\">\n<li>Schwimmanzug<\/li>\n\n\n\n<li>Schutzbrille<\/li>\n<\/ul>\n\n\n\n<p><strong>Was Sie mitbringen sollten:<\/strong><\/p>\n\n\n\n<ul class=\"wp-block-list\">\n<li>Praktische Kleidung und bequeme Schuhe<\/li>\n<\/ul>\n\n\n\n<figure class=\"wp-block-gallery has-nested-images columns-2 is-cropped wp-block-gallery-1 is-layout-flex wp-block-gallery-is-layout-flex\">\n<figure data-wp-context=\"{&quot;imageId&quot;:&quot;69e61bf2ad0d2&quot;}\" data-wp-interactive=\"core\/image\" data-wp-key=\"69e61bf2ad0d2\" class=\"wp-block-image size-large wp-lightbox-container\"><img loading=\"lazy\" decoding=\"async\" width=\"683\" height=\"1024\" data-wp-class--hide=\"state.isContentHidden\" data-wp-class--show=\"state.isContentVisible\" data-wp-init=\"callbacks.setButtonStyles\" data-wp-on--click=\"actions.showLightbox\" data-wp-on--load=\"callbacks.setButtonStyles\" data-wp-on-window--resize=\"callbacks.setButtonStyles\" data-id=\"420\" src=\"https:\/\/www.bookhardanger.com\/wp-content\/uploads\/2025\/02\/Norheimsund-RIB_05-683x1024.jpg\" alt=\"\" class=\"wp-image-420\" srcset=\"https:\/\/www.bookhardanger.com\/wp-content\/uploads\/2025\/02\/Norheimsund-RIB_05-683x1024.jpg 683w, https:\/\/www.bookhardanger.com\/wp-content\/uploads\/2025\/02\/Norheimsund-RIB_05-200x300.jpg 200w, https:\/\/www.bookhardanger.com\/wp-content\/uploads\/2025\/02\/Norheimsund-RIB_05-768x1152.jpg 768w, https:\/\/www.bookhardanger.com\/wp-content\/uploads\/2025\/02\/Norheimsund-RIB_05-1024x1536.jpg 1024w, https:\/\/www.bookhardanger.com\/wp-content\/uploads\/2025\/02\/Norheimsund-RIB_05.jpg 1365w\" sizes=\"auto, (max-width: 683px) 100vw, 683px\" \/><button\n\t\t\tclass=\"lightbox-trigger\"\n\t\t\ttype=\"button\"\n\t\t\taria-haspopup=\"dialog\"\n\t\t\taria-label=\"Vergr\u00f6\u00dfern\"\n\t\t\tdata-wp-init=\"callbacks.initTriggerButton\"\n\t\t\tdata-wp-on--click=\"actions.showLightbox\"\n\t\t\tdata-wp-style--right=\"state.imageButtonRight\"\n\t\t\tdata-wp-style--top=\"state.imageButtonTop\"\n\t\t>\n\t\t\t<svg xmlns=\"http:\/\/www.w3.org\/2000\/svg\" width=\"12\" height=\"12\" fill=\"none\" viewBox=\"0 0 12 12\">\n\t\t\t\t<path fill=\"#fff\" d=\"M2 0a2 2 0 0 0-2 2v2h1.5V2a.5.5 0 0 1 .5-.5h2V0H2Zm2 10.5H2a.5.5 0 0 1-.5-.5V8H0v2a2 2 0 0 0 2 2h2v-1.5ZM8 12v-1.5h2a.5.5 0 0 0 .5-.5V8H12v2a2 2 0 0 1-2 2H8Zm2-12a2 2 0 0 1 2 2v2h-1.5V2a.5.5 0 0 0-.5-.5H8V0h2Z\" \/>\n\t\t\t<\/svg>\n\t\t<\/button><\/figure>\n\n\n\n<figure data-wp-context=\"{&quot;imageId&quot;:&quot;69e61bf2ad707&quot;}\" data-wp-interactive=\"core\/image\" data-wp-key=\"69e61bf2ad707\" class=\"wp-block-image size-large wp-lightbox-container\"><img loading=\"lazy\" decoding=\"async\" width=\"683\" height=\"1024\" data-wp-class--hide=\"state.isContentHidden\" data-wp-class--show=\"state.isContentVisible\" data-wp-init=\"callbacks.setButtonStyles\" data-wp-on--click=\"actions.showLightbox\" data-wp-on--load=\"callbacks.setButtonStyles\" data-wp-on-window--resize=\"callbacks.setButtonStyles\" data-id=\"422\" src=\"https:\/\/www.bookhardanger.com\/wp-content\/uploads\/2025\/02\/Norheimsund-RIB_03-683x1024.jpg\" alt=\"\" class=\"wp-image-422\" srcset=\"https:\/\/www.bookhardanger.com\/wp-content\/uploads\/2025\/02\/Norheimsund-RIB_03-683x1024.jpg 683w, https:\/\/www.bookhardanger.com\/wp-content\/uploads\/2025\/02\/Norheimsund-RIB_03-200x300.jpg 200w, https:\/\/www.bookhardanger.com\/wp-content\/uploads\/2025\/02\/Norheimsund-RIB_03-768x1152.jpg 768w, https:\/\/www.bookhardanger.com\/wp-content\/uploads\/2025\/02\/Norheimsund-RIB_03-1024x1536.jpg 1024w, https:\/\/www.bookhardanger.com\/wp-content\/uploads\/2025\/02\/Norheimsund-RIB_03.jpg 1365w\" sizes=\"auto, (max-width: 683px) 100vw, 683px\" \/><button\n\t\t\tclass=\"lightbox-trigger\"\n\t\t\ttype=\"button\"\n\t\t\taria-haspopup=\"dialog\"\n\t\t\taria-label=\"Vergr\u00f6\u00dfern\"\n\t\t\tdata-wp-init=\"callbacks.initTriggerButton\"\n\t\t\tdata-wp-on--click=\"actions.showLightbox\"\n\t\t\tdata-wp-style--right=\"state.imageButtonRight\"\n\t\t\tdata-wp-style--top=\"state.imageButtonTop\"\n\t\t>\n\t\t\t<svg xmlns=\"http:\/\/www.w3.org\/2000\/svg\" width=\"12\" height=\"12\" fill=\"none\" viewBox=\"0 0 12 12\">\n\t\t\t\t<path fill=\"#fff\" d=\"M2 0a2 2 0 0 0-2 2v2h1.5V2a.5.5 0 0 1 .5-.5h2V0H2Zm2 10.5H2a.5.5 0 0 1-.5-.5V8H0v2a2 2 0 0 0 2 2h2v-1.5ZM8 12v-1.5h2a.5.5 0 0 0 .5-.5V8H12v2a2 2 0 0 1-2 2H8Zm2-12a2 2 0 0 1 2 2v2h-1.5V2a.5.5 0 0 0-.5-.5H8V0h2Z\" \/>\n\t\t\t<\/svg>\n\t\t<\/button><\/figure>\n\n\n\n<figure data-wp-context=\"{&quot;imageId&quot;:&quot;69e61bf2adc87&quot;}\" data-wp-interactive=\"core\/image\" data-wp-key=\"69e61bf2adc87\" class=\"wp-block-image size-large wp-lightbox-container\"><img loading=\"lazy\" decoding=\"async\" width=\"1024\" height=\"683\" data-wp-class--hide=\"state.isContentHidden\" data-wp-class--show=\"state.isContentVisible\" data-wp-init=\"callbacks.setButtonStyles\" data-wp-on--click=\"actions.showLightbox\" data-wp-on--load=\"callbacks.setButtonStyles\" data-wp-on-window--resize=\"callbacks.setButtonStyles\" data-id=\"421\" src=\"https:\/\/www.bookhardanger.com\/wp-content\/uploads\/2025\/02\/Norheimsund-RIB_04-1024x683.jpg\" alt=\"\" class=\"wp-image-421\" srcset=\"https:\/\/www.bookhardanger.com\/wp-content\/uploads\/2025\/02\/Norheimsund-RIB_04-1024x683.jpg 1024w, https:\/\/www.bookhardanger.com\/wp-content\/uploads\/2025\/02\/Norheimsund-RIB_04-300x200.jpg 300w, https:\/\/www.bookhardanger.com\/wp-content\/uploads\/2025\/02\/Norheimsund-RIB_04-768x512.jpg 768w, https:\/\/www.bookhardanger.com\/wp-content\/uploads\/2025\/02\/Norheimsund-RIB_04-1536x1024.jpg 1536w, https:\/\/www.bookhardanger.com\/wp-content\/uploads\/2025\/02\/Norheimsund-RIB_04.jpg 2048w\" sizes=\"auto, (max-width: 1024px) 100vw, 1024px\" \/><button\n\t\t\tclass=\"lightbox-trigger\"\n\t\t\ttype=\"button\"\n\t\t\taria-haspopup=\"dialog\"\n\t\t\taria-label=\"Vergr\u00f6\u00dfern\"\n\t\t\tdata-wp-init=\"callbacks.initTriggerButton\"\n\t\t\tdata-wp-on--click=\"actions.showLightbox\"\n\t\t\tdata-wp-style--right=\"state.imageButtonRight\"\n\t\t\tdata-wp-style--top=\"state.imageButtonTop\"\n\t\t>\n\t\t\t<svg xmlns=\"http:\/\/www.w3.org\/2000\/svg\" width=\"12\" height=\"12\" fill=\"none\" viewBox=\"0 0 12 12\">\n\t\t\t\t<path fill=\"#fff\" d=\"M2 0a2 2 0 0 0-2 2v2h1.5V2a.5.5 0 0 1 .5-.5h2V0H2Zm2 10.5H2a.5.5 0 0 1-.5-.5V8H0v2a2 2 0 0 0 2 2h2v-1.5ZM8 12v-1.5h2a.5.5 0 0 0 .5-.5V8H12v2a2 2 0 0 1-2 2H8Zm2-12a2 2 0 0 1 2 2v2h-1.5V2a.5.5 0 0 0-.5-.5H8V0h2Z\" \/>\n\t\t\t<\/svg>\n\t\t<\/button><\/figure>\n<figcaption class=\"blocks-gallery-caption wp-element-caption\">\u00a9 Norheimsund RIB<\/figcaption><\/figure>\n","protected":false},"excerpt":{"rendered":"<p>Komme der Natur des Hardangerfjords ganz nah auf dieser aufregenden RIB-Tour!<\/p>\n","protected":false},"featured_media":1570,"parent":0,"template":"","tags":[],"activity-categories":[56],"location":[64],"class_list":["post-1569","product","type-product","status-publish","has-post-thumbnail","hentry","activity-categories-bootsausfluge","location-oystese-and-norheimsund-de"],"acf":[],"_links":{"self":[{"href":"https:\/\/www.bookhardanger.com\/de\/wp-json\/wp\/v2\/product\/1569","targetHints":{"allow":["GET"]}}],"collection":[{"href":"https:\/\/www.bookhardanger.com\/de\/wp-json\/wp\/v2\/product"}],"about":[{"href":"https:\/\/www.bookhardanger.com\/de\/wp-json\/wp\/v2\/types\/product"}],"wp:featuredmedia":[{"embeddable":true,"href":"https:\/\/www.bookhardanger.com\/de\/wp-json\/wp\/v2\/media\/1570"}],"wp:attachment":[{"href":"https:\/\/www.bookhardanger.com\/de\/wp-json\/wp\/v2\/media?parent=1569"}],"wp:term":[{"taxonomy":"post_tag","embeddable":true,"href":"https:\/\/www.bookhardanger.com\/de\/wp-json\/wp\/v2\/tags?post=1569"},{"taxonomy":"activity-categories","embeddable":true,"href":"https:\/\/www.bookhardanger.com\/de\/wp-json\/wp\/v2\/activity-categories?post=1569"},{"taxonomy":"location","embeddable":true,"href":"https:\/\/www.bookhardanger.com\/de\/wp-json\/wp\/v2\/location?post=1569"}],"curies":[{"name":"wp","href":"https:\/\/api.w.org\/{rel}","templated":true}]}}