{"id":1750,"date":"2025-02-24T19:09:05","date_gmt":"2025-02-24T19:09:05","guid":{"rendered":"https:\/\/www.bookhardanger.com\/products\/cider-rib-safari-ab-eidfjord\/"},"modified":"2025-05-07T12:12:23","modified_gmt":"2025-05-07T12:12:23","slug":"cider-rib-safari-ab-eidfjord","status":"publish","type":"product","link":"https:\/\/www.bookhardanger.com\/de\/products\/cider-rib-safari-ab-eidfjord\/","title":{"rendered":"Cider-RIB-Safari ab Eidfjord"},"content":{"rendered":"\n<p>Diese Tour vereint einige der sch\u00f6nsten Highlights der Region und gibt dir spannende Einblicke in die Natur und Kultur Hardangers. In nur drei Stunden erkundest du Teile des beeindruckenden Hardangerfjords sowie die weniger bekannten Fjordarme Osafjorden und Ulvikfjorden. Dazu besuchst du eine lokale Farm in Ulvik und erf\u00e4hrst mehr \u00fcber die ber\u00fchmte Cider-Produktion.<\/p>\n\n\n\n<h2 class=\"wp-block-heading\"><strong>Ganz nah an der Natur<\/strong><\/h2>\n\n\n\n<p>Dein Abenteuer beginnt mit dem Anlegen eines Schwimmanzugs direkt am Kai in Eidfjord, gefolgt von einer kurzen Sicherheitseinweisung. Danach geht es ab aufs Wasser!<\/p>\n\n\n\n<p>Von Eidfjord aus bringt dich der Kapit\u00e4n zun\u00e4chst hinaus auf den Hardangerfjord, wo du die imposante Hardangerbrua aus der Ferne bewundern kannst. Danach geht es weiter in den ruhigeren Osafjorden und anschlie\u00dfend in den Ulvikfjorden. Unterwegs macht der Kapit\u00e4n einige Stopps, um spannende Geschichten \u00fcber die Region zu erz\u00e4hlen \u2013 halte deine Kamera also griffbereit!<\/p>\n\n\n\n<p>Neben der atemberaubenden Landschaft hast du gute Chancen, Wildtiere zu beobachten. Mit etwas Gl\u00fcck ersp\u00e4hst du Seeadler, Robben, Schweinswale oder sogar Orcas.<\/p>\n\n\n\n<figure class=\"wp-block-image size-large\"><img loading=\"lazy\" decoding=\"async\" width=\"1024\" height=\"576\" src=\"https:\/\/www.bookhardanger.com\/wp-content\/uploads\/2025\/02\/Syse-Gard_Marius-Haugsdal_05-1024x576.jpg\" alt=\"\" class=\"wp-image-465\" srcset=\"https:\/\/www.bookhardanger.com\/wp-content\/uploads\/2025\/02\/Syse-Gard_Marius-Haugsdal_05-1024x576.jpg 1024w, https:\/\/www.bookhardanger.com\/wp-content\/uploads\/2025\/02\/Syse-Gard_Marius-Haugsdal_05-300x169.jpg 300w, https:\/\/www.bookhardanger.com\/wp-content\/uploads\/2025\/02\/Syse-Gard_Marius-Haugsdal_05-768x432.jpg 768w, https:\/\/www.bookhardanger.com\/wp-content\/uploads\/2025\/02\/Syse-Gard_Marius-Haugsdal_05-1536x864.jpg 1536w, https:\/\/www.bookhardanger.com\/wp-content\/uploads\/2025\/02\/Syse-Gard_Marius-Haugsdal_05.jpg 2048w\" sizes=\"auto, (max-width: 1024px) 100vw, 1024px\" \/><figcaption class=\"wp-element-caption\">\u00a9 Marius Haugsdal<\/figcaption><\/figure>\n\n\n\n<h2 class=\"wp-block-heading\"><strong>Ein Geschmack der lokalen Kultur<\/strong><\/h2>\n\n\n\n<p>In Ulvik legst du einen Zwischenstopp bei Ulvik Frukt &amp; Sideri ein, einer der charmanten Farmen entlang der Cider-Route. Hier wirst du vom Besitzer pers\u00f6nlich empfangen, der dir spannende Einblicke in die Kunst der Hardanger Cider-Herstellung und das Leben auf einer Obstfarm am Fjord gibt. Selbstverst\u00e4ndlich darfst du verschiedene Cider-Sorten probieren \u2013 sowohl alkoholische als auch alkoholfreie Varianten stehen zur Wahl.<\/p>\n\n\n\n<p>Zus\u00e4tzlich gibt es kleine H\u00e4ppchen mit traditionellen Spezialit\u00e4ten, bereitgestellt vom lokalen Hotel. Nach der Verkostung geht es wieder zur\u00fcck auf das RIB-Boot und zur\u00fcck nach Eidfjord \u2013 mit vielen neuen, sch\u00f6nen Erinnerungen im Gep\u00e4ck.<\/p>\n\n\n\n<h3 class=\"wp-block-heading\"><strong>Im Preis enthalten:<\/strong><\/h3>\n\n\n\n<ul class=\"wp-block-list\">\n<li>Schwimmweste<\/li>\n\n\n\n<li>Schwimmanzug<\/li>\n\n\n\n<li>Schutzbrille<\/li>\n\n\n\n<li>Handschuhe<\/li>\n\n\n\n<li>Cider- oder Saftverkostung<\/li>\n\n\n\n<li>Lokale Snacks<\/li>\n<\/ul>\n\n\n\n<h3 class=\"wp-block-heading\"><strong>Das solltest du mitbringen:<\/strong><\/h3>\n\n\n\n<ul class=\"wp-block-list\">\n<li>M\u00fctze (bei k\u00fchlem Wetter, besonders im April und Oktober)<\/li>\n\n\n\n<li>Kamera oder Handy f\u00fcr Fotos<\/li>\n<\/ul>\n\n\n\n<p><\/p>\n","protected":false},"excerpt":{"rendered":"<p>Kombiniere ein aufregendes RIB-Boot-Abenteuer auf dem Hardangerfjord mit einer genussvollen Cider-Verkostung auf einer Apfelfarm in Ulvik \u2013 direkt ab dem Kai in Eidfjord!<\/p>\n","protected":false},"featured_media":1752,"parent":0,"template":"","tags":[],"activity-categories":[54,56,55],"location":[60],"class_list":["post-1750","product","type-product","status-publish","has-post-thumbnail","hentry","activity-categories-activurlaub","activity-categories-bootsausfluge","activity-categories-essen-kultur","location-eidfjord-de"],"acf":[],"_links":{"self":[{"href":"https:\/\/www.bookhardanger.com\/de\/wp-json\/wp\/v2\/product\/1750","targetHints":{"allow":["GET"]}}],"collection":[{"href":"https:\/\/www.bookhardanger.com\/de\/wp-json\/wp\/v2\/product"}],"about":[{"href":"https:\/\/www.bookhardanger.com\/de\/wp-json\/wp\/v2\/types\/product"}],"wp:featuredmedia":[{"embeddable":true,"href":"https:\/\/www.bookhardanger.com\/de\/wp-json\/wp\/v2\/media\/1752"}],"wp:attachment":[{"href":"https:\/\/www.bookhardanger.com\/de\/wp-json\/wp\/v2\/media?parent=1750"}],"wp:term":[{"taxonomy":"post_tag","embeddable":true,"href":"https:\/\/www.bookhardanger.com\/de\/wp-json\/wp\/v2\/tags?post=1750"},{"taxonomy":"activity-categories","embeddable":true,"href":"https:\/\/www.bookhardanger.com\/de\/wp-json\/wp\/v2\/activity-categories?post=1750"},{"taxonomy":"location","embeddable":true,"href":"https:\/\/www.bookhardanger.com\/de\/wp-json\/wp\/v2\/location?post=1750"}],"curies":[{"name":"wp","href":"https:\/\/api.w.org\/{rel}","templated":true}]}}