{"id":1778,"date":"2025-05-21T11:29:03","date_gmt":"2025-05-21T11:29:03","guid":{"rendered":"https:\/\/www.bookhardanger.com\/?post_type=product&#038;p=1778"},"modified":"2025-05-27T12:39:20","modified_gmt":"2025-05-27T12:39:20","slug":"cidre-verkostung-im-voringsfoss-hotel","status":"publish","type":"product","link":"https:\/\/www.bookhardanger.com\/de\/products\/cidre-verkostung-im-voringsfoss-hotel\/","title":{"rendered":"Cidre-Verkostung im V\u00f8ringsfoss Hotel"},"content":{"rendered":"\n<p>Warst du \u00fcberhaupt in Hardanger, wenn du keinen lokalen Cider probiert hast? Im V\u00f8ringsfoss Hotel kannst du drei verschiedene Cider-Sorten und drei kleine H\u00e4ppchen mit regionalen Spezialit\u00e4ten kosten.<\/p>\n\n\n\n<blockquote class=\"wp-block-quote is-layout-flow wp-block-quote-is-layout-flow\">\n<p>Die perfekte Nachmittagsaktivit\u00e4t, bevor du an Bord des Schiffs gehst!<\/p>\n<\/blockquote>\n\n\n\n<p>Hardanger ist ber\u00fchmt f\u00fcr seine Obstplantagen und die Cider-Herstellung \u2013 ein Handwerk, das im 14. Jahrhundert von englischen M\u00f6nchen in die Region gebracht wurde. Seitdem wird das Wissen von Generation zu Generation weitergegeben. In den letzten Jahren hat die kommerzielle Cider-Produktion richtig Fahrt aufgenommen. Heute gibt es \u00fcber 20 registrierte Produzenten in der Region \u2013 jeder mit seiner ganz eigenen Note.<\/p>\n","protected":false},"excerpt":{"rendered":"<p>Erlebe ein St\u00fcck lokale Kultur im V\u00f8ringsfoss Hotel in Eidfjord!<\/p>\n","protected":false},"featured_media":1779,"parent":0,"template":"","tags":[],"activity-categories":[55],"location":[60],"class_list":["post-1778","product","type-product","status-publish","has-post-thumbnail","hentry","activity-categories-essen-kultur","location-eidfjord-de"],"acf":[],"_links":{"self":[{"href":"https:\/\/www.bookhardanger.com\/de\/wp-json\/wp\/v2\/product\/1778","targetHints":{"allow":["GET"]}}],"collection":[{"href":"https:\/\/www.bookhardanger.com\/de\/wp-json\/wp\/v2\/product"}],"about":[{"href":"https:\/\/www.bookhardanger.com\/de\/wp-json\/wp\/v2\/types\/product"}],"wp:featuredmedia":[{"embeddable":true,"href":"https:\/\/www.bookhardanger.com\/de\/wp-json\/wp\/v2\/media\/1779"}],"wp:attachment":[{"href":"https:\/\/www.bookhardanger.com\/de\/wp-json\/wp\/v2\/media?parent=1778"}],"wp:term":[{"taxonomy":"post_tag","embeddable":true,"href":"https:\/\/www.bookhardanger.com\/de\/wp-json\/wp\/v2\/tags?post=1778"},{"taxonomy":"activity-categories","embeddable":true,"href":"https:\/\/www.bookhardanger.com\/de\/wp-json\/wp\/v2\/activity-categories?post=1778"},{"taxonomy":"location","embeddable":true,"href":"https:\/\/www.bookhardanger.com\/de\/wp-json\/wp\/v2\/location?post=1778"}],"curies":[{"name":"wp","href":"https:\/\/api.w.org\/{rel}","templated":true}]}}