{"id":1976,"date":"2025-06-03T13:47:43","date_gmt":"2025-06-03T13:47:43","guid":{"rendered":"https:\/\/www.bookhardanger.com\/products\/voringsfossen-sightseeing-tour\/"},"modified":"2026-04-07T16:51:13","modified_gmt":"2026-04-07T16:51:13","slug":"voringsfossen-wasserfall-tour-mit-norwegisches-naturzentrum","status":"publish","type":"product","link":"https:\/\/www.bookhardanger.com\/de\/products\/voringsfossen-wasserfall-tour-mit-norwegisches-naturzentrum\/","title":{"rendered":"V\u00f8ringsfossen Wasserfall Tour mit Norwegisches Naturzentrum"},"content":{"rendered":"\n<p>Viele Reisende kommen von weit her in das kleine Dorf Eidfjord, um V\u00f8ringsfossen zu erleben \u2013 einen der bekanntesten und eindrucksvollsten Wasserf\u00e4lle Norwegens. Eine weitere beliebte Attraktion in der Region ist das Norwegisches Naturzentrum. Auf dieser Tour kannst du ganz entspannt beides an einem Tag entdecken.<\/p>\n\n\n\n<h3 class=\"wp-block-heading\"><strong>Erste Station: Norwegisches Naturzentrum<\/strong><\/h3>\n\n\n\n<p>Die Tour startet in Eidfjord, direkt vor der Touristeninformation. Nach etwa 10 Minuten Busfahrt erreichst du das Norwegisches Naturzentrum \u2013 ein modernes, interaktives Erlebniszentrum im Herzen der Hardanger-Region.<\/p>\n\n\n\n<p>Dein Besuch beginnt mit einem beeindruckenden Panoramafilm, der dich durch die wundersch\u00f6ne Hardangerlandschaft im Wechsel der vier Jahreszeiten f\u00fchrt \u2013 ein stimmungsvoller Einstieg in die Natur der Region. Anschlie\u00dfend kannst du die interaktive Ausstellung in deinem eigenen Tempo erkunden und mehr \u00fcber norwegische Natur, Klima und Geologie erfahren.\r\n<\/p>\n\n\n\n<h3 class=\"wp-block-heading\"><h3><strong>N\u00e4chste Station: V\u00f8ringsfossen<\/strong><\/h3><\/h3>\n\n\n\n<h5 class=\"wp-block-heading\">V\u00f8ringsfossen im April<\/h5>\n\n\n\n<p><em>Der V\u00f8ringsfossen liegt 700 Meter \u00fcber dem Meeresspiegel. Bitte beachten Sie, dass es im April in den Bergen noch Schnee und und rutschige Stellen bei V\u00f8ringsfossen. Betreten auf eigene Gefahr. Denk an warme Kleidung und gutes Schuhwerk. <\/em><a href=\"https:\/\/youtube.com\/shorts\/AoE020c9B0U\" target=\"_blank\" rel=\"noopener\"><strong>Schau dir ein Video zu den Schneeverh\u00e4ltnissen vom 26.03. an.<\/strong><\/a><\/p>\n\n\n\n<p>Vom Norwegisches Naturzentrum aus f\u00fchrt die Fahrt weiter durch das steile und eindrucksvolle M\u00e5b\u00f8dalen-Tal. Vier moderne Tunnel bringen dich sicher hinauf auf das Plateau in 750 Metern H\u00f6he, wo V\u00f8ringsfossen in die Tiefe st\u00fcrzt.<\/p>\n\n\n\n<p>Wenn du dich traust, kannst du die Schlucht \u00fcber die ber\u00fchmte Treppenbr\u00fccke mit ihren 99 Stufen \u00fcberqueren \u2013 ein ganz besonderes Erlebnis mit einzigartigem Blick auf Wasserfall und Landschaft.<\/p>\n\n\n\n<p>Du hast etwa eine Stunde Zeit, um die Aussicht zu genie\u00dfen, Fotos zu machen und die Umgebung zu erkunden, bevor der Bus dich zur\u00fcck nach Eidfjord bringt.<\/p>\n\n\n\n<h3 class=\"wp-block-heading\"><h3><strong>Im Preis inbegriffen<\/strong><\/h3><\/h3>\n\n\n\n<ul class=\"wp-block-list\">\n<li>Hin- und R\u00fcckfahrt mit modernem Bus zum V\u00f8ringsfossen<\/li>\n\n\n\n<li>Eintrittskarte f\u00fcr das Norwegisches Naturzentrum<\/li>\n\n\n\n<li>Digitale Audioguide in mehreren Sprachen, die du auf deinem Smartphone anh\u00f6ren kannst<\/li>\n<\/ul>\n\n\n\n<h2 class=\"wp-block-heading\">Route:<\/h2>\n\n\n\n<p>11:50 \u2013 Abfahrt von Eidfjord<br data-start=\"92\" data-end=\"95\">12:05 \u2013 Ankunft im Norwegischen Naturzentrum und 1 Stunde 15 Minuten Zeit zum Erkunden<br data-start=\"181\" data-end=\"184\">13:20 \u2013 Abfahrt vom Norwegischen Naturzentrum<br data-start=\"229\" data-end=\"232\">13:35 \u2013 Ankunft am V\u00f8ringsfossen-Wasserfall und 1 Stunde 15 Minuten Zeit zur Erkundung<br data-start=\"318\" data-end=\"321\">14:45 \u2013 Abfahrt vom V\u00f8ringsfossen-Wasserfall<br data-start=\"365\" data-end=\"368\">15:15 \u2013&nbsp; Ankunft in Eidfjord<\/p>\n\n\n\n<div style=\"height:23px\" aria-hidden=\"true\" class=\"wp-block-spacer\"><\/div>\n\n\n\n<h2 class=\"wp-block-heading\"><h2><strong>H\u00e4ufig gestellte Fragen<\/strong><\/h2><\/h2>\n\n\n\n<h3 class=\"wp-block-heading\"><strong>Wo kann ich Tickets kaufen?<\/strong><\/h3>\n\n\n\n<p>Du kannst deinen Platz ganz einfach direkt auf dieser Seite buchen, sodass dein Ticket vor Abfahrt bereit ist. Tickets sind au\u00dferdem im Eidfjord Tourist Office erh\u00e4ltlich. Book Hardanger ist eine lokale Non-Profit-Organisation, die sich f\u00fcr regionale Wertsch\u00f6pfung und eine nachhaltige Gemeinschaft einsetzt.<\/p>\n\n\n\n<h3 class=\"wp-block-heading\"><strong>Ist die Tour f\u00fcr Kinder geeignet?<\/strong><\/h3>\n\n\n\n<p>Das Norwegischen Naturzentrum bietet interaktive Ausstellungen, Filme und Aktivit\u00e4ten f\u00fcr Kinder jeden Alters.\r\n<\/p>\n\n\n\n<p>Auch das Gebiet rund um den V\u00f8ringsfossen ist f\u00fcr Kinder spannend, mit Wegen, Br\u00fccken, Aussichtspunkten und Sitzm\u00f6glichkeiten zum Entdecken. Das Gel\u00e4nde ist gut gesichert, dennoch m\u00fcssen Kinder aufgrund der gro\u00dfen H\u00f6he und steilen Bereiche jederzeit von einem verantwortlichen Erwachsenen begleitet werden.<br>Bitte beachte die <strong>praktischen Informationen<\/strong> (nach rechts) zur sicheren Bef\u00f6rderung von Kindern im Bus.<\/p>\n\n\n\n<h3 class=\"wp-block-heading\"><strong>Ist die Tour f\u00fcr Rollstuhlfahrer geeignet?<\/strong><\/h3>\n\n\n\n<p>Das Norwegischen Naturzentrum ist barrierefrei mit Aufzug, Rampen und barrierefreien Toiletten ausgestattet.<\/p>\n\n\n\n<p>Am V\u00f8ringsfossen ist der Hauptweg von der Bushaltestelle zum beliebtesten Aussichtspunkt rollstuhlgerecht, ebenso mehrere Aussichtsplattformen. Steilere Abschnitte und Nebenwege sind leider nicht geeignet. Ein barrierefreies WC befindet sich im Toilettengeb\u00e4ude an der Bushaltestelle.<\/p>\n\n\n\n<h3 class=\"wp-block-heading\"><strong>Gibt es ein Caf\u00e9 vor Ort?<\/strong><\/h3>\n\n\n\n<p>Ja. Im Norwegischen Naturzentrum findest du ein Restaurant mit warmen, regionalen Mittagsgerichten, Kuchen, Snacks und Kaffee.<\/p>\n\n\n\n<p>Am V\u00f8ringsfossen kannst du in der Hauptsaison das historische Fossli Hotel besuchen, das besonders f\u00fcr seine traditionellen Waffeln bekannt ist.<\/p>\n\n\n\n<h3 class=\"wp-block-heading\"><strong>Was sollte ich anziehen?<\/strong><\/h3>\n\n\n\n<p>Der Besuch im Norwegischen Naturzentrum findet drinnen statt. V\u00f8ringsfossen liegt jedoch auf 750 Metern H\u00f6he nahe der Hardangervidda, wo sich das Wetter schnell \u00e4ndern kann. Bitte bring daher warme, wind- und wasserdichte Kleidung sowie feste Schuhe mit gutem Grip mit \u2013 auch im Sommer, wenn die Wettervorhersage es empfiehlt.<\/p>\n\n\n\n<p><\/p>\n","protected":false},"excerpt":{"rendered":"<p>Kombiniere zwei der beliebtesten Attraktionen in Eidfjord: das Norwegian Nature Centre und den beeindruckenden Wasserfall V\u00f8ringsfossen.<\/p>\n","protected":false},"featured_media":1663,"parent":0,"template":"","tags":[],"activity-categories":[53],"location":[60],"class_list":["post-1976","product","type-product","status-publish","has-post-thumbnail","hentry","activity-categories-sightseeing-touren","location-eidfjord-de"],"acf":[],"_links":{"self":[{"href":"https:\/\/www.bookhardanger.com\/de\/wp-json\/wp\/v2\/product\/1976","targetHints":{"allow":["GET"]}}],"collection":[{"href":"https:\/\/www.bookhardanger.com\/de\/wp-json\/wp\/v2\/product"}],"about":[{"href":"https:\/\/www.bookhardanger.com\/de\/wp-json\/wp\/v2\/types\/product"}],"wp:featuredmedia":[{"embeddable":true,"href":"https:\/\/www.bookhardanger.com\/de\/wp-json\/wp\/v2\/media\/1663"}],"wp:attachment":[{"href":"https:\/\/www.bookhardanger.com\/de\/wp-json\/wp\/v2\/media?parent=1976"}],"wp:term":[{"taxonomy":"post_tag","embeddable":true,"href":"https:\/\/www.bookhardanger.com\/de\/wp-json\/wp\/v2\/tags?post=1976"},{"taxonomy":"activity-categories","embeddable":true,"href":"https:\/\/www.bookhardanger.com\/de\/wp-json\/wp\/v2\/activity-categories?post=1976"},{"taxonomy":"location","embeddable":true,"href":"https:\/\/www.bookhardanger.com\/de\/wp-json\/wp\/v2\/location?post=1976"}],"curies":[{"name":"wp","href":"https:\/\/api.w.org\/{rel}","templated":true}]}}