{"id":1985,"date":"2025-06-12T12:42:23","date_gmt":"2025-06-12T12:42:23","guid":{"rendered":"https:\/\/www.bookhardanger.com\/?post_type=product&#038;p=1985"},"modified":"2025-07-28T11:57:24","modified_gmt":"2025-07-28T11:57:24","slug":"cidre-verkostung-lekve-gard","status":"publish","type":"product","link":"https:\/\/www.bookhardanger.com\/de\/products\/cidre-verkostung-lekve-gard\/","title":{"rendered":"Cidre-Verkostung auf dem Lekve Gard"},"content":{"rendered":"\n<p>Lekve Gard, auch bekannt als Hardanger Saft og Siderfabrikk, blickt auf Generationen an Erfahrung in der Herstellung von Cider und S\u00e4ften zur\u00fcck. Der Hof ist einer von drei Betrieben entlang der Obst- und Ciderroute in Ulvik \u2013 und war der erste, der mit der kommerziellen Ciderproduktion begann.<\/p>\n\n\n\n<p>Heute stellt Lekve Gard \u00fcber 20 verschiedene Cider-Sorten her, dazu S\u00e4fte und st\u00e4rkere alkoholische Getr\u00e4nke.<\/p>\n\n\n\n<p>Bei der Ciderverkostung bekommst du ein Probierbrett mit f\u00fcnf verschiedenen Cidern. Alle unter 18 Jahren \u2013 und alle, die lieber auf Alkohol verzichten m\u00f6chten \u2013 erhalten stattdessen eine Auswahl alkoholfreier Alternativen.<\/p>\n\n\n\n<p>Wenn du lieber die hochprozentigen Spezialit\u00e4ten probieren willst, kannst du dich f\u00fcr ein Probierbrett mit drei st\u00e4rkeren Produkten entscheiden.<\/p>\n\n\n\n<p><strong>Im Preis inbegriffen:<\/strong><\/p>\n\n\n\n<ul class=\"wp-block-list\">\n<li>Verkostung von f\u00fcnf verschiedenen Cidern \u2013 alle hergestellt auf Lekve G\u00e5rd\u00a0<\/li>\n<\/ul>\n\n\n\n<figure class=\"wp-block-gallery has-nested-images columns-2 is-cropped wp-block-gallery-1 is-layout-flex wp-block-gallery-is-layout-flex\">\n<figure class=\"wp-block-image size-large\"><a href=\"https:\/\/www.bookhardanger.com\/wp-content\/uploads\/2025\/06\/Lekve-Gard_Ulvik_02.jpg\"><img loading=\"lazy\" decoding=\"async\" width=\"683\" height=\"1024\" data-id=\"2008\" src=\"https:\/\/www.bookhardanger.com\/wp-content\/uploads\/2025\/06\/Lekve-Gard_Ulvik_02-683x1024.jpg\" alt=\"\" class=\"wp-image-2008\" srcset=\"https:\/\/www.bookhardanger.com\/wp-content\/uploads\/2025\/06\/Lekve-Gard_Ulvik_02-683x1024.jpg 683w, https:\/\/www.bookhardanger.com\/wp-content\/uploads\/2025\/06\/Lekve-Gard_Ulvik_02-200x300.jpg 200w, https:\/\/www.bookhardanger.com\/wp-content\/uploads\/2025\/06\/Lekve-Gard_Ulvik_02-768x1152.jpg 768w, https:\/\/www.bookhardanger.com\/wp-content\/uploads\/2025\/06\/Lekve-Gard_Ulvik_02-1024x1536.jpg 1024w, https:\/\/www.bookhardanger.com\/wp-content\/uploads\/2025\/06\/Lekve-Gard_Ulvik_02.jpg 1365w\" sizes=\"auto, (max-width: 683px) 100vw, 683px\" \/><\/a><\/figure>\n\n\n\n<figure class=\"wp-block-image size-large\"><a href=\"https:\/\/www.bookhardanger.com\/wp-content\/uploads\/2025\/06\/Lekve-Gard_Ulvik_06.jpg\"><img loading=\"lazy\" decoding=\"async\" width=\"683\" height=\"1024\" data-id=\"2005\" src=\"https:\/\/www.bookhardanger.com\/wp-content\/uploads\/2025\/06\/Lekve-Gard_Ulvik_06-683x1024.jpg\" alt=\"\" class=\"wp-image-2005\" srcset=\"https:\/\/www.bookhardanger.com\/wp-content\/uploads\/2025\/06\/Lekve-Gard_Ulvik_06-683x1024.jpg 683w, https:\/\/www.bookhardanger.com\/wp-content\/uploads\/2025\/06\/Lekve-Gard_Ulvik_06-200x300.jpg 200w, https:\/\/www.bookhardanger.com\/wp-content\/uploads\/2025\/06\/Lekve-Gard_Ulvik_06-768x1152.jpg 768w, https:\/\/www.bookhardanger.com\/wp-content\/uploads\/2025\/06\/Lekve-Gard_Ulvik_06-1024x1536.jpg 1024w, https:\/\/www.bookhardanger.com\/wp-content\/uploads\/2025\/06\/Lekve-Gard_Ulvik_06.jpg 1365w\" sizes=\"auto, (max-width: 683px) 100vw, 683px\" \/><\/a><\/figure>\n\n\n\n<figure class=\"wp-block-image size-large\"><a href=\"https:\/\/www.bookhardanger.com\/wp-content\/uploads\/2025\/06\/Lekve-Gard_Ulvik_03.jpg\"><img loading=\"lazy\" decoding=\"async\" width=\"683\" height=\"1024\" data-id=\"1990\" src=\"https:\/\/www.bookhardanger.com\/wp-content\/uploads\/2025\/06\/Lekve-Gard_Ulvik_03-683x1024.jpg\" alt=\"\" class=\"wp-image-1990\" srcset=\"https:\/\/www.bookhardanger.com\/wp-content\/uploads\/2025\/06\/Lekve-Gard_Ulvik_03-683x1024.jpg 683w, https:\/\/www.bookhardanger.com\/wp-content\/uploads\/2025\/06\/Lekve-Gard_Ulvik_03-200x300.jpg 200w, https:\/\/www.bookhardanger.com\/wp-content\/uploads\/2025\/06\/Lekve-Gard_Ulvik_03-768x1152.jpg 768w, https:\/\/www.bookhardanger.com\/wp-content\/uploads\/2025\/06\/Lekve-Gard_Ulvik_03-1024x1536.jpg 1024w, https:\/\/www.bookhardanger.com\/wp-content\/uploads\/2025\/06\/Lekve-Gard_Ulvik_03.jpg 1365w\" sizes=\"auto, (max-width: 683px) 100vw, 683px\" \/><\/a><\/figure>\n\n\n\n<figure class=\"wp-block-image size-large\"><a href=\"https:\/\/www.bookhardanger.com\/wp-content\/uploads\/2025\/06\/Lekve-Gard_Ulvik_07.jpg\"><img loading=\"lazy\" decoding=\"async\" width=\"683\" height=\"1024\" data-id=\"2011\" src=\"https:\/\/www.bookhardanger.com\/wp-content\/uploads\/2025\/06\/Lekve-Gard_Ulvik_07-683x1024.jpg\" alt=\"\" class=\"wp-image-2011\" srcset=\"https:\/\/www.bookhardanger.com\/wp-content\/uploads\/2025\/06\/Lekve-Gard_Ulvik_07-683x1024.jpg 683w, https:\/\/www.bookhardanger.com\/wp-content\/uploads\/2025\/06\/Lekve-Gard_Ulvik_07-200x300.jpg 200w, https:\/\/www.bookhardanger.com\/wp-content\/uploads\/2025\/06\/Lekve-Gard_Ulvik_07-768x1152.jpg 768w, https:\/\/www.bookhardanger.com\/wp-content\/uploads\/2025\/06\/Lekve-Gard_Ulvik_07-1024x1536.jpg 1024w, https:\/\/www.bookhardanger.com\/wp-content\/uploads\/2025\/06\/Lekve-Gard_Ulvik_07.jpg 1365w\" sizes=\"auto, (max-width: 683px) 100vw, 683px\" \/><\/a><\/figure>\n\n\n\n<figure class=\"wp-block-image size-large\"><a href=\"https:\/\/www.bookhardanger.com\/wp-content\/uploads\/2025\/06\/Hardanger-Saft-og-Siderfabrikk_03.jpg\"><img loading=\"lazy\" decoding=\"async\" width=\"1024\" height=\"576\" data-id=\"1996\" src=\"https:\/\/www.bookhardanger.com\/wp-content\/uploads\/2025\/06\/Hardanger-Saft-og-Siderfabrikk_03-1024x576.jpg\" alt=\"\" class=\"wp-image-1996\" srcset=\"https:\/\/www.bookhardanger.com\/wp-content\/uploads\/2025\/06\/Hardanger-Saft-og-Siderfabrikk_03-1024x576.jpg 1024w, https:\/\/www.bookhardanger.com\/wp-content\/uploads\/2025\/06\/Hardanger-Saft-og-Siderfabrikk_03-300x169.jpg 300w, https:\/\/www.bookhardanger.com\/wp-content\/uploads\/2025\/06\/Hardanger-Saft-og-Siderfabrikk_03-768x432.jpg 768w, https:\/\/www.bookhardanger.com\/wp-content\/uploads\/2025\/06\/Hardanger-Saft-og-Siderfabrikk_03-1536x864.jpg 1536w, https:\/\/www.bookhardanger.com\/wp-content\/uploads\/2025\/06\/Hardanger-Saft-og-Siderfabrikk_03.jpg 2048w\" sizes=\"auto, (max-width: 1024px) 100vw, 1024px\" \/><\/a><\/figure>\n<\/figure>\n","protected":false},"excerpt":{"rendered":"<p>Besuche Lekve Gard und koste einige der regionalen Spezialit\u00e4ten \u2013 dazu genie\u00dft du einen traumhaften Blick \u00fcber Ulvik!<\/p>\n","protected":false},"featured_media":1994,"parent":0,"template":"","tags":[],"activity-categories":[55],"location":[62],"class_list":["post-1985","product","type-product","status-publish","has-post-thumbnail","hentry","activity-categories-essen-kultur","location-ulvik-de"],"acf":[],"_links":{"self":[{"href":"https:\/\/www.bookhardanger.com\/de\/wp-json\/wp\/v2\/product\/1985","targetHints":{"allow":["GET"]}}],"collection":[{"href":"https:\/\/www.bookhardanger.com\/de\/wp-json\/wp\/v2\/product"}],"about":[{"href":"https:\/\/www.bookhardanger.com\/de\/wp-json\/wp\/v2\/types\/product"}],"wp:featuredmedia":[{"embeddable":true,"href":"https:\/\/www.bookhardanger.com\/de\/wp-json\/wp\/v2\/media\/1994"}],"wp:attachment":[{"href":"https:\/\/www.bookhardanger.com\/de\/wp-json\/wp\/v2\/media?parent=1985"}],"wp:term":[{"taxonomy":"post_tag","embeddable":true,"href":"https:\/\/www.bookhardanger.com\/de\/wp-json\/wp\/v2\/tags?post=1985"},{"taxonomy":"activity-categories","embeddable":true,"href":"https:\/\/www.bookhardanger.com\/de\/wp-json\/wp\/v2\/activity-categories?post=1985"},{"taxonomy":"location","embeddable":true,"href":"https:\/\/www.bookhardanger.com\/de\/wp-json\/wp\/v2\/location?post=1985"}],"curies":[{"name":"wp","href":"https:\/\/api.w.org\/{rel}","templated":true}]}}