{"id":2051,"date":"2025-06-19T14:12:12","date_gmt":"2025-06-19T14:12:12","guid":{"rendered":"https:\/\/www.bookhardanger.com\/products\/familienspass-im-mikkelparken-ab-eidfjord\/"},"modified":"2025-07-03T11:03:10","modified_gmt":"2025-07-03T11:03:10","slug":"familienspass-im-mikkelparken-ab-eidfjord","status":"publish","type":"product","link":"https:\/\/www.bookhardanger.com\/de\/products\/familienspass-im-mikkelparken-ab-eidfjord\/","title":{"rendered":"Familienspa\u00df im Mikkelparken \u2013 ab Eidfjord"},"content":{"rendered":"\n<p>Mikkelparken ist ein absoluter Favorit bei Familien, die die Hardanger-Region besuchen. Der Wasser- und Freizeitpark bietet Spa\u00df und Action f\u00fcr Kinder jeden Alters \u2013 von Wasserrutschen und bunten Shows bis hin zu Dschungel-Rafting und Mikkels Bauernhof.<\/p>\n\n\n\n<p>Auch bei Regen kommt keine Langeweile auf: Die gro\u00dfen Indoor-Spielbereiche sind perfekt f\u00fcr graue Tage. Und wenn sich der kleine oder gro\u00dfe Hunger meldet, laden Solkroa oder Skoskogen zu einer leckeren Pause ein.<\/p>\n\n\n\n<p>Im Paket sind Bustickets f\u00fcr die lokale Busverbindung zwischen Eidfjord und Kinsarvik enthalten \u2013 eine Fahrt mit fantastischer Aussicht auf den Hardangerfjord und die idyllischen Obsth\u00f6fe entlang der Strecke.<\/p>\n\n\n\n<h2 class=\"wp-block-heading\">Fahrplan: <\/h2>\n\n\n\n<p><strong><a href=\"https:\/\/www.bookhardanger.com\/wp-content\/uploads\/2025\/07\/2025_Timetable_Family-fun-at-Mikkelparken_v2.pdf.pdf\" data-type=\"attachment\" data-id=\"2196\">Hier findest du den aktuellen Fahrplan (PDF).<\/a><\/strong><\/p>\n\n\n\n<figure class=\"wp-block-gallery has-nested-images columns-2 is-cropped wp-block-gallery-1 is-layout-flex wp-block-gallery-is-layout-flex\">\n<figure class=\"wp-block-image size-large\"><img loading=\"lazy\" decoding=\"async\" width=\"1024\" height=\"682\" data-id=\"355\" src=\"https:\/\/www.bookhardanger.com\/wp-content\/uploads\/2025\/02\/Mikkelparken_05-1024x682.jpg\" alt=\"Colourful mini train driving through a decorated amusement park.\" class=\"wp-image-355\" srcset=\"https:\/\/www.bookhardanger.com\/wp-content\/uploads\/2025\/02\/Mikkelparken_05-1024x682.jpg 1024w, https:\/\/www.bookhardanger.com\/wp-content\/uploads\/2025\/02\/Mikkelparken_05-300x200.jpg 300w, https:\/\/www.bookhardanger.com\/wp-content\/uploads\/2025\/02\/Mikkelparken_05-768x512.jpg 768w, https:\/\/www.bookhardanger.com\/wp-content\/uploads\/2025\/02\/Mikkelparken_05.jpg 1202w\" sizes=\"auto, (max-width: 1024px) 100vw, 1024px\" \/><\/figure>\n\n\n\n<figure class=\"wp-block-image size-large\"><img loading=\"lazy\" decoding=\"async\" width=\"1024\" height=\"683\" data-id=\"356\" src=\"https:\/\/www.bookhardanger.com\/wp-content\/uploads\/2025\/02\/Mikkelparken_01-1024x683.jpg\" alt=\"Kids watching performance of two stuffed animal figures (people in costumes) and one person showing thumbs up.\" class=\"wp-image-356\" srcset=\"https:\/\/www.bookhardanger.com\/wp-content\/uploads\/2025\/02\/Mikkelparken_01-1024x683.jpg 1024w, https:\/\/www.bookhardanger.com\/wp-content\/uploads\/2025\/02\/Mikkelparken_01-300x200.jpg 300w, https:\/\/www.bookhardanger.com\/wp-content\/uploads\/2025\/02\/Mikkelparken_01-768x512.jpg 768w, https:\/\/www.bookhardanger.com\/wp-content\/uploads\/2025\/02\/Mikkelparken_01-1536x1025.jpg 1536w, https:\/\/www.bookhardanger.com\/wp-content\/uploads\/2025\/02\/Mikkelparken_01.jpg 2048w\" sizes=\"auto, (max-width: 1024px) 100vw, 1024px\" \/><\/figure>\n\n\n\n<figure class=\"wp-block-image size-large\"><img loading=\"lazy\" decoding=\"async\" width=\"1024\" height=\"686\" data-id=\"353\" src=\"https:\/\/www.bookhardanger.com\/wp-content\/uploads\/2025\/02\/Mikkelparken_03-1024x686.jpg\" alt=\"Young boy falling into a swimming pool from a waterslide.\" class=\"wp-image-353\" srcset=\"https:\/\/www.bookhardanger.com\/wp-content\/uploads\/2025\/02\/Mikkelparken_03-1024x686.jpg 1024w, https:\/\/www.bookhardanger.com\/wp-content\/uploads\/2025\/02\/Mikkelparken_03-300x201.jpg 300w, https:\/\/www.bookhardanger.com\/wp-content\/uploads\/2025\/02\/Mikkelparken_03-768x514.jpg 768w, https:\/\/www.bookhardanger.com\/wp-content\/uploads\/2025\/02\/Mikkelparken_03-1536x1028.jpg 1536w, https:\/\/www.bookhardanger.com\/wp-content\/uploads\/2025\/02\/Mikkelparken_03.jpg 2048w\" sizes=\"auto, (max-width: 1024px) 100vw, 1024px\" \/><\/figure>\n\n\n\n<figure class=\"wp-block-image size-large\"><img loading=\"lazy\" decoding=\"async\" width=\"1024\" height=\"683\" data-id=\"352\" src=\"https:\/\/www.bookhardanger.com\/wp-content\/uploads\/2025\/02\/Mikkelparken_02-1024x683.jpg\" alt=\"Two boys running through a water fountain in a water park.\" class=\"wp-image-352\" srcset=\"https:\/\/www.bookhardanger.com\/wp-content\/uploads\/2025\/02\/Mikkelparken_02-1024x683.jpg 1024w, https:\/\/www.bookhardanger.com\/wp-content\/uploads\/2025\/02\/Mikkelparken_02-300x200.jpg 300w, https:\/\/www.bookhardanger.com\/wp-content\/uploads\/2025\/02\/Mikkelparken_02-768x512.jpg 768w, https:\/\/www.bookhardanger.com\/wp-content\/uploads\/2025\/02\/Mikkelparken_02-1536x1024.jpg 1536w, https:\/\/www.bookhardanger.com\/wp-content\/uploads\/2025\/02\/Mikkelparken_02.jpg 2048w\" sizes=\"auto, (max-width: 1024px) 100vw, 1024px\" \/><\/figure>\n<figcaption class=\"blocks-gallery-caption wp-element-caption\">\u00a9 Mikkelparken<\/figcaption><\/figure>\n","protected":false},"excerpt":{"rendered":"<p>Erlebe Hardanger wie die Einheimischen und verbringe einen unvergesslichen Tag im Freizeitpark Mikkelparken!<\/p>\n","protected":false},"featured_media":2053,"parent":0,"template":"","tags":[],"activity-categories":[57,58],"location":[60,66],"class_list":["post-2051","product","type-product","status-publish","has-post-thumbnail","hentry","activity-categories-familienspas","activity-categories-reisen-wie-ein-einheimischer","location-eidfjord-de","location-lofthus-kinsarvik"],"acf":[],"_links":{"self":[{"href":"https:\/\/www.bookhardanger.com\/de\/wp-json\/wp\/v2\/product\/2051","targetHints":{"allow":["GET"]}}],"collection":[{"href":"https:\/\/www.bookhardanger.com\/de\/wp-json\/wp\/v2\/product"}],"about":[{"href":"https:\/\/www.bookhardanger.com\/de\/wp-json\/wp\/v2\/types\/product"}],"wp:featuredmedia":[{"embeddable":true,"href":"https:\/\/www.bookhardanger.com\/de\/wp-json\/wp\/v2\/media\/2053"}],"wp:attachment":[{"href":"https:\/\/www.bookhardanger.com\/de\/wp-json\/wp\/v2\/media?parent=2051"}],"wp:term":[{"taxonomy":"post_tag","embeddable":true,"href":"https:\/\/www.bookhardanger.com\/de\/wp-json\/wp\/v2\/tags?post=2051"},{"taxonomy":"activity-categories","embeddable":true,"href":"https:\/\/www.bookhardanger.com\/de\/wp-json\/wp\/v2\/activity-categories?post=2051"},{"taxonomy":"location","embeddable":true,"href":"https:\/\/www.bookhardanger.com\/de\/wp-json\/wp\/v2\/location?post=2051"}],"curies":[{"name":"wp","href":"https:\/\/api.w.org\/{rel}","templated":true}]}}