{"id":2845,"date":"2026-02-18T15:24:34","date_gmt":"2026-02-18T15:24:34","guid":{"rendered":"https:\/\/www.bookhardanger.com\/?post_type=product&#038;p=2845"},"modified":"2026-04-13T07:09:30","modified_gmt":"2026-04-13T07:09:30","slug":"voringsfossen-wasserfall-tour-mit-wanderung","status":"publish","type":"product","link":"https:\/\/www.bookhardanger.com\/de\/products\/voringsfossen-wasserfall-tour-mit-wanderung\/","title":{"rendered":"V\u00f8ringsfossen Wasserfall Tour mit Wanderung"},"content":{"rendered":"\n<p>Diese Tour eignet sich f\u00fcr alle, die etwas mehr Zeit und Flexibilit\u00e4t als bei einem kurzen Stopp m\u00f6chten. Perfekt f\u00fcr Naturliebhaber, Wanderfreunde und alle, die mehr als nur den Hauptaussichtspunkt erleben wollen.<\/p>\n\n<h4 class=\"wp-block-heading\">V\u00f8ringsfossen im April<\/h4>\n\n<p>Der V\u00f8ringsfossen liegt 700 Meter \u00fcber dem Meeresspiegel. Bitte beachten Sie, dass es im April in den Bergen noch Schnee und und rutschige Stellen bei V\u00f8ringsfossen. Betreten auf eigene Gefahr. Denk an warme Kleidung und gutes Schuhwerk.<br\/><a href=\"https:\/\/youtube.com\/shorts\/AoE020c9B0U\" target=\"_blank\" rel=\"noopener\"><strong>Schau dir ein Video zu den Schneeverh\u00e4ltnissen vom 26.03. an.<\/strong><\/a><\/p>\n\n<p>Du kannst zwischen zwei Abfahrten ab Eidfjord w\u00e4hlen \u2013 je nachdem, wie lange du oben bleiben m\u00f6chtest.<\/p>\n\n<h3 class=\"wp-block-heading\"><h3><strong>Option 1 \u2013 Fr\u00fchabfahrt 10:20 <\/strong>(<span class=\"Y2IQFc\" lang=\"de\">Nicht verf\u00fcgbar vor dem 21.05.26)<\/span><\/h3><\/h3>\n\n<p>Auf dem Ticket steht 12:00, du kannst aber auch den Bus um 10:20 nehmen.<br\/>So hast du etwa <strong>3 Stunden und 25 Minuten<\/strong> am V\u00f8ringsfossen, ideal f\u00fcr eine l\u00e4ngere Wanderung und Teile der historischen Stra\u00dfe.<\/p>\n\n<h3 class=\"wp-block-heading\"><h3><strong>Option 2 \u2013 Sp\u00e4tere Abfahrt 12:00<\/strong><\/h3><\/h3>\n\n<p>Du hast <strong>1 Stunde und 45 Minuten <\/strong>oben.<br\/>Gut geeignet f\u00fcr eine k\u00fcrzere Tour \u00fcber die Plattformen und entspanntes Genie\u00dfen des Wasserfalls.<\/p>\n\n<h3 class=\"wp-block-heading\"><h3><strong>R\u00fcckfahrt (beide Optionen)<\/strong><\/h3><\/h3>\n\n<p>14:15 &#8211; ab V\u00f8ringsfossen<br\/>14:45 &#8211; Ankunft Eidfjord<\/p>\n\n<h3 class=\"wp-block-heading\"><h3><strong>Im Preis inbegriffen:<\/strong><\/h3><\/h3>\n\n<ul class=\"wp-block-list\">\n<li>Busfahrt von Eidfjord zum besten Aussichtspunkt (an ausgew\u00e4hlten Kreuzfahrttagen)<\/li>\n\n\n\n<li>Digitaler Guide zu Natur, Geschichte und Kultur<\/li>\n\n\n\n<li>Audioguide in 15 Sprachen<\/li>\n\n\n\n<li>L\u00e4ngerer Aufenthalt als bei der Standardtour<\/li>\n\n\n\n<li>Mehrere Panorama-Aussichtspunkte<\/li>\n\n\n\n<li>Treppenbr\u00fccke \u00fcber die Schlucht<\/li>\n\n\n\n<li>Stopp beim historischen Fossli Hotel<\/li>\n\n\n\n<li>R\u00fcckfahrt nach Eidfjord (auf das Book-Hardanger-Schild achten)<\/li>\n<\/ul>\n\n<h3 class=\"wp-block-heading\"><h3><strong>Was kann man oben unternehmen?<\/strong><\/h3><\/h3>\n\n<p>Oben auf dem Plateau gibt es mehrere M\u00f6glichkeiten, die Zeit zu genie\u00dfen:<\/p>\n\n<ul class=\"wp-block-list\">\n<li>Erkunde das Bergplateau: Folge den markierten Wanderwegen, die in die offene Landschaft des Hardangervidda f\u00fchren. Genie\u00dfe ruhige Spazierg\u00e4nge, weite Aussichten und die frische Bergluft. Diese Option eignet sich f\u00fcr beide Abfahrtszeiten.<\/li>\n\n\n\n<li>Bleibe in der N\u00e4he der Aussichtspunkte: Mache Fotos, genie\u00dfe die Landschaft und entspanne in deinem eigenen Tempo. Dies ist besonders passend, wenn du die sp\u00e4tere Abfahrt gew\u00e4hlt hast.<\/li>\n<\/ul>\n\n<p>Es gibt angelegte Wege und Aussichtsplattformen auf beiden Seiten des Wasserfalls, verbunden durch die ber\u00fchmte Treppenbr\u00fccke.&#13;\nDer Bereich in der N\u00e4he der Bushaltestelle ist rollstuhlgerecht und f\u00fcr Kinderwagen zug\u00e4nglich, jedoch ist der Wanderteil der Tour nicht f\u00fcr Kinderwagen oder Rollst\u00fchle geeignet.<\/p>\n\n<p>Die Pl\u00e4tze auf dieser Bustour sind begrenzt, daher empfehlen wir eine fr\u00fchzeitige Buchung.<\/p>\n\n<div style=\"height:27px\" aria-hidden=\"true\" class=\"wp-block-spacer\"><\/div>\n\n<h2 class=\"wp-block-heading\">H\u00e4ufige Fragen<\/h2>\n\n<h3 class=\"wp-block-heading\"><h3><strong>Wo kann ich Tickets kaufen?<\/strong><\/h3><\/h3>\n\n<p>Du kannst deinen Platz einfach direkt auf dieser Seite buchen, dann ist das Ticket vor der Abfahrt bereit. Sieh im Kalender nach verf\u00fcgbaren Terminen. Book Hardanger ist ein lokales Non-Profit-Unternehmen, das die regionale Wertsch\u00f6pfung und eine nachhaltige Gemeinschaft unterst\u00fctzt. Falls noch Pl\u00e4tze verf\u00fcgbar sind, k\u00f6nnen Tickets auch im Eidfjord Tourist Office gekauft werden.<\/p>\n\n<h3 class=\"wp-block-heading\"><h3><strong>Ist die Tour f\u00fcr Kinderwagen oder Rollst\u00fchle geeignet?<\/strong><\/h3><\/h3>\n\n<p>Diese Wanderung ist leider nicht f\u00fcr Kinderwagen oder Rollst\u00fchle geeignet. Der Bereich in der N\u00e4he der Bushaltestelle ist zug\u00e4nglich, die Wege sind jedoch zu steil.<\/p>\n\n<h3 class=\"wp-block-heading\"><h3><strong>Was werde ich auf der Tour erleben?<\/strong><\/h3><\/h3>\n\n<p>Die Fahrt f\u00fchrt dich das steile M\u00e5b\u00f8dalen-Tal hinauf bis zum Plateau, 750 Meter \u00fcber dem Meeresspiegel. Auf dem Weg wirst du den V\u00f8ringsfossen von mehreren spektakul\u00e4ren Aussichtspunkten aus erleben, und der Bus h\u00e4lt in der N\u00e4he des besten Aussichtspunktes.<br\/>Das Highlight der Tour ist die ber\u00fchmte Treppenbr\u00fccke mit 99 Stufen, die die Schlucht \u00fcberspannt und einen einzigartigen Blick auf den Wasserfall bietet.<br\/>Je nach gew\u00e4hlter Abfahrtszeit hast du zudem die M\u00f6glichkeit, ein gr\u00f6\u00dferes Gebiet zu erkunden, einschlie\u00dflich der alten Br\u00fccke und Teilen der historischen Stra\u00dfe, die weiter in Richtung M\u00e5b\u00f8dalen f\u00fchren.<\/p>\n\n<h3 class=\"wp-block-heading\"><h3><strong>Was sollte ich anziehen?<\/strong><\/h3><\/h3>\n\n<p>V\u00f8ringsfossen liegt 750 Meter \u00fcber dem Meeresspiegel bei Hardangervidda. Das Wetter kann sich schnell \u00e4ndern. Bring warme, wind- und wasserdichte Kleidung sowie feste Schuhe mit gutem Grip mit \u2013 auch im Sommer.<\/p>\n\n<h3 class=\"wp-block-heading\"><h3><strong>Gibt es eine F\u00fchrung?<\/strong><\/h3><\/h3>\n\n<p>Es gibt keinen Live-Guide, aber eine digitale Audioguide in 15 Sprachen ist im Ticket enthalten.<\/p>\n\n<h3 class=\"wp-block-heading\"><h3><strong>Kann man den V\u00f8ringsfossen mit dem Linienbus erreichen?&#13;\n<\/strong><\/h3><\/h3>\n\n<p>Der Linienbus f\u00e4hrt nur sehr selten und ist daher leider nicht praktikabel. Aus diesem Grund bieten wir eigene Busreisen an. Die verf\u00fcgbaren Abfahrtstermine finden Sie im Kalender.<\/p>\n\n<p><\/p>\n","protected":false},"excerpt":{"rendered":"<p>Die klassische V\u00f8ringsfossen-Tour \u2013 nur mit einem l\u00e4ngeren Aufenthalt am Wasserfall, damit du mehr Zeit hast, die Wege zu erkunden und die Umgebung zu genie\u00dfen.<\/p>\n","protected":false},"featured_media":2338,"parent":0,"template":"","tags":[],"activity-categories":[54,53],"location":[60],"class_list":["post-2845","product","type-product","status-publish","has-post-thumbnail","hentry","activity-categories-activurlaub","activity-categories-sightseeing-touren","location-eidfjord-de"],"acf":[],"_links":{"self":[{"href":"https:\/\/www.bookhardanger.com\/de\/wp-json\/wp\/v2\/product\/2845","targetHints":{"allow":["GET"]}}],"collection":[{"href":"https:\/\/www.bookhardanger.com\/de\/wp-json\/wp\/v2\/product"}],"about":[{"href":"https:\/\/www.bookhardanger.com\/de\/wp-json\/wp\/v2\/types\/product"}],"wp:featuredmedia":[{"embeddable":true,"href":"https:\/\/www.bookhardanger.com\/de\/wp-json\/wp\/v2\/media\/2338"}],"wp:attachment":[{"href":"https:\/\/www.bookhardanger.com\/de\/wp-json\/wp\/v2\/media?parent=2845"}],"wp:term":[{"taxonomy":"post_tag","embeddable":true,"href":"https:\/\/www.bookhardanger.com\/de\/wp-json\/wp\/v2\/tags?post=2845"},{"taxonomy":"activity-categories","embeddable":true,"href":"https:\/\/www.bookhardanger.com\/de\/wp-json\/wp\/v2\/activity-categories?post=2845"},{"taxonomy":"location","embeddable":true,"href":"https:\/\/www.bookhardanger.com\/de\/wp-json\/wp\/v2\/location?post=2845"}],"curies":[{"name":"wp","href":"https:\/\/api.w.org\/{rel}","templated":true}]}}