{"id":1201,"date":"2025-03-06T11:16:59","date_gmt":"2025-03-06T11:16:59","guid":{"rendered":"https:\/\/www.bookhardanger.com\/inspirasjon\/"},"modified":"2025-07-04T07:20:02","modified_gmt":"2025-07-04T07:20:02","slug":"inspirasjon","status":"publish","type":"page","link":"https:\/\/www.bookhardanger.com\/no\/inspirasjon\/","title":{"rendered":"Inspirasjon"},"content":{"rendered":"\n<h1 class=\"wp-block-heading\">\n\t\tInspirasjon for Hardanger\n\t<\/h1>\n\n\n\n<p>F\u00e5 reisetips, lokale historier og guider til \u00e5 utforske Hardanger. Enten du planlegger en tur eller bare dr\u00f8mmer om fjorder, fossefall og kulturelle skatter, finner du her alt du trenger for \u00e5 f\u00e5 mest mulig ut av reisen. Finn inspirasjon for alle \u00e5rstider, og start planlegginga i dag!<\/p>\n\n\n\n<meta itemscope=\"\" itemprop=\"mainEntityOfPage\" itemtype=\"https:\/\/schema.org\/WebPage\" itemid=\"http:\/\/1176\" content=\"Fra v\u00e5r til vinter: \u00c5rstidene i Hardanger\">\n\n\n\n<meta itemprop=\"datePublished\" content=\"2025-03-02\">\n\n\n\n<meta itemprop=\"dateModified\" content=\"2025-03-06\">\n\n\n\n<meta itemprop=\"name\" content=\"Book Hardanger\">\n\n\n\n<meta itemprop=\"url\" content=\"https:\/\/www.bookhardanger.com\/no\/author\/anne\/\">\n\n\n\n<meta itemprop=\"name\" content=\"anne\">\n\n\n\n<meta itemprop=\"url\" content=\"https:\/\/www.bookhardanger.com\/wp-content\/uploads\/2025\/02\/37_VHF0624_Husky-Camp_Kred-Visit-Hardangerfjord-1.jpg\">\n\n\n\n<meta itemprop=\"width\" content=\"2048\">\n\n\n\n<meta itemprop=\"height\" content=\"1366\">\n\n\n\n<meta itemprop=\"interactionType\" content=\"https:\/\/schema.org\/CommentAction\">\n\n\n\n<meta itemprop=\"userInteractionCount\" content=\"0\">\n\n\n\n<p><a href=\"https:\/\/www.bookhardanger.com\/no\/fra-var-til-vinter-arstidene-i-hardanger\/\" title=\"Fra v\u00e5r til vinter: \u00c5rstidene i Hardanger\"><\/a><\/p>\n\n\n\n<figure class=\"wp-block-image\"><img decoding=\"async\" src=\"https:\/\/www.bookhardanger.com\/wp-content\/uploads\/bb-plugin\/cache\/37_VHF0624_Husky-Camp_Kred-Visit-Hardangerfjord-1-1024x683-panorama-98d83ce34baac3e6d727fd94c21655ff-.jpg\" alt=\"Husky dogs pulling two sleds with two mushers.\" title=\"37_VHF0624_Husky Camp_Kred Visit Hardangerfjord (1)\"\/><\/figure>\n\n\n\n<h3 class=\"wp-block-heading\">\n\t\t\t\t\t\t\t\t\t\t\t\t\t\tFra v\u00e5r til vinter: \u00c5rstidene i Hardanger\t\t\t\t\t\t\t\t\t\t\t<\/h3>\n\n\n\n<p>Hva er den beste tiden \u00e5 bes\u00f8ke Hardangerfjorden? Les v\u00e5r hel\u00e5rs reiseguide om de ulike \u00e5rstidene i Hardanger og finn ut hva som passer best for deg.<\/p>\n\n\n\n<meta itemscope=\"\" itemprop=\"mainEntityOfPage\" itemtype=\"https:\/\/schema.org\/WebPage\" itemid=\"http:\/\/1184\" content=\"13 spennende ting \u00e5 gj\u00f8re p\u00e5 en dagstur til Eidfjord\">\n\n\n\n<meta itemprop=\"datePublished\" content=\"2025-03-02\">\n\n\n\n<meta itemprop=\"dateModified\" content=\"2025-03-07\">\n\n\n\n<meta itemprop=\"name\" content=\"Book Hardanger\">\n\n\n\n<meta itemprop=\"url\" content=\"https:\/\/www.bookhardanger.com\/no\/author\/anne\/\">\n\n\n\n<meta itemprop=\"name\" content=\"anne\">\n\n\n\n<meta itemprop=\"url\" content=\"https:\/\/www.bookhardanger.com\/wp-content\/uploads\/2025\/03\/Kjeasen_AnneHirth_01.jpg\">\n\n\n\n<meta itemprop=\"width\" content=\"2048\">\n\n\n\n<meta itemprop=\"height\" content=\"1153\">\n\n\n\n<meta itemprop=\"interactionType\" content=\"https:\/\/schema.org\/CommentAction\">\n\n\n\n<meta itemprop=\"userInteractionCount\" content=\"0\">\n\n\n\n<p><a href=\"https:\/\/www.bookhardanger.com\/no\/13-spennende-ting-a-gjore-pa-en-dagstur-til-eidfjord\/\" title=\"13 spennende ting \u00e5 gj\u00f8re p\u00e5 en dagstur til Eidfjord\"><\/a><\/p>\n\n\n\n<figure class=\"wp-block-image\"><img decoding=\"async\" src=\"https:\/\/www.bookhardanger.com\/wp-content\/uploads\/bb-plugin\/cache\/Kjeasen_AnneHirth_01-1024x577-panorama-8ae697ebad60d87165380e873cfdd2c1-.jpg\" alt=\"Kje\u00e5sen_AnneHirth_01\" title=\"Kje\u00e5sen_AnneHirth_01\"\/><\/figure>\n\n\n\n<h3 class=\"wp-block-heading\">\n\t\t\t\t\t\t\t\t\t\t\t\t\t\t13 spennende ting \u00e5 gj\u00f8re p\u00e5 en dagstur til Eidfjord\t\t\t\t\t\t\t\t\t\t\t<\/h3>\n\n\n\n<p>Planlegger du en dagstur til Eidfjord? Her er v\u00e5re beste tips til hva du kan gj\u00f8re mens du er her.<\/p>\n","protected":false},"excerpt":{"rendered":"<p>Inspirasjon for Hardanger F\u00e5 reisetips, lokale historier og guider til \u00e5 utforske Hardanger. Enten du planlegger en tur eller bare dr\u00f8mmer om fjorder, fossefall og kulturelle skatter, finner du her alt du trenger for \u00e5 f\u00e5 mest mulig ut av reisen. Finn inspirasjon for alle \u00e5rstider, og start planlegginga i dag! Fra v\u00e5r til vinter:&hellip;<\/p>\n","protected":false},"author":1,"featured_media":893,"parent":0,"menu_order":0,"comment_status":"closed","ping_status":"closed","template":"","meta":{"_acf_changed":false,"footnotes":""},"class_list":["post-1201","page","type-page","status-publish","has-post-thumbnail","hentry"],"acf":[],"_links":{"self":[{"href":"https:\/\/www.bookhardanger.com\/no\/wp-json\/wp\/v2\/pages\/1201","targetHints":{"allow":["GET"]}}],"collection":[{"href":"https:\/\/www.bookhardanger.com\/no\/wp-json\/wp\/v2\/pages"}],"about":[{"href":"https:\/\/www.bookhardanger.com\/no\/wp-json\/wp\/v2\/types\/page"}],"author":[{"embeddable":true,"href":"https:\/\/www.bookhardanger.com\/no\/wp-json\/wp\/v2\/users\/1"}],"replies":[{"embeddable":true,"href":"https:\/\/www.bookhardanger.com\/no\/wp-json\/wp\/v2\/comments?post=1201"}],"version-history":[{"count":4,"href":"https:\/\/www.bookhardanger.com\/no\/wp-json\/wp\/v2\/pages\/1201\/revisions"}],"predecessor-version":[{"id":2204,"href":"https:\/\/www.bookhardanger.com\/no\/wp-json\/wp\/v2\/pages\/1201\/revisions\/2204"}],"wp:featuredmedia":[{"embeddable":true,"href":"https:\/\/www.bookhardanger.com\/no\/wp-json\/wp\/v2\/media\/893"}],"wp:attachment":[{"href":"https:\/\/www.bookhardanger.com\/no\/wp-json\/wp\/v2\/media?parent=1201"}],"curies":[{"name":"wp","href":"https:\/\/api.w.org\/{rel}","templated":true}]}}