{"id":1209,"date":"2025-02-19T08:38:37","date_gmt":"2025-02-19T08:38:37","guid":{"rendered":"https:\/\/www.bookhardanger.com\/kundeservice\/"},"modified":"2026-03-09T12:06:35","modified_gmt":"2026-03-09T12:06:35","slug":"kundeservice","status":"publish","type":"page","link":"https:\/\/www.bookhardanger.com\/no\/kundeservice\/","title":{"rendered":"Kundeservice"},"content":{"rendered":"\n<h2 class=\"wp-block-heading\">Kontakt oss:<\/h2>\n\n<p>Mandag &#8211; fredag: 09.00 &#8211; 15.00<br\/>E-post: <a href=\"mailto:reservation@bookhardanger.com\" target=\"_blank\" rel=\"noreferrer noopener\">reservation@bookhardanger.com<\/a> <br\/>Telefon: +47 909 62 700<\/p>\n\n<hr class=\"wp-block-separator has-alpha-channel-opacity is-style-wide\"\/>\n\n<h2 class=\"wp-block-heading\">Ofte stilte sp\u00f8rsm\u00e5l:<\/h2>\n\n<p>Her finner du svar p\u00e5 vanlige sp\u00f8rsm\u00e5l. Hvis du fortsatt lurer p\u00e5 noe eller trenger hjelp, ikke n\u00f8l med \u00e5 ta kontakt med oss!<\/p>\n\n<h4 class=\"wp-block-heading\">Er turene og aktivitetene guidet?<\/h4>\n\n<p>De fleste pakkene er ikke guidet, men noen aktiviteter har guide. Sjekk produkt- eller pakkebeskrivelsen for detaljert informasjon om guiding, inkludert spr\u00e5k.<\/p>\n\n<h4 class=\"wp-block-heading\">Hvilke aldersgrupper og priser gjelder?<\/h4>\n\n<p>Aldersgrupper og minimumsalder varierer fra produkt til produkt. Se produkt- eller pakkebeskrivelsen for detaljer. N\u00e5r du bestiller billetter, vil eventuelle prisforskjeller mellom aldersgrupper vises n\u00e5r du velger deltakere i bestillingsprosessen.<\/p>\n\n<h4 class=\"wp-block-heading\">M\u00e5 jeg bestille p\u00e5 forh\u00e5nd?<\/h4>\n\n<p>Vi anbefaler \u00e5 bestille turen s\u00e5 snart du har bestemt reisedatoen, da enkelte produkter og pakker kan bli utsolgt, spesielt i h\u00f8ysesongen.<\/p>\n\n<h4 class=\"wp-block-heading\">Er turene og aktivitetene tilrettelagt for rullestolbrukere?<\/h4>\n\n<p>Det vil v\u00e6re avhengig av produktet eller pakken du velger. Sjekk hvert produkt eller pakke beskrivelser for mer informasjon.<\/p>\n\n<h4 class=\"wp-block-heading\"><\/h4>\n\n<p><\/p>\n\n<h4 class=\"wp-block-heading\">Kan jeg reise med hunden min?<\/h4>\n\n<p>Det vil v\u00e6re avhengig av produktet eller pakken du velger. Sjekk hvert produkt eller pakke beskrivelser for mer informasjon.<\/p>\n\n<h4 class=\"wp-block-heading\">Kan jeg avbestille turen min?<\/h4>\n\n<p>Det er mulig \u00e5 avbestille turen din. Sjekk v\u00e5re bookingvilk\u00e5r og betingelser <a href=\"https:\/\/www.bookhardanger.com\/no\/bookingvilkar-og-betingelser\/\">her<\/a>.<\/p>\n\n<p>Vi tilbyr ikke kanselleringsbeskyttelse, og anbefaler \u00e5 kj\u00f8pe privat reiseforsikring som dekker potensielle kanselleringer. <\/p>\n\n<h4 class=\"wp-block-heading\">Hvordan kan jeg endre eller kansellere turen min?<\/h4>\n\n<p>Vennligst ta kontakt pr e-post: <a href=\"mailto:reservation@bookhardanger.com\" target=\"_blank\" rel=\"noreferrer noopener\">reservation@bookhardanger.com<\/a>.<\/p>\n\n<p><\/p>\n","protected":false},"excerpt":{"rendered":"<p>Kontakt oss: Mandag &#8211; fredag: 09.00 &#8211; 15.00E-post: reservation@bookhardanger.com Telefon: +47 909 62 700 Ofte stilte sp\u00f8rsm\u00e5l: Her finner du svar p\u00e5 vanlige sp\u00f8rsm\u00e5l. Hvis du fortsatt lurer p\u00e5 noe eller trenger hjelp, ikke n\u00f8l med \u00e5 ta kontakt med oss! Er turene og aktivitetene guidet? De fleste pakkene er ikke guidet, men noen aktiviteter&hellip;<\/p>\n","protected":false},"author":1,"featured_media":832,"parent":0,"menu_order":0,"comment_status":"closed","ping_status":"closed","template":"","meta":{"_acf_changed":false,"footnotes":""},"class_list":["post-1209","page","type-page","status-publish","has-post-thumbnail","hentry"],"acf":[],"_links":{"self":[{"href":"https:\/\/www.bookhardanger.com\/no\/wp-json\/wp\/v2\/pages\/1209","targetHints":{"allow":["GET"]}}],"collection":[{"href":"https:\/\/www.bookhardanger.com\/no\/wp-json\/wp\/v2\/pages"}],"about":[{"href":"https:\/\/www.bookhardanger.com\/no\/wp-json\/wp\/v2\/types\/page"}],"author":[{"embeddable":true,"href":"https:\/\/www.bookhardanger.com\/no\/wp-json\/wp\/v2\/users\/1"}],"replies":[{"embeddable":true,"href":"https:\/\/www.bookhardanger.com\/no\/wp-json\/wp\/v2\/comments?post=1209"}],"version-history":[{"count":12,"href":"https:\/\/www.bookhardanger.com\/no\/wp-json\/wp\/v2\/pages\/1209\/revisions"}],"predecessor-version":[{"id":3001,"href":"https:\/\/www.bookhardanger.com\/no\/wp-json\/wp\/v2\/pages\/1209\/revisions\/3001"}],"wp:featuredmedia":[{"embeddable":true,"href":"https:\/\/www.bookhardanger.com\/no\/wp-json\/wp\/v2\/media\/832"}],"wp:attachment":[{"href":"https:\/\/www.bookhardanger.com\/no\/wp-json\/wp\/v2\/media?parent=1209"}],"curies":[{"name":"wp","href":"https:\/\/api.w.org\/{rel}","templated":true}]}}