{"id":1224,"date":"2025-02-19T09:00:21","date_gmt":"2025-02-19T09:00:21","guid":{"rendered":"https:\/\/www.bookhardanger.com\/baerekraft\/"},"modified":"2025-03-11T12:24:28","modified_gmt":"2025-03-11T12:24:28","slug":"barekraft","status":"publish","type":"page","link":"https:\/\/www.bookhardanger.com\/no\/barekraft\/","title":{"rendered":"B\u00e6rekraft"},"content":{"rendered":"\n<p class=\"has-text-align-left\">Hos Book Hardanger mener vi at v\u00e5rt arbeid kan ha stor innvirkning p\u00e5 b\u00e5de planetens fremtid og lokalsamfunnene vi opererer i.<\/p>\n\n\n\n<p>Derfor er b\u00e6rekraft en integrert del av v\u00e5r daglige drift. Vi leter kontinuerlig etter nye m\u00e5ter \u00e5 minimere v\u00e5r negative p\u00e5virkning og maksimere den positive effekten p\u00e5 milj\u00f8et, den lokale kulturen og \u00f8konomien.<\/p>\n\n\n\n<h2 class=\"wp-block-heading\">Milj\u00f8messig, \u00f8konomisk og sosial b\u00e6rekraft<\/h2>\n\n\n\n<p>Sammen med v\u00e5re samarbeidspartnere og produktleverand\u00f8rer kartlegger vi hvordan de jobber med b\u00e6rekraft, for \u00e5 f\u00e5 en helhetlig forst\u00e5else av v\u00e5r felles p\u00e5virkning p\u00e5 milj\u00f8et.<\/p>\n\n\n\n<p>N\u00e5r det gjelder sosial b\u00e6rekraft, \u00f8nsker vi \u00e5 bidra til at Hardanger utvikles som en hel\u00e5rsdestinasjon. Vi jobber for stabile arbeidsforhold, b\u00e5de i v\u00e5r egen virksomhet og hos v\u00e5re samarbeidspartnere. I tillegg \u00f8nsker vi \u00e5 gj\u00f8re Hardanger til en mest mulig universelt utformet og tilgjengelig destinasjon.<\/p>\n\n\n\n<p>\u00d8konomisk sett jobber vi for at Hardanger skal bli en hel\u00e5rsdestinasjon som gir stabile inntekter til regionens reiselivsn\u00e6ring. I tillegg blir all fortjeneste fra Book Hardanger reinvestert i reiselivet i regionen, for \u00e5 heve kvaliteten p\u00e5 opplevelsene vi tilbyr v\u00e5re gjester.<\/p>\n","protected":false},"excerpt":{"rendered":"<p>Hos Book Hardanger mener vi at v\u00e5rt arbeid kan ha stor innvirkning p\u00e5 b\u00e5de planetens fremtid og lokalsamfunnene vi opererer i. Derfor er b\u00e6rekraft en integrert del av v\u00e5r daglige drift. Vi leter kontinuerlig etter nye m\u00e5ter \u00e5 minimere v\u00e5r negative p\u00e5virkning og maksimere den positive effekten p\u00e5 milj\u00f8et, den lokale kulturen og \u00f8konomien. Milj\u00f8messig,&hellip;<\/p>\n","protected":false},"author":1,"featured_media":830,"parent":0,"menu_order":0,"comment_status":"closed","ping_status":"closed","template":"","meta":{"_acf_changed":false,"footnotes":""},"class_list":["post-1224","page","type-page","status-publish","has-post-thumbnail","hentry"],"acf":[],"_links":{"self":[{"href":"https:\/\/www.bookhardanger.com\/no\/wp-json\/wp\/v2\/pages\/1224","targetHints":{"allow":["GET"]}}],"collection":[{"href":"https:\/\/www.bookhardanger.com\/no\/wp-json\/wp\/v2\/pages"}],"about":[{"href":"https:\/\/www.bookhardanger.com\/no\/wp-json\/wp\/v2\/types\/page"}],"author":[{"embeddable":true,"href":"https:\/\/www.bookhardanger.com\/no\/wp-json\/wp\/v2\/users\/1"}],"replies":[{"embeddable":true,"href":"https:\/\/www.bookhardanger.com\/no\/wp-json\/wp\/v2\/comments?post=1224"}],"version-history":[{"count":2,"href":"https:\/\/www.bookhardanger.com\/no\/wp-json\/wp\/v2\/pages\/1224\/revisions"}],"predecessor-version":[{"id":1226,"href":"https:\/\/www.bookhardanger.com\/no\/wp-json\/wp\/v2\/pages\/1224\/revisions\/1226"}],"wp:featuredmedia":[{"embeddable":true,"href":"https:\/\/www.bookhardanger.com\/no\/wp-json\/wp\/v2\/media\/830"}],"wp:attachment":[{"href":"https:\/\/www.bookhardanger.com\/no\/wp-json\/wp\/v2\/media?parent=1224"}],"curies":[{"name":"wp","href":"https:\/\/api.w.org\/{rel}","templated":true}]}}