{"id":1227,"date":"2025-02-19T08:57:35","date_gmt":"2025-02-19T08:57:35","guid":{"rendered":"https:\/\/www.bookhardanger.com\/turoperatorer\/"},"modified":"2026-03-17T10:33:41","modified_gmt":"2026-03-17T10:33:41","slug":"turoperatorer","status":"publish","type":"page","link":"https:\/\/www.bookhardanger.com\/no\/turoperatorer\/","title":{"rendered":"Turoperat\u00f8rer"},"content":{"rendered":"\n<p>Book Hardanger tilbyr en one-stop-shop-l\u00f8sning for agenter og turoperat\u00f8rer som \u00f8nsker \u00e5 bestille aktiviteter, attraksjoner, transport, overnatting og enkle pakker p\u00e5 tvers av hele Hardanger-regionen.<\/p>\n\n<h2 class=\"wp-block-heading\"><strong>Agentportal<\/strong><\/h2>\n\n<p>Produkter og pakker fra Book Hardanger er tilgjengelige gjennom v\u00e5rt brukervennlige agentbestillingssystem. Med et enkelt klikk kan du kombinere alle produktene du trenger for \u00e5 skape en uforglemmelig reise for kundene dine i Hardanger. Agentportalen er tilgjengelig via din Citybreak-salgsagent.<\/p>\n\n<h2 class=\"wp-block-heading\"><strong>Produktmanual<\/strong><\/h2>\n\n<p><a href=\"https:\/\/www.bookhardanger.com\/wp-content\/uploads\/2025\/03\/Book-Hardanger-produktmanual-2026.pdf\" target=\"_blank\" rel=\"noreferrer noopener\" data-type=\"attachment\" data-id=\"1713\">Klikk her for \u00e5 bla gjennom produktmanualen v\u00e5r for 2026.<\/a><\/p>\n\n<h2 class=\"wp-block-heading\"><strong>Bilder<\/strong><\/h2>\n\n<p><br\/><br\/>Vi har gratis bilder til markedsf\u00f8ring av v\u00e5re produkter. <a href=\"https:\/\/www.flickr.com\/photos\/bookhardanger\/albums\" target=\"_blank\" rel=\"noopener\"><strong>Se v\u00e5r Flickr side.<\/strong><\/a><\/p>\n\n<h2 class=\"wp-block-heading\"><strong>Kontakt oss<\/strong><\/h2>\n\n<p>Har du ikke tilgang til agentportalen, men \u00f8nsker \u00e5 samarbeide med oss? Ta kontakt med v\u00e5rt team p\u00e5\u00a0<strong><a href=\"mailto:sales@bookhardanger.com\">sales@bookhardanger.com<\/a><\/strong>\u00a0for \u00e5 inng\u00e5 en agentavtale. N\u00e5r avtalen er p\u00e5 plass, oppretter vi din konto.<\/p>\n\n<p>Dersom du trenger bilder eller videoer for \u00e5 markedsf\u00f8re produktene som selges via Book Hardanger, er du velkommen til \u00e5 kontakte oss p\u00e5\u00a0 <a href=\"mailto:ceo@bookhardanger.com\" target=\"_blank\" rel=\"noreferrer noopener\"><strong>ceo@bookhardanger.com<\/strong><\/a>. Vi hjelper deg gjerne med markedsf\u00f8ringsmateriell.<\/p>\n\n<h2 class=\"wp-block-heading\">Meld deg p\u00e5 nyhetsbrevet v\u00e5rt for bedrifter<\/h2>\n\n<p>Hold deg oppdatert! F\u00e5 siste nytt om produkter, endringer, arrangementer og mye mer \u2013 rett i innboksen din.<\/p>\n\n<script charset=\"utf-8\" type=\"text\/javascript\" src=\"\/\/js.hsforms.net\/forms\/embed\/v2.js\"><\/script>\r\n<script>\r\n  hbspt.forms.create({\r\n    portalId: \"49305366\",\r\n    formId: \"20472e06-b856-4319-95bc-72479b7dd478\",\r\n    region: \"na1\"\r\n  });\r\n<\/script>\r\n","protected":false},"excerpt":{"rendered":"<p>Book Hardanger tilbyr en one-stop-shop-l\u00f8sning for agenter og turoperat\u00f8rer som \u00f8nsker \u00e5 bestille aktiviteter, attraksjoner, transport, overnatting og enkle pakker p\u00e5 tvers av hele Hardanger-regionen. Agentportal Produkter og pakker fra Book Hardanger er tilgjengelige gjennom v\u00e5rt brukervennlige agentbestillingssystem. Med et enkelt klikk kan du kombinere alle produktene du trenger for \u00e5 skape en uforglemmelig reise&hellip;<\/p>\n","protected":false},"author":1,"featured_media":834,"parent":0,"menu_order":0,"comment_status":"closed","ping_status":"closed","template":"","meta":{"_acf_changed":false,"footnotes":""},"class_list":["post-1227","page","type-page","status-publish","has-post-thumbnail","hentry"],"acf":[],"_links":{"self":[{"href":"https:\/\/www.bookhardanger.com\/no\/wp-json\/wp\/v2\/pages\/1227","targetHints":{"allow":["GET"]}}],"collection":[{"href":"https:\/\/www.bookhardanger.com\/no\/wp-json\/wp\/v2\/pages"}],"about":[{"href":"https:\/\/www.bookhardanger.com\/no\/wp-json\/wp\/v2\/types\/page"}],"author":[{"embeddable":true,"href":"https:\/\/www.bookhardanger.com\/no\/wp-json\/wp\/v2\/users\/1"}],"replies":[{"embeddable":true,"href":"https:\/\/www.bookhardanger.com\/no\/wp-json\/wp\/v2\/comments?post=1227"}],"version-history":[{"count":11,"href":"https:\/\/www.bookhardanger.com\/no\/wp-json\/wp\/v2\/pages\/1227\/revisions"}],"predecessor-version":[{"id":3058,"href":"https:\/\/www.bookhardanger.com\/no\/wp-json\/wp\/v2\/pages\/1227\/revisions\/3058"}],"wp:featuredmedia":[{"embeddable":true,"href":"https:\/\/www.bookhardanger.com\/no\/wp-json\/wp\/v2\/media\/834"}],"wp:attachment":[{"href":"https:\/\/www.bookhardanger.com\/no\/wp-json\/wp\/v2\/media?parent=1227"}],"curies":[{"name":"wp","href":"https:\/\/api.w.org\/{rel}","templated":true}]}}