{"id":973,"date":"2025-02-19T08:53:25","date_gmt":"2025-02-19T08:53:25","guid":{"rendered":"https:\/\/www.bookhardanger.com\/om-book-hardanger\/"},"modified":"2026-03-09T11:29:03","modified_gmt":"2026-03-09T11:29:03","slug":"om-oss","status":"publish","type":"page","link":"https:\/\/www.bookhardanger.com\/no\/om-oss\/","title":{"rendered":"Om Book Hardanger"},"content":{"rendered":"\n<p><strong>Book Hardanger ble etablert i 2022 med m\u00e5l om \u00e5 styrke den lokale reiselivsn\u00e6ringen i Hardangerregionen.<\/strong><\/p>\n\n<p>Selskapet arbeider med \u00e5 utvikle, samle og distribuere reiselivsprodukter i omr\u00e5det. Gjennom kreative initiativer, nye produkter og pakkel\u00f8sninger \u00f8nsker vi \u00e5 bidra til \u00e5 videreutvikle Hardanger som et b\u00e6rekraftig reisem\u00e5l.<\/p>\n\n<p>M\u00e5let er \u00e5 gj\u00f8re lokale aktiviteter, overnatting, transport og opplevelser lettere tilgjengelig for kundene \u2013 b\u00e5de for deg som individuell reisende og for turoperat\u00f8rer. Gjennom Book Hardanger skal det bli enklere \u00e5 finne, utforske og bestille spektakul\u00e6re opplevelser i Hardanger.<\/p>\n\n<h2 class=\"wp-block-heading\">Book Hardanger teamet<\/h2>\n\n<p><strong>Linda L\u00f8vfall<\/strong><br\/>CEO<br\/><a href=\"mailto:linda.lovfall@bookhardanger.com\" target=\"_blank\" rel=\"noreferrer noopener\">linda.lovfall@bookhardanger.com<\/a><\/p>\n\n<p><strong>Ewa Serwicka<\/strong><br\/>Product &amp; Quality Manager<br\/><a href=\"mailto:ewa.serwicka@bookhardanger.com\" target=\"_blank\" rel=\"noreferrer noopener\">ewa.serwicka@bookhardanger.com<\/a><\/p>\n\n<p><strong>Eilin Meling<\/strong><br\/>Operation Manager<br\/><a href=\"mailto:eilin.meling@bookhardanger.com\" target=\"_blank\" rel=\"noreferrer noopener\">eilin.meling@bookhardanger.com<\/a><\/p>\n","protected":false},"excerpt":{"rendered":"<p>Book Hardanger ble etablert i 2022 med m\u00e5l om \u00e5 styrke den lokale reiselivsn\u00e6ringen i Hardangerregionen. Selskapet arbeider med \u00e5 utvikle, samle og distribuere reiselivsprodukter i omr\u00e5det. Gjennom kreative initiativer, nye produkter og pakkel\u00f8sninger \u00f8nsker vi \u00e5 bidra til \u00e5 videreutvikle Hardanger som et b\u00e6rekraftig reisem\u00e5l. M\u00e5let er \u00e5 gj\u00f8re lokale aktiviteter, overnatting, transport og&hellip;<\/p>\n","protected":false},"author":1,"featured_media":833,"parent":0,"menu_order":0,"comment_status":"closed","ping_status":"closed","template":"","meta":{"_acf_changed":false,"footnotes":""},"class_list":["post-973","page","type-page","status-publish","has-post-thumbnail","hentry"],"acf":[],"_links":{"self":[{"href":"https:\/\/www.bookhardanger.com\/no\/wp-json\/wp\/v2\/pages\/973","targetHints":{"allow":["GET"]}}],"collection":[{"href":"https:\/\/www.bookhardanger.com\/no\/wp-json\/wp\/v2\/pages"}],"about":[{"href":"https:\/\/www.bookhardanger.com\/no\/wp-json\/wp\/v2\/types\/page"}],"author":[{"embeddable":true,"href":"https:\/\/www.bookhardanger.com\/no\/wp-json\/wp\/v2\/users\/1"}],"replies":[{"embeddable":true,"href":"https:\/\/www.bookhardanger.com\/no\/wp-json\/wp\/v2\/comments?post=973"}],"version-history":[{"count":2,"href":"https:\/\/www.bookhardanger.com\/no\/wp-json\/wp\/v2\/pages\/973\/revisions"}],"predecessor-version":[{"id":2973,"href":"https:\/\/www.bookhardanger.com\/no\/wp-json\/wp\/v2\/pages\/973\/revisions\/2973"}],"wp:featuredmedia":[{"embeddable":true,"href":"https:\/\/www.bookhardanger.com\/no\/wp-json\/wp\/v2\/media\/833"}],"wp:attachment":[{"href":"https:\/\/www.bookhardanger.com\/no\/wp-json\/wp\/v2\/media?parent=973"}],"curies":[{"name":"wp","href":"https:\/\/api.w.org\/{rel}","templated":true}]}}