{"id":983,"date":"2025-01-16T13:38:47","date_gmt":"2025-01-16T13:38:47","guid":{"rendered":"https:\/\/www.bookhardanger.com\/steder-a-besoke\/"},"modified":"2025-03-10T18:27:56","modified_gmt":"2025-03-10T18:27:56","slug":"steder-a-besoke","status":"publish","type":"page","link":"https:\/\/www.bookhardanger.com\/no\/steder-a-besoke\/","title":{"rendered":"Steder \u00e5 bes\u00f8ke"},"content":{"rendered":"\n\n<h1>\n\t\tSteder \u00e5 dra til i Hardanger\n\t<\/h1>\n\t<p>Hardangerregionen er full av sjarmerende steder. Og selv om vi mener at alle fortjener et bes\u00f8k, har vi forst\u00e5else for at du kanskje ikke har tid til \u00e5 stikke innom dem alle.   <\/p>\n<p>Les mer om de forskjellige stedene du kan bes\u00f8ke i Hardanger nedenfor, og finn din favoritt!<\/p>\n\t\t<a href=\"https:\/\/www.bookhardanger.com\/no\/steder-a-besoke\/aga-na\/\" target=\"_self\">\n\t\t\t\t\t\t\t\t\t<img decoding=\"async\" src=\"https:\/\/www.bookhardanger.com\/wp-content\/uploads\/2025\/02\/Agatunet-I-Foto-Matt-Coch-4367226-Foto_Matt_Coch_1080-768x512.jpg\" alt=\"Aga &amp; N\u00e5\"\/>\n\t\t\t\t\t\t\t\t\t\t\t<h3>\n\t\t\t\t\t\t\tAga &amp; N\u00e5\t\t\t\t\t\t<\/h3>\n\t\t<\/a>\n\t\t<a href=\"https:\/\/www.bookhardanger.com\/no\/steder-a-besoke\/eidfjord\/\" target=\"_self\">\n\t\t\t\t\t\t\t\t\t<img decoding=\"async\" src=\"https:\/\/www.bookhardanger.com\/wp-content\/uploads\/2025\/02\/Eidfjord_Anne-Hirth_03-768x432.jpg\" alt=\"Eidfjord\"\/>\n\t\t\t\t\t\t\t\t\t\t\t<h3>\n\t\t\t\t\t\t\tEidfjord\t\t\t\t\t\t<\/h3>\n\t\t<\/a>\n\t\t<a href=\"https:\/\/www.bookhardanger.com\/no\/steder-a-besoke\/granvin-voss\/\" target=\"_self\">\n\t\t\t\t\t\t\t\t\t<img decoding=\"async\" src=\"https:\/\/www.bookhardanger.com\/wp-content\/uploads\/2025\/02\/Hardangerfjord-Adventure_Granvinsfjorden_07-768x512.jpg\" alt=\"Granvin &amp; Voss\"\/>\n\t\t\t\t\t\t\t\t\t\t\t<h3>\n\t\t\t\t\t\t\tGranvin &amp; Voss\t\t\t\t\t\t<\/h3>\n\t\t<\/a>\n\t\t<a href=\"https:\/\/www.bookhardanger.com\/no\/steder-a-besoke\/jondal\/\" target=\"_self\">\n\t\t\t\t\t\t\t\t\t<img decoding=\"async\" src=\"https:\/\/www.bookhardanger.com\/wp-content\/uploads\/2025\/02\/Folgefonni-Breforarlag_Eksponert-Media-_10-768x432.jpg\" alt=\"Jondal\"\/>\n\t\t\t\t\t\t\t\t\t\t\t<h3>\n\t\t\t\t\t\t\tJondal\t\t\t\t\t\t<\/h3>\n\t\t<\/a>\n\t\t<a href=\"https:\/\/www.bookhardanger.com\/no\/steder-a-besoke\/kinsarvik-lofthus\/\" target=\"_self\">\n\t\t\t\t\t\t\t\t\t<img decoding=\"async\" src=\"https:\/\/www.bookhardanger.com\/wp-content\/uploads\/2025\/02\/Haust_pa_Lofthus_Foto_Morten_Knudsen-2-768x503.jpg\" alt=\"Lofthus &amp; Kinsarvik\"\/>\n\t\t\t\t\t\t\t\t\t\t\t<h3>\n\t\t\t\t\t\t\tLofthus &amp; Kinsarvik\t\t\t\t\t\t<\/h3>\n\t\t<\/a>\n\t\t<a href=\"https:\/\/www.bookhardanger.com\/no\/steder-a-besoke\/odda-tyssedal\/\" target=\"_self\">\n\t\t\t\t\t\t\t\t\t<img decoding=\"async\" src=\"https:\/\/www.bookhardanger.com\/wp-content\/uploads\/2025\/02\/Trolltunga_Trolltunga-Active_02-768x512.jpg\" alt=\"Odda &amp; Tyssedal\"\/>\n\t\t\t\t\t\t\t\t\t\t\t<h3>\n\t\t\t\t\t\t\tOdda &amp; Tyssedal\t\t\t\t\t\t<\/h3>\n\t\t<\/a>\n\t\t<a href=\"https:\/\/www.bookhardanger.com\/no\/steder-a-besoke\/oystese-norheimsund\/\" target=\"_self\">\n\t\t\t\t\t\t\t\t\t<img decoding=\"async\" src=\"https:\/\/www.bookhardanger.com\/wp-content\/uploads\/2025\/02\/Fjordsafari_Hardangerfjord-Adventure_Ruben-Soltvedt-1-768x512.jpg\" alt=\"\u00d8ystese &amp; Norheimsund\"\/>\n\t\t\t\t\t\t\t\t\t\t\t<h3>\n\t\t\t\t\t\t\t\u00d8ystese &amp; Norheimsund\t\t\t\t\t\t<\/h3>\n\t\t<\/a>\n\t\t<a href=\"https:\/\/www.bookhardanger.com\/no\/steder-a-besoke\/rosendal\/\" target=\"_self\">\n\t\t\t\t\t\t\t\t\t<img decoding=\"async\" src=\"https:\/\/www.bookhardanger.com\/wp-content\/uploads\/2025\/02\/Baroniet-i-Rosendal_Visit-Hardangerfjord_Yrjan-Olsnes_01-768x512.jpg\" alt=\"Rosendal\"\/>\n\t\t\t\t\t\t\t\t\t\t\t<h3>\n\t\t\t\t\t\t\tRosendal\t\t\t\t\t\t<\/h3>\n\t\t<\/a>\n\t\t<a href=\"https:\/\/www.bookhardanger.com\/no\/steder-a-besoke\/ulvik\/\" target=\"_self\">\n\t\t\t\t\t\t\t\t\t<img decoding=\"async\" src=\"https:\/\/www.bookhardanger.com\/wp-content\/uploads\/2025\/01\/Syse-gard-i-Ulvik-Foto-Reinhold-Kager-4540316-Foto_Reinhold_Kager-768x512.jpg\" alt=\"Ulvik\"\/>\n\t\t\t\t\t\t\t\t\t\t\t<h3>\n\t\t\t\t\t\t\tUlvik\t\t\t\t\t\t<\/h3>\n\t\t<\/a>\n\t\t\t\t<img loading=\"lazy\" decoding=\"async\" src=\"https:\/\/www.bookhardanger.com\/wp-content\/uploads\/2025\/02\/Hordaland-16-9-1536x864.jpg\" alt=\"Hordaland-16-9\" itemprop=\"image\" height=\"864\" width=\"1536\" title=\"Hordaland-16-9\" onerror=\"this.style.display='none'\"  \/>\n<h2>\n\t\tUtforsk aktiviteter etter sted\n\t<\/h2>\n\t\tAlle steder\n\t<ul>\n\t\t<li data-filter=\"*\" tabindex=\"0\" aria-label=\"Alle steder\">Alle steder<\/li><li data-filter=\".location-aga-na\" data-term=\"aga-na\" data-item-count=\"2\" tabindex=\"0\" aria-label=\"Aga &amp; N\u00e5\">Aga &amp; N\u00e5<\/li><li data-filter=\".location-eidfjord\" data-term=\"eidfjord\" data-item-count=\"17\" tabindex=\"0\" aria-label=\"Eidfjord\">Eidfjord<\/li><li data-filter=\".location-granvin-voss\" data-term=\"granvin-voss\" data-item-count=\"3\" tabindex=\"0\" aria-label=\"Granvin &amp; Voss\">Granvin &amp; Voss<\/li><li data-filter=\".location-jondal\" data-term=\"jondal\" data-item-count=\"6\" tabindex=\"0\" aria-label=\"Jondal\">Jondal<\/li><li data-filter=\".location-kinsarvik-lofthus\" data-term=\"kinsarvik-lofthus\" data-item-count=\"3\" tabindex=\"0\" aria-label=\"Lofthus &amp; Kinsarvik\">Lofthus &amp; Kinsarvik<\/li><li data-filter=\".location-odda-tyssedal\" data-term=\"odda-tyssedal\" data-item-count=\"1\" tabindex=\"0\" aria-label=\"Odda &amp; Tyssedal\">Odda &amp; Tyssedal<\/li><li data-filter=\".location-oystese-norheimsund\" data-term=\"oystese-norheimsund\" data-item-count=\"10\" tabindex=\"0\" aria-label=\"\u00d8ystese &amp; Norheimsund\">\u00d8ystese &amp; Norheimsund<\/li><li data-filter=\".location-rosendal\" data-term=\"rosendal\" data-item-count=\"2\" tabindex=\"0\" aria-label=\"Rosendal\">Rosendal<\/li><li data-filter=\".location-ulvik\" data-term=\"ulvik\" data-item-count=\"11\" tabindex=\"0\" aria-label=\"Ulvik\">Ulvik<\/li>\t<\/ul>\n\t<meta itemscope itemprop=\"mainEntityOfPage\" itemtype=\"https:\/\/schema.org\/WebPage\" itemid=\"http:\/\/1001\" content=\"30-minutters RIB-tur fra Eidfjord\" \/><meta itemprop=\"datePublished\" content=\"2025-03-03\" \/><meta itemprop=\"dateModified\" content=\"2025-03-07\" \/><meta itemprop=\"name\" content=\"Book Hardanger\"\/><meta itemprop=\"url\" content=\"https:\/\/www.bookhardanger.com\/no\/author\/anne\/\" \/><meta itemprop=\"name\" content=\"anne\" \/><meta itemprop=\"url\" content=\"https:\/\/www.bookhardanger.com\/wp-content\/uploads\/2025\/03\/Hardanger-Fjordsafari_Ewa-Serwicka_01.jpg\" \/><meta itemprop=\"width\" content=\"2048\" \/><meta itemprop=\"height\" content=\"1152\" \/><meta itemprop=\"interactionType\" content=\"https:\/\/schema.org\/CommentAction\" \/><meta itemprop=\"userInteractionCount\" content=\"0\" \/>\n\t\t\t\t\t<a href=\"https:\/\/www.bookhardanger.com\/no\/produkter\/30-minutters-ribtur-fra-eidfjord\/\" title=\"30-minutters RIB-tur fra Eidfjord\"><\/a>\n\t\t\t\t<img loading=\"lazy\" decoding=\"async\" src=\"https:\/\/www.bookhardanger.com\/wp-content\/uploads\/bb-plugin\/cache\/Hardanger-Fjordsafari_Ewa-Serwicka_01-1024x576-panorama-74087c30cfa30c469b921c34087b449a-.jpg\" alt=\"A group of people in yellow floatation suits seen from the back sitting on a RIB boat and looking at the fjord.\" itemprop=\"image\" data-no-lazy=\"1\" height=\"576\" width=\"1024\" title=\"Hardanger Fjordsafari_Ewa Serwicka_01\" onerror=\"this.style.display='none'\"  \/>\n\t\t\t\t\t\t\t\t\t<h3 itemprop=\"headline\">\n\t\t\t\t\t\t\t\t\t\t\t\t\t\t30-minutters RIB-tur fra Eidfjord\t\t\t\t\t\t\t\t\t\t\t<\/h3>\n    <p>F\u00e5 et adrenalinkick i det spektakul\u00e6re landskapet rundt Eidfjord!<\/p>\n            \n\t<meta itemscope itemprop=\"mainEntityOfPage\" itemtype=\"https:\/\/schema.org\/WebPage\" itemid=\"http:\/\/1103\" content=\"Hardangerfjord RIB-tur fra Voss\" \/><meta itemprop=\"datePublished\" content=\"2025-03-01\" \/><meta itemprop=\"dateModified\" content=\"2025-03-07\" \/><meta itemprop=\"name\" content=\"Book Hardanger\"\/><meta itemprop=\"url\" content=\"https:\/\/www.bookhardanger.com\/no\/author\/anne\/\" \/><meta itemprop=\"name\" content=\"anne\" \/><meta itemprop=\"url\" content=\"https:\/\/www.bookhardanger.com\/wp-content\/uploads\/2025\/03\/Ulvik_RIB_Hardangerfjord-Adventure_07.jpg\" \/><meta itemprop=\"width\" content=\"2048\" \/><meta itemprop=\"height\" content=\"1366\" \/><meta itemprop=\"interactionType\" content=\"https:\/\/schema.org\/CommentAction\" \/><meta itemprop=\"userInteractionCount\" content=\"0\" \/>\n\t\t\t\t\t<a href=\"https:\/\/www.bookhardanger.com\/no\/produkter\/hardangerfjord-rib-tur-fra-voss\/\" title=\"Hardangerfjord RIB-tur fra Voss\"><\/a>\n\t\t\t\t<img loading=\"lazy\" decoding=\"async\" src=\"https:\/\/www.bookhardanger.com\/wp-content\/uploads\/bb-plugin\/cache\/Ulvik_RIB_Hardangerfjord-Adventure_07-1024x683-panorama-064e38081693d7c44ae2bb115e8f6a6a-.jpg\" alt=\"RIB boat with three people in floatation suits approaching shore with a large white hotel.\" itemprop=\"image\" data-no-lazy=\"1\" height=\"683\" width=\"1024\" title=\"Ulvik_RIB_Hardangerfjord Adventure_07\" onerror=\"this.style.display='none'\"  \/>\n\t\t\t\t\t\t\t\t\t<h3 itemprop=\"headline\">\n\t\t\t\t\t\t\t\t\t\t\t\t\t\tHardangerfjord RIB-tur fra Voss\t\t\t\t\t\t\t\t\t\t\t<\/h3>\n    <p>Bli med p\u00e5 et fartsfylt RIB-eventyr p\u00e5 Hardangerfjorden p\u00e5 denne dagsturen fra Voss til Ulvik!<\/p>\n            \n\t<meta itemscope itemprop=\"mainEntityOfPage\" itemtype=\"https:\/\/schema.org\/WebPage\" itemid=\"http:\/\/1084\" content=\"Guidet kajakktur fra Ulvik\" \/><meta itemprop=\"datePublished\" content=\"2025-02-28\" \/><meta itemprop=\"dateModified\" content=\"2025-03-07\" \/><meta itemprop=\"name\" content=\"Book Hardanger\"\/><meta itemprop=\"url\" content=\"https:\/\/www.bookhardanger.com\/no\/author\/anne\/\" \/><meta itemprop=\"name\" content=\"anne\" \/><meta itemprop=\"url\" content=\"https:\/\/www.bookhardanger.com\/wp-content\/uploads\/2025\/02\/Ulvik_Kayaking_Angr_Photo_Jon_Hunnalvatn-Ton-08709.jpg\" \/><meta itemprop=\"width\" content=\"1900\" \/><meta itemprop=\"height\" content=\"1267\" \/><meta itemprop=\"interactionType\" content=\"https:\/\/schema.org\/CommentAction\" \/><meta itemprop=\"userInteractionCount\" content=\"0\" \/>\n\t\t\t\t\t<a href=\"https:\/\/www.bookhardanger.com\/no\/produkter\/guidet-kajakktur-fra-ulvik\/\" title=\"Guidet kajakktur fra Ulvik\"><\/a>\n\t\t\t\t<img loading=\"lazy\" decoding=\"async\" src=\"https:\/\/www.bookhardanger.com\/wp-content\/uploads\/bb-plugin\/cache\/Ulvik_Kayaking_Angr_Photo_Jon_Hunnalvatn-Ton-08709-1024x683-panorama-0ab571e360727c7bc4060770362f74a5-.jpg\" alt=\"Four people in single kayaks on the fjord seen from the back.\" itemprop=\"image\" data-no-lazy=\"1\" height=\"683\" width=\"1024\" title=\"Ulvik_Kayaking_Angr_Photo_Jon_Hunn\u00e5lvatn T\u00f8n-08709\" onerror=\"this.style.display='none'\"  \/>\n\t\t\t\t\t\t\t\t\t<h3 itemprop=\"headline\">\n\t\t\t\t\t\t\t\t\t\t\t\t\t\tGuidet kajakktur fra Ulvik\t\t\t\t\t\t\t\t\t\t\t<\/h3>\n    <p>Opplev Hardanger fra vannet &#8211; guidet kajakktur fra Brakanes Hotel i Ulvik<\/p>\n            \n\t<meta itemscope itemprop=\"mainEntityOfPage\" itemtype=\"https:\/\/schema.org\/WebPage\" itemid=\"http:\/\/1066\" content=\"Kulturvandring i Ulvik\" \/><meta itemprop=\"datePublished\" content=\"2025-02-28\" \/><meta itemprop=\"dateModified\" content=\"2025-03-07\" \/><meta itemprop=\"name\" content=\"Book Hardanger\"\/><meta itemprop=\"url\" content=\"https:\/\/www.bookhardanger.com\/no\/author\/anne\/\" \/><meta itemprop=\"name\" content=\"anne\" \/><meta itemprop=\"url\" content=\"https:\/\/www.bookhardanger.com\/wp-content\/uploads\/2025\/02\/Ulvik_Angr_01.jpg\" \/><meta itemprop=\"width\" content=\"727\" \/><meta itemprop=\"height\" content=\"484\" \/><meta itemprop=\"interactionType\" content=\"https:\/\/schema.org\/CommentAction\" \/><meta itemprop=\"userInteractionCount\" content=\"0\" \/>\n\t\t\t\t\t<a href=\"https:\/\/www.bookhardanger.com\/no\/produkter\/kulturvandring-i-ulvik\/\" title=\"Kulturvandring i Ulvik\"><\/a>\n\t\t\t\t<img loading=\"lazy\" decoding=\"async\" src=\"https:\/\/www.bookhardanger.com\/wp-content\/uploads\/bb-plugin\/cache\/Ulvik_Angr_01-panorama-d28f167cdebcd4e12a3b5df16860d809-.jpg\" alt=\"\u00a9 Angr\" itemprop=\"image\" data-no-lazy=\"1\" height=\"484\" width=\"727\" title=\"Ulvik_Angr_01\" onerror=\"this.style.display='none'\"  \/>\n\t\t\t\t\t\t\t\t\t<h3 itemprop=\"headline\">\n\t\t\t\t\t\t\t\t\t\t\t\t\t\tKulturvandring i Ulvik\t\t\t\t\t\t\t\t\t\t\t<\/h3>\n    <p>Bli kjent med Ulvik p\u00e5 en spennende spasertur med en lokal guide!<\/p>\n            \n\t<meta itemscope itemprop=\"mainEntityOfPage\" itemtype=\"https:\/\/schema.org\/WebPage\" itemid=\"http:\/\/1125\" content=\"Overnattingstur med hundekj\u00f8ring p\u00e5 Folgefonna\" \/><meta itemprop=\"datePublished\" content=\"2025-02-28\" \/><meta itemprop=\"dateModified\" content=\"2025-03-07\" \/><meta itemprop=\"name\" content=\"Book Hardanger\"\/><meta itemprop=\"url\" content=\"https:\/\/www.bookhardanger.com\/no\/author\/anne\/\" \/><meta itemprop=\"name\" content=\"anne\" \/><meta itemprop=\"url\" content=\"https:\/\/www.bookhardanger.com\/wp-content\/uploads\/2025\/02\/37_VHF0624_Husky-Camp_Kred-Visit-Hardangerfjord-1.jpg\" \/><meta itemprop=\"width\" content=\"2048\" \/><meta itemprop=\"height\" content=\"1366\" \/><meta itemprop=\"interactionType\" content=\"https:\/\/schema.org\/CommentAction\" \/><meta itemprop=\"userInteractionCount\" content=\"0\" \/>\n\t\t\t\t\t<a href=\"https:\/\/www.bookhardanger.com\/no\/produkter\/overnattingstur-med-hundekjoring-pa-folgefonna\/\" title=\"Overnattingstur med hundekj\u00f8ring p\u00e5 Folgefonna\"><\/a>\n\t\t\t\t<img loading=\"lazy\" decoding=\"async\" src=\"https:\/\/www.bookhardanger.com\/wp-content\/uploads\/bb-plugin\/cache\/37_VHF0624_Husky-Camp_Kred-Visit-Hardangerfjord-1-1024x683-panorama-98d83ce34baac3e6d727fd94c21655ff-.jpg\" alt=\"Husky dogs pulling two sleds with two mushers.\" itemprop=\"image\" data-no-lazy=\"1\" height=\"683\" width=\"1024\" title=\"37_VHF0624_Husky Camp_Kred Visit Hardangerfjord (1)\" onerror=\"this.style.display='none'\"  \/>\n\t\t\t\t\t\t\t\t\t<h3 itemprop=\"headline\">\n\t\t\t\t\t\t\t\t\t\t\t\t\t\tOvernattingstur med hundekj\u00f8ring p\u00e5 Folgefonna\t\t\t\t\t\t\t\t\t\t\t<\/h3>\n    <p>Opplev et eventyr for livet med hundekj\u00f8ring og camping p\u00e5 Folgefonna!<\/p>\n            \n\t<meta itemscope itemprop=\"mainEntityOfPage\" itemtype=\"https:\/\/schema.org\/WebPage\" itemid=\"http:\/\/1089\" content=\"Halvdags hundekj\u00f8ring p\u00e5 Folgefonna\" \/><meta itemprop=\"datePublished\" content=\"2025-02-28\" \/><meta itemprop=\"dateModified\" content=\"2025-03-07\" \/><meta itemprop=\"name\" content=\"Book Hardanger\"\/><meta itemprop=\"url\" content=\"https:\/\/www.bookhardanger.com\/no\/author\/anne\/\" \/><meta itemprop=\"name\" content=\"anne\" \/><meta itemprop=\"url\" content=\"https:\/\/www.bookhardanger.com\/wp-content\/uploads\/2025\/02\/41_VHF0624_Husky-Camp_Kred-Visit-Hardangerfjord-1.jpg\" \/><meta itemprop=\"width\" content=\"2048\" \/><meta itemprop=\"height\" content=\"1152\" \/><meta itemprop=\"interactionType\" content=\"https:\/\/schema.org\/CommentAction\" \/><meta itemprop=\"userInteractionCount\" content=\"0\" \/>\n\t\t\t\t\t<a href=\"https:\/\/www.bookhardanger.com\/no\/produkter\/halvdags-hundekjoring-pa-folgefonna\/\" title=\"Halvdags hundekj\u00f8ring p\u00e5 Folgefonna\"><\/a>\n\t\t\t\t<img loading=\"lazy\" decoding=\"async\" src=\"https:\/\/www.bookhardanger.com\/wp-content\/uploads\/bb-plugin\/cache\/41_VHF0624_Husky-Camp_Kred-Visit-Hardangerfjord-1-1024x576-panorama-8d46e7ee39a75fb6ab5ce12a968f3b8d-.jpg\" alt=\"Dogsledding across a snowy mountain with dogs pulling a sled with wto people.\" itemprop=\"image\" data-no-lazy=\"1\" height=\"576\" width=\"1024\" title=\"41_VHF0624_Husky Camp_Kred Visit Hardangerfjord (1)\" onerror=\"this.style.display='none'\"  \/>\n\t\t\t\t\t\t\t\t\t<h3 itemprop=\"headline\">\n\t\t\t\t\t\t\t\t\t\t\t\t\t\tHalvdags hundekj\u00f8ring p\u00e5 Folgefonna\t\t\t\t\t\t\t\t\t\t\t<\/h3>\n    <p>Bestill et eventyr for livet med Moa og hennes vennlige huskyer p\u00e5 Folgefonna!<\/p>\n            \n\t<meta itemscope itemprop=\"mainEntityOfPage\" itemtype=\"https:\/\/schema.org\/WebPage\" itemid=\"http:\/\/1074\" content=\"Fjord og laks RIB-safari fra \u00d8ystese\" \/><meta itemprop=\"datePublished\" content=\"2025-02-28\" \/><meta itemprop=\"dateModified\" content=\"2025-03-07\" \/><meta itemprop=\"name\" content=\"Book Hardanger\"\/><meta itemprop=\"url\" content=\"https:\/\/www.bookhardanger.com\/no\/author\/anne\/\" \/><meta itemprop=\"name\" content=\"anne\" \/><meta itemprop=\"url\" content=\"https:\/\/www.bookhardanger.com\/wp-content\/uploads\/2025\/02\/Hardangerfjord-Adventure_RIB-Akvasenter-Fyksesundet_02.jpg\" \/><meta itemprop=\"width\" content=\"1600\" \/><meta itemprop=\"height\" content=\"1067\" \/><meta itemprop=\"interactionType\" content=\"https:\/\/schema.org\/CommentAction\" \/><meta itemprop=\"userInteractionCount\" content=\"0\" \/>\n\t\t\t\t\t<a href=\"https:\/\/www.bookhardanger.com\/no\/produkter\/fjord-og-laks-rib-safari-fra-oystese\/\" title=\"Fjord og laks RIB-safari fra \u00d8ystese\"><\/a>\n\t\t\t\t<img loading=\"lazy\" decoding=\"async\" src=\"https:\/\/www.bookhardanger.com\/wp-content\/uploads\/bb-plugin\/cache\/Hardangerfjord-Adventure_RIB-Akvasenter-Fyksesundet_02-1024x683-panorama-aaeefd114dad75431b278ed0b1b9420b-.jpg\" alt=\"RIB boat a\" itemprop=\"image\" data-no-lazy=\"1\" height=\"683\" width=\"1024\" title=\"Hardanger Akvasenter - Hardangerfjord Adventure Partnerskap\" onerror=\"this.style.display='none'\"  \/>\n\t\t\t\t\t\t\t\t\t<h3 itemprop=\"headline\">\n\t\t\t\t\t\t\t\t\t\t\t\t\t\tFjord og laks RIB-safari fra \u00d8ystese\t\t\t\t\t\t\t\t\t\t\t<\/h3>\n    <p>Kombiner en spennende RIB tur med et bes\u00f8k p\u00e5 Hardanger Akvasenter.  <\/p>\n            \n\t<meta itemscope itemprop=\"mainEntityOfPage\" itemtype=\"https:\/\/schema.org\/WebPage\" itemid=\"http:\/\/1115\" content=\"Maurangsfjord RIB safari fra Rosendal\" \/><meta itemprop=\"datePublished\" content=\"2025-02-28\" \/><meta itemprop=\"dateModified\" content=\"2025-03-07\" \/><meta itemprop=\"name\" content=\"Book Hardanger\"\/><meta itemprop=\"url\" content=\"https:\/\/www.bookhardanger.com\/no\/author\/anne\/\" \/><meta itemprop=\"name\" content=\"anne\" \/><meta itemprop=\"url\" content=\"https:\/\/www.bookhardanger.com\/wp-content\/uploads\/2025\/02\/Rosendal3_Hanne-Trettsveen.jpg\" \/><meta itemprop=\"width\" content=\"1920\" \/><meta itemprop=\"height\" content=\"1080\" \/><meta itemprop=\"interactionType\" content=\"https:\/\/schema.org\/CommentAction\" \/><meta itemprop=\"userInteractionCount\" content=\"0\" \/>\n\t\t\t\t\t<a href=\"https:\/\/www.bookhardanger.com\/no\/produkter\/maurangsfjord-rib-safari-fra-rosendal\/\" title=\"Maurangsfjord RIB safari fra Rosendal\"><\/a>\n\t\t\t\t<img loading=\"lazy\" decoding=\"async\" src=\"https:\/\/www.bookhardanger.com\/wp-content\/uploads\/bb-plugin\/cache\/Rosendal3_Hanne-Trettsveen-1024x576-panorama-4486e4e237f62198ef860387a8997622-.jpg\" alt=\"Two people in yellow floatation suits on a boat, one of whom is taking a picture with a mobile phone.\" itemprop=\"image\" data-no-lazy=\"1\" height=\"576\" width=\"1024\" title=\"Rosendal3_Hanne Trettsveen\" onerror=\"this.style.display='none'\"  \/>\n\t\t\t\t\t\t\t\t\t<h3 itemprop=\"headline\">\n\t\t\t\t\t\t\t\t\t\t\t\t\t\tMaurangsfjord RIB safari fra Rosendal\t\t\t\t\t\t\t\t\t\t\t<\/h3>\n    <p>Bli med p\u00e5 en adrenalinfylt RIB-tur til Maurangsfjorden fra Rosendal <\/p>\n            \n\t<meta itemscope itemprop=\"mainEntityOfPage\" itemtype=\"https:\/\/schema.org\/WebPage\" itemid=\"http:\/\/1137\" content=\"RIB Safari fra Lofthus\u00a0\" \/><meta itemprop=\"datePublished\" content=\"2025-02-28\" \/><meta itemprop=\"dateModified\" content=\"2025-03-07\" \/><meta itemprop=\"name\" content=\"Book Hardanger\"\/><meta itemprop=\"url\" content=\"https:\/\/www.bookhardanger.com\/no\/author\/anne\/\" \/><meta itemprop=\"name\" content=\"anne\" \/><meta itemprop=\"url\" content=\"https:\/\/www.bookhardanger.com\/wp-content\/uploads\/2025\/02\/RIB-Tour_Lofthus_Hanne-Trettsveen.jpg\" \/><meta itemprop=\"width\" content=\"1920\" \/><meta itemprop=\"height\" content=\"1080\" \/><meta itemprop=\"interactionType\" content=\"https:\/\/schema.org\/CommentAction\" \/><meta itemprop=\"userInteractionCount\" content=\"0\" \/>\n\t\t\t\t\t<a href=\"https:\/\/www.bookhardanger.com\/no\/produkter\/rib-safari-fra-lofthus\/\" title=\"RIB Safari fra Lofthus\u00a0\"><\/a>\n\t\t\t\t<img loading=\"lazy\" decoding=\"async\" src=\"https:\/\/www.bookhardanger.com\/wp-content\/uploads\/bb-plugin\/cache\/RIB-Tour_Lofthus_Hanne-Trettsveen-1024x576-panorama-d1db2fa3f949325474d95e1c7a713f04-.jpg\" alt=\"Happy people in floatation suits on a RIB boat on a fjord with Hardanger bridge in the background.\" itemprop=\"image\" data-no-lazy=\"1\" height=\"576\" width=\"1024\" title=\"RIB Tour_Lofthus_Hanne Trettsveen\" onerror=\"this.style.display='none'\"  \/>\n\t\t\t\t\t\t\t\t\t<h3 itemprop=\"headline\">\n\t\t\t\t\t\t\t\t\t\t\t\t\t\tRIB Safari fra Lofthus\u00a0\t\t\t\t\t\t\t\t\t\t\t<\/h3>\n    <p>1-times privat RIB-tur fra Lofthus <\/p>\n            \n\t<meta itemscope itemprop=\"mainEntityOfPage\" itemtype=\"https:\/\/schema.org\/WebPage\" itemid=\"http:\/\/1135\" content=\"RIB Safari fra Jondal\u00a0\" \/><meta itemprop=\"datePublished\" content=\"2025-02-28\" \/><meta itemprop=\"dateModified\" content=\"2025-03-07\" \/><meta itemprop=\"name\" content=\"Book Hardanger\"\/><meta itemprop=\"url\" content=\"https:\/\/www.bookhardanger.com\/no\/author\/anne\/\" \/><meta itemprop=\"name\" content=\"anne\" \/><meta itemprop=\"url\" content=\"https:\/\/www.bookhardanger.com\/wp-content\/uploads\/2025\/02\/RIB-from-Jondal_Hardangerfjord-Adventure-11.jpeg\" \/><meta itemprop=\"width\" content=\"2560\" \/><meta itemprop=\"height\" content=\"1438\" \/><meta itemprop=\"interactionType\" content=\"https:\/\/schema.org\/CommentAction\" \/><meta itemprop=\"userInteractionCount\" content=\"0\" \/>\n\t\t\t\t\t<a href=\"https:\/\/www.bookhardanger.com\/no\/produkter\/rib-safari-fra-jondal\/\" title=\"RIB Safari fra Jondal\u00a0\"><\/a>\n\t\t\t\t<img loading=\"lazy\" decoding=\"async\" src=\"https:\/\/www.bookhardanger.com\/wp-content\/uploads\/bb-plugin\/cache\/RIB-from-Jondal_Hardangerfjord-Adventure-11-1024x575-panorama-0ad81150ff6561c271a2b4820dcddd61-.jpeg\" alt=\"RIB boat cruising on a fjord on a cloudy day.\" itemprop=\"image\" data-no-lazy=\"1\" height=\"575\" width=\"1024\" title=\"RIB from Jondal_Hardangerfjord Adventure-11\" onerror=\"this.style.display='none'\"  \/>\n\t\t\t\t\t\t\t\t\t<h3 itemprop=\"headline\">\n\t\t\t\t\t\t\t\t\t\t\t\t\t\tRIB Safari fra Jondal\u00a0\t\t\t\t\t\t\t\t\t\t\t<\/h3>\n    <p>Bestill en spennende RIB-tur i vakkert fjordlandskap.  <\/p>\n            \n\t\t\t\t<ul class='page-numbers'>\n\t<li>1<\/li>\n\t<li><a href=\"https:\/\/www.bookhardanger.com\/no\/page\/2\/?page_id=983&#038;fl_builder\">2<\/a><\/li>\n\t<li><a href=\"https:\/\/www.bookhardanger.com\/no\/page\/3\/?page_id=983&#038;fl_builder\">3<\/a><\/li>\n\t<li><a href=\"https:\/\/www.bookhardanger.com\/no\/page\/4\/?page_id=983&#038;fl_builder\">4<\/a><\/li>\n\t<li><a href=\"https:\/\/www.bookhardanger.com\/no\/page\/5\/?page_id=983&#038;fl_builder\">5<\/a><\/li>\n<\/ul>\n\t\t\t\t\t<a href=\"#\">\n\t\t\t\t\tLoad More\n\t\t\t\t\t<img decoding=\"async\" src=\"https:\/\/www.bookhardanger.com\/wp-content\/plugins\/bbpowerpack\/assets\/images\/spinner.gif\" alt=\"loader\" \/><\/a>\n\t\t<!-- .pp-content-posts -->\n\n","protected":false},"excerpt":{"rendered":"<p>Steder \u00e5 dra til i Hardanger Hardangerregionen er full av sjarmerende steder. Og selv om vi mener at alle fortjener et bes\u00f8k, har vi forst\u00e5else for at du kanskje ikke har tid til \u00e5 stikke innom dem alle. Les mer om de forskjellige stedene du kan bes\u00f8ke i Hardanger nedenfor, og finn din favoritt! Aga&hellip;<\/p>\n","protected":false},"author":1,"featured_media":764,"parent":0,"menu_order":0,"comment_status":"closed","ping_status":"closed","template":"","meta":{"_acf_changed":false,"footnotes":""},"class_list":["post-983","page","type-page","status-publish","has-post-thumbnail","hentry"],"acf":[],"_links":{"self":[{"href":"https:\/\/www.bookhardanger.com\/no\/wp-json\/wp\/v2\/pages\/983","targetHints":{"allow":["GET"]}}],"collection":[{"href":"https:\/\/www.bookhardanger.com\/no\/wp-json\/wp\/v2\/pages"}],"about":[{"href":"https:\/\/www.bookhardanger.com\/no\/wp-json\/wp\/v2\/types\/page"}],"author":[{"embeddable":true,"href":"https:\/\/www.bookhardanger.com\/no\/wp-json\/wp\/v2\/users\/1"}],"replies":[{"embeddable":true,"href":"https:\/\/www.bookhardanger.com\/no\/wp-json\/wp\/v2\/comments?post=983"}],"version-history":[{"count":3,"href":"https:\/\/www.bookhardanger.com\/no\/wp-json\/wp\/v2\/pages\/983\/revisions"}],"predecessor-version":[{"id":1624,"href":"https:\/\/www.bookhardanger.com\/no\/wp-json\/wp\/v2\/pages\/983\/revisions\/1624"}],"wp:featuredmedia":[{"embeddable":true,"href":"https:\/\/www.bookhardanger.com\/no\/wp-json\/wp\/v2\/media\/764"}],"wp:attachment":[{"href":"https:\/\/www.bookhardanger.com\/no\/wp-json\/wp\/v2\/media?parent=983"}],"curies":[{"name":"wp","href":"https:\/\/api.w.org\/{rel}","templated":true}]}}