{"id":985,"date":"2025-01-14T12:49:51","date_gmt":"2025-01-14T12:49:51","guid":{"rendered":"https:\/\/www.bookhardanger.com\/hvor-du-skal-bo\/"},"modified":"2025-03-10T18:26:54","modified_gmt":"2025-03-10T18:26:54","slug":"hvor-skal-du-bo","status":"publish","type":"page","link":"https:\/\/www.bookhardanger.com\/no\/hvor-skal-du-bo\/","title":{"rendered":"Overnatting"},"content":{"rendered":"\n\n<h1>\n\t\tHvor du kan bo i Hardanger\n\t<\/h1>\n\t<p>Over hele Hardanger-regionen finner du en rekke overnattingssteder, fra boutiquehoteller til selvbetjente hytter og campingplasser.   <\/p>\n<p>Se utvalget v\u00e5rt nedenfor og velg det som passer best for ferien din. <\/p>\n\t<meta itemscope itemprop=\"mainEntityOfPage\" itemtype=\"https:\/\/schema.org\/WebPage\" itemid=\"http:\/\/1171\" content=\"Mikkelparken Ferietun\" \/><meta itemprop=\"datePublished\" content=\"2025-02-25\" \/><meta itemprop=\"dateModified\" content=\"2025-03-10\" \/><meta itemprop=\"name\" content=\"Book Hardanger\"\/><meta itemprop=\"url\" content=\"https:\/\/www.bookhardanger.com\/no\/author\/anne\/\" \/><meta itemprop=\"name\" content=\"anne\" \/><meta itemprop=\"url\" content=\"https:\/\/www.bookhardanger.com\/wp-content\/uploads\/2025\/02\/Mikkelparken-Ferietun_04.jpg\" \/><meta itemprop=\"width\" content=\"1402\" \/><meta itemprop=\"height\" content=\"935\" \/><meta itemprop=\"interactionType\" content=\"https:\/\/schema.org\/CommentAction\" \/><meta itemprop=\"userInteractionCount\" content=\"0\" \/>\n\t\t\t\t\t<a href=\"https:\/\/www.bookhardanger.com\/no\/overnatting\/mikkelparken-ferietun\/\" title=\"Mikkelparken Ferietun\"><\/a>\n\t\t\t\t<img loading=\"lazy\" decoding=\"async\" src=\"https:\/\/www.bookhardanger.com\/wp-content\/uploads\/bb-plugin\/cache\/Mikkelparken-Ferietun_04-1024x683-panorama-12b68016e42a231d3a86b0f463b750b5-.jpg\" alt=\"A holiday resort with swimming pool and mountains int he background.\" itemprop=\"image\" data-no-lazy=\"1\" height=\"683\" width=\"1024\" title=\"Mikkelparken Ferietun_04\" onerror=\"this.style.display='none'\"  \/>\n\t\t\t\t\t\t\t\t\t<h3 itemprop=\"headline\">\n\t\t\t\t\t\t\t\t\t\t\t\t\t\tMikkelparken Ferietun\t\t\t\t\t\t\t\t\t\t\t<\/h3>\n\t\t\t\t\t\t\t\t\t\t\t\t\t\t\t\t\t\t\t\t\t\t\t\t\t\t\t\t\t\t\t\t<a href=\"https:\/\/www.bookhardanger.com\/no\/steder-a-besoke\/kinsarvik-lofthus\/\">Lofthus &amp; Kinsarvik<\/a>\n    <p>Familievennlig overnatting med selvhusholdning i hjertet av idylliske Kinsarvik.<\/p>\n\t<meta itemscope itemprop=\"mainEntityOfPage\" itemtype=\"https:\/\/schema.org\/WebPage\" itemid=\"http:\/\/1173\" content=\"V\u00f8ringsfoss Hotel\" \/><meta itemprop=\"datePublished\" content=\"2025-02-25\" \/><meta itemprop=\"dateModified\" content=\"2025-03-10\" \/><meta itemprop=\"name\" content=\"Book Hardanger\"\/><meta itemprop=\"url\" content=\"https:\/\/www.bookhardanger.com\/no\/author\/anne\/\" \/><meta itemprop=\"name\" content=\"anne\" \/><meta itemprop=\"url\" content=\"https:\/\/www.bookhardanger.com\/wp-content\/uploads\/2025\/02\/Voringsfoss-Hotel_01.jpg\" \/><meta itemprop=\"width\" content=\"2048\" \/><meta itemprop=\"height\" content=\"1152\" \/><meta itemprop=\"interactionType\" content=\"https:\/\/schema.org\/CommentAction\" \/><meta itemprop=\"userInteractionCount\" content=\"0\" \/>\n\t\t\t\t\t<a href=\"https:\/\/www.bookhardanger.com\/no\/overnatting\/voringsfoss-hotel\/\" title=\"V\u00f8ringsfoss Hotel\"><\/a>\n\t\t\t\t<img loading=\"lazy\" decoding=\"async\" src=\"https:\/\/www.bookhardanger.com\/wp-content\/uploads\/bb-plugin\/cache\/Voringsfoss-Hotel_01-1024x576-panorama-c2ae8c76e18c4bed44c3ae27cc441a30-.jpg\" alt=\"\u00a9 V\u00f8ringsfoss Hotel\" itemprop=\"image\" data-no-lazy=\"1\" height=\"576\" width=\"1024\" title=\"V\u00f8ringsfoss Hotel_01\" onerror=\"this.style.display='none'\"  \/>\n\t\t\t\t\t\t\t\t\t<h3 itemprop=\"headline\">\n\t\t\t\t\t\t\t\t\t\t\t\t\t\tV\u00f8ringsfoss Hotel\t\t\t\t\t\t\t\t\t\t\t<\/h3>\n\t\t\t\t\t\t\t\t\t\t\t\t\t\t\t\t\t\t\t\t\t\t\t\t\t\t\t\t\t\t\t\t<a href=\"https:\/\/www.bookhardanger.com\/no\/steder-a-besoke\/eidfjord\/\">Eidfjord<\/a>\n    <p>Velkommen til V\u00f8ringfoss Hotel &#8211; en stolt tradisjonsb\u00e6rer med uforglemmelige opplevelser<\/p>\n\t<meta itemscope itemprop=\"mainEntityOfPage\" itemtype=\"https:\/\/schema.org\/WebPage\" itemid=\"http:\/\/1170\" content=\"Hardangerfjord Hotel\u00a0\" \/><meta itemprop=\"datePublished\" content=\"2025-02-25\" \/><meta itemprop=\"dateModified\" content=\"2025-03-10\" \/><meta itemprop=\"name\" content=\"Book Hardanger\"\/><meta itemprop=\"url\" content=\"https:\/\/www.bookhardanger.com\/no\/author\/anne\/\" \/><meta itemprop=\"name\" content=\"anne\" \/><meta itemprop=\"url\" content=\"https:\/\/www.bookhardanger.com\/wp-content\/uploads\/2025\/02\/Hardangerfjord-Hotel_01.jpg\" \/><meta itemprop=\"width\" content=\"2048\" \/><meta itemprop=\"height\" content=\"1365\" \/><meta itemprop=\"interactionType\" content=\"https:\/\/schema.org\/CommentAction\" \/><meta itemprop=\"userInteractionCount\" content=\"0\" \/>\n\t\t\t\t\t<a href=\"https:\/\/www.bookhardanger.com\/no\/overnatting\/hardangerfjord-hotel\/\" title=\"Hardangerfjord Hotel\u00a0\"><\/a>\n\t\t\t\t<img loading=\"lazy\" decoding=\"async\" src=\"https:\/\/www.bookhardanger.com\/wp-content\/uploads\/bb-plugin\/cache\/Hardangerfjord-Hotel_01-1024x683-panorama-77d1604a24f398cbec0dda47a2c614ab-.jpg\" alt=\"\u00a9 Hardangerfjord Hotel\" itemprop=\"image\" data-no-lazy=\"1\" height=\"683\" width=\"1024\" title=\"Hardangerfjord Hotel_01\" onerror=\"this.style.display='none'\"  \/>\n\t\t\t\t\t\t\t\t\t<h3 itemprop=\"headline\">\n\t\t\t\t\t\t\t\t\t\t\t\t\t\tHardangerfjord Hotel\u00a0\t\t\t\t\t\t\t\t\t\t\t<\/h3>\n\t\t\t\t\t\t\t\t\t\t\t\t\t\t\t\t\t\t\t\t\t\t\t\t\t\t\t\t\t\t\t\t<a href=\"https:\/\/www.bookhardanger.com\/no\/steder-a-besoke\/oystese-norheimsund\/\">\u00d8ystese &amp; Norheimsund<\/a>\n    <p>Bo p\u00e5 det moderne, nyrenoverte Hardangerfjord Hotel, rett ved den vakre fjorden.<\/p>\n\t<meta itemscope itemprop=\"mainEntityOfPage\" itemtype=\"https:\/\/schema.org\/WebPage\" itemid=\"http:\/\/1172\" content=\"Trolltunga Hotel\" \/><meta itemprop=\"datePublished\" content=\"2025-02-25\" \/><meta itemprop=\"dateModified\" content=\"2025-03-10\" \/><meta itemprop=\"name\" content=\"Book Hardanger\"\/><meta itemprop=\"url\" content=\"https:\/\/www.bookhardanger.com\/no\/author\/anne\/\" \/><meta itemprop=\"name\" content=\"anne\" \/><meta itemprop=\"url\" content=\"https:\/\/www.bookhardanger.com\/wp-content\/uploads\/2025\/02\/Trolltunga-Hotel_Ewa-Serwicka_02.jpg\" \/><meta itemprop=\"width\" content=\"2048\" \/><meta itemprop=\"height\" content=\"1361\" \/><meta itemprop=\"interactionType\" content=\"https:\/\/schema.org\/CommentAction\" \/><meta itemprop=\"userInteractionCount\" content=\"0\" \/>\n\t\t\t\t\t<a href=\"https:\/\/www.bookhardanger.com\/no\/overnatting\/trolltunga-hotel\/\" title=\"Trolltunga Hotel\"><\/a>\n\t\t\t\t<img loading=\"lazy\" decoding=\"async\" src=\"https:\/\/www.bookhardanger.com\/wp-content\/uploads\/bb-plugin\/cache\/Trolltunga-Hotel_Ewa-Serwicka_02-1024x681-panorama-3a028b107ce2a6cbb9a5df6a17c1bebc-.jpg\" alt=\"Yellow hotel building with grey roof surrounded by green bushes, with mountains in the background.\" itemprop=\"image\" data-no-lazy=\"1\" height=\"681\" width=\"1024\" title=\"Trolltunga Hotel_Ewa Serwicka_02\" onerror=\"this.style.display='none'\"  \/>\n\t\t\t\t\t\t\t\t\t<h3 itemprop=\"headline\">\n\t\t\t\t\t\t\t\t\t\t\t\t\t\tTrolltunga Hotel\t\t\t\t\t\t\t\t\t\t\t<\/h3>\n\t\t\t\t\t\t\t\t\t\t\t\t\t\t\t\t\t\t\t\t\t\t\t\t\t\t\t\t\t\t\t\t<a href=\"https:\/\/www.bookhardanger.com\/no\/steder-a-besoke\/odda-tyssedal\/\">Odda &amp; Tyssedal<\/a>\n    <p>Bo komfortabelt i naturskj\u00f8nne omgivelser i Hardanger<\/p>\n\t<meta itemscope itemprop=\"mainEntityOfPage\" itemtype=\"https:\/\/schema.org\/WebPage\" itemid=\"http:\/\/999\" content=\"Brakanes Hotel\" \/><meta itemprop=\"datePublished\" content=\"2025-01-13\" \/><meta itemprop=\"dateModified\" content=\"2025-03-10\" \/><meta itemprop=\"name\" content=\"Book Hardanger\"\/><meta itemprop=\"url\" content=\"https:\/\/www.bookhardanger.com\/no\/author\/anne\/\" \/><meta itemprop=\"name\" content=\"anne\" \/><meta itemprop=\"url\" content=\"https:\/\/www.bookhardanger.com\/wp-content\/uploads\/2025\/01\/BrakanesHotel_MariusHaugsdalDrone-45.jpg\" \/><meta itemprop=\"width\" content=\"2048\" \/><meta itemprop=\"height\" content=\"1152\" \/><meta itemprop=\"interactionType\" content=\"https:\/\/schema.org\/CommentAction\" \/><meta itemprop=\"userInteractionCount\" content=\"0\" \/>\n\t\t\t\t\t<a href=\"https:\/\/www.bookhardanger.com\/no\/overnatting\/brakanes-hotel\/\" title=\"Brakanes Hotel\"><\/a>\n\t\t\t\t<img loading=\"lazy\" decoding=\"async\" src=\"https:\/\/www.bookhardanger.com\/wp-content\/uploads\/bb-plugin\/cache\/BrakanesHotel_MariusHaugsdalDrone-45-1024x576-panorama-ebb92952ce06991a94f44a47f7eb2d83-.jpg\" alt=\"Bird-view panoramic picture of a white hotel building by the fjord.\" itemprop=\"image\" data-no-lazy=\"1\" height=\"576\" width=\"1024\" title=\"BrakanesHotel_MariusHaugsdalDrone (45)\" onerror=\"this.style.display='none'\"  \/>\n\t\t\t\t\t\t\t\t\t<h3 itemprop=\"headline\">\n\t\t\t\t\t\t\t\t\t\t\t\t\t\tBrakanes Hotel\t\t\t\t\t\t\t\t\t\t\t<\/h3>\n\t\t\t\t\t\t\t\t\t\t\t\t\t\t\t\t\t\t\t\t\t\t\t\t\t\t\t\t\t\t\t\t<a href=\"https:\/\/www.bookhardanger.com\/no\/steder-a-besoke\/ulvik\/\">Ulvik<\/a>\n    <p>Bo p\u00e5 Brakanes Hotel i Ulvik og opplev alt Hardanger har \u00e5 by p\u00e5.<\/p>\n\t\t<!-- .pp-content-posts -->\n\n","protected":false},"excerpt":{"rendered":"<p>Hvor du kan bo i Hardanger Over hele Hardanger-regionen finner du en rekke overnattingssteder, fra boutiquehoteller til selvbetjente hytter og campingplasser. Se utvalget v\u00e5rt nedenfor og velg det som passer best for ferien din. Mikkelparken Ferietun Lofthus &amp; Kinsarvik Familievennlig overnatting med selvhusholdning i hjertet av idylliske Kinsarvik. V\u00f8ringsfoss Hotel Eidfjord Velkommen til V\u00f8ringfoss Hotel&hellip;<\/p>\n","protected":false},"author":1,"featured_media":917,"parent":0,"menu_order":0,"comment_status":"closed","ping_status":"closed","template":"","meta":{"_acf_changed":false,"footnotes":""},"class_list":["post-985","page","type-page","status-publish","has-post-thumbnail","hentry"],"acf":[],"_links":{"self":[{"href":"https:\/\/www.bookhardanger.com\/no\/wp-json\/wp\/v2\/pages\/985","targetHints":{"allow":["GET"]}}],"collection":[{"href":"https:\/\/www.bookhardanger.com\/no\/wp-json\/wp\/v2\/pages"}],"about":[{"href":"https:\/\/www.bookhardanger.com\/no\/wp-json\/wp\/v2\/types\/page"}],"author":[{"embeddable":true,"href":"https:\/\/www.bookhardanger.com\/no\/wp-json\/wp\/v2\/users\/1"}],"replies":[{"embeddable":true,"href":"https:\/\/www.bookhardanger.com\/no\/wp-json\/wp\/v2\/comments?post=985"}],"version-history":[{"count":4,"href":"https:\/\/www.bookhardanger.com\/no\/wp-json\/wp\/v2\/pages\/985\/revisions"}],"predecessor-version":[{"id":1623,"href":"https:\/\/www.bookhardanger.com\/no\/wp-json\/wp\/v2\/pages\/985\/revisions\/1623"}],"wp:featuredmedia":[{"embeddable":true,"href":"https:\/\/www.bookhardanger.com\/no\/wp-json\/wp\/v2\/media\/917"}],"wp:attachment":[{"href":"https:\/\/www.bookhardanger.com\/no\/wp-json\/wp\/v2\/media?parent=985"}],"curies":[{"name":"wp","href":"https:\/\/api.w.org\/{rel}","templated":true}]}}