{"id":1002,"date":"2025-02-27T16:10:01","date_gmt":"2025-02-27T16:10:01","guid":{"rendered":"https:\/\/www.bookhardanger.com\/products\/autumn-kayaking-in-eidfjord\/"},"modified":"2025-03-07T22:48:22","modified_gmt":"2025-03-07T22:48:22","slug":"hostpadling-i-eidfjord","status":"publish","type":"product","link":"https:\/\/www.bookhardanger.com\/no\/produkter\/hostpadling-i-eidfjord\/","title":{"rendered":"H\u00f8stpadling i Eidfjord"},"content":{"rendered":"\n<p>H\u00f8sten byr kanskje p\u00e5 litt kj\u00f8ligere v\u00e6r enn sommeren, men med en t\u00f8rrdrakt holder du deg varm og komfortabel mens du padler. Etter en kort introduksjon leder guiden veien fra kaia i Eidfjord.<\/p>\n\n\n\n<p>Som en gruppe padler dere mot Simadalen, hvor dere f\u00e5r en 360-graders utsikt til fjellene i vakre h\u00f8stfarger, fossefallene som kaster seg nedover fjellsidene, og de sm\u00e5 bygdene som ligger spredt langs fjorden. Du vil raskt forst\u00e5 hvorfor en kajakktur p\u00e5 denne tiden av \u00e5ret er en fantastisk opplevelse.<\/p>\n\n\n\n<p>Landskapet langs Hardangerfjorden er vakkert \u00e5ret rundt, men blir ekstra dramatisk om h\u00f8sten. Det er mulig \u00e5 velge mellom tandemkajakker og enkeltkajakker, og turen avsluttes i Eidfjord.<\/p>\n","protected":false},"excerpt":{"rendered":"<p>Kjenn p\u00e5 naturkreftene p\u00e5 en h\u00f8stpadletur p\u00e5 Hardangerfjorden.<\/p>\n","protected":false},"featured_media":930,"parent":0,"template":"","tags":[],"activity-categories":[42],"location":[32],"class_list":["post-1002","product","type-product","status-publish","has-post-thumbnail","hentry","activity-categories-opplevelsesferie","location-eidfjord"],"acf":[],"_links":{"self":[{"href":"https:\/\/www.bookhardanger.com\/no\/wp-json\/wp\/v2\/product\/1002","targetHints":{"allow":["GET"]}}],"collection":[{"href":"https:\/\/www.bookhardanger.com\/no\/wp-json\/wp\/v2\/product"}],"about":[{"href":"https:\/\/www.bookhardanger.com\/no\/wp-json\/wp\/v2\/types\/product"}],"wp:featuredmedia":[{"embeddable":true,"href":"https:\/\/www.bookhardanger.com\/no\/wp-json\/wp\/v2\/media\/930"}],"wp:attachment":[{"href":"https:\/\/www.bookhardanger.com\/no\/wp-json\/wp\/v2\/media?parent=1002"}],"wp:term":[{"taxonomy":"post_tag","embeddable":true,"href":"https:\/\/www.bookhardanger.com\/no\/wp-json\/wp\/v2\/tags?post=1002"},{"taxonomy":"activity-categories","embeddable":true,"href":"https:\/\/www.bookhardanger.com\/no\/wp-json\/wp\/v2\/activity-categories?post=1002"},{"taxonomy":"location","embeddable":true,"href":"https:\/\/www.bookhardanger.com\/no\/wp-json\/wp\/v2\/location?post=1002"}],"curies":[{"name":"wp","href":"https:\/\/api.w.org\/{rel}","templated":true}]}}